{"id":4398,"date":"2019-12-09T10:13:57","date_gmt":"2019-12-09T09:13:57","guid":{"rendered":"http:\/\/semmelweis.hu\/fok\/?page_id=4398"},"modified":"2026-02-24T11:15:38","modified_gmt":"2026-02-24T10:15:38","slug":"fok-publikacios-tamogatas-dijazottjai","status":"publish","type":"page","link":"https:\/\/semmelweis.hu\/fok\/kutatas\/fok-publikacios-tamogatas-dijazottjai\/","title":{"rendered":"FOK &#8211; Publik\u00e1ci\u00f3s t\u00e1mogat\u00e1s"},"content":{"rendered":"<div class=\"keretes w-100\">\n<h4 style=\"text-align: left\"><strong>P\u00c1LY\u00c1ZATI KI\u00cdR\u00c1S<br \/>\n<\/strong>a Fogorvostudom\u00e1nyi Karon megjelent, <br \/>\nfogorvosi t\u00e9m\u00e1j\u00fa publik\u00e1ci\u00f3k d\u00edjaz\u00e1s\u00e1ra<\/h4>\n<\/div>\n<p><em>98813\/FOFTO\/2025<\/em><strong>\u00a0<\/strong><\/p>\n<p><strong>P\u00c1LY\u00c1ZATI KI\u00cdR\u00c1S<\/strong><\/p>\n<p><strong>a Fogorvostudom\u00e1nyi Karon megjelent <\/strong><\/p>\n<p><strong>fogorvosi t\u00e9m\u00e1j\u00fa kiemelked\u0151 tudom\u00e1nyos publik\u00e1ci\u00f3k elismer\u00e9s\u00e9re<\/strong><\/p>\n<p>A Fogorvostudom\u00e1nyi Kar \u00f6szt\u00f6n\u00f6zni k\u00edv\u00e1nja a kiemelked\u0151 publik\u00e1ci\u00f3s tev\u00e9kenys\u00e9get, melynek keret\u00e9ben az al\u00e1bbi p\u00e1ly\u00e1zatot hirdeti meg:<\/p>\n<ul>\n<li>Az <em> sz. mell\u00e9klet szerinti <strong>\u201edentistry subject\u201d<\/strong> megjel\u00f6l\u00e9s\u0171 foly\u00f3iratok list\u00e1j\u00e1n<\/em> <strong>Q1 vagy Q2<\/strong> besorol\u00e1s\u00fa foly\u00f3iratban (Q2 foly\u00f3iratban megjelent cikkn\u00e9l k\u00fclf\u00f6ldi t\u00e1rsszerz\u0151 eset\u00e9n is), illetve a <strong>J Dental Research<\/strong>-ben a p\u00e1ly\u00e1zati t\u00e1rgy\u00e9vben (<strong>2025. \u00e9vben 2024.11.15. \u2013 2025.11.15. k\u00f6z\u00f6tt<\/strong>) <strong>megjelent<\/strong> <strong>vagy<\/strong> <strong>k\u00f6zl\u00e9sre elfogadott<\/strong> \u00e9s el\u0151z\u0151 \u00e9vi Kari p\u00e1ly\u00e1zaton m\u00e9g nem d\u00edjazott publik\u00e1ci\u00f3t lehet beny\u00fajtani.<\/li>\n<li>A <em>Scimago Journal Rank<\/em> legfrissebb szakter\u00fcleti list\u00e1j\u00e1n a legfels\u0151 10 sz\u00e1zal\u00e9kba tartoz\u00f3, <strong>D1<\/strong> min\u0151s\u00edt\u00e9s\u0171 foly\u00f3iratban megjelent cikkeket az Egyetem d\u00edjazza az E\/7\/2022. (X.12.) sz. rektori-kancell\u00e1ri utas\u00edt\u00e1s a kiemelked\u0151 tudom\u00e1nyos publik\u00e1ci\u00f3s tev\u00e9kenys\u00e9g elismer\u00e9s\u00e9r\u0151l c. szab\u00e1lyzat rendelkez\u00e9sei szerint.<\/li>\n<li>P\u00e1ly\u00e1zatot az <strong>Kar oktat\u00e1si-kutat\u00e1si szervezeti egys\u00e9g\u00e9vel<\/strong> munkaviszonyban \u00e1ll\u00f3 munkat\u00e1rs ny\u00fajthat be, aki a publik\u00e1ci\u00f3 <strong>levelez\u0151 szerz\u0151je<\/strong> (<em>corresponding author<\/em>).<\/li>\n<li>Olyan cikkel lehet p\u00e1ly\u00e1zni, amelynek <strong>affili\u00e1ci\u00f3jak\u00e9nt<\/strong> a Kar valamely szervezeti egys\u00e9g\u00e9t jel\u00f6lt\u00e9k meg.<\/li>\n<li><strong>A p\u00e1ly\u00e1z\u00f3 levelez\u0151 szerz\u0151knek az al\u00e1bbiakat kell beny\u00fajtania a <\/strong><a href=\"mailto:fok.dekan@semmelweis.hu\"><strong>dekan@semmelweis.hu<\/strong><\/a><strong> c\u00edmre:<\/strong>\n<ul>\n<li>megjelent cikket,<\/li>\n<li>vagy folyamatban l\u00e9v\u0151 publik\u00e1l\u00e1s eset\u00e9n a cikk elfogad\u00e1s\u00e1r\u00f3l sz\u00f3l\u00f3 szerkeszt\u0151s\u00e9gi visszaigazol\u00e1st \u00e9s a k\u00e9ziratot,<\/li>\n<li>kit\u00f6lt\u00f6tt, al\u00e1\u00edrt adatkezel\u00e9si hozz\u00e1j\u00e1rul\u00e1st<\/li>\n<li>a levelez\u0151 szerz\u0151 a p\u00e1ly\u00e1zat beny\u00fajt\u00e1sa sor\u00e1n nyilatkozhat a d\u00edjaz\u00e1s szerz\u0151t\u00e1rsak k\u00f6z\u00f6tti <strong>megoszl\u00e1s\u00e1nak m\u00e9rt\u00e9k\u00e9r\u0151l.<\/strong><\/li>\n<\/ul>\n<\/li>\n<li><strong>A beny\u00fajt\u00e1s hat\u00e1rideje<\/strong>: <strong><u>2025. november 15.<\/u><\/strong> munkaid\u0151 v\u00e9ge.<\/li>\n<li>A be\u00e9rkezett p\u00e1ly\u00e1zatokat a Kar <strong>Tudom\u00e1nyos Bizotts\u00e1ga<\/strong> b\u00edr\u00e1lja el.<\/li>\n<li>A Kar a b\u00edr\u00e1latot k\u00f6vet\u0151en halad\u00e9ktalanul t\u00e1j\u00e9koztatja a p\u00e1ly\u00e1z\u00f3kat \u00e9s int\u00e9zkedik a <strong>keresetkieg\u00e9sz\u00edt\u00e9s<\/strong> kifizet\u00e9s\u00e9r\u0151l.<\/li>\n<li>A keresetkieg\u00e9sz\u00edt\u00e9s kifizet\u00e9s\u00e9re az \u00e1ltal\u00e1nos b\u00e9rfizet\u00e9ssel egy\u00fctt ker\u00fcl sor.<\/li>\n<\/ul>\n<p><strong><u>A p\u00e1ly\u00e1zati \u00f6sszegek:<\/u><\/strong><\/p>\n<p><strong><em> Dental Research-ben megjelent cikk 1.000.000 Ft<\/em><\/strong><\/p>\n<p><strong><em>Q1 foly\u00f3iratban\u00a0\u00a0\u00a0\u00a0\u00a0\u00a0\u00a0\u00a0\u00a0\u00a0\u00a0\u00a0\u00a0\u00a0\u00a0\u00a0\u00a0\u00a0\u00a0\u00a0\u00a0\u00a0\u00a0\u00a0\u00a0\u00a0\u00a0\u00a0\u00a0\u00a0\u00a0\u00a0\u00a0\u00a0\u00a0 500.000 Ft<\/em><\/strong><\/p>\n<p><strong><em>Q2 foly\u00f3iratban*\u00a0\u00a0\u00a0\u00a0\u00a0\u00a0\u00a0\u00a0\u00a0\u00a0\u00a0\u00a0\u00a0\u00a0\u00a0\u00a0\u00a0\u00a0\u00a0\u00a0\u00a0\u00a0\u00a0\u00a0\u00a0\u00a0\u00a0\u00a0\u00a0\u00a0\u00a0\u00a0\u00a0 300.000 Ft<\/em><\/strong><\/p>\n<p><strong><em>a *-al jel\u00f6lt cikkekn\u00e9l, k\u00fclf\u00f6ldi t\u00e1rsszerz\u0151 eset\u00e9n:<\/em><\/strong><\/p>\n<p><strong><em>Q2 foly\u00f3iratban\u00a0\u00a0\u00a0\u00a0\u00a0\u00a0\u00a0\u00a0\u00a0\u00a0\u00a0\u00a0\u00a0\u00a0\u00a0\u00a0\u00a0\u00a0\u00a0\u00a0\u00a0\u00a0\u00a0\u00a0\u00a0\u00a0\u00a0\u00a0\u00a0\u00a0\u00a0\u00a0\u00a0\u00a0\u00a0 400.000 Ft<\/em><\/strong><\/p>\n<p><span style=\"font-size: 14pt\"><em>Budapest, 2025. szeptember<\/em><\/span><br \/>\n<span style=\"font-size: 14pt\"><em><strong>Dr. Gerber G\u00e1bor <br \/>\n<\/strong>d\u00e9k\u00e1n<\/em><\/span><\/p>\n<ul style=\"list-style-type: square\">\n<li><a href=\"https:\/\/semmelweis.hu\/fok\/files\/2025\/08\/Publikacios-palyazat-2025-Kiiras-szabalyzat.pdf\">Publik\u00e1ci\u00f3s t\u00e1mogat\u00e1s &#8211; P\u00e1ly\u00e1zati ki\u00edr\u00e1s &#8211; 2025<\/a><\/li>\n<li><a href=\"https:\/\/semmelweis.hu\/fok\/files\/2025\/08\/JCR_JournalResults_2024_Q-masolata.xlsx\">Foly\u00f3irat lista<\/a><\/li>\n<li><a href=\"https:\/\/semmelweis.hu\/fok\/files\/2022\/04\/6-ADATKEZELESI_TAJEKOZTATO_SE_FOK_Publikacios_palyazat.pdf\">Adatkezel\u00e9si t\u00e1j\u00e9koztat\u00f3<\/a><\/li>\n<li><a href=\"https:\/\/semmelweis.hu\/fok\/files\/2022\/04\/4.-adatkezelesi-hozzajarulas-Publikacios-Palyazat.docx\">Adatkezel\u00e9si hozz\u00e1j\u00e1rul\u00e1s<\/a><\/li>\n<li><a href=\"https:\/\/semmelweis.hu\/fok\/files\/2026\/02\/Publikacios-tamogatas-dijazottak-osszesitett-2025.pdf\">Publik\u00e1ci\u00f3s t\u00e1mogat\u00e1s &#8211; d\u00edjazottak 2019-2025.<\/a><\/li>\n<\/ul>\n<p>&nbsp;<\/p>\n<p>&nbsp;<\/p>\n","protected":false},"excerpt":{"rendered":"<p>P\u00c1LY\u00c1ZATI KI\u00cdR\u00c1S a Fogorvostudom\u00e1nyi Karon megjelent, fogorvosi t\u00e9m\u00e1j\u00fa publik\u00e1ci\u00f3k d\u00edjaz\u00e1s\u00e1ra 98813\/FOFTO\/2025\u00a0 P\u00c1LY\u00c1ZATI KI\u00cdR\u00c1S a Fogorvostudom\u00e1nyi Karon megjelent fogorvosi t\u00e9m\u00e1j\u00fa kiemelked\u0151 tudom\u00e1nyos publik\u00e1ci\u00f3k elismer\u00e9s\u00e9re A Fogorvostudom\u00e1nyi Kar \u00f6szt\u00f6n\u00f6zni k\u00edv\u00e1nja a kiemelked\u0151 publik\u00e1ci\u00f3s tev\u00e9kenys\u00e9get, melynek keret\u00e9ben az al\u00e1bbi p\u00e1ly\u00e1zatot hirdeti meg: Az sz. mell\u00e9klet szerinti \u201edentistry subject\u201d megjel\u00f6l\u00e9s\u0171 foly\u00f3iratok list\u00e1j\u00e1n Q1 vagy Q2 besorol\u00e1s\u00fa foly\u00f3iratban (Q2 foly\u00f3iratban &hellip;<\/p>\n","protected":false},"author":101171,"featured_media":0,"parent":3391,"menu_order":7,"comment_status":"closed","ping_status":"closed","template":"","meta":{"_acf_changed":false,"footnotes":""},"categories":[],"tags":[],"class_list":["post-4398","page","type-page","status-publish","hentry"],"acf":[],"_links":{"self":[{"href":"https:\/\/semmelweis.hu\/fok\/wp-json\/wp\/v2\/pages\/4398","targetHints":{"allow":["GET"]}}],"collection":[{"href":"https:\/\/semmelweis.hu\/fok\/wp-json\/wp\/v2\/pages"}],"about":[{"href":"https:\/\/semmelweis.hu\/fok\/wp-json\/wp\/v2\/types\/page"}],"author":[{"embeddable":true,"href":"https:\/\/semmelweis.hu\/fok\/wp-json\/wp\/v2\/users\/101171"}],"replies":[{"embeddable":true,"href":"https:\/\/semmelweis.hu\/fok\/wp-json\/wp\/v2\/comments?post=4398"}],"version-history":[{"count":10,"href":"https:\/\/semmelweis.hu\/fok\/wp-json\/wp\/v2\/pages\/4398\/revisions"}],"predecessor-version":[{"id":10052,"href":"https:\/\/semmelweis.hu\/fok\/wp-json\/wp\/v2\/pages\/4398\/revisions\/10052"}],"up":[{"embeddable":true,"href":"https:\/\/semmelweis.hu\/fok\/wp-json\/wp\/v2\/pages\/3391"}],"wp:attachment":[{"href":"https:\/\/semmelweis.hu\/fok\/wp-json\/wp\/v2\/media?parent=4398"}],"wp:term":[{"taxonomy":"category","embeddable":true,"href":"https:\/\/semmelweis.hu\/fok\/wp-json\/wp\/v2\/categories?post=4398"},{"taxonomy":"post_tag","embeddable":true,"href":"https:\/\/semmelweis.hu\/fok\/wp-json\/wp\/v2\/tags?post=4398"}],"curies":[{"name":"wp","href":"https:\/\/api.w.org\/{rel}","templated":true}]}}