{"id":3557,"date":"2018-10-11T13:11:12","date_gmt":"2018-10-11T11:11:12","guid":{"rendered":"http:\/\/semmelweis.hu\/fok\/?page_id=3557"},"modified":"2026-02-25T14:05:48","modified_gmt":"2026-02-25T13:05:48","slug":"nyilt-nap","status":"publish","type":"page","link":"https:\/\/semmelweis.hu\/fok\/felvetelizoknek\/nyilt-nap\/","title":{"rendered":"Ny\u00edlt nap"},"content":{"rendered":"<pre>\u00a0<\/pre>\n<h4 style=\"text-align: center\"><strong>Fogorvostudom\u00e1nyi Kar \u2013 Online Ny\u00edlt nap <br \/>\n2026. janu\u00e1r 24. 11:15-13:30<\/strong><\/h4>\n<p><strong>Rektori \u00e9s D\u00e9k\u00e1ni K\u00f6sz\u00f6nt\u0151:<\/strong><\/p>\n<ul>\n<li>Dr. Merkely B\u00e9la rektor k\u00f6sz\u00f6nti az \u00e9rdekl\u0151d\u0151ket.<\/li>\n<li><span style=\"color: #ff0000;font-size: 18pt\"><a href=\"https:\/\/www.youtube.com\/watch?v=GhwAG8UexfM\"><strong><span style=\"color: #ff0000\">Vezet\u0151s\u00e9gi podcast &#8211; Visszan\u00e9zhet\u0151 !!<\/span><span style=\"font-size: 24pt\"><span style=\"color: #ff0000\"> ITT\u2192<\/span><\/span><\/strong><\/a><\/span><\/li>\n<\/ul>\n<p><strong>Fogorvostudom\u00e1nyi Kar \u2013 Online Ny\u00edlt nap<\/strong><\/p>\n<ul>\n<li>Dr. Gerber G\u00e1bor d\u00e9k\u00e1n k\u00f6sz\u00f6nti az \u00e9rdekl\u0151d\u0151ket, bemutatja a Semmelweis Egyetem \u00e9s a Fogorvostudom\u00e1nyi Kar k\u00fcl\u00f6nleges vil\u00e1g\u00e1t.<\/li>\n<\/ul>\n<p><span style=\"color: #ff0000;font-size: 18pt\"><a href=\"https:\/\/www.youtube.com\/watch?v=0uoFUpt2e8M\"><strong><span style=\"color: #ff0000\">Teljes program visszan\u00e9zhet\u0151!! <\/span><span style=\"font-size: 24pt\"><span style=\"color: #ff0000\">\u00a0ITT\u2192<\/span><\/span><\/strong><\/a><\/span><\/p>\n<p>A fogorvosi hivat\u00e1s egyszerre \u00f6tv\u00f6zi a precizit\u00e1st, a kreativit\u00e1st \u00e9s az emberek ir\u00e1nti elk\u00f6telezetts\u00e9get. Ha k\u00edv\u00e1ncsi vagy arra, hogyan v\u00e1lhatsz a mosolyok szak\u00e9rt\u0151j\u00e9v\u00e9, ne hagyd ki ezt az izgalmas esem\u00e9nyt!<\/p>\n<p>Programok:<\/p>\n<ul>\n<li><strong><a href=\"https:\/\/www.youtube.com\/watch?v=GhwAG8UexfM\">Rektori<\/a> \u00e9s <a href=\"https:\/\/www.youtube.com\/watch?v=0uoFUpt2e8M\">D\u00e9k\u00e1ni K\u00f6sz\u00f6nt\u0151<\/a>:<\/strong><\/li>\n<li><strong>Egyetemi k\u00e9pz\u00e9s, ahol a tud\u00e1sodb\u00f3l hivat\u00e1s lesz \u2013 fogorvosk\u00e9nt:<\/strong><br \/>\nFedezd fel, hogyan v\u00e1lhatsz a j\u00f6v\u0151 fogorvos\u00e1v\u00e1! Ismerd meg a modern technol\u00f3gi\u00e1kra \u00e9p\u00fcl\u0151 k\u00e9pz\u00e9st, ahol a tud\u00e1s, a precizit\u00e1s \u00e9s az emp\u00e1tia tal\u00e1lkozik.<\/li>\n<li><strong>T\u00e1j\u00e9koztat\u00f3 a felv\u00e9telir\u0151l:<\/strong><br \/>\nSz\u00f3beli, ponthat\u00e1rok? A t\u00e1j\u00e9koztat\u00f3 program alatt minden k\u00e9rd\u00e9sedre v\u00e1laszt kaphatsz, hogy semmi miatt ne kelljen agg\u00f3dnod.<\/li>\n<li><strong>Egy fogorvostan-hallgat\u00f3 \u00e1tlagos napja:<\/strong><br \/>\nA Hallgat\u00f3i \u00d6nkorm\u00e1nyzat seg\u00edts\u00e9g\u00e9vel virtu\u00e1lisan bej\u00e1rhatod a Kar \u00e9p\u00fcleteit, tantermeit, kezel\u0151helyis\u00e9geit, \u00e9s megismerheted a hallgat\u00f3i \u00e9let k\u00f6z\u00f6ss\u00e9gi tereit, koll\u00e9giumait, valamint sz\u00f3rakoz\u00e1si \u00e9s sportol\u00e1si lehet\u0151s\u00e9geit.<\/li>\n<li><strong>Propedeutikai Tanlabor bemutat\u00e1sa:<\/strong><br \/>\nMer\u00fclj el a fogorvosk\u00e9pz\u00e9s technikai r\u00e9szleteiben! Fedezd fel a fantomfejes modelleket, m\u0171anyag fogakat \u00e9s az eszk\u00f6z\u00f6ket, amelyeken a hallgat\u00f3k az alapvet\u0151 fog\u00e1szati beavatkoz\u00e1sokat gyakorolj\u00e1k.<\/li>\n<li><strong>Digit\u00e1lis Fog\u00e1szati Tervez\u00e9s szak bemutat\u00e1sa:<\/strong><br \/>\nEgy K\u00f6z\u00e9p-Eur\u00f3p\u00e1ban egyed\u00fcl\u00e1ll\u00f3 k\u00e9pz\u00e9s, amely a fog\u00e1szat \u00e9s a digit\u00e1lis technol\u00f3gi\u00e1k metsz\u00e9spontj\u00e1n ny\u00fajt \u00faj szakmai utakat. Tudd meg, hogyan v\u00e1lhatsz digit\u00e1lis fog\u00e1szati tervez\u0151v\u00e9, \u00e9s milyen lehet\u0151s\u00e9gek v\u00e1rnak ezen a j\u00f6v\u0151be mutat\u00f3 ter\u00fcleten!<\/li>\n<li><strong>G\u00f3lyat\u00e1bor:<\/strong><br \/>\nEz az aftermovie a Semmelweis-g\u00f3ly\u00e1k els\u0151, meghat\u00e1roz\u00f3 \u00e9lm\u00e9nyeit eleven\u00edti fel \u2013 a k\u00f6z\u00f6ss\u00e9g sz\u00fclet\u00e9s\u00e9nek pillanatait.<\/li>\n<li><strong>F\u00f3rum:<\/strong><br \/>\nHallgasd meg jelenlegi hallgat\u00f3k tapasztalatait az egyetemi \u00e9let minden aspektus\u00e1r\u00f3l! Ez egy k\u00f6tetlen lehet\u0151s\u00e9g arra, hogy v\u00e1laszt kapj minden k\u00e9rd\u00e9sedre \u2013 legyen sz\u00f3 a k\u00e9pz\u00e9sekr\u0151l, a mindennapokr\u00f3l vagy a felv\u00e9telir\u0151l.<\/li>\n<\/ul>\n<p><strong>\u00a0<\/strong><\/p>\n<p>A Semmelweis Egyetem Fogorvostudom\u00e1nyi Kara nem csup\u00e1n egy k\u00e9pz\u00e9st, hanem egy \u00e9letre sz\u00f3l\u00f3 karrier alapjait k\u00edn\u00e1lja. \u00c9ld \u00e1t, milyen lehet\u0151s\u00e9g v\u00e1r R\u00e1d, \u00e9s csatlakozz a mosolyok m\u0171v\u00e9szeinek vil\u00e1g\u00e1hoz!<\/p>\n<p>&nbsp;<\/p>\n<p>&nbsp;<\/p>\n","protected":false},"excerpt":{"rendered":"<p>\u00a0 Fogorvostudom\u00e1nyi Kar \u2013 Online Ny\u00edlt nap 2026. janu\u00e1r 24. 11:15-13:30 Rektori \u00e9s D\u00e9k\u00e1ni K\u00f6sz\u00f6nt\u0151: Dr. Merkely B\u00e9la rektor k\u00f6sz\u00f6nti az \u00e9rdekl\u0151d\u0151ket. <a href=\"https:\/\/www.youtube.com\/watch?v=GhwAG8UexfM\">Vezet\u0151s\u00e9gi podcast &#8211; Visszan\u00e9zhet\u0151 !! ITT\u2192<\/a> Fogorvostudom\u00e1nyi Kar \u2013 Online Ny\u00edlt nap Dr. Gerber G\u00e1bor d\u00e9k\u00e1n k\u00f6sz\u00f6nti az \u00e9rdekl\u0151d\u0151ket, bemutatja a Semmelweis Egyetem \u00e9s a Fogorvostudom\u00e1nyi Kar k\u00fcl\u00f6nleges vil\u00e1g\u00e1t. <a href=\"https:\/\/www.youtube.com\/watch?v=0uoFUpt2e8M\">Teljes program visszan\u00e9zhet\u0151!! \u00a0ITT\u2192<\/a> A fogorvosi hivat\u00e1s egyszerre \u00f6tv\u00f6zi a precizit\u00e1st, a kreativit\u00e1st \u00e9s &hellip;<\/p>\n","protected":false},"author":101171,"featured_media":0,"parent":134,"menu_order":3,"comment_status":"closed","ping_status":"closed","template":"","meta":{"_acf_changed":false,"footnotes":""},"categories":[],"tags":[],"class_list":["post-3557","page","type-page","status-publish","hentry"],"acf":[],"_links":{"self":[{"href":"https:\/\/semmelweis.hu\/fok\/wp-json\/wp\/v2\/pages\/3557","targetHints":{"allow":["GET"]}}],"collection":[{"href":"https:\/\/semmelweis.hu\/fok\/wp-json\/wp\/v2\/pages"}],"about":[{"href":"https:\/\/semmelweis.hu\/fok\/wp-json\/wp\/v2\/types\/page"}],"author":[{"embeddable":true,"href":"https:\/\/semmelweis.hu\/fok\/wp-json\/wp\/v2\/users\/101171"}],"replies":[{"embeddable":true,"href":"https:\/\/semmelweis.hu\/fok\/wp-json\/wp\/v2\/comments?post=3557"}],"version-history":[{"count":11,"href":"https:\/\/semmelweis.hu\/fok\/wp-json\/wp\/v2\/pages\/3557\/revisions"}],"predecessor-version":[{"id":10554,"href":"https:\/\/semmelweis.hu\/fok\/wp-json\/wp\/v2\/pages\/3557\/revisions\/10554"}],"up":[{"embeddable":true,"href":"https:\/\/semmelweis.hu\/fok\/wp-json\/wp\/v2\/pages\/134"}],"wp:attachment":[{"href":"https:\/\/semmelweis.hu\/fok\/wp-json\/wp\/v2\/media?parent=3557"}],"wp:term":[{"taxonomy":"category","embeddable":true,"href":"https:\/\/semmelweis.hu\/fok\/wp-json\/wp\/v2\/categories?post=3557"},{"taxonomy":"post_tag","embeddable":true,"href":"https:\/\/semmelweis.hu\/fok\/wp-json\/wp\/v2\/tags?post=3557"}],"curies":[{"name":"wp","href":"https:\/\/api.w.org\/{rel}","templated":true}]}}