{"id":3380,"date":"2018-09-17T11:44:47","date_gmt":"2018-09-17T09:44:47","guid":{"rendered":"http:\/\/semmelweis.hu\/fok\/?page_id=3380"},"modified":"2024-10-21T09:10:09","modified_gmt":"2024-10-21T07:10:09","slug":"palyazati-felhivasok-hallgatoknak","status":"publish","type":"page","link":"https:\/\/semmelweis.hu\/fok\/hallgatoi-hirek\/palyazati-felhivasok-hallgatoknak\/","title":{"rendered":"P\u00e1ly\u00e1zati felh\u00edv\u00e1sok hallgat\u00f3knak"},"content":{"rendered":"<style>\n           #page-grid .card-body > .line-clamp-box.excerpt{\n        width: inherit;\n        max-width: inherit;\n        display:flex;\n        min-height: 2.4em;\n        flex-direction: column;\n        justify-content: space-around;\n        background-color: #D6E4EA;\n        min-height: 3.4rem;\n        font-family: \"Montserrat\", sans-serif;\n    }\n\n    #page-grid a:hover .card-body > .line-clamp-box.excerpt {\n        background-color: #fff;\n        color: #313B40;\n    }\n\n    #page-grid .card-body .line-clamp-box.excerpt section{\n        max-width: inherit;\n        display: -webkit-box;\n        -webkit-line-clamp: 2;\n        -webkit-box-orient: vertical;\n        overflow: hidden;\n        text-overflow: ellipsis;\n        hyphens: auto;\n        margin: auto;\n        \n    }\n    .line-clamp-box.excerpt section, .line-clamp-box.excerpt section p{\n        font-size:0.8em;\n    }\n    \n<\/style>\n    <section id=\"page-grid\">\n        <section class=\"d-block d-md-flex title-row my-3 ml-0 ml-md-1\">\n<div class=\"section-title  mb-1 \">\n<h2>\n    Hallgat\u00f3i p\u00e1ly\u00e1zatok, \u00f6szt\u00f6nd\u00edjak\n<\/h2>\n<\/div>\n<\/section>\n        <div class=\"row row-cols-1 row-cols-md-2 row-cols-lg-4 no-gutters mx-0 \">    <div class =\"col  mb-2 card-wrapper\">\n        <a class=\"d-flex flex-fill card-link-warapper m-md-1\" href=\"https:\/\/semmelweis.hu\/fok\/hallgatoi-hirek\/palyazati-felhivasok-hallgatoknak\/demonstratori-palyazatok\/\">\n            <div class=\"card border border-secondary se-border flex-fill\">\n                <div class=\"row no-gutters mx-0 d-flex flex-nowrap flex-md-wrap align-items-center\">\n                    <div class =\"  col-5 col-md-12  d-none  d-md-none d-md-none  bg-image  card-image justify-content-center\">\n                        <img class='wp-post-image img-fluid landscape' src='https:\/\/semmelweis.hu\/fok\/wp-content\/themes\/se18\/dist\/images\/svg\/bg-image.svg' \/>\n                    <\/div>\n                    <div class=\"card-body  col flex-column  col-md-12 p-0\">\n                        <div class=\"line-clamp-box p-3\">\n                            <h5 class=\"ml-0 ml-sm-1 mt-2 align-items-center\"  >Demonstr\u00e1tori P\u00e1ly\u00e1zatok<\/h5>\n                        <\/div>\n                            <div class= \"line-clamp-box excerpt m-0 p-2 pl-3\">\n        <section>\n            Demonstr\u00e1tori P\u00e1ly\u00e1zathoz kapcsol\u00f3d\u00f3 tudnival\u00f3k! \nA 2021\/2022. tan\u00e9vt\u0151l kezd\u0151d\u0151en a demonstr\u00e1tori \u00f6szt\u00f6nd\u00edj\u00a0szab\u00e1lyait\u00a0 a Semmelweis Egyetem Szervezeti \u00e9s M\u0171k\u00f6d\u00e9si Szab\u00e1lyzat \u2013 III. K\u00d6NYV Hallgat\u00f3i K\u00f6vetelm\u00e9nyrendszer \u2013 III.4. R\u00c9SZ T\u00e9r\u00edt\u00e9si \u00e9s Juttat\u00e1si Szab\u00e1lyzata (20\/A. \u00a7-t\u00f3l 20\/D. \u00a7.-ig) szab\u00e1lyozza, mely az al\u00e1bbi linken \u00e9rhet\u0151 el:\nhttps:\/\/semmelweis.hu\/jogigfoig\/dokumentumtar\/szabalyzattar\/szervezeti-es-mukodesi-szabalyzat\/iii-konyv-hkr\/\n1\/2022 sz. D\u00e9k\u00e1ni Utas\u00edt\u00e1s a Fogorvostudom\u00e1nyi Karon a demonstr\u00e1tori \u00f6szt\u00f6nd\u00edjakr\u00f3l\nT\u00c1J\u00c9KOZTAT\u00d3 magyar ..\n        <\/section>\n    <\/div>\n                    <\/div>\n                <\/div>\n\n            <\/div>\n        <\/a>\n    <\/div>    <div class =\"col  mb-2 card-wrapper\">\n        <a class=\"d-flex flex-fill card-link-warapper m-md-1\" href=\"https:\/\/semmelweis.hu\/fok\/hallgatoi-hirek\/palyazati-felhivasok-hallgatoknak\/ekop-palyazat\/\">\n            <div class=\"card border border-secondary se-border flex-fill\">\n                <div class=\"row no-gutters mx-0 d-flex flex-nowrap flex-md-wrap align-items-center\">\n                    <div class =\"  col-5 col-md-12  d-none  d-md-none d-md-none  bg-image  card-image justify-content-center\">\n                        <img class='wp-post-image img-fluid landscape' src='https:\/\/semmelweis.hu\/fok\/wp-content\/themes\/se18\/dist\/images\/svg\/bg-image.svg' \/>\n                    <\/div>\n                    <div class=\"card-body  col flex-column  col-md-12 p-0\">\n                        <div class=\"line-clamp-box p-3\">\n                            <h5 class=\"ml-0 ml-sm-1 mt-2 align-items-center\"  >EK\u00d6P p\u00e1ly\u00e1zat<\/h5>\n                        <\/div>\n                            <div class= \"line-clamp-box excerpt m-0 p-2 pl-3\">\n        <section>\n            EGYETEMI KUTAT\u00d3I \u00d6SZT\u00d6ND\u00cdJ PROGRAM (EK\u00d6P) P\u00c1LY\u00c1ZATI KI\u00cdR\u00c1SAI A 2025\/2026. TAN\u00c9VRE \n\nA 2025\/2026. tan\u00e9vre sz\u00f3l\u00f3 Egyetemi Kutat\u00f3i \u00d6szt\u00f6nd\u00edj Program (kor\u00e1bbi \u00daNKP) p\u00e1ly\u00e1zati ki\u00edr\u00e1s\u00e1r\u00f3l sz\u00f3l\u00f3 egyetemi t\u00e1j\u00e9koztat\u00f3 oldal az al\u00e1bbi linken \u00e9rhet\u0151 el:\nEK\u00d6P-2025 p\u00e1ly\u00e1zat \nA p\u00e1ly\u00e1zat beny\u00fajt\u00e1si hat\u00e1rideje:\n2025. \u00e1prilis 17. \u2013 2025. m\u00e1jus 18.\n\nP\u00c1LY\u00c1ZATI FELH\u00cdV\u00c1S &#8211; Az \u00e9v Fogorvoshallgat\u00f3ja\nA ..\n        <\/section>\n    <\/div>\n                    <\/div>\n                <\/div>\n\n            <\/div>\n        <\/a>\n    <\/div>    <div class =\"col  mb-2 card-wrapper\">\n        <a class=\"d-flex flex-fill card-link-warapper m-md-1\" href=\"https:\/\/semmelweis.hu\/fok\/hallgatoi-hirek\/palyazati-felhivasok-hallgatoknak\/unkp-palyazat\/\">\n            <div class=\"card border border-secondary se-border flex-fill\">\n                <div class=\"row no-gutters mx-0 d-flex flex-nowrap flex-md-wrap align-items-center\">\n                    <div class =\"  col-5 col-md-12  d-none  d-md-none d-md-none  bg-image  card-image justify-content-center\">\n                        <img class='wp-post-image img-fluid landscape' src='https:\/\/semmelweis.hu\/fok\/wp-content\/themes\/se18\/dist\/images\/svg\/bg-image.svg' \/>\n                    <\/div>\n                    <div class=\"card-body  col flex-column  col-md-12 p-0\">\n                        <div class=\"line-clamp-box p-3\">\n                            <h5 class=\"ml-0 ml-sm-1 mt-2 align-items-center\"  >\u00c9v Fogorvostan-hallgat\u00f3ja - 2025<\/h5>\n                        <\/div>\n                            <div class= \"line-clamp-box excerpt m-0 p-2 pl-3\">\n        <section>\n            P\u00c1LY\u00c1ZATI FELH\u00cdV\u00c1S &#8211; Az \u00e9v Fogorvoshallgat\u00f3ja\nA Magyar Eg\u00e9szs\u00e9g\u00fcgyi Menedzsment T\u00e1rsas\u00e1g p\u00e1ly\u00e1zatot \u00edr ki az \u201e\u00c9v fogorvoshallgat\u00f3ja\u201d c\u00edmmel.\nAz 500.000 forintos p\u00e9nzjutalommal j\u00e1r\u00f3 d\u00edj c\u00e9lja elismerni a sikeres egyetemi tanulm\u00e1nyaik mellett kiemelked\u0151 k\u00f6z\u00e9leti teljes\u00edtm\u00e9nyt ny\u00fajt\u00f3 fogorvoshallgat\u00f3kat, akik legt\u00f6bbet tesznek az emberek\u00e9rt, a k\u00f6z\u00f6ss\u00e9g\u00e9rt, \u00e9s a j\u00f6v\u0151 eg\u00e9szs\u00e9g\u00fcgyi szakemberei lehetnek.\n\u00c9v Fogorvostan-hallgat\u00f3ja D\u00edj 2025\n\n&nbsp;\n        <\/section>\n    <\/div>\n                    <\/div>\n                <\/div>\n\n            <\/div>\n        <\/a>\n    <\/div>    <div class =\"col  mb-2 card-wrapper\">\n        <a class=\"d-flex flex-fill card-link-warapper m-md-1\" href=\"https:\/\/semmelweis.hu\/fok\/hallgatoi-hirek\/palyazati-felhivasok-hallgatoknak\/krompecher-odon-palyazat\/\">\n            <div class=\"card border border-secondary se-border flex-fill\">\n                <div class=\"row no-gutters mx-0 d-flex flex-nowrap flex-md-wrap align-items-center\">\n                    <div class =\"  col-5 col-md-12  d-none  d-md-none d-md-none  bg-image  card-image justify-content-center\">\n                        <img class='wp-post-image img-fluid landscape' src='https:\/\/semmelweis.hu\/fok\/wp-content\/themes\/se18\/dist\/images\/svg\/bg-image.svg' \/>\n                    <\/div>\n                    <div class=\"card-body  col flex-column  col-md-12 p-0\">\n                        <div class=\"line-clamp-box p-3\">\n                            <h5 class=\"ml-0 ml-sm-1 mt-2 align-items-center\"  >Krompecher \u00d6d\u00f6n P\u00e1ly\u00e1zat<\/h5>\n                        <\/div>\n                            <div class= \"line-clamp-box excerpt m-0 p-2 pl-3\">\n        <section>\n            KROMPECHER \u00d6D\u00d6N P\u00c1LY\u00c1ZAT\n\n        <\/section>\n    <\/div>\n                    <\/div>\n                <\/div>\n\n            <\/div>\n        <\/a>\n    <\/div>    <div class =\"col  mb-2 card-wrapper\">\n        <a class=\"d-flex flex-fill card-link-warapper m-md-1\" href=\"https:\/\/semmelweis.hu\/fok\/hallgatoi-hirek\/palyazati-felhivasok-hallgatoknak\/mathe-gyula-emlekpalyazat\/\">\n            <div class=\"card border border-secondary se-border flex-fill\">\n                <div class=\"row no-gutters mx-0 d-flex flex-nowrap flex-md-wrap align-items-center\">\n                    <div class =\"  col-5 col-md-12  d-none  d-md-none d-md-none  bg-image  card-image justify-content-center\">\n                        <img class='wp-post-image img-fluid landscape' src='https:\/\/semmelweis.hu\/fok\/wp-content\/themes\/se18\/dist\/images\/svg\/bg-image.svg' \/>\n                    <\/div>\n                    <div class=\"card-body  col flex-column  col-md-12 p-0\">\n                        <div class=\"line-clamp-box p-3\">\n                            <h5 class=\"ml-0 ml-sm-1 mt-2 align-items-center\"  >M\u00e1th\u00e9 Gyula Eml\u00e9kp\u00e1ly\u00e1zat<\/h5>\n                        <\/div>\n                            <div class= \"line-clamp-box excerpt m-0 p-2 pl-3\">\n        <section>\n            P\u00c1LY\u00c1ZATI FELH\u00cdV\u00c1S\nDr. M\u00e1th\u00e9 Gyula d\u00edjra\nM\u00e1th\u00e9 Gyula-d\u00edj 2026\nA Semmelweis Egyetem Molekul\u00e1ris Biol\u00f3giai Tansz\u00e9ke mellett m\u0171k\u00f6d\u0151 Molekula Alap\u00edtv\u00e1ny\nDr. M\u00e1th\u00e9 Gyula eml\u00e9k\u00e9re p\u00e1ly\u00e1zatot hirdet a Semmelweis Egyetem Fogorvostudom\u00e1nyi Kar\u00e1n 2026-ban v\u00e9gz\u0151 hallgat\u00f3k sz\u00e1m\u00e1ra.\nAz Alap\u00edtv\u00e1ny \u00e1ltal kiadott d\u00edjak \u00f6sszege egyenk\u00e9nt: 750.000,- Ft.\nA p\u00e1ly\u00e1zat felt\u00e9telei:\nA p\u00e1ly\u00e1zatnak tartalmaznia kell a hallgat\u00f3 egyetemi tanulm\u00e1nyai sor\u00e1n ..\n        <\/section>\n    <\/div>\n                    <\/div>\n                <\/div>\n\n            <\/div>\n        <\/a>\n    <\/div>    <div class =\"col  mb-2 card-wrapper\">\n        <a class=\"d-flex flex-fill card-link-warapper m-md-1\" href=\"https:\/\/semmelweis.hu\/fok\/hallgatoi-hirek\/palyazati-felhivasok-hallgatoknak\/mihalkovics-alapitvany\/\">\n            <div class=\"card border border-secondary se-border flex-fill\">\n                <div class=\"row no-gutters mx-0 d-flex flex-nowrap flex-md-wrap align-items-center\">\n                    <div class =\"  col-5 col-md-12  d-none  d-md-none d-md-none  bg-image  card-image justify-content-center\">\n                        <img class='wp-post-image img-fluid landscape' src='https:\/\/semmelweis.hu\/fok\/wp-content\/themes\/se18\/dist\/images\/svg\/bg-image.svg' \/>\n                    <\/div>\n                    <div class=\"card-body  col flex-column  col-md-12 p-0\">\n                        <div class=\"line-clamp-box p-3\">\n                            <h5 class=\"ml-0 ml-sm-1 mt-2 align-items-center\"  >Mih\u00e1lkovics Alap\u00edtv\u00e1ny<\/h5>\n                        <\/div>\n                            <div class= \"line-clamp-box excerpt m-0 p-2 pl-3\">\n        <section>\n            P\u00c1LY\u00c1ZATI FELH\u00cdV\u00c1S \na Mih\u00e1lkovics-alap\u00edtv\u00e1ny Alap\u00edt\u00f3 Okirata alapj\u00e1n\nMih\u00e1lkovics Tivadar \u00e9s feles\u00e9ge Schmidt Marianne, Dr. Mih\u00e1lkovics G\u00e9za anat\u00f3mus professzor, valamint fiuk Dr. Mih\u00e1lkovics \u00c1rp\u00e1d, a 26 \u00e9ves kor\u00e1ban tragikus k\u00f6r\u00fclm\u00e9nyek k\u00f6z\u00f6tt elhunyt fogszakorvos eml\u00e9k\u00e9re alap\u00edtv\u00e1nyt l\u00e9tes\u00edtett. Az alap\u00edtv\u00e1nyt a F\u0151v\u00e1rosi B\u00edr\u00f3s\u00e1g 4717. sorsz\u00e1mon 1994. \u00e1prilis h\u00f3 21-\u00e9n nyilv\u00e1ntart\u00e1sba vette. Az alap\u00edtv\u00e1ny kurat\u00f3rium\u00e1nak eln\u00f6ke az Alap\u00edt\u00f3 ..\n        <\/section>\n    <\/div>\n                    <\/div>\n                <\/div>\n\n            <\/div>\n        <\/a>\n    <\/div>    <div class =\"col  mb-2 card-wrapper\">\n        <a class=\"d-flex flex-fill card-link-warapper m-md-1\" href=\"https:\/\/semmelweis.hu\/fok\/hallgatoi-hirek\/palyazati-felhivasok-hallgatoknak\/nemzeti-felsooktatasi-osztondij\/\">\n            <div class=\"card border border-secondary se-border flex-fill\">\n                <div class=\"row no-gutters mx-0 d-flex flex-nowrap flex-md-wrap align-items-center\">\n                    <div class =\"  col-5 col-md-12  d-none  d-md-none d-md-none  bg-image  card-image justify-content-center\">\n                        <img class='wp-post-image img-fluid landscape' src='https:\/\/semmelweis.hu\/fok\/wp-content\/themes\/se18\/dist\/images\/svg\/bg-image.svg' \/>\n                    <\/div>\n                    <div class=\"card-body  col flex-column  col-md-12 p-0\">\n                        <div class=\"line-clamp-box p-3\">\n                            <h5 class=\"ml-0 ml-sm-1 mt-2 align-items-center\"  >Nemzeti Fels\u0151oktat\u00e1si \u00d6szt\u00f6nd\u00edj<\/h5>\n                        <\/div>\n                            <div class= \"line-clamp-box excerpt m-0 p-2 pl-3\">\n        <section>\n            \nNemzeti fels\u0151oktat\u00e1si \u00f6szt\u00f6nd\u00edj\n\nA fels\u0151oktat\u00e1s\u00e9rt felel\u0151s miniszter a nemzeti fels\u0151oktat\u00e1sr\u00f3l sz\u00f3l\u00f3 2011. \u00e9vi CCIV. t\u00f6rv\u00e9ny (a tov\u00e1bbiakban: Nftv.), valamint a fels\u0151oktat\u00e1sban r\u00e9szt vev\u0151 hallgat\u00f3k juttat\u00e1sair\u00f3l sz\u00f3l\u00f3 51\/2007. (III. 26.) Korm. rendelet (a tov\u00e1bbiakban: Korm\u00e1nyrendelet) alapj\u00e1n nemzeti fels\u0151oktat\u00e1si \u00f6szt\u00f6nd\u00edjat adom\u00e1nyoz a fels\u0151oktat\u00e1si int\u00e9zm\u00e9nyek kimagasl\u00f3 teljes\u00edtm\u00e9nyt ny\u00fajt\u00f3 hallgat\u00f3i r\u00e9sz\u00e9re.\nA nemzeti fels\u0151oktat\u00e1si \u00f6szt\u00f6nd\u00edjban r\u00e9szes\u00edthet\u0151 hallgat\u00f3k ..\n        <\/section>\n    <\/div>\n                    <\/div>\n                <\/div>\n\n            <\/div>\n        <\/a>\n    <\/div>    <div class =\"col  mb-2 card-wrapper\">\n        <a class=\"d-flex flex-fill card-link-warapper m-md-1\" href=\"https:\/\/semmelweis.hu\/fok\/hallgatoi-hirek\/palyazati-felhivasok-hallgatoknak\/palyazat-meguresedett-allamilag-finanszirozott-helyre\/\">\n            <div class=\"card border border-secondary se-border flex-fill\">\n                <div class=\"row no-gutters mx-0 d-flex flex-nowrap flex-md-wrap align-items-center\">\n                    <div class =\"  col-5 col-md-12  d-none  d-md-none d-md-none  bg-image  card-image justify-content-center\">\n                        <img class='wp-post-image img-fluid landscape' src='https:\/\/semmelweis.hu\/fok\/wp-content\/themes\/se18\/dist\/images\/svg\/bg-image.svg' \/>\n                    <\/div>\n                    <div class=\"card-body  col flex-column  col-md-12 p-0\">\n                        <div class=\"line-clamp-box p-3\">\n                            <h5 class=\"ml-0 ml-sm-1 mt-2 align-items-center\"  >P\u00e1ly\u00e1zat meg\u00fcresedett \u00e1llamilag finansz\u00edrozott helyre<\/h5>\n                        <\/div>\n                            <div class= \"line-clamp-box excerpt m-0 p-2 pl-3\">\n        <section>\n            A Semmelweis Egyetem Szervezeti \u00e9s M\u0171k\u00f6d\u00e9si Szab\u00e1lyzata III. K\u00f6nyv Hallgat\u00f3i K\u00f6vetelm\u00e9nyrendszer III.4. R\u00e9sz T\u00e9r\u00edt\u00e9si \u00e9s Juttat\u00e1si Szab\u00e1lyzat 22.\u00a7 vonatkoz\u00f3 szakaszaiban foglaltak szerint:\nhttps:\/\/semmelweis.hu\/jogigfoig\/files\/2020\/04\/UJ_SZMSZ_HKR_III_KONYV_III_4_RESZ_Teritesi_es_Juttatasi_Szabalyzat_hatalyos_2020_03_25_tol.pdf\nHa a magyar \u00e1llami (r\u00e9sz)\u00f6szt\u00f6nd\u00edjjal t\u00e1mogatott k\u00e9pz\u00e9sre felvett vagy \u00e1llamilag t\u00e1mogatott hallgat\u00f3nak a tanulm\u00e1nyai befejez\u00e9se el\u0151tt megsz\u0171nik a hallgat\u00f3i jogviszonya, hely\u00e9re \u2013 ilyen ir\u00e1ny\u00fa k\u00e9relem eset\u00e9n \u2013 a fels\u0151oktat\u00e1si int\u00e9zm\u00e9nyben \u00f6nk\u00f6lts\u00e9ges vagy ..\n        <\/section>\n    <\/div>\n                    <\/div>\n                <\/div>\n\n            <\/div>\n        <\/a>\n    <\/div>    <div class =\"col  mb-2 card-wrapper\">\n        <a class=\"d-flex flex-fill card-link-warapper m-md-1\" href=\"https:\/\/semmelweis.hu\/fok\/hallgatoi-hirek\/palyazati-felhivasok-hallgatoknak\/szent-gyorgyi-hallgatoi-osztondij\/\">\n            <div class=\"card border border-secondary se-border flex-fill\">\n                <div class=\"row no-gutters mx-0 d-flex flex-nowrap flex-md-wrap align-items-center\">\n                    <div class =\"  col-5 col-md-12  d-none  d-md-none d-md-none  bg-image  card-image justify-content-center\">\n                        <img class='wp-post-image img-fluid landscape' src='https:\/\/semmelweis.hu\/fok\/wp-content\/themes\/se18\/dist\/images\/svg\/bg-image.svg' \/>\n                    <\/div>\n                    <div class=\"card-body  col flex-column  col-md-12 p-0\">\n                        <div class=\"line-clamp-box p-3\">\n                            <h5 class=\"ml-0 ml-sm-1 mt-2 align-items-center\"  >Szent-Gy\u00f6rgyi Hallgat\u00f3i \u00d6szt\u00f6nd\u00edj<\/h5>\n                        <\/div>\n                            <div class= \"line-clamp-box excerpt m-0 p-2 pl-3\">\n        <section>\n            P\u00c1LY\u00c1ZATI FELH\u00cdV\u00c1S\n\nLegy\u00e9l Te is Szent-Gy\u00f6rgyi Hallgat\u00f3 2025\n\nSZENT-GY\u00d6RGYI HALLGAT\u00d3 \u00d6SZT\u00d6ND\u00cdJRA\na Semmelweis Egyetem \u00c1OK\/FOK\/GYTK I. \u00e9s II. \u00e9ves hallgat\u00f3i r\u00e9sz\u00e9re 2025.\nTisztelt I. \u00e9s II. \u00e9ves Hallgat\u00f3k!\nTisztelt leend\u0151 Szent-Gy\u00f6rgyi Hallgat\u00f3k!\nA Nemzeti Tud\u00f3sk\u00e9pz\u0151 Akad\u00e9mia (NTA) 2021. szeptember 1-\u00e9n az Innov\u00e1ci\u00f3s \u00e9s Technol\u00f3giai Miniszt\u00e9rium t\u00e1mogat\u00e1s\u00e1val alakult meg, melynek c\u00e9lja az orvosbiol\u00f3giai tudom\u00e1nyokat ..\n        <\/section>\n    <\/div>\n                    <\/div>\n                <\/div>\n\n            <\/div>\n        <\/a>\n    <\/div>    <div class =\"col  mb-2 card-wrapper\">\n        <a class=\"d-flex flex-fill card-link-warapper m-md-1\" href=\"https:\/\/semmelweis.hu\/fok\/hallgatoi-hirek\/palyazati-felhivasok-hallgatoknak\/balogh-karoly-dij\/\">\n            <div class=\"card border border-secondary se-border flex-fill\">\n                <div class=\"row no-gutters mx-0 d-flex flex-nowrap flex-md-wrap align-items-center\">\n                    <div class =\"  col-5 col-md-12  d-none  d-md-none d-md-none  bg-image  card-image justify-content-center\">\n                        <img class='wp-post-image img-fluid landscape' src='https:\/\/semmelweis.hu\/fok\/wp-content\/themes\/se18\/dist\/images\/svg\/bg-image.svg' \/>\n                    <\/div>\n                    <div class=\"card-body  col flex-column  col-md-12 p-0\">\n                        <div class=\"line-clamp-box p-3\">\n                            <h5 class=\"ml-0 ml-sm-1 mt-2 align-items-center\"  >Balogh K\u00e1roly D\u00edj<\/h5>\n                        <\/div>\n                            <div class= \"line-clamp-box excerpt m-0 p-2 pl-3\">\n        <section>\n            Balogh K\u00e1roly D\u00edj\nAz Eml\u00e9k\u00e9rem \u00e9s Jutalomd\u00edj adom\u00e1nyoz\u00e1s\u00e1nak felt\u00e9tele:\na.) A P\u00e1ly\u00e1z\u00f3 a Semmelweis Egyetem Fogorvostudom\u00e1nyi Kar\u00e1nak hallgat\u00f3i jogviszony\u00e1val rendelkezik, \u00e9s\nb.) oklevel\u00e9nek min\u0151s\u00edt\u00e9se: \u201eSumma cum laude\u201d \u00e9s\nc.) a hallgat\u00f3k sz\u00e1m\u00e1ra \u00e9venk\u00e9nt ki\u00edrt p\u00e1ly\u00e1zatokra k\u00e9sz\u00edtett kiemelked\u0151 sz\u00ednvonal\u00fa p\u00e1lyamunka k\u00e9sz\u00edt\u00e9s\u00e9ben r\u00e9szt vett, mint\n&#8211; a rektori p\u00e1ly\u00e1zatok, vagy\n&#8211;\u00a0 a Tudom\u00e1nyos Di\u00e1kk\u00f6ri Konferenci\u00e1n elhangzott el\u0151ad\u00e1sok ..\n        <\/section>\n    <\/div>\n                    <\/div>\n                <\/div>\n\n            <\/div>\n        <\/a>\n    <\/div>    <div class =\"col  mb-2 card-wrapper\">\n        <a class=\"d-flex flex-fill card-link-warapper m-md-1\" href=\"https:\/\/semmelweis.hu\/fok\/hallgatoi-hirek\/palyazati-felhivasok-hallgatoknak\/rezidensek-osztondij-tamogatasa\/\">\n            <div class=\"card border border-secondary se-border flex-fill\">\n                <div class=\"row no-gutters mx-0 d-flex flex-nowrap flex-md-wrap align-items-center\">\n                    <div class =\"  col-5 col-md-12  d-none  d-md-none d-md-none  bg-image  card-image justify-content-center\">\n                        <img class='wp-post-image img-fluid landscape' src='https:\/\/semmelweis.hu\/fok\/wp-content\/themes\/se18\/dist\/images\/svg\/bg-image.svg' \/>\n                    <\/div>\n                    <div class=\"card-body  col flex-column  col-md-12 p-0\">\n                        <div class=\"line-clamp-box p-3\">\n                            <h5 class=\"ml-0 ml-sm-1 mt-2 align-items-center\"  >Rezidensek \u00f6szt\u00f6nd\u00edj t\u00e1mogat\u00e1sa<\/h5>\n                        <\/div>\n                            <div class= \"line-clamp-box excerpt m-0 p-2 pl-3\">\n        <section>\n            P\u00c1PA EG\u00c9SZS\u00c9G\u00dcGYI ALAPELL\u00c1T\u00c1S\u00c1\u00c9RT \u00d6SZT\u00d6NZ\u0150 RENDSZER\n\n        <\/section>\n    <\/div>\n                    <\/div>\n                <\/div>\n\n            <\/div>\n        <\/a>\n    <\/div>        <\/div>\n    <\/section>\n","protected":false},"excerpt":{"rendered":"","protected":false},"author":12,"featured_media":0,"parent":6058,"menu_order":7,"comment_status":"closed","ping_status":"closed","template":"template-fullwidth.php","meta":{"_acf_changed":false,"footnotes":""},"categories":[],"tags":[],"class_list":["post-3380","page","type-page","status-publish","hentry"],"acf":[],"_links":{"self":[{"href":"https:\/\/semmelweis.hu\/fok\/wp-json\/wp\/v2\/pages\/3380","targetHints":{"allow":["GET"]}}],"collection":[{"href":"https:\/\/semmelweis.hu\/fok\/wp-json\/wp\/v2\/pages"}],"about":[{"href":"https:\/\/semmelweis.hu\/fok\/wp-json\/wp\/v2\/types\/page"}],"author":[{"embeddable":true,"href":"https:\/\/semmelweis.hu\/fok\/wp-json\/wp\/v2\/users\/12"}],"replies":[{"embeddable":true,"href":"https:\/\/semmelweis.hu\/fok\/wp-json\/wp\/v2\/comments?post=3380"}],"version-history":[{"count":10,"href":"https:\/\/semmelweis.hu\/fok\/wp-json\/wp\/v2\/pages\/3380\/revisions"}],"predecessor-version":[{"id":10131,"href":"https:\/\/semmelweis.hu\/fok\/wp-json\/wp\/v2\/pages\/3380\/revisions\/10131"}],"up":[{"embeddable":true,"href":"https:\/\/semmelweis.hu\/fok\/wp-json\/wp\/v2\/pages\/6058"}],"wp:attachment":[{"href":"https:\/\/semmelweis.hu\/fok\/wp-json\/wp\/v2\/media?parent=3380"}],"wp:term":[{"taxonomy":"category","embeddable":true,"href":"https:\/\/semmelweis.hu\/fok\/wp-json\/wp\/v2\/categories?post=3380"},{"taxonomy":"post_tag","embeddable":true,"href":"https:\/\/semmelweis.hu\/fok\/wp-json\/wp\/v2\/tags?post=3380"}],"curies":[{"name":"wp","href":"https:\/\/api.w.org\/{rel}","templated":true}]}}