{"id":3313,"date":"2018-09-12T12:20:03","date_gmt":"2018-09-12T10:20:03","guid":{"rendered":"http:\/\/semmelweis.hu\/fok\/?page_id=3313"},"modified":"2025-07-02T10:37:32","modified_gmt":"2025-07-02T08:37:32","slug":"tantargyi-leirasok","status":"publish","type":"page","link":"https:\/\/semmelweis.hu\/fok\/oktatas\/altalanos-informaciok-a-hallgatok-reszere\/tantargyi-leirasok\/","title":{"rendered":"Tant\u00e1rgyi le\u00edr\u00e1sok-(k\u00f6telez\u0151 \u00e9s k\u00f6telez\u0151en v\u00e1laszthat\u00f3 tant\u00e1rgyak)"},"content":{"rendered":"<div class=\"keretes w-100\">\n<p><strong>\u00a0A tant\u00e1rgyi le\u00edr\u00e1sok az adott t\u00e1rgyat oktat\u00f3 int\u00e9zetek\/klinik\u00e1k honlapj\u00e1n megtal\u00e1lhat\u00f3k <\/strong><em>(az al\u00e1bbi linkek seg\u00edts\u00e9g\u00e9vel el\u00e9rhet\u0151k)<\/em><strong>.<br \/>\n<\/strong><\/p>\n<\/div>\n<p><strong>TVSZ 6.\u00a7. (1) A Tant\u00e1rgyi program: <\/strong>Az adott oktat\u00e1si-kutat\u00e1si szervezeti egys\u00e9g az oktatott tant\u00e1rgyra vonatkoz\u00f3an a tanulm\u00e1nyi t\u00e1j\u00e9koztat\u00f3ban megjelentetett ismereteket k\u00f6zz\u00e9teszi az oktat\u00e1si-kutat\u00e1si szervezeti egys\u00e9g honlapj\u00e1n vagy egy\u00e9b, helyben szok\u00e1sos m\u00f3don illetve a NEPTUN EFTR-ben a t\u00e1rgy alapadatokn\u00e1l.<\/p>\n<h4><strong>Tant\u00e1rgyi le\u00edr\u00e1sok- Fogorvos k\u00e9pz\u00e9s<br \/>\n<\/strong><\/h4>\n<p><a href=\"https:\/\/semmelweis.hu\/oralis-diagnosztika\/oktatas\/tantargyleirasok\/\" target=\"_blank\" rel=\"noopener\">\u00c1<span style=\"font-size: 18pt\">ltal\u00e1nos \u00e9s fog\u00e1szati radiol\u00f3gia I.-II. \u2192 <\/span><\/a><br \/>\n<span style=\"font-size: 18pt\"><a href=\"https:\/\/semmelweis.hu\/mikrobiologia\/oktatas\/fogorvostudomanyi-kar-hallgatoinak\/\" target=\"_blank\" rel=\"noopener\">\u00c1ltal\u00e1nos \u00e9s or\u00e1lis mikrobiol\u00f3gia \u2192<\/a><\/span><br \/>\n<span style=\"font-size: 18pt\"><a href=\"https:\/\/semmelweis.hu\/oralbiologia\/oktatas\/tantargyleiras\/\" target=\"_blank\" rel=\"noopener\">\u00c1ltal\u00e1nos \u00e9s or\u00e1lis patofiziol\u00f3gia \u2192<\/a><\/span><br \/>\n<span style=\"font-size: 18pt\"><a href=\"https:\/\/semmelweis.hu\/belonko\/oktatas\/fok-belgyogyaszat\/\" target=\"_blank\" rel=\"noopener\">Belgy\u00f3gy\u00e1szat I. \u2192<\/a><\/span><br \/>\n<span style=\"font-size: 18pt\"><a href=\"https:\/\/semmelweis.hu\/belhema\/oktatas\/fok\/\" target=\"_blank\" rel=\"noopener\">Belgy\u00f3gy\u00e1szat II. \u2192<\/a><\/span><br \/>\n<span style=\"font-size: 18pt\"><a href=\"https:\/\/biofiz.semmelweis.hu\/index.php?p=oktatas&amp;mid=2\" target=\"_blank\" rel=\"noopener\">Biofizika I.-II. \u2192<\/a><\/span><br \/>\n<span style=\"font-size: 18pt\"><a href=\"https:\/\/semmelweis.hu\/borklinika\/informaci-hallgatoknak\/fok\/tematika-2\/\" target=\"_blank\" rel=\"noopener\">B\u0151rgy\u00f3gy\u00e1szat \u2192<\/a><\/span><br \/>\n<span style=\"font-size: 18pt\"><a href=\"https:\/\/semmelweis.hu\/pszichiatria\/oktatas\/gradualis-kepzes\/\" target=\"_blank\" rel=\"noopener\">Elmegy\u00f3gy\u00e1szat \u2192<\/a><\/span><br \/>\n<span style=\"font-size: 18pt\"><a href=\"http:\/\/etk.semmelweis.hu\/etk.html\">Els\u0151seg\u00e9lyny\u00fajt\u00e1s \u2192<\/a><\/span><br \/>\n<span style=\"font-size: 18pt\"><a href=\"https:\/\/semmelweis.hu\/pharmacology\/oktatas\/fok\/\" target=\"_blank\" rel=\"noopener\">Farmakol\u00f3gia I.-II. \u2192<\/a><\/span><br \/>\n<span style=\"font-size: 18pt\"><a href=\"https:\/\/semmelweis.hu\/fogpotlastan\/oktatas\/\" target=\"_blank\" rel=\"noopener\">Fog\u00e1szati \u00e1ltal\u00e1nos anyagtan \u2192<\/a><\/span><br \/>\n<span style=\"font-size: 18pt\"><a href=\"https:\/\/semmelweis.hu\/propedeutika\/oktatas\/\" target=\"_blank\" rel=\"noopener\">Fog\u00e1szati \u00e1ltal\u00e1nos propedeutika \u2192<\/a><\/span><br \/>\n<span style=\"font-size: 18pt\"><a href=\"https:\/\/semmelweis.hu\/magtud\/oktatas\/fogorvostudomanyi-kar\/\" target=\"_blank\" rel=\"noopener\">Fogorvosi\u00a0 etika \u2192<\/a><\/span><br \/>\n<span style=\"font-size: 18pt\"><a href=\"http:\/\/biofiz.semmelweis.hu\/index.php?p=oktatas&amp;mid=2\" target=\"_blank\" rel=\"noopener\">Fogorvosi anyagtan fizikai alapjai \u2192<\/a><\/span><br \/>\n<span style=\"font-size: 18pt\"><a href=\"https:\/\/itc.semmelweis.hu\/moodle\/\" target=\"_blank\" rel=\"noopener\">Fogorvosi biok\u00e9mia I.-II. (Moodle) \u2192<\/a><\/span><br \/>\n<span style=\"font-size: 18pt\"><a href=\"https:\/\/semmelweis.hu\/magtud\/oktatas\/tantargyak\/fogorvostudomanyi-kar\/\" target=\"_blank\" rel=\"noopener\">Fogorvosi pszichol\u00f3gia \u2192<\/a><\/span><br \/>\n<span style=\"font-size: 18pt\"><a href=\"https:\/\/semmelweis.hu\/szaknyelv\/oktatas\/tematikak\/\" target=\"_blank\" rel=\"noopener\">Fogorvosi terminol\u00f3gia \u2192<\/a><\/span><br \/>\n<span style=\"font-size: 18pt\"><a href=\"https:\/\/semmelweis.hu\/fogpotlastan\/oktatas\/\" target=\"_blank\" rel=\"noopener\">Fogp\u00f3tl\u00e1stan I.-V \u2192<\/a><\/span><br \/>\n<span style=\"font-size: 18pt\"><a href=\"https:\/\/semmelweis.hu\/gyermekfogaszat\/oktatas\/\" target=\"_blank\" rel=\"noopener\">Fogszab\u00e1lyoz\u00e1s I.-II. \u2192<\/a><\/span><br \/>\n<span style=\"font-size: 18pt\"><a href=\"https:\/\/semmelweis.hu\/gyermekfogaszat\/oktatas\/\" target=\"_blank\" rel=\"noopener\">Fogszab\u00e1lyoz\u00e1si propedeutika \u2192<\/a><\/span><br \/>\n<span style=\"font-size: 18pt\"><a href=\"https:\/\/semmelweis.hu\/fulorrgegeszet\/oktatas\/fok\/\" target=\"_blank\" rel=\"noopener\">F\u00fcl-orr-g\u00e9gegy\u00f3gy\u00e1szat \u2192<\/a><\/span><br \/>\n<span style=\"font-size: 18pt\"><a href=\"https:\/\/gsi.semmelweis.hu\/index.php\/hu\/oktatas\/oktatasi-hirek\" target=\"_blank\" rel=\"noopener\">Genetika \u00e9s genomika \u2192<\/a><\/span><br \/>\n<span style=\"font-size: 18pt\"><a href=\"https:\/\/semmelweis.hu\/fszoi\/oktatas\/gerosztomatologia\/\" target=\"_blank\" rel=\"noopener\">Gerosztomatol\u00f3gia \u2192<\/a><\/span><br \/>\n<span style=\"font-size: 18pt\"><a href=\"https:\/\/semmelweis.hu\/fogpotlastan\/oktatas\/\" target=\"_blank\" rel=\"noopener\">Gnatol\u00f3gia \u2192<\/a><\/span><br \/>\n<span style=\"font-size: 18pt\"><a href=\"https:\/\/semmelweis.hu\/gyermekfogaszat\/oktatas\/\" target=\"_blank\" rel=\"noopener\">Gyermekfog\u00e1szat I.-II. \u2192<\/a><\/span><br \/>\n<span style=\"font-size: 18pt\"><a href=\"https:\/\/semmelweis.hu\/tuzoltoklinika\/oktatas\/fogorvoskepzes\/\" target=\"_blank\" rel=\"noopener\">Gyermekgy\u00f3gy\u00e1szat \u2192<\/a><\/span><br \/>\n<span style=\"font-size: 18pt\"><a href=\"https:\/\/semmelweis.hu\/neurologia\/oktatas\/gradualis-oktatas-2\/\" target=\"_blank\" rel=\"noopener\">Ideggy\u00f3gy\u00e1szat \u2192<\/a><\/span><br \/>\n<span style=\"font-size: 18pt\"><a href=\"https:\/\/semmelweis.hu\/igazsagugy\/oktatas\/fogorvostan-hallgatok-oktatasa\/\" target=\"_blank\" rel=\"noopener\">Igazs\u00e1g\u00fcgyi fogorvostan \u2192<\/a><\/span><br \/>\n<span style=\"font-size: 18pt\"><a href=\"http:\/\/gsi.semmelweis.hu\/index.php\/hu\/oktatas\/oktatasi-hirek\" target=\"_blank\" rel=\"noopener\">Immunol\u00f3gia alapjai \u2192<\/a><\/span><br \/>\n<span style=\"font-size: 18pt\"><a href=\"https:\/\/semmelweis.hu\/szajsebeszet\/oktatas\/\" target=\"_blank\" rel=\"noopener\">Implantol\u00f3gia I.-II. \u2192<\/a><\/span><br \/>\n<span style=\"font-size: 18pt\"><a href=\"https:\/\/semmelweis.hu\/biztonsag\/tajekoztatok\/hallgatoi-oktatas\/\" target=\"_blank\" rel=\"noopener\">Katasztr\u00f3fa-felsz\u00e1mol\u00e1s eg\u00e9szs\u00e9g\u00fcgyi alapjai I.-II. \u2192<\/a><\/span><br \/>\n<span style=\"font-size: 18pt\"><a href=\"https:\/\/semmelweis.hu\/honved\/oktatas\/gradualis-orvoskepzes\/\" target=\"_blank\" rel=\"noopener\">A katasztr\u00f3fa-felsz\u00e1mol\u00e1s eg\u00e9szs\u00e9g\u00fcgyi alapjai III.-IV. \u2192<\/a><\/span><br \/>\n<span style=\"font-size: 18pt\"><a href=\"https:\/\/semmelweis.hu\/fogpotlastan\/oktatas\/\" target=\"_blank\" rel=\"noopener\">Klinikai fog\u00e1szat I.-II. \u2192<\/a><\/span><br \/>\n<span style=\"font-size: 18pt\"><a href=\"https:\/\/semmelweis.hu\/konzervalo-fogaszat\/oktatas\/\" target=\"_blank\" rel=\"noopener\">Konzerv\u00e1l\u00f3 fog\u00e1szat I.-V. \u2192<\/a><\/span><br \/>\n<span style=\"font-size: 18pt\"><a href=\"https:\/\/semmelweis.hu\/konzervalo-fogaszat\/oktatas\/\" target=\"_blank\" rel=\"noopener\">Konzerv\u00e1l\u00f3 fog\u00e1szati propedeutika I.-II. \u2192<\/a><\/span><br \/>\n<span style=\"font-size: 18pt\"><a href=\"https:\/\/semmelweis.hu\/anatomia\/oktatas\/\">Makroszk\u00f3pos anat\u00f3mia I.-II. \u2192<\/a><\/span><br \/>\n<span style=\"font-size: 18pt\"><a href=\"https:\/\/semmelweis.hu\/anatomia\/oktatas\/\" target=\"_blank\" rel=\"noopener\">Mikroszk\u00f3pos anat\u00f3mia I.-II. \u2192<\/a><\/span><br \/>\n<span style=\"font-size: 18pt\"><a href=\"https:\/\/semmelweis.hu\/molekularis-biologia\/oktatas\/\" target=\"_blank\" rel=\"noopener\">Molekul\u00e1ris sejtbiol\u00f3gia I.-II. \u2192<\/a><\/span><br \/>\n<span style=\"font-size: 18pt\"><a href=\"https:\/\/semmelweis.hu\/nepegeszsegtan\/oktatas\/gradualis-kepzes\/\" target=\"_blank\" rel=\"noopener\">N\u00e9peg\u00e9szs\u00e9gtan \u2192<\/a><\/span><br \/>\n<span style=\"font-size: 18pt\"><a href=\"https:\/\/semmelweis.hu\/fogpotlastan\/oktatas\/\" target=\"_blank\" rel=\"noopener\">Odontotechnol\u00f3gia \u00e9s Fogp\u00f3tl\u00e1stani propedeutika I.-III.\u00a0 \u2192<\/a><\/span><br \/>\n<span style=\"font-size: 18pt\"><a href=\"https:\/\/semmelweis.hu\/oralbiologia\/oktatas\/tantargyleiras\/\">Or\u00e1lis biol\u00f3gia\u00a0\u00a0 \u2192\u00a0\u00a0\u00a0\u00a0\u00a0\u00a0\u00a0<\/a> <\/span><br \/>\n<span style=\"font-size: 18pt\"><a href=\"https:\/\/semmelweis.hu\/oralis-diagnosztika\/oktatas\/tantargyleirasok\/\">Or\u00e1lis diagnosztika \u2192 \u00a0\u00a0<\/a> <\/span><br \/>\n<span style=\"font-size: 18pt\"><a href=\"https:\/\/semmelweis.hu\/oralis-diagnosztika\/oktatas\/tantargyleirasok\/\">Or\u00e1lis medicina I.-II.\u00a0 \u2192\u00a0\u00a0\u00a0\u00a0\u00a0\u00a0\u00a0\u00a0\u00a0<\/a> <\/span><br \/>\n<span style=\"font-size: 18pt\"><a href=\"https:\/\/semmelweis.hu\/patologia1\/gradualis-oktatas\/fok\/\">Or\u00e1lis patol\u00f3gia\u00a0 \u2192\u00a0\u00a0\u00a0\u00a0\u00a0\u00a0\u00a0<\/a>\u00a0\u00a0\u00a0\u00a0\u00a0\u00a0\u00a0\u00a0\u00a0\u00a0\u00a0\u00a0\u00a0\u00a0\u00a0\u00a0\u00a0\u00a0\u00a0\u00a0\u00a0\u00a0\u00a0\u00a0\u00a0\u00a0 <\/span><br \/>\n<span style=\"font-size: 18pt\"><a href=\"https:\/\/semmelweis.hu\/elettan\/oktatas\/\">Orvosi \u00e9s fogorvosi \u00e9lettan I.-II. \u00a0 \u2192 \u00a0<\/a> \u00a0 <\/span><br \/>\n<span style=\"font-size: 18pt\"><a href=\"https:\/\/semmelweis.hu\/dei\/oktatas\/egyetemen-beluli-kepzesek\/fogorvostudomanyi-kar\/\">Orvosi informatika\u00a0\u00a0\u00a0 \u2192<\/a><\/span><br \/>\n<span style=\"font-size: 18pt\"><a href=\"https:\/\/semmelweis.hu\/biokemia\/oktatas\/biokemia-1-fok-2\/\">Orvosi biok\u00e9mia\u00a0\u00a0 \u2192\u00a0\u00a0\u00a0\u00a0<\/a>\u00a0\u00a0\u00a0<\/span><br \/>\n<span style=\"font-size: 18pt\"><a href=\"https:\/\/semmelweis.hu\/magtud\/oktatas\/tantargyak\/fogorvostudomanyi-kar\/\">Orvosi szociol\u00f3gia\u00a0\u00a0\u00a0 \u2192<\/a><\/span><br \/>\n<span style=\"font-size: 18pt\"><a href=\"https:\/\/semmelweis.hu\/szaknyelv\/tematikak\/\">Orvosi terminol\u00f3gia\u00a0\u00a0 \u2192<\/a><\/span><br \/>\n<span style=\"font-size: 18pt\"><a href=\"https:\/\/semmelweis.hu\/nepegeszsegtan\/oktatas\/fogorvostudomanyi-kar\/\">Orvost\u00f6rt\u00e9net\u00a0 \u2192\u00a0\u00a0\u00a0\u00a0\u00a0\u00a0\u00a0\u00a0<\/a>\u00a0\u00a0\u00a0\u00a0\u00a0\u00a0\u00a0\u00a0\u00a0\u00a0\u00a0\u00a0\u00a0\u00a0\u00a0\u00a0\u00a0\u00a0\u00a0\u00a0\u00a0\u00a0\u00a0\u00a0\u00a0\u00a0\u00a0\u00a0\u00a0\u00a0\u00a0\u00a0\u00a0\u00a0\u00a0\u00a0\u00a0\u00a0\u00a0\u00a0\u00a0\u00a0\u00a0 <\/span><br \/>\n<span style=\"font-size: 18pt\"><a href=\"https:\/\/semmelweis.hu\/fok\/files\/2024\/09\/Mentok.zip\">Oxiol\u00f3gia\u00a0\u00a0\u00a0 \u2192\u00a0\u00a0<\/a>\u00a0\u00a0\u00a0\u00a0\u00a0\u00a0\u00a0\u00a0\u00a0\u00a0\u00a0\u00a0\u00a0\u00a0\u00a0\u00a0\u00a0\u00a0\u00a0\u00a0\u00a0\u00a0\u00a0\u00a0\u00a0\u00a0\u00a0\u00a0\u00a0\u00a0\u00a0\u00a0\u00a0\u00a0\u00a0\u00a0\u00a0\u00a0\u00a0\u00a0\u00a0\u00a0\u00a0\u00a0\u00a0\u00a0\u00a0\u00a0\u00a0 \u00a0\u00a0\u00a0\u00a0\u00a0\u00a0\u00a0\u00a0\u00a0\u00a0\u00a0\u00a0\u00a0\u00a0\u00a0\u00a0\u00a0\u00a0\u00a0\u00a0\u00a0\u00a0\u00a0\u00a0\u00a0\u00a0\u00a0\u00a0\u00a0\u00a0\u00a0\u00a0\u00a0\u00a0\u00a0\u00a0\u00a0\u00a0\u00a0\u00a0\u00a0\u00a0\u00a0\u00a0\u00a0\u00a0\u00a0\u00a0\u00a0\u00a0\u00a0\u00a0\u00a0\u00a0\u00a0\u00a0\u00a0\u00a0\u00a0\u00a0\u00a0 <\/span><br \/>\n<span style=\"font-size: 18pt\"><a href=\"https:\/\/semmelweis.hu\/parodontologia\/oktatas\/tantargyi-leirasok\/\">Parodontol\u00f3gia I.-IV.\u00a0\u00a0\u00a0 \u2192\u00a0\u00a0\u00a0\u00a0\u00a0\u00a0\u00a0<\/a>\u00a0\u00a0\u00a0\u00a0\u00a0\u00a0\u00a0\u00a0\u00a0\u00a0\u00a0\u00a0\u00a0\u00a0\u00a0\u00a0\u00a0\u00a0\u00a0\u00a0\u00a0\u00a0\u00a0\u00a0\u00a0\u00a0\u00a0\u00a0\u00a0\u00a0\u00a0\u00a0\u00a0\u00a0\u00a0\u00a0\u00a0\u00a0\u00a0\u00a0\u00a0\u00a0\u00a0\u00a0 \u00a0\u00a0\u00a0\u00a0\u00a0\u00a0\u00a0\u00a0\u00a0\u00a0\u00a0\u00a0\u00a0\u00a0\u00a0\u00a0\u00a0\u00a0\u00a0\u00a0\u00a0\u00a0\u00a0\u00a0\u00a0\u00a0\u00a0\u00a0\u00a0\u00a0 <\/span><br \/>\n<span style=\"font-size: 18pt\"><a href=\"https:\/\/semmelweis.hu\/patologia1\/gradualis-oktatas\/fok\/\">Patol\u00f3gia\u00a0 \u2192\u00a0\u00a0\u00a0\u00a0\u00a0\u00a0\u00a0\u00a0\u00a0\u00a0\u00a0\u00a0\u00a0\u00a0<\/a>\u00a0\u00a0\u00a0\u00a0\u00a0\u00a0\u00a0\u00a0\u00a0\u00a0\u00a0\u00a0\u00a0\u00a0\u00a0\u00a0\u00a0\u00a0\u00a0\u00a0\u00a0\u00a0\u00a0\u00a0\u00a0\u00a0\u00a0\u00a0\u00a0\u00a0\u00a0\u00a0\u00a0\u00a0\u00a0\u00a0\u00a0 \u00a0\u00a0\u00a0\u00a0\u00a0\u00a0\u00a0\u00a0\u00a0\u00a0\u00a0\u00a0\u00a0\u00a0\u00a0\u00a0\u00a0\u00a0\u00a0\u00a0\u00a0\u00a0\u00a0\u00a0\u00a0\u00a0\u00a0\u00a0\u00a0\u00a0\u00a0\u00a0\u00a0\u00a0\u00a0\u00a0\u00a0\u00a0\u00a0\u00a0\u00a0\u00a0\u00a0\u00a0\u00a0\u00a0\u00a0\u00a0\u00a0\u00a0\u00a0\u00a0\u00a0\u00a0\u00a0\u00a0\u00a0\u00a0\u00a0\u00a0\u00a0\u00a0\u00a0\u00a0 <\/span><br \/>\n<span style=\"font-size: 18pt\"><a href=\"https:\/\/semmelweis.hu\/szajsebeszet\/oktatas\/\">Praxisszervez\u00e9s\u00a0\u00a0\u00a0 \u2192\u00a0\u00a0\u00a0\u00a0\u00a0\u00a0\u00a0\u00a0\u00a0<\/a>\u00a0\u00a0\u00a0\u00a0\u00a0\u00a0\u00a0\u00a0\u00a0\u00a0\u00a0\u00a0\u00a0\u00a0\u00a0\u00a0\u00a0\u00a0\u00a0\u00a0\u00a0\u00a0\u00a0\u00a0\u00a0\u00a0\u00a0\u00a0\u00a0\u00a0\u00a0\u00a0\u00a0\u00a0\u00a0\u00a0\u00a0\u00a0\u00a0\u00a0\u00a0\u00a0 \u00a0\u00a0\u00a0\u00a0\u00a0 <\/span><br \/>\n<span style=\"font-size: 18pt\"><a href=\"https:\/\/semmelweis.hu\/konzervalo-fogaszat\/oktatas\/\">Prevent\u00edv fog\u00e1szat \u00a0\u00a0\u00a0\u00a0 \u2192\u00a0\u00a0\u00a0\u00a0\u00a0\u00a0\u00a0\u00a0<\/a>\u00a0\u00a0\u00a0\u00a0\u00a0\u00a0\u00a0\u00a0\u00a0\u00a0\u00a0\u00a0\u00a0\u00a0\u00a0\u00a0\u00a0\u00a0\u00a0\u00a0\u00a0\u00a0\u00a0\u00a0\u00a0\u00a0\u00a0\u00a0\u00a0\u00a0\u00a0\u00a0\u00a0\u00a0\u00a0\u00a0\u00a0\u00a0\u00a0\u00a0\u00a0\u00a0\u00a0 \u00a0\u00a0\u00a0\u00a0\u00a0\u00a0\u00a0\u00a0\u00a0\u00a0 <\/span><br \/>\n<span style=\"font-size: 18pt\"><a href=\"https:\/\/semmelweis.hu\/fok\/files\/2023\/12\/Sebeszet.zip\">Seb\u00e9szet \u2192\u00a0\u00a0\u00a0<\/a>\u00a0\u00a0\u00a0\u00a0\u00a0\u00a0 <\/span><br \/>\n<span style=\"font-size: 18pt\"><a href=\"http:\/\/gsi.semmelweis.hu\/index.php\/hu\/oktatas\/oktatasi-hirek\">Sejttan\u00a0 \u2192\u00a0\u00a0\u00a0\u00a0\u00a0\u00a0\u00a0<\/a>\u00a0\u00a0\u00a0\u00a0\u00a0\u00a0\u00a0\u00a0\u00a0\u00a0\u00a0\u00a0\u00a0\u00a0\u00a0\u00a0\u00a0\u00a0\u00a0\u00a0\u00a0\u00a0\u00a0\u00a0\u00a0\u00a0\u00a0\u00a0\u00a0\u00a0\u00a0\u00a0\u00a0\u00a0\u00a0\u00a0\u00a0\u00a0\u00a0\u00a0\u00a0\u00a0\u00a0\u00a0\u00a0<\/span><br \/>\n<span style=\"font-size: 18pt\"><a href=\"https:\/\/semmelweis.hu\/oralis-diagnosztika\/oktatas\/tantargyleirasok\/\">Sug\u00e1rv\u00e9delmi ismeretek\u00a0\u00a0\u00a0 \u2192\u00a0\u00a0\u00a0\u00a0\u00a0\u00a0\u00a0\u00a0<\/a>\u00a0\u00a0\u00a0\u00a0\u00a0\u00a0\u00a0\u00a0\u00a0\u00a0\u00a0\u00a0\u00a0\u00a0\u00a0\u00a0\u00a0\u00a0\u00a0\u00a0\u00a0\u00a0\u00a0\u00a0\u00a0\u00a0\u00a0\u00a0\u00a0\u00a0\u00a0\u00a0\u00a0\u00a0\u00a0\u00a0\u00a0\u00a0\u00a0\u00a0\u00a0\u00a0\u00a0 \u00a0\u00a0\u00a0\u00a0\u00a0\u00a0\u00a0\u00a0\u00a0\u00a0\u00a0\u00a0\u00a0\u00a0\u00a0\u00a0\u00a0\u00a0\u00a0\u00a0\u00a0\u00a0\u00a0\u00a0\u00a0\u00a0\u00a0\u00a0\u00a0\u00a0\u00a0\u00a0\u00a0\u00a0\u00a0\u00a0\u00a0\u00a0\u00a0 \u00a0\u00a0\u00a0\u00a0\u00a0\u00a0\u00a0\u00a0\u00a0\u00a0 <\/span><br \/>\n<span style=\"font-size: 18pt\"><a href=\"https:\/\/semmelweis.hu\/fszoi\/oktatas\/surgossegi-fogaszat\/\">S\u00fcrg\u0151ss\u00e9gi fog\u00e1szat I.-II.\u00a0\u00a0\u00a0\u00a0 \u2192\u00a0\u00a0\u00a0\u00a0\u00a0 <br \/>\n<\/a><\/span><span style=\"font-size: 18pt\"><a href=\"https:\/\/semmelweis.hu\/fok\/files\/2025\/04\/Tantargyi-program_Szakdolgozat-keszites-HU.doc\">Szakdolgozatk\u00e9sz\u00edt\u00e9s \u00a0\u00a0\u00a0\u00a0 \u2192\u00a0\u00a0\u00a0<\/a>\u00a0\u00a0\u00a0\u00a0\u00a0\u00a0\u00a0\u00a0\u00a0\u00a0\u00a0\u00a0\u00a0\u00a0\u00a0\u00a0\u00a0\u00a0\u00a0\u00a0\u00a0\u00a0\u00a0\u00a0\u00a0\u00a0\u00a0\u00a0\u00a0\u00a0\u00a0\u00a0\u00a0\u00a0 \u00a0\u00a0\u00a0\u00a0\u00a0\u00a0\u00a0\u00a0\u00a0\u00a0\u00a0\u00a0\u00a0\u00a0\u00a0\u00a0\u00a0\u00a0\u00a0\u00a0\u00a0\u00a0\u00a0\u00a0\u00a0\u00a0\u00a0\u00a0\u00a0\u00a0\u00a0\u00a0\u00a0\u00a0\u00a0 <\/span><br \/>\n<span style=\"font-size: 18pt\"><a href=\"https:\/\/semmelweis.hu\/fok\/oktatas\/altalanos-informaciok-a-hallgatok-reszere\/gyakorlatok\/\"><span style=\"color: #0000ff\">Szakmai gyakorlatok tematik\u00e1i \u2192\u00a0\u00a0\u00a0\u00a0\u00a0\u00a0\u00a0\u00a0\u00a0\u00a0\u00a0\u00a0 <\/span><\/a><\/span><br \/>\n<span style=\"font-size: 18pt\"><a href=\"https:\/\/semmelweis.hu\/szajsebeszet\/oktatas\/\">Sz\u00e1jseb\u00e9szet I.-V.\u00a0\u00a0 \u2192\u00a0<\/a>\u00a0\u00a0\u00a0\u00a0\u00a0\u00a0\u00a0\u00a0\u00a0\u00a0\u00a0\u00a0\u00a0\u00a0\u00a0\u00a0\u00a0\u00a0\u00a0\u00a0\u00a0\u00a0\u00a0\u00a0\u00a0\u00a0\u00a0\u00a0\u00a0\u00a0\u00a0\u00a0\u00a0\u00a0\u00a0\u00a0\u00a0\u00a0\u00a0\u00a0\u00a0\u00a0\u00a0\u00a0\u00a0\u00a0\u00a0\u00a0\u00a0\u00a0 \u00a0\u00a0\u00a0\u00a0\u00a0\u00a0\u00a0\u00a0\u00a0\u00a0\u00a0\u00a0\u00a0\u00a0\u00a0\u00a0\u00a0\u00a0\u00a0\u00a0\u00a0\u00a0\u00a0\u00a0\u00a0\u00a0\u00a0\u00a0\u00a0\u00a0\u00a0\u00a0\u00a0\u00a0\u00a0\u00a0\u00a0\u00a0\u00a0\u00a0\u00a0\u00a0\u00a0\u00a0\u00a0\u00a0\u00a0\u00a0\u00a0 <\/span><br \/>\n<span style=\"font-size: 18pt\"><a href=\"https:\/\/semmelweis.hu\/szajsebeszet\/oktatas\/\">Sz\u00e1jseb\u00e9szeti propedeutika\u00a0 \u2192\u00a0<\/a>\u00a0\u00a0\u00a0\u00a0\u00a0\u00a0\u00a0\u00a0\u00a0\u00a0\u00a0\u00a0\u00a0\u00a0\u00a0\u00a0\u00a0\u00a0\u00a0\u00a0\u00a0\u00a0\u00a0\u00a0\u00a0\u00a0\u00a0\u00a0\u00a0\u00a0\u00a0\u00a0\u00a0\u00a0\u00a0\u00a0\u00a0\u00a0\u00a0\u00a0\u00a0\u00a0\u00a0\u00a0\u00a0\u00a0\u00a0\u00a0\u00a0\u00a0 \u00a0\u00a0\u00a0\u00a0\u00a0\u00a0\u00a0\u00a0\u00a0\u00a0\u00a0\u00a0\u00a0\u00a0\u00a0\u00a0\u00a0\u00a0\u00a0\u00a0\u00a0\u00a0\u00a0\u00a0\u00a0\u00a0\u00a0\u00a0\u00a0\u00a0\u00a0\u00a0\u00a0 <\/span><br \/>\n<span style=\"font-size: 18pt\"><a href=\"https:\/\/semmelweis.hu\/szemeszet\/oktatas\/fok-alkepzes\/\">Szem\u00e9szet\u00a0\u00a0\u00a0\u00a0\u00a0 \u2192\u00a0\u00a0<\/a>\u00a0\u00a0\u00a0\u00a0\u00a0\u00a0\u00a0\u00a0\u00a0\u00a0\u00a0\u00a0\u00a0\u00a0\u00a0\u00a0\u00a0\u00a0\u00a0\u00a0\u00a0\u00a0\u00a0\u00a0\u00a0\u00a0\u00a0\u00a0\u00a0\u00a0\u00a0\u00a0\u00a0\u00a0\u00a0\u00a0\u00a0\u00a0\u00a0\u00a0\u00a0\u00a0\u00a0\u00a0\u00a0\u00a0\u00a0\u00a0\u00a0 \u00a0\u00a0\u00a0\u00a0\u00a0\u00a0\u00a0\u00a0\u00a0\u00a0\u00a0\u00a0\u00a0\u00a0\u00a0\u00a0\u00a0\u00a0\u00a0\u00a0\u00a0\u00a0\u00a0\u00a0\u00a0\u00a0\u00a0\u00a0\u00a0\u00a0\u00a0\u00a0\u00a0\u00a0\u00a0\u00a0\u00a0\u00a0\u00a0\u00a0\u00a0\u00a0\u00a0\u00a0\u00a0\u00a0\u00a0\u00a0\u00a0\u00a0\u00a0\u00a0\u00a0\u00a0\u00a0\u00a0\u00a0\u00a0 <\/span><br \/>\n<span style=\"font-size: 18pt\"><a href=\"https:\/\/semmelweis.hu\/szuleszet2\/meghirdetett-tdk-temak\/\">Sz\u00fcl\u00e9szet \u00e9s csal\u00e1dtervez\u00e9s\u00a0\u00a0\u00a0\u00a0 \u2192\u00a0\u00a0\u00a0\u00a0\u00a0\u00a0\u00a0\u00a0\u00a0\u00a0\u00a0<\/a>\u00a0\u00a0\u00a0\u00a0\u00a0\u00a0\u00a0\u00a0\u00a0\u00a0\u00a0\u00a0\u00a0\u00a0\u00a0\u00a0\u00a0\u00a0\u00a0\u00a0\u00a0\u00a0\u00a0\u00a0\u00a0\u00a0\u00a0\u00a0\u00a0\u00a0\u00a0\u00a0\u00a0\u00a0\u00a0\u00a0\u00a0\u00a0\u00a0\u00a0 \u00a0\u00a0\u00a0\u00a0\u00a0\u00a0\u00a0\u00a0\u00a0\u00a0\u00a0\u00a0\u00a0\u00a0\u00a0\u00a0\u00a0\u00a0\u00a0\u00a0\u00a0\u00a0\u00a0\u00a0\u00a0\u00a0\u00a0\u00a0\u00a0\u00a0\u00a0 <\/span><br \/>\n<span style=\"font-size: 18pt\"><a href=\"https:\/\/semmelweis.hu\/sportkozpont\/hallgatoknak\/\">Testnevel\u00e9s I.-X\u00a0\u00a0\u00a0 \u2192\u00a0\u00a0\u00a0\u00a0\u00a0<\/a>\u00a0\u00a0\u00a0\u00a0\u00a0\u00a0\u00a0\u00a0\u00a0\u00a0\u00a0\u00a0\u00a0\u00a0\u00a0\u00a0\u00a0\u00a0\u00a0\u00a0\u00a0\u00a0\u00a0\u00a0\u00a0\u00a0\u00a0\u00a0\u00a0\u00a0\u00a0\u00a0\u00a0\u00a0\u00a0\u00a0\u00a0\u00a0\u00a0\u00a0\u00a0\u00a0\u00a0\u00a0\u00a0\u00a0 \u00a0\u00a0\u00a0\u00a0\u00a0\u00a0\u00a0\u00a0\u00a0\u00a0\u00a0\u00a0\u00a0\u00a0\u00a0\u00a0\u00a0\u00a0\u00a0\u00a0\u00a0\u00a0\u00a0\u00a0\u00a0\u00a0\u00a0\u00a0\u00a0\u00a0\u00a0\u00a0\u00a0\u00a0\u00a0\u00a0\u00a0\u00a0\u00a0\u00a0\u00a0\u00a0\u00a0\u00a0\u00a0\u00a0\u00a0\u00a0\u00a0\u00a0<\/span><\/p>\n<p>&nbsp;<\/p>\n<p>\u2192<\/p>\n","protected":false},"excerpt":{"rendered":"<p>\u00a0A tant\u00e1rgyi le\u00edr\u00e1sok az adott t\u00e1rgyat oktat\u00f3 int\u00e9zetek\/klinik\u00e1k honlapj\u00e1n megtal\u00e1lhat\u00f3k (az al\u00e1bbi linkek seg\u00edts\u00e9g\u00e9vel el\u00e9rhet\u0151k). TVSZ 6.\u00a7. (1) A Tant\u00e1rgyi program: Az adott oktat\u00e1si-kutat\u00e1si szervezeti egys\u00e9g az oktatott tant\u00e1rgyra vonatkoz\u00f3an a tanulm\u00e1nyi t\u00e1j\u00e9koztat\u00f3ban megjelentetett ismereteket k\u00f6zz\u00e9teszi az oktat\u00e1si-kutat\u00e1si szervezeti egys\u00e9g honlapj\u00e1n vagy egy\u00e9b, helyben szok\u00e1sos m\u00f3don illetve a NEPTUN EFTR-ben a t\u00e1rgy alapadatokn\u00e1l. Tant\u00e1rgyi le\u00edr\u00e1sok- &hellip;<\/p>\n","protected":false},"author":101171,"featured_media":0,"parent":6071,"menu_order":0,"comment_status":"closed","ping_status":"closed","template":"template-fullwidth.php","meta":{"_acf_changed":false,"footnotes":""},"categories":[],"tags":[],"class_list":["post-3313","page","type-page","status-publish","hentry"],"acf":[],"_links":{"self":[{"href":"https:\/\/semmelweis.hu\/fok\/wp-json\/wp\/v2\/pages\/3313","targetHints":{"allow":["GET"]}}],"collection":[{"href":"https:\/\/semmelweis.hu\/fok\/wp-json\/wp\/v2\/pages"}],"about":[{"href":"https:\/\/semmelweis.hu\/fok\/wp-json\/wp\/v2\/types\/page"}],"author":[{"embeddable":true,"href":"https:\/\/semmelweis.hu\/fok\/wp-json\/wp\/v2\/users\/101171"}],"replies":[{"embeddable":true,"href":"https:\/\/semmelweis.hu\/fok\/wp-json\/wp\/v2\/comments?post=3313"}],"version-history":[{"count":11,"href":"https:\/\/semmelweis.hu\/fok\/wp-json\/wp\/v2\/pages\/3313\/revisions"}],"predecessor-version":[{"id":11040,"href":"https:\/\/semmelweis.hu\/fok\/wp-json\/wp\/v2\/pages\/3313\/revisions\/11040"}],"up":[{"embeddable":true,"href":"https:\/\/semmelweis.hu\/fok\/wp-json\/wp\/v2\/pages\/6071"}],"wp:attachment":[{"href":"https:\/\/semmelweis.hu\/fok\/wp-json\/wp\/v2\/media?parent=3313"}],"wp:term":[{"taxonomy":"category","embeddable":true,"href":"https:\/\/semmelweis.hu\/fok\/wp-json\/wp\/v2\/categories?post=3313"},{"taxonomy":"post_tag","embeddable":true,"href":"https:\/\/semmelweis.hu\/fok\/wp-json\/wp\/v2\/tags?post=3313"}],"curies":[{"name":"wp","href":"https:\/\/api.w.org\/{rel}","templated":true}]}}