{"id":3127,"date":"2018-07-03T08:58:08","date_gmt":"2018-07-03T06:58:08","guid":{"rendered":"http:\/\/semmelweis.hu\/fok\/?page_id=3127"},"modified":"2025-12-03T09:36:46","modified_gmt":"2025-12-03T08:36:46","slug":"tanevbeosztas","status":"publish","type":"page","link":"https:\/\/semmelweis.hu\/fok\/hallgatoi-hirek\/tanevbeosztas\/","title":{"rendered":"Tan\u00e9vbeoszt\u00e1s \u00e9s Id\u0151rendi mutat\u00f3"},"content":{"rendered":"<p><a class=\"btn btn-secondary\" href=\"https:\/\/semmelweis.hu\/fok\/esemenyek\" target=\"null\" rel=\"noopener\">Tan\u00e9v rendje &#8211; NAPT\u00c1R \u2192<\/a><\/p>\n<ul>\n<li><a href=\"https:\/\/semmelweis.hu\/fok\/files\/2025\/09\/FOK-Tanev-rendje.pdf\"><span style=\"font-size: 14pt\">Kari tan\u00e9vbeoszt\u00e1s-2025\/2026(pdf)-fogorvos szak<\/span><\/a><\/li>\n<li><a href=\"https:\/\/semmelweis.hu\/fok\/files\/2025\/12\/DFT-Tanev-rendje.pdf\"><span style=\"font-size: 14pt\">Kari tan\u00e9vbeoszt\u00e1s-2025\/2026(pdf)-digit\u00e1lis fog\u00e1szati tervez\u00e9s szak<\/span><\/a><\/li>\n<li><span style=\"font-size: 14pt\"><a href=\"https:\/\/semmelweis.hu\/fok\/files\/2025\/09\/FOKDFT-Tanev-rendje.pdf\">Kari tan\u00e9vbeoszt\u00e1s-2025\/2026(pdf)-fogorvos szak +digit\u00e1lis fog\u00e1szati tervez\u00e9s szak<\/a><strong>\n<p><\/strong><\/span><\/li>\n<li><a href=\"https:\/\/semmelweis.hu\/fok\/files\/2025\/04\/Tanevbeosztas-2024-25-FOK-Fogorvos-2025.04.14.pdf\">Kari tan\u00e9vbeoszt\u00e1s-2024\/2025(pdf)-fogorvos szak<\/a><\/li>\n<li><a href=\"https:\/\/semmelweis.hu\/fok\/files\/2025\/02\/DFT-Tanevbeosztas-2025.02.04.pdf\">Kari tan\u00e9vbeoszt\u00e1s-2024\/2025(pdf)-digit\u00e1lis fog\u00e1szati tervez\u00e9s szak<\/a><\/li>\n<li><a href=\"https:\/\/semmelweis.hu\/fok\/files\/2024\/01\/Tanevbeosztas-2023-24-FOK-VEGLEGES-Fogorvos-2024.01.17..pdf\">Kari tan\u00e9vbeoszt\u00e1s-2023\/2024(pdf)-fogorvos szak<\/a><\/li>\n<li><a href=\"https:\/\/semmelweis.hu\/fok\/files\/2023\/07\/Tanevbeosztas-2023-24-FOK-veglegesDFT.pdf\">Kari tan\u00e9vbeoszt\u00e1s-2023\/2024(pdf)-digit\u00e1lis fog\u00e1szati tervez\u00e9s szak<\/a><\/li>\n<li><a href=\"https:\/\/semmelweis.hu\/fok\/files\/2023\/02\/Tanevbeosztas-2022-23-FOK-MODOSITAS-VEGLEGES-2023.02.28.pdf\">Kari tan\u00e9vbeoszt\u00e1s-2022\/2023 (pdf)<\/a><\/li>\n<li><a href=\"https:\/\/semmelweis.hu\/fok\/files\/2022\/01\/Tanevbeosztas-2021-22-FOK-VEGLEGES-2022.01.pdf\">Kari tan\u00e9vbeoszt\u00e1s-2021\/2022 (pdf)<\/a><\/li>\n<\/ul>\n<p><a href=\"https:\/\/semmelweis.hu\/fok\/files\/2025\/04\/IDO-MUTATO-2025.-FOK-Tanszekeknek.pdf\"><span style=\"font-size: 18pt;color: #800080\">Id\u0151rendi mutat\u00f3 &#8211; hat\u00e1rid\u0151s felad<\/span><span style=\"font-size: 18pt;color: #800080\">a<\/span><\/a><span style=\"font-size: 18pt;color: #800080\">tok &#8211; FOK &#8211; 2025<br \/>\n<a href=\"https:\/\/semmelweis.hu\/fok\/files\/2025\/04\/IDO-MUTATO-2025.-DFT.pdf\">Id\u0151rendi mutat\u00f3 &#8211; hat\u00e1rid\u0151s feladatok &#8211; DFT &#8211; 2025<\/a><\/span><\/p>\n<p>&nbsp;<\/p>\n","protected":false},"excerpt":{"rendered":"<p><a class=\"btn btn-secondary\" href=\"https:\/\/semmelweis.hu\/fok\/esemenyek\" target=\"null\" rel=\"noopener\">Tan\u00e9v rendje &#8211; NAPT\u00c1R \u2192<\/a><\/p>\n<p><a href=\"https:\/\/semmelweis.hu\/fok\/files\/2025\/09\/FOK-Tanev-rendje.pdf\">Kari tan\u00e9vbeoszt\u00e1s-2025\/2026(pdf)-fogorvos szak<\/a><br \/>\n<a href=\"https:\/\/semmelweis.hu\/fok\/files\/2025\/12\/DFT-Tanev-rendje.pdf\">Kari tan\u00e9vbeoszt\u00e1s-2025\/2026(pdf)-digit\u00e1lis fog\u00e1szati tervez\u00e9s szak<\/a><br \/>\n<a href=\"https:\/\/semmelweis.hu\/fok\/files\/2025\/09\/FOKDFT-Tanev-rendje.pdf\">Kari tan\u00e9vbeoszt\u00e1s-2025\/2026(pdf)-fogorvos szak +digit\u00e1lis fog\u00e1szati tervez\u00e9s szak<\/a><\/p>\n<p><a href=\"https:\/\/semmelweis.hu\/fok\/files\/2025\/04\/Tanevbeosztas-2024-25-FOK-Fogorvos-2025.04.14.pdf\">Kari tan\u00e9vbeoszt\u00e1s-2024\/2025(pdf)-fogorvos szak<\/a><br \/>\n<a href=\"https:\/\/semmelweis.hu\/fok\/files\/2025\/02\/DFT-Tanevbeosztas-2025.02.04.pdf\">Kari tan\u00e9vbeoszt\u00e1s-2024\/2025(pdf)-digit\u00e1lis fog\u00e1szati tervez\u00e9s szak<\/a><br \/>\n<a href=\"https:\/\/semmelweis.hu\/fok\/files\/2024\/01\/Tanevbeosztas-2023-24-FOK-VEGLEGES-Fogorvos-2024.01.17..pdf\">Kari tan\u00e9vbeoszt\u00e1s-2023\/2024(pdf)-fogorvos szak<\/a><br \/>\n<a href=\"https:\/\/semmelweis.hu\/fok\/files\/2023\/07\/Tanevbeosztas-2023-24-FOK-veglegesDFT.pdf\">Kari tan\u00e9vbeoszt\u00e1s-2023\/2024(pdf)-digit\u00e1lis fog\u00e1szati tervez\u00e9s szak<\/a><br \/>\n<a href=\"https:\/\/semmelweis.hu\/fok\/files\/2023\/02\/Tanevbeosztas-2022-23-FOK-MODOSITAS-VEGLEGES-2023.02.28.pdf\">Kari tan\u00e9vbeoszt\u00e1s-2022\/2023 (pdf)<\/a><br \/>\n<a href=\"https:\/\/semmelweis.hu\/fok\/files\/2022\/01\/Tanevbeosztas-2021-22-FOK-VEGLEGES-2022.01.pdf\">Kari tan\u00e9vbeoszt\u00e1s-2021\/2022 (pdf)<\/a><\/p>\n<p><a href=\"https:\/\/semmelweis.hu\/fok\/files\/2025\/04\/IDO-MUTATO-2025.-FOK-Tanszekeknek.pdf\">Id\u0151rendi mutat\u00f3 &#8211; hat\u00e1rid\u0151s felada<\/a>tok &#8211; FOK &#8211; 2025<br \/>\n<a href=\"https:\/\/semmelweis.hu\/fok\/files\/2025\/04\/IDO-MUTATO-2025.-DFT.pdf\">Id\u0151rendi mutat\u00f3 &#8211; hat\u00e1rid\u0151s feladatok &#8211; DFT &#8211; 2025<\/a><br \/>\n&nbsp;<\/p>\n","protected":false},"author":101171,"featured_media":0,"parent":6058,"menu_order":4,"comment_status":"closed","ping_status":"closed","template":"template-fullwidth.php","meta":{"_acf_changed":false,"footnotes":""},"categories":[],"tags":[],"class_list":["post-3127","page","type-page","status-publish","hentry"],"acf":[],"_links":{"self":[{"href":"https:\/\/semmelweis.hu\/fok\/wp-json\/wp\/v2\/pages\/3127","targetHints":{"allow":["GET"]}}],"collection":[{"href":"https:\/\/semmelweis.hu\/fok\/wp-json\/wp\/v2\/pages"}],"about":[{"href":"https:\/\/semmelweis.hu\/fok\/wp-json\/wp\/v2\/types\/page"}],"author":[{"embeddable":true,"href":"https:\/\/semmelweis.hu\/fok\/wp-json\/wp\/v2\/users\/101171"}],"replies":[{"embeddable":true,"href":"https:\/\/semmelweis.hu\/fok\/wp-json\/wp\/v2\/comments?post=3127"}],"version-history":[{"count":11,"href":"https:\/\/semmelweis.hu\/fok\/wp-json\/wp\/v2\/pages\/3127\/revisions"}],"predecessor-version":[{"id":11510,"href":"https:\/\/semmelweis.hu\/fok\/wp-json\/wp\/v2\/pages\/3127\/revisions\/11510"}],"up":[{"embeddable":true,"href":"https:\/\/semmelweis.hu\/fok\/wp-json\/wp\/v2\/pages\/6058"}],"wp:attachment":[{"href":"https:\/\/semmelweis.hu\/fok\/wp-json\/wp\/v2\/media?parent=3127"}],"wp:term":[{"taxonomy":"category","embeddable":true,"href":"https:\/\/semmelweis.hu\/fok\/wp-json\/wp\/v2\/categories?post=3127"},{"taxonomy":"post_tag","embeddable":true,"href":"https:\/\/semmelweis.hu\/fok\/wp-json\/wp\/v2\/tags?post=3127"}],"curies":[{"name":"wp","href":"https:\/\/api.w.org\/{rel}","templated":true}]}}