{"id":240,"date":"2012-10-30T08:04:06","date_gmt":"2012-10-30T08:04:06","guid":{"rendered":"http:\/\/semmelweis-egyetem.hu\/fok\/?page_id=240"},"modified":"2026-03-17T14:23:13","modified_gmt":"2026-03-17T13:23:13","slug":"fogorvostudomanyi-kar-dekani-hivatal","status":"publish","type":"page","link":"https:\/\/semmelweis.hu\/fok\/a-karrol\/fogorvostudomanyi-kar-dekani-hivatal\/","title":{"rendered":"A Fogorvostudom\u00e1nyi Kar D\u00e9k\u00e1ni Hivatala"},"content":{"rendered":"<div class=\"keretes w-100\">\n<h5>\u00dcGYF\u00c9LFOGAD\u00c1S:\u00a0<\/h5>\n<p>h\u00e9tf\u0151:\u00a0 12.30 &#8211; 15.30 \u00f3r\u00e1ig\u00a0\u00a0<br \/>\nkedd:\u00a0 \u00a0 9.00-12.00 \u00f3r\u00e1ig<br \/>\nszerda: 12.30 &#8211; 15.30\u00a0 \u00f3r\u00e1ig\u00a0\u00a0\u00a0 <br \/>\ncs\u00fct\u00f6rt\u00f6k: 9.00-12.00 \u00f3r\u00e1ig\u00a0 <br \/>\np\u00e9ntek: sz\u00fcnnap<\/p>\n<\/div>\n<p style=\"text-align: justify\"><a href=\"https:\/\/semmelweis.hu\/fok\/files\/2025\/06\/GV5A9523-copy-scaled.jpg\"><img loading=\"lazy\" decoding=\"async\" class=\"alignright size-medium wp-image-10931\" src=\"https:\/\/semmelweis.hu\/fok\/files\/2025\/06\/GV5A9523-copy-400x267.jpg\" alt=\"\" width=\"400\" height=\"267\" srcset=\"https:\/\/semmelweis.hu\/fok\/files\/2025\/06\/GV5A9523-copy-400x267.jpg 400w, https:\/\/semmelweis.hu\/fok\/files\/2025\/06\/GV5A9523-copy-1024x683.jpg 1024w, https:\/\/semmelweis.hu\/fok\/files\/2025\/06\/GV5A9523-copy-768x512.jpg 768w, https:\/\/semmelweis.hu\/fok\/files\/2025\/06\/GV5A9523-copy-1536x1024.jpg 1536w, https:\/\/semmelweis.hu\/fok\/files\/2025\/06\/GV5A9523-copy-2048x1365.jpg 2048w, https:\/\/semmelweis.hu\/fok\/files\/2025\/06\/GV5A9523-copy-753x502.jpg 753w, https:\/\/semmelweis.hu\/fok\/files\/2025\/06\/GV5A9523-copy-203x135.jpg 203w\" sizes=\"auto, (max-width: 400px) 100vw, 400px\" \/><\/a>A Kar D\u00e9k\u00e1ni Hivatala 1955-ben, a Kar megalakul\u00e1s\u00e1nak \u00e9v\u00e9ben kezdte meg m\u0171k\u00f6d\u00e9s\u00e9t az Egyetem K\u00f6zponti Igazgat\u00e1si \u00c9p\u00fclet\u00e9nek (\u00dcll\u0151i \u00fat 26.) f\u00f6ldszintj\u00e9n, ahol az\u00f3ta is m\u0171k\u00f6dik. A Hivatal helyis\u00e9gei 2023-ban fel\u00faj\u00edt\u00e1sra ker\u00fcltek, modern, hallgat\u00f3k\u00f6zpont\u00fa \u00fcgyf\u00e9lfogad\u00e1si r\u00e9sz kialak\u00edt\u00e1s\u00e1val. A Hivatalban t\u00f6rt\u00e9nik a magyar fogorvostan-hallgat\u00f3kkal kapcsolatos k\u00fcl\u00f6nf\u00e9le, szerte\u00e1gaz\u00f3 \u00fcgyint\u00e9z\u00e9s, valamint itt kapott helyet a d\u00e9k\u00e1n irod\u00e1ja, t\u00e1rgyal\u00f3szob\u00e1ja, amely a Kar vezet\u0151i megbesz\u00e9l\u00e9seinek helysz\u00edn\u00e9\u00fcl is szolg\u00e1l. Itt tal\u00e1lhat\u00f3 tov\u00e1bb\u00e1 a hivatalvezet\u0151i iroda \u00e9s titk\u00e1rs\u00e1g, valamint szint\u00e9n itt m\u0171k\u00f6dik a Kar gazdas\u00e1gi igazgat\u00f3s\u00e1ga is.<\/p>\n<p style=\"text-align: justify\">A D\u00e9k\u00e1ni Hivatal feladatainak egy r\u00e9sze a hallgat\u00f3k tanulm\u00e1nyi \u00fcgyeinek int\u00e9z\u00e9s\u00e9t jelenti. A hallgat\u00f3kat a beiratkoz\u00e1sukt\u00f3l kezd\u0151d\u0151en a diploma \u00e1tv\u00e9tel\u00e9ig k\u00eds\u00e9rj\u00fck \u00e9s seg\u00edtj\u00fck. Emellett a d\u00e9k\u00e1n feladataiban t\u00f6rt\u00e9n\u0151 k\u00f6zrem\u0171k\u00f6d\u00e9s, illetve a teljes Kart \u00e9rint\u0151 adminisztrat\u00edv \u00fcgyint\u00e9z\u00e9s szint\u00e9n a D\u00e9k\u00e1ni Hivatalban t\u00f6rt\u00e9nik. A Hivatal gondoskodik a fel\u00fcgyeleti szervek sz\u00e1m\u00e1ra k\u00e9sz\u00fcl\u0151 kimutat\u00e1sok, statisztik\u00e1k hat\u00e1rid\u0151re t\u00f6rt\u00e9n\u0151 elk\u00e9sz\u00edt\u00e9s\u00e9r\u0151l, feladata az adatgy\u0171jt\u00e9s, adat\u00f6sszes\u00edt\u00e9s, adatt\u00e1rol\u00e1s. El\u0151k\u00e9sz\u00edti a kari szab\u00e1lyzatokat \u00e9s a Kar legf\u0151bb d\u00f6nt\u00e9shoz\u00f3 szerv\u00e9nek, a Kari Tan\u00e1csnak az \u00fcl\u00e9seit. Koordin\u00e1lja az egyetemi k\u00f6zponti szervezeti egys\u00e9gek, k\u00fcls\u0151 szervezetek \u00e9s a Kar szervezeti egys\u00e9gei k\u00f6z\u00f6tti kapcsolattart\u00e1st. A D\u00e9k\u00e1ni Hivatal saj\u00e1t hat\u00e1sk\u00f6r\u00e9n bel\u00fcl kapcsolatot tart az Egyetem m\u00e1s szervezeti egys\u00e9geivel, illetve az Egyetemen k\u00edv\u00fcli hivatalokkal, szervezetekkel, illetve mag\u00e1nszem\u00e9lyekkel.<\/p>\n<p style=\"text-align: justify\">A Fogorvostudom\u00e1nyi Karon a fogorvosok k\u00e9pz\u00e9se mellett, 2022-t\u0151l digit\u00e1lis fog\u00e1szati tervez\u00e9s BSC szakos k\u00e9pz\u00e9s is m\u0171k\u00f6dik, 2025-ben kapnak el\u0151sz\u00f6r diplom\u00e1t az ezen a szakon v\u00e9gz\u0151 hallgat\u00f3ink.<\/p>\n<ul>\n<li><a href=\"https:\/\/evasys.semmelweis.hu\/evasys\/online.php?p=YC5XW\"><strong><span style=\"font-size: 18pt\">A D\u00e9k\u00e1ni Hivatal Hallgat\u00f3i el\u00e9gedetts\u00e9gm\u00e9r\u00e9se \u2192<\/span><\/strong><\/a><\/li>\n<li><a href=\"https:\/\/semmelweis.hu\/fok\/files\/2025\/09\/FOK_DH_Hallgatoi_elegedettsegmeres_Evasys_Eljarasrend_2.pdf\">Elj\u00e1r\u00e1srend-Hallgat\u00f3i el\u00e9gedetts\u00e9gm\u00e9r\u00e9s-Evasys<\/a><\/li>\n<\/ul>\n<h2>A D\u00e9k\u00e1ni Hivatal munkat\u00e1rsai<\/h2>\n\n<table id=\"tablepress-7\" class=\"tablepress tablepress-id-7\">\n<tbody class=\"row-striping\">\n<tr class=\"row-1\">\n\t<td class=\"column-1\"><b>Dr. Gecse Veronika<\/b><br \/>hivatalvezet\u0151<\/td><td class=\"column-2\">gecse.veronika@semmelweis.hu<\/td><td class=\"column-3\">+36 1 266-0453,<br \/>\n+36 1 459-1500 \/55359<\/td>\n<\/tr>\n<tr class=\"row-2\">\n\t<td class=\"column-1\"><b>Kov\u00e1cs Katalin<\/b><br \/>kiemelt titk\u00e1rs\u00e1gi szak\u00e9rt\u0151<\/td><td class=\"column-2\">kovacs.katalin@semmelweis.hu<\/td><td class=\"column-3\">+36 1 266-0453<br \/>\n+36 1 459-1500 \/55269<\/td>\n<\/tr>\n<tr class=\"row-3\">\n\t<td class=\"column-1\"><b>Tulip\u00e1ntn\u00e9 Wert\u00e1n Emese<\/b><br \/>titk\u00e1rs\u00e1gi szak\u00e9rt\u0151<\/td><td class=\"column-2\">tulipantne.wertan.emese@semmelweis.hu<\/td><td class=\"column-3\">+36 1 266-0453<br \/>\n+36 1 459-1500 \/55269<\/td>\n<\/tr>\n<tr class=\"row-4\">\n\t<td class=\"column-1\"><b>Blah\u00f3n\u00e9 Sviderszky Erika<\/b><br \/>tanulm\u00e1nyi szak\u00e9rt\u0151<br \/>\nV. \u00e9vfolyam + \u00f6szt\u00f6nd\u00edj \u00fcgyek<\/td><td class=\"column-2\">blaho.erika@semmelweis.hu<\/td><td class=\"column-3\">+36 1 459-1500 \/55336<\/td>\n<\/tr>\n<tr class=\"row-5\">\n\t<td class=\"column-1\"><b>Suszter Anik\u00f3<\/b><br \/>tanulm\u00e1nyi koordin\u00e1tor: III.-IV. \u00e9vfolyam + di\u00e1kigazolv\u00e1ny \u00fcgyek<\/td><td class=\"column-2\">suszter.aniko@semmelweis.hu<\/td><td class=\"column-3\">+36 1 459-1500 \/55258<\/td>\n<\/tr>\n<tr class=\"row-6\">\n\t<td class=\"column-1\"><b>Tepl\u00e1n-G\u00e1l Orsolya<\/b><br \/>tanulm\u00e1nyi \u00fcgyint\u00e9z\u0151<br \/>\nI.-II. \u00e9vfolyam<br \/>\n<\/td><td class=\"column-2\">teplan-gal.orsolya@semmelweis.hu<\/td><td class=\"column-3\">+36 1 459-1500 \/55338<\/td>\n<\/tr>\n<tr class=\"row-7\">\n\t<td class=\"column-1\"><b>Schuster Merc\u00e9desz<\/b><br \/>tanulm\u00e1nyi \u00fcgyint\u00e9z\u0151<br \/>\nDigit\u00e1lis Fog\u00e1szati tervez\u00e9s Szak<br \/>\n<\/td><td class=\"column-2\">schuster.mercedesz@semmelweis.hu<\/td><td class=\"column-3\">+36 1 459-1500 \/55344<\/td>\n<\/tr>\n<tr class=\"row-8\">\n\t<td class=\"column-1\"><b>D\u00f3ra M\u00f3nika<\/b><br \/>tanulm\u00e1nyi\/k\u00fcldem\u00e9nykezel\u00e9si \u00fcgyint\u00e9z\u0151<\/td><td class=\"column-2\">dora.monika@semmelweis.hu<\/td><td class=\"column-3\">+36 1 459-1500 \/55363<\/td>\n<\/tr>\n<\/tbody>\n<\/table>\n<!-- #tablepress-7 from cache -->\n<p><strong>FOGORVOSTUDOM\u00c1NYI KAR D\u00c9K\u00c1NI HIVATAL-\u00dcGYINT\u00c9Z\u00c9SI INFORM\u00c1CI\u00d3K<br \/>\n<\/strong><\/p>\n<table style=\"width: 84.0486%\">\n<tbody>\n<tr>\n<td style=\"width: 33.7011%\" width=\"264\">\n<p><strong>\u00dcGYCSOPORTOK<\/strong><\/p>\n<\/td>\n<td style=\"width: 26.8746%\" width=\"217\">\n<p><strong>\u00dcGYINT\u00c9Z\u00c9S M\u00d3DJA<\/strong><\/p>\n<\/td>\n<td style=\"width: 91.1139%\" width=\"312\">\n<p><strong>\u00dcGYINT\u00c9Z\u0150<\/strong><\/p>\n<\/td>\n<\/tr>\n<tr>\n<td style=\"width: 33.7011%\" width=\"264\">\n<p>Felv\u00e9teli \u00fcgyek<\/p>\n<\/td>\n<td style=\"width: 26.8746%\" width=\"217\">\n<p>e-mailen \u00e9s telefonon<\/p>\n<\/td>\n<td style=\"width: 91.1139%\" width=\"312\">\n<p>Tepl\u00e1n-G\u00e1l Orsolya<\/p>\n<\/td>\n<\/tr>\n<tr>\n<td style=\"width: 33.7011%\" width=\"264\">\n<p>\u00c1tv\u00e9teli \u00fcgyek<\/p>\n<\/td>\n<td style=\"width: 26.8746%\" width=\"217\">\n<p>e-mailen \u00e9s telefonon<\/p>\n<\/td>\n<td style=\"width: 91.1139%\" width=\"312\">\n<p>Blah\u00f3 Erika<\/p>\n<\/td>\n<\/tr>\n<tr>\n<td style=\"width: 33.7011%\" width=\"264\">\n<p>Beiratkoz\u00e1s<\/p>\n<\/td>\n<td style=\"width: 26.8746%\" width=\"217\">\n<p>szem\u00e9lyesen<\/p>\n<\/td>\n<td style=\"width: 91.1139%\" width=\"312\">\n<p>Minden \u00fcgyint\u00e9z\u0151<\/p>\n<\/td>\n<\/tr>\n<tr>\n<td style=\"width: 33.7011%\" width=\"264\">\n<p>Hallgat\u00f3i probl\u00e9m\u00e1k megold\u00e1sa:<\/p>\n<p>&#8211; t\u00e1rgyfelv\u00e9tel\/t\u00e1rgylead\u00e1s<\/p>\n<p>&#8211; vizsga\u00fcgyek<\/p>\n<p>&#8211; egy\u00e9ni tanrend<\/p>\n<p>&#8211; dokumentumok lead\u00e1sa stb.<\/p>\n<\/td>\n<td style=\"width: 26.8746%\" width=\"217\">\n<p>e-mailen, telefonon (sz\u00fcks\u00e9g eset\u00e9n szem\u00e9lyesen)<\/p>\n<\/td>\n<td style=\"width: 91.1139%\" width=\"312\">\n<p>Minden \u00fcgyint\u00e9z\u0151<\/p>\n<\/td>\n<\/tr>\n<tr>\n<td style=\"width: 33.7011%\" width=\"264\">\n<p>Hallgat\u00f3i k\u00e9rv\u00e9nyek kezel\u00e9se,<\/p>\n<p>Tanulm\u00e1nyi \u00e9s Vizsgabizotts\u00e1gi \u00fcgyek<\/p>\n<\/td>\n<td style=\"width: 26.8746%\" width=\"217\">\n<p>e-mailen \u00e9s szem\u00e9lyesen<\/p>\n<\/td>\n<td style=\"width: 91.1139%\" width=\"312\">\n<p>Minden \u00fcgyint\u00e9z\u0151<\/p>\n<\/td>\n<\/tr>\n<tr>\n<td style=\"width: 33.7011%\" width=\"264\">\n<p>Igazol\u00e1sok, jogviszonyigazol\u00e1sok kiad\u00e1sa<\/p>\n<\/td>\n<td style=\"width: 26.8746%\" width=\"217\">\n<p>e-mailen (sz\u00fcks\u00e9g eset\u00e9n szem\u00e9lyesen)<\/p>\n<\/td>\n<td style=\"width: 91.1139%\" width=\"312\">\n<p>Minden \u00fcgyint\u00e9z\u0151<\/p>\n<\/td>\n<\/tr>\n<tr>\n<td style=\"width: 33.7011%\" width=\"264\">\n<p>Di\u00e1kigazolv\u00e1ny ig\u00e9nyl\u00e9s, probl\u00e9makezel\u00e9s (elveszett, s\u00e9r\u00fclt)<\/p>\n<\/td>\n<td style=\"width: 26.8746%\" width=\"217\">\n<p>szem\u00e9lyesen<\/p>\n<\/td>\n<td style=\"width: 91.1139%\" width=\"312\">\n<p>Suszter Anik\u00f3<\/p>\n<\/td>\n<\/tr>\n<tr>\n<td style=\"width: 33.7011%\" width=\"264\">\n<p>\u00daj di\u00e1kigazolv\u00e1ny \u00e9s \u00e9rv\u00e9nyes\u00edt\u0151 matric\u00e1k kiad\u00e1sa<\/p>\n<\/td>\n<td style=\"width: 26.8746%\" width=\"217\">\n<p>szem\u00e9lyesen<\/p>\n<\/td>\n<td style=\"width: 91.1139%\" width=\"312\">\n<p>Minden \u00fcgyint\u00e9z\u0151<\/p>\n<\/td>\n<\/tr>\n<tr>\n<td style=\"width: 33.7011%\" width=\"264\">\n<p>Ideiglenes di\u00e1kigazolv\u00e1ny<\/p>\n<\/td>\n<td style=\"width: 26.8746%\" width=\"217\">\n<p>szem\u00e9lyesen<\/p>\n<\/td>\n<td style=\"width: 91.1139%\" width=\"312\">\n<p>Suszter Anik\u00f3<\/p>\n<p>Tepl\u00e1n-G\u00e1l Orsolya<\/p>\n<\/td>\n<\/tr>\n<tr>\n<td style=\"width: 33.7011%\" width=\"264\">\n<p>Szakdolgozat t\u00e9ma\/c\u00edmbejelent\u00e9s, valamint t\u00e9ma\/c\u00edmm\u00f3dos\u00edt\u00e1s<\/p>\n<\/td>\n<td style=\"width: 26.8746%\" width=\"217\">\n<p>szem\u00e9lyesen<\/p>\n<\/td>\n<td style=\"width: 91.1139%\" width=\"312\">\n<p>Fogorvos szak IV. \u00e9vfolyam: Suszter Anik\u00f3<\/p>\n<p>Fogorvos szak V. \u00e9vfolyam: Blah\u00f3 Erika<\/p>\n<p>DFT: Schuster Merc\u00e9desz<\/p>\n<\/td>\n<\/tr>\n<tr>\n<td style=\"width: 33.7011%\" width=\"264\">\n<p>Nemzeti fels\u0151oktat\u00e1si \u00f6szt\u00f6nd\u00edj p\u00e1ly\u00e1zat<\/p>\n<\/td>\n<td style=\"width: 26.8746%\" width=\"217\">\n<p>Neptunon kereszt\u00fcl<\/p>\n<\/td>\n<td style=\"width: 91.1139%\" width=\"312\">\n<p>Blah\u00f3 Erika<\/p>\n<\/td>\n<\/tr>\n<tr>\n<td style=\"width: 33.7011%\" width=\"264\">\n<p>Oklev\u00e9l stb. m\u00e1solatok, m\u00e1sodlatok kiad\u00e1sa<\/p>\n<\/td>\n<td style=\"width: 26.8746%\" width=\"217\">\n<p>e-mailen <em>(el\u0151zetes egyeztet\u00e9st k\u00f6vet\u0151en szem\u00e9lyesen)<\/em><\/p>\n<\/td>\n<td style=\"width: 91.1139%\" width=\"312\">\n<p>D\u00f3ra M\u00f3nika<\/p>\n<\/td>\n<\/tr>\n<tr>\n<td style=\"width: 33.7011%\" width=\"264\">\n<p>Nyugd\u00edjigazol\u00e1sok kiad\u00e1sa volt hallgat\u00f3k, illetve hivatalok r\u00e9sz\u00e9re<\/p>\n<\/td>\n<td style=\"width: 26.8746%\" width=\"217\">\n<p>e-mailen <em>(el\u0151zetes egyeztet\u00e9st k\u00f6vet\u0151en szem\u00e9lyesen)<\/em><\/p>\n<\/td>\n<td style=\"width: 91.1139%\" width=\"312\">\n<p>D\u00f3ra M\u00f3nika<\/p>\n<\/td>\n<\/tr>\n<tr>\n<td style=\"width: 33.7011%\" width=\"264\">\n<p>P\u00e1ly\u00e1zhat\u00f3 \u00f6szt\u00f6nd\u00edjak (BURSA, EK\u00d6P, Hunyadi)<\/p>\n<\/td>\n<td style=\"width: 26.8746%\" width=\"217\">\n<p>e-mailen<\/p>\n<\/td>\n<td style=\"width: 91.1139%\" width=\"312\">\n<p>Blah\u00f3 Erika<\/p>\n<\/td>\n<\/tr>\n<tr>\n<td style=\"width: 33.7011%\" width=\"264\">\n<p>Hallgat\u00f3i szerz\u0151d\u00e9sek al\u00e1\u00edr\u00e1sa (Demonstr\u00e1tori, Hallgat\u00f3i k\u00e9pz\u00e9si szerz\u0151d\u00e9s, EK\u00d6P stb.)<\/p>\n<\/td>\n<td style=\"width: 26.8746%\" width=\"217\">\n<p>szem\u00e9lyesen<\/p>\n<\/td>\n<td style=\"width: 91.1139%\" width=\"312\">\n<p>Blah\u00f3 Erika<\/p>\n<p>Tepl\u00e1n-G\u00e1l Orsolya<\/p>\n<\/td>\n<\/tr>\n<tr>\n<td style=\"width: 33.7011%\" width=\"264\">\n<p>\u00d6nk\u00f6lts\u00e9ggel, Di\u00e1khitel 2.-vel kapcsolatos k\u00e9rd\u00e9sek<\/p>\n<\/td>\n<td style=\"width: 26.8746%\" width=\"217\">\n<p>e-mailen<\/p>\n<\/td>\n<td style=\"width: 91.1139%\" width=\"312\">\n<p>Blah\u00f3 Erika<\/p>\n<\/td>\n<\/tr>\n<tr>\n<td style=\"width: 33.7011%\" width=\"264\">\n<p>Abszolut\u00f3rium teljes\u00edt\u00e9s\u00e9vel, Z\u00e1r\u00f3vizsg\u00e1val kapcsolatos \u00fcgyek<\/p>\n<\/td>\n<td style=\"width: 26.8746%\" width=\"217\">\n<p>e-mailen \u00e9s szem\u00e9lyesen<\/p>\n<\/td>\n<td style=\"width: 91.1139%\" width=\"312\">\n<p>Blah\u00f3 Erika<\/p>\n<\/td>\n<\/tr>\n<\/tbody>\n<\/table>\n<p><strong>\u00a0<\/strong><\/p>\n<p><a href=\"https:\/\/evasys.semmelweis.hu\/evasys\/online.php?p=YC5XW\"><strong><span style=\"font-size: 18pt\">A D\u00e9k\u00e1ni Hivatal Hallgat\u00f3i el\u00e9gedetts\u00e9gm\u00e9r\u00e9se \u2192<\/span><\/strong><\/a><\/p>\n<p><a href=\"https:\/\/semmelweis.hu\/fok\/files\/2025\/09\/FOK_DH_Hallgatoi_elegedettsegmeres_Evasys_Eljarasrend_2.pdf\"><strong>Elj\u00e1r\u00e1srend<\/strong>-Hallgat\u00f3i el\u00e9gedetts\u00e9gm\u00e9r\u00e9s-Evasys<\/a><\/p>\n<h2>A D\u00e9k\u00e1ni Hivatal vezet\u0151i 1955-t\u0151l<u><\/u><strong><u><br \/>\n<\/u><\/strong><\/h2>\n<p>Pint\u00e9r Imre\u00a0\u00a0\u00a0\u00a0\u00a0\u00a0\u00a0\u00a0\u00a0\u00a0\u00a0\u00a0\u00a0\u00a0\u00a0\u00a0\u00a0\u00a0\u00a0\u00a0\u00a0\u00a0\u00a0 1955 \u2013 1981<br \/>\nSolti Albert\u00a0\u00a0\u00a0\u00a0\u00a0\u00a0\u00a0\u00a0\u00a0\u00a0\u00a0\u00a0\u00a0\u00a0\u00a0\u00a0\u00a0\u00a0\u00a0\u00a0\u00a0\u00a0 1981 \u2013 1999<br \/>\nVay Annam\u00e1ria mb.\u00a0\u00a0\u00a0\u00a0\u00a0\u00a0\u00a0\u00a0 1999<br \/>\nP\u00e9ter Imre\u00a0\u00a0\u00a0\u00a0\u00a0\u00a0\u00a0\u00a0\u00a0\u00a0\u00a0\u00a0\u00a0\u00a0\u00a0\u00a0\u00a0\u00a0\u00a0\u00a0\u00a0\u00a0\u00a0\u00a0 2000<br \/>\nDr. K\u00f3bor Andr\u00e1s\u00a0\u00a0\u00a0\u00a0\u00a0\u00a0\u00a0\u00a0\u00a0\u00a0\u00a0\u00a0 2001 \u2013 2016<br \/>\nDr. Jambrik Anna\u00a0\u00a0\u00a0\u00a0\u00a0\u00a0\u00a0\u00a0\u00a0\u00a0\u00a0\u00a0 2016 \u2013 2019<br \/>\nDr. Gecse Veronika\u00a0\u00a0\u00a0\u00a0\u00a0\u00a0\u00a0\u00a0\u00a0 2019 \u2013<\/p>\n","protected":false},"excerpt":{"rendered":"<p>\u00dcGYF\u00c9LFOGAD\u00c1S:\u00a0 h\u00e9tf\u0151:\u00a0 12.30 &#8211; 15.30 \u00f3r\u00e1ig\u00a0\u00a0 kedd:\u00a0 \u00a0 9.00-12.00 \u00f3r\u00e1ig szerda: 12.30 &#8211; 15.30\u00a0 \u00f3r\u00e1ig\u00a0\u00a0\u00a0 cs\u00fct\u00f6rt\u00f6k: 9.00-12.00 \u00f3r\u00e1ig\u00a0 p\u00e9ntek: sz\u00fcnnap <a href=\"https:\/\/semmelweis.hu\/fok\/files\/2025\/06\/GV5A9523-copy-scaled.jpg\"><\/a> A Kar D\u00e9k\u00e1ni Hivatala 1955-ben, a Kar megalakul\u00e1s\u00e1nak \u00e9v\u00e9ben kezdte meg m\u0171k\u00f6d\u00e9s\u00e9t az Egyetem K\u00f6zponti Igazgat\u00e1si \u00c9p\u00fclet\u00e9nek (\u00dcll\u0151i \u00fat 26.) f\u00f6ldszintj\u00e9n, ahol az\u00f3ta is m\u0171k\u00f6dik. A Hivatal helyis\u00e9gei 2023-ban fel\u00faj\u00edt\u00e1sra ker\u00fcltek, modern, hallgat\u00f3k\u00f6zpont\u00fa \u00fcgyf\u00e9lfogad\u00e1si r\u00e9sz &hellip;<\/p>\n","protected":false},"author":38,"featured_media":0,"parent":5,"menu_order":3,"comment_status":"open","ping_status":"open","template":"template-fullwidth.php","meta":{"_acf_changed":false,"footnotes":""},"categories":[],"tags":[],"class_list":["post-240","page","type-page","status-publish","hentry"],"acf":[],"_links":{"self":[{"href":"https:\/\/semmelweis.hu\/fok\/wp-json\/wp\/v2\/pages\/240","targetHints":{"allow":["GET"]}}],"collection":[{"href":"https:\/\/semmelweis.hu\/fok\/wp-json\/wp\/v2\/pages"}],"about":[{"href":"https:\/\/semmelweis.hu\/fok\/wp-json\/wp\/v2\/types\/page"}],"author":[{"embeddable":true,"href":"https:\/\/semmelweis.hu\/fok\/wp-json\/wp\/v2\/users\/38"}],"replies":[{"embeddable":true,"href":"https:\/\/semmelweis.hu\/fok\/wp-json\/wp\/v2\/comments?post=240"}],"version-history":[{"count":10,"href":"https:\/\/semmelweis.hu\/fok\/wp-json\/wp\/v2\/pages\/240\/revisions"}],"predecessor-version":[{"id":11766,"href":"https:\/\/semmelweis.hu\/fok\/wp-json\/wp\/v2\/pages\/240\/revisions\/11766"}],"up":[{"embeddable":true,"href":"https:\/\/semmelweis.hu\/fok\/wp-json\/wp\/v2\/pages\/5"}],"wp:attachment":[{"href":"https:\/\/semmelweis.hu\/fok\/wp-json\/wp\/v2\/media?parent=240"}],"wp:term":[{"taxonomy":"category","embeddable":true,"href":"https:\/\/semmelweis.hu\/fok\/wp-json\/wp\/v2\/categories?post=240"},{"taxonomy":"post_tag","embeddable":true,"href":"https:\/\/semmelweis.hu\/fok\/wp-json\/wp\/v2\/tags?post=240"}],"curies":[{"name":"wp","href":"https:\/\/api.w.org\/{rel}","templated":true}]}}