{"id":23,"date":"2012-01-24T12:33:23","date_gmt":"2012-01-24T12:33:23","guid":{"rendered":"http:\/\/semmelweis-egyetem.hu\/fok\/?page_id=23"},"modified":"2026-03-25T09:59:40","modified_gmt":"2026-03-25T08:59:40","slug":"bizottsagok","status":"publish","type":"page","link":"https:\/\/semmelweis.hu\/fok\/a-karrol\/bizottsagok\/","title":{"rendered":"Bizotts\u00e1gok &#8211; Fogorvostudom\u00e1nyi Kar"},"content":{"rendered":"<h1 style=\"text-align: justify\">Fogorvostudom\u00e1nyi Kar &#8211; SZEN\u00c1TUSI BIZOTTS\u00c1GOK\u00a0 <span style=\"font-size: 10pt\">&#8211; <\/span><span style=\"font-size: 10pt\">2023. novembert\u0151l<\/span><\/h1>\n<h4><strong>Tanulm\u00e1nyi \u00e9s Vizsga Bizotts\u00e1g:<\/strong><\/h4>\n<p style=\"text-align: justify\"><span style=\"font-size: 18pt\">Eln\u00f6k:\u00a0\u00a0\u00a0\u00a0\u00a0\u00a0\u00a0\u00a0\u00a0\u00a0\u00a0 <strong>Dr. Szab\u00f3 Bence<\/strong> egyetemi docens (Or\u00e1lis Diagnosztikai Tansz\u00e9k)\u00a0\u00a0\u00a0\u00a0\u00a0 <\/span><br \/>\n<span style=\"font-size: 18pt\">Tagok:\u00a0\u00a0\u00a0\u00a0\u00a0\u00a0\u00a0\u00a0\u00a0\u00a0\u00a0 Dr. Mikul\u00e1s Krisztina egyetemi docens (Fogp\u00f3tl\u00e1stani Klinika)<br \/>\n\u00a0 \u00a0 \u00a0 \u00a0 \u00a0 \u00a0 \u00a0\u00a0<\/span><span style=\"font-size: 18pt\"> \u00a0\u00a0\u00a0\u00a0\u00a0\u00a0\u00a0 Dr. Sz\u0171cs Attila egyetemi docens\u00a0 (Arc-\u00c1llcsont-Sz\u00e1jseb\u00e9szeti \u00e9s Fog\u00e1szati Klinika)<\/span><span style=\"font-size: 18pt\">\u00a0\u00a0\u00a0\u00a0\u00a0\u00a0\u00a0\u00a0\u00a0\u00a0\u00a0\u00a0\u00a0\u00a0\u00a0\u00a0\u00a0\u00a0\u00a0\u00a0\u00a0\u00a0 <br \/>\n\u00a0\u00a0\u00a0\u00a0\u00a0\u00a0\u00a0\u00a0\u00a0\u00a0\u00a0\u00a0\u00a0\u00a0\u00a0\u00a0\u00a0\u00a0\u00a0\u00a0\u00a0\u00a0 Dr. Zsembery \u00c1kos egyetemi docens (Or\u00e1lbiol\u00f3giai Tansz\u00e9k)<\/span><br \/>\n<span style=\"font-size: 18pt\">\u00a0\u00a0\u00a0\u00a0\u00a0\u00a0\u00a0\u00a0\u00a0\u00a0\u00a0\u00a0\u00a0\u00a0\u00a0\u00a0\u00a0\u00a0\u00a0\u00a0\u00a0\u00a0\u00a0 H\u00d6K 3 f\u0151 <\/span><br \/>\n<span style=\"font-size: 18pt\">\u00a0 \u00a0 \u00a0 \u00a0 \u00a0 \u00a0 \u00a0 \u00a0 \u00a0 \u00a0 \u00a0 \u00a0 Nyir\u00e1dy Gr\u00e9ta Melitta<br \/>\n\u00a0 \u00a0 \u00a0 \u00a0 \u00a0 \u00a0 \u00a0 \u00a0 \u00a0 \u00a0 \u00a0 \u00a0 Nagy L\u00e1szl\u00f3<\/span><br \/>\n<span style=\"font-size: 18pt\">\u00a0\u00a0\u00a0\u00a0\u00a0\u00a0\u00a0\u00a0\u00a0\u00a0\u00a0\u00a0\u00a0\u00a0\u00a0\u00a0\u00a0\u00a0\u00a0\u00a0\u00a0\u00a0\u00a0 Sz\u00fcr\u00f6s M\u00e1t\u00e9<br \/>\n<\/span><\/p>\n<p style=\"padding-left: 40px\"><span style=\"font-size: 18pt\"><strong><a href=\"https:\/\/semmelweis.hu\/fok\/files\/2018\/09\/Tanulm%C3%A1nyi-%C3%A9s-Vizsga-Bizotts%C3%A1g-FOK.pdf\">\u2192<\/a><\/strong> <a href=\"https:\/\/semmelweis.hu\/fok\/files\/2021\/12\/SE-FOK-TVB-SZR.pdf\">Tanulm\u00e1nyi \u00e9s Vizsga Bizotts\u00e1g \u00fcgyrendje(pdf)<\/a><\/span><\/p>\n<h4><strong>Etikai \u00e9s Fegyelmi Bizotts\u00e1g:<\/strong><\/h4>\n<p style=\"text-align: justify\"><span style=\"font-size: 18pt\">Eln\u00f6k: \u00a0\u00a0\u00a0\u00a0\u00a0\u00a0\u00a0\u00a0\u00a0\u00a0 <strong>Dr. Linninger Mercedes<\/strong> egyetemi tan\u00e1rseg\u00e9d (Fogp\u00f3tl\u00e1stani Klinika)<\/span><br \/>\n<span style=\"font-size: 18pt\">Tagok: \u00a0\u00a0\u00a0\u00a0\u00a0\u00a0\u00a0\u00a0\u00a0 Vaszin\u00e9 Dr. Szab\u00f3 Enik\u0151 egyetemi docens (Helyre\u00e1ll\u00edt\u00f3 Fog\u00e1szati \u00e9s Endodonciai Klinika)\u00a0\u00a0\u00a0<br \/>\n\u00a0\u00a0\u00a0\u00a0\u00a0\u00a0\u00a0\u00a0\u00a0\u00a0\u00a0\u00a0\u00a0\u00a0\u00a0\u00a0 \u00a0 \u00a0 \u00a0 Dr. Nemes B\u00e1lint egyetemi tan\u00e1rseg\u00e9d (Gyermekfog\u00e1szati \u00e9s Fogszab.Klinika)<\/span><br \/>\n<span style=\"font-size: 18pt\">\u00a0\u00a0\u00a0\u00a0\u00a0\u00a0\u00a0\u00a0\u00a0\u00a0\u00a0\u00a0\u00a0\u00a0\u00a0\u00a0\u00a0\u00a0\u00a0\u00a0\u00a0\u00a0\u00a0 H\u00d6K 2 f\u0151<\/span><br \/>\n<span style=\"font-size: 18pt\">\u00a0\u00a0\u00a0\u00a0\u00a0\u00a0\u00a0\u00a0\u00a0\u00a0\u00a0\u00a0\u00a0\u00a0\u00a0\u00a0\u00a0\u00a0\u00a0\u00a0\u00a0\u00a0\u00a0 <\/span><span style=\"font-size: 18pt\">B\u00f3di Kamilla<br \/>\n\u00a0 \u00a0 \u00a0 \u00a0 \u00a0 \u00a0 \u00a0 \u00a0 \u00a0 \u00a0 \u00a0 \u00a0 Nyir\u00e1dy Gr\u00e9ta Melitta<\/span><\/p>\n<p style=\"padding-left: 40px\"><span style=\"font-size: 18pt\">\u2192 <a href=\"https:\/\/semmelweis.hu\/fok\/files\/2021\/12\/SE-FOK-EFB-SZR.pdf\">Etikai \u00e9s Fegyelmi Bizotts\u00e1g \u00fcgyrendje\u00a0(pdf)<\/a><\/span><\/p>\n<h4><strong>Kredit\u00e1tviteli\u00a0 Bizotts\u00e1g:<\/strong><\/h4>\n<p style=\"text-align: justify\"><span style=\"font-size: 18pt\">Eln\u00f6k:\u00a0\u00a0\u00a0\u00a0\u00a0\u00a0\u00a0\u00a0\u00a0\u00a0\u00a0 <strong>Dr. Ker\u00e9mi Be\u00e1ta<\/strong> egyetemi docens (Helyre\u00e1ll\u00edt\u00f3 Fog\u00e1szati \u00e9s Endodonciai Klinika)<\/span><br \/>\n<span style=\"font-size: 18pt\">Tagok:\u00a0\u00a0\u00a0\u00a0\u00a0\u00a0\u00a0\u00a0\u00a0\u00a0\u00a0 Dr. Jo\u00f3b Fancsaly \u00c1rp\u00e1d egyetemi tan\u00e1r (Arc-\u00c1llcsont-Sz\u00e1jseb\u00e9szeti \u00e9s<\/span><br \/>\n<span style=\"font-size: 18pt\">\u00a0\u00a0\u00a0\u00a0\u00a0\u00a0\u00a0\u00a0\u00a0\u00a0\u00a0\u00a0\u00a0\u00a0\u00a0\u00a0\u00a0\u00a0\u00a0\u00a0\u00a0\u00a0\u00a0 Fog\u00e1szati Klinika<\/span><br \/>\n<span style=\"font-size: 18pt\">\u00a0\u00a0\u00a0\u00a0\u00a0\u00a0\u00a0\u00a0\u00a0\u00a0\u00a0\u00a0\u00a0\u00a0\u00a0\u00a0\u00a0\u00a0\u00a0\u00a0\u00a0\u00a0 Vaszin\u00e9 Dr. Szab\u00f3 Enik\u0151 egyetemi docens (Helyre\u00e1ll\u00edt\u00f3 Fog\u00e1szati \u00e9s Endodonciai Klinika) <br \/>\n\u00a0 \u00a0 \u00a0 \u00a0 \u00a0 \u00a0 \u00a0 \u00a0 \u00a0 \u00a0 \u00a0 \u00a0Dr. Zelles Tibor egyetemi docens (Or\u00e1lbiol\u00f3giai Int\u00e9zet)<br \/>\n\u00a0 \u00a0 \u00a0 \u00a0 \u00a0 \u00a0 \u00a0 \u00a0 \u00a0 \u00a0 \u00a0 \u00a0<\/span><span style=\"font-size: 18pt\">Dr. Kozsurek M\u00e1rk egyetemi adjunktus (Anat\u00f3miai, Sz\u00f6vet- \u00e9s Fejl\u0151d\u00e9stani Int\u00e9zet)<br \/>\n\u00a0 \u00a0 \u00a0 \u00a0 \u00a0 \u00a0 \u00a0 \u00a0 \u00a0 \u00a0 \u00a0 \u00a0<\/span><span style=\"font-size: 18pt\">H\u00d6K 2 f\u0151:<br \/>\n\u00a0 \u00a0 \u00a0 \u00a0 \u00a0 \u00a0 \u00a0 \u00a0 \u00a0 \u00a0 \u00a0 \u00a0<\/span><span style=\"font-size: 18pt\">Nyir\u00e1dy Gr\u00e9ta Melitta<\/span><br \/>\n<span style=\"font-size: 18pt\">\u00a0 \u00a0 \u00a0 \u00a0 \u00a0 \u00a0 \u00a0 \u00a0 \u00a0 \u00a0 \u00a0 \u00a0Sz\u00fcr\u00f6s M\u00e1t\u00e9<\/span><br \/>\n<span style=\"font-size: 18pt\"><em>Tan\u00e1cskoz\u00e1si joggal:<\/em><\/span><br \/>\n<span style=\"font-size: 18pt\">\u00a0\u00a0\u00a0\u00a0\u00a0\u00a0\u00a0\u00a0\u00a0\u00a0\u00a0\u00a0\u00a0\u00a0\u00a0\u00a0\u00a0\u00a0\u00a0\u00a0\u00a0\u00a0\u00a0 Dr. Gera Istv\u00e1n Professor Emeritus (Parodontol\u00f3giai Klinika)<\/span><\/p>\n<p style=\"padding-left: 40px\"><span style=\"font-size: 18pt\">\u2192 <a href=\"https:\/\/semmelweis.hu\/fok\/files\/2021\/12\/SE-FOK-KB-SZR.pdf\">Kredit\u00e1tviteli Bizotts\u00e1g \u00fcgyrendje (pdf)<\/a><\/span><\/p>\n<hr \/>\n<h1>Fogorvostudom\u00e1nyi Kar &#8211; KARI BIZOTTS\u00c1GOK <span style=\"font-size: 18pt\"><strong><br \/>\n<\/strong><\/span><\/h1>\n<h4><strong>Tudom\u00e1nyos Bizotts\u00e1g<\/strong><\/h4>\n<p><span style=\"font-size: 18pt\">Eln\u00f6k: <strong>Dr. Dob\u00f3 Nagy Csaba<\/strong> egyetemi tan\u00e1r, tansz\u00e9kvezet\u0151 (Or\u00e1lis Diagnosztikai Tansz\u00e9k)<br \/>\nTagok: <em>Dr. Borb\u00e9ly Judit<\/em> egyetemi tan\u00e1r (Fogp\u00f3tl\u00e1stani Klinika)<br \/>\n<em>\u00a0\u00a0\u00a0\u00a0\u00a0\u00a0\u00a0\u00a0\u00a0\u00a0\u00a0 Dr. ifj. Ka\u00e1n Mikl\u00f3s<\/em> egyetemi docens (Gyermekfog\u00e1szati \u00e9s Fogszab\u00e1lyoz\u00e1si Klinika)<br \/>\n<em>\u00a0\u00a0\u00a0\u00a0\u00a0\u00a0\u00a0\u00a0\u00a0\u00a0\u00a0 Dr. Moln\u00e1r B\u00e1lint<\/em> egyetemi docens (Parodontol\u00f3giai Klinika)<br \/>\n<em>\u00a0\u00a0\u00a0\u00a0\u00a0\u00a0\u00a0\u00a0\u00a0\u00a0\u00a0 Dr. Ors\u00f3s Merc\u00e9desz<\/em> egyetemi adjunktus (Fog\u00e1szati \u00e9s Sz\u00e1jseb\u00e9szetiOktat\u00f3 Int\u00e9zet)<br \/>\n<em>\u00a0\u00a0\u00a0\u00a0\u00a0\u00a0\u00a0\u00a0\u00a0\u00a0\u00a0 Dr. Varga G\u00e1bor<\/em> egyetemi tan\u00e1r, d\u00e9k\u00e1ni tan\u00e1csad\u00f3 (Or\u00e1lbiol\u00f3giai Tansz\u00e9k)<br \/>\n<em>\u00a0\u00a0\u00a0\u00a0\u00a0\u00a0\u00a0\u00a0\u00a0\u00a0\u00a0 Dr. Vaszilk\u00f3 Mih\u00e1ly<\/em> egyetemi docens (Arc- \u00c1llcsont- Sz\u00e1jseb\u00e9szeti \u00e9s Fog\u00e1szati Klinika)<br \/>\n<em>\u00a0\u00a0\u00a0\u00a0\u00a0\u00a0\u00a0\u00a0\u00a0\u00a0\u00a0 Dr. V\u00e1g J\u00e1nos<\/em> egyetemi tan\u00e1r, igazgat\u00f3 (Helyre\u00e1ll\u00edt\u00f3 Fog\u00e1szati \u00e9s Endodonciai Klinika)\u00a0\u00a0\u00a0<br \/>\n<em>\u00a0\u00a0\u00a0\u00a0\u00a0\u00a0\u00a0\u00a0\u00a0\u00a0\u00a0 Dr. Zsembery \u00c1kos<\/em> egyetemi docens, tansz\u00e9kvezet\u0151 (Or\u00e1lbiol\u00f3giai Tansz\u00e9k)<br \/>\n\u00a0\u00a0\u00a0\u00a0\u00a0\u00a0\u00a0\u00a0\u00a0\u00a0\u00a0 H\u00d6K 1 f\u0151\u00a0 Gilicze S\u00e1ra<em><br \/>\n<\/em><\/span><\/p>\n<p style=\"padding-left: 40px\"><span style=\"font-size: 18pt\">\u2192 <a href=\"https:\/\/semmelweis.hu\/fok\/files\/2021\/12\/SE-FOK-KTNUB-SZR.pdf\">Kutat\u00e1si, Tudom\u00e1nyos, Nemzetk\u00f6zi Kapcsolatok, Utaz\u00e1si Bizotts\u00e1g (pdf)<\/a><\/span><\/p>\n<h4 style=\"text-align: justify\"><span style=\"font-size: 18pt\"><strong>K\u00e9pz\u00e9si \u00e9s Min\u0151s\u00e9gbiztos\u00edt\u00e1si (\u00f6n\u00e9rt\u00e9kel\u00e9si) Bizotts\u00e1g<br \/>\n<\/strong><\/span><\/h4>\n<p><span style=\"font-size: 18pt\">ELN\u00d6K<strong>:\u00a0 Dr. Ors\u00f3s M\u00e1ria Merc\u00e9desz<\/strong> egyetemi adjunktus (Fog\u00e1szati \u00e9s Sz\u00e1jseb\u00e9szeti Oktat\u00f3 Int\u00e9zet)\u00a0\u00a0\u00a0<br \/>\nTagok<strong>: \u00a0\u00a0 <\/strong><em>Dr. Balaton Gergely<\/em> egyetemi docens (Gyermekfog\u00e1szati \u00e9s Fogszab\u00e1lyoz\u00e1si Klinika)<br \/>\n<em>\u00a0\u00a0\u00a0\u00a0\u00a0\u00a0\u00a0\u00a0\u00a0\u00a0\u00a0\u00a0\u00a0\u00a0\u00a0 Dr. Barab\u00e1s P\u00e9ter<\/em> klinikai szakorvos (Arc- \u00c1llcsont- Sz\u00e1jseb\u00e9szeti \u00e9s Fog\u00e1szati Klinika)<br \/>\n<em>\u00a0\u00a0\u00a0\u00a0\u00a0\u00a0\u00a0\u00a0\u00a0\u00a0\u00a0\u00a0\u00a0\u00a0\u00a0 Dr. \u00c1rend\u00e1s Krisztina <\/em>klinikai szakorvos (Helyre\u00e1ll\u00edt\u00f3 Fog\u00e1szati \u00e9s Endodonciai Klinika) <br \/>\n\u00a0 \u00a0 \u00a0 \u00a0 \u00a0 \u00a0 \u00a0 \u00a0 <em>Dr. Oszl\u00e1nszky Judit\u00a0 <\/em>klinikai szakorvos (Fogp\u00f3tl\u00e1stani Klinika)\u00a0<br \/>\n<em>\u00a0\u00a0\u00a0\u00a0\u00a0\u00a0\u00a0\u00a0\u00a0\u00a0\u00a0\u00a0\u00a0\u00a0\u00a0 <br \/>\n<\/em><\/span><\/p>\n<p style=\"padding-left: 40px\"><span style=\"font-size: 18pt\">\u2192 <a href=\"https:\/\/semmelweis.hu\/fok\/files\/2021\/12\/SE-FOK-KMB-SZR.pdf\">K\u00e9pz\u00e9si \u00e9s Min\u0151s\u00e9gbiztos\u00edt\u00e1si (\u00f6n\u00e9rt\u00e9kel\u00e9si) Bizotts\u00e1g \u00fcgyrendje (pdf)<\/a><\/span><\/p>\n<p style=\"text-align: justify\">\u00a0<\/p>\n","protected":false},"excerpt":{"rendered":"<p>Fogorvostudom\u00e1nyi Kar &#8211; SZEN\u00c1TUSI BIZOTTS\u00c1GOK\u00a0 &#8211; 2023. novembert\u0151l Tanulm\u00e1nyi \u00e9s Vizsga Bizotts\u00e1g: Eln\u00f6k:\u00a0\u00a0\u00a0\u00a0\u00a0\u00a0\u00a0\u00a0\u00a0\u00a0\u00a0 Dr. Szab\u00f3 Bence egyetemi docens (Or\u00e1lis Diagnosztikai Tansz\u00e9k)\u00a0\u00a0\u00a0\u00a0\u00a0 Tagok:\u00a0\u00a0\u00a0\u00a0\u00a0\u00a0\u00a0\u00a0\u00a0\u00a0\u00a0 Dr. Mikul\u00e1s Krisztina egyetemi docens (Fogp\u00f3tl\u00e1stani Klinika) \u00a0 \u00a0 \u00a0 \u00a0 \u00a0 \u00a0 \u00a0\u00a0 \u00a0\u00a0\u00a0\u00a0\u00a0\u00a0\u00a0 Dr. Sz\u0171cs Attila egyetemi docens\u00a0 (Arc-\u00c1llcsont-Sz\u00e1jseb\u00e9szeti \u00e9s Fog\u00e1szati Klinika)\u00a0\u00a0\u00a0\u00a0\u00a0\u00a0\u00a0\u00a0\u00a0\u00a0\u00a0\u00a0\u00a0\u00a0\u00a0\u00a0\u00a0\u00a0\u00a0\u00a0\u00a0\u00a0 \u00a0\u00a0\u00a0\u00a0\u00a0\u00a0\u00a0\u00a0\u00a0\u00a0\u00a0\u00a0\u00a0\u00a0\u00a0\u00a0\u00a0\u00a0\u00a0\u00a0\u00a0\u00a0 Dr. Zsembery \u00c1kos egyetemi docens (Or\u00e1lbiol\u00f3giai Tansz\u00e9k) \u00a0\u00a0\u00a0\u00a0\u00a0\u00a0\u00a0\u00a0\u00a0\u00a0\u00a0\u00a0\u00a0\u00a0\u00a0\u00a0\u00a0\u00a0\u00a0\u00a0\u00a0\u00a0\u00a0 &hellip;<\/p>\n","protected":false},"author":8,"featured_media":0,"parent":5,"menu_order":4,"comment_status":"closed","ping_status":"closed","template":"template-fullwidth.php","meta":{"_acf_changed":false,"footnotes":""},"categories":[],"tags":[],"class_list":["post-23","page","type-page","status-publish","hentry"],"acf":[],"_links":{"self":[{"href":"https:\/\/semmelweis.hu\/fok\/wp-json\/wp\/v2\/pages\/23","targetHints":{"allow":["GET"]}}],"collection":[{"href":"https:\/\/semmelweis.hu\/fok\/wp-json\/wp\/v2\/pages"}],"about":[{"href":"https:\/\/semmelweis.hu\/fok\/wp-json\/wp\/v2\/types\/page"}],"author":[{"embeddable":true,"href":"https:\/\/semmelweis.hu\/fok\/wp-json\/wp\/v2\/users\/8"}],"replies":[{"embeddable":true,"href":"https:\/\/semmelweis.hu\/fok\/wp-json\/wp\/v2\/comments?post=23"}],"version-history":[{"count":11,"href":"https:\/\/semmelweis.hu\/fok\/wp-json\/wp\/v2\/pages\/23\/revisions"}],"predecessor-version":[{"id":10106,"href":"https:\/\/semmelweis.hu\/fok\/wp-json\/wp\/v2\/pages\/23\/revisions\/10106"}],"up":[{"embeddable":true,"href":"https:\/\/semmelweis.hu\/fok\/wp-json\/wp\/v2\/pages\/5"}],"wp:attachment":[{"href":"https:\/\/semmelweis.hu\/fok\/wp-json\/wp\/v2\/media?parent=23"}],"wp:term":[{"taxonomy":"category","embeddable":true,"href":"https:\/\/semmelweis.hu\/fok\/wp-json\/wp\/v2\/categories?post=23"},{"taxonomy":"post_tag","embeddable":true,"href":"https:\/\/semmelweis.hu\/fok\/wp-json\/wp\/v2\/tags?post=23"}],"curies":[{"name":"wp","href":"https:\/\/api.w.org\/{rel}","templated":true}]}}