{"id":2218,"date":"2017-05-25T09:21:51","date_gmt":"2017-05-25T07:21:51","guid":{"rendered":"http:\/\/semmelweis.hu\/fok\/?page_id=2218"},"modified":"2025-06-04T14:47:52","modified_gmt":"2025-06-04T12:47:52","slug":"minosegbiztositas-2","status":"publish","type":"page","link":"https:\/\/semmelweis.hu\/fok\/a-karrol\/minosegbiztositas-2\/","title":{"rendered":"Min\u0151s\u00e9gbiztos\u00edt\u00e1s"},"content":{"rendered":"<p><a href=\"https:\/\/semmelweis.hu\/fok\/files\/2024\/03\/Szervezeti-ugyrend-FOK-alairt-2024.03.22.pdf\"><strong>FOK kari Szervezeti \u00dcgyrend (pdf)<\/strong><\/a><\/p>\n<ul style=\"list-style-type: square\">\n<li><a href=\"https:\/\/semmelweis.hu\/fok\/files\/2021\/11\/SE-FOK-DH-MU-01-D\u00e9k\u00e1ni-Titk\u00e1rs\u00e1g-munkaut.pdf\"><strong>SE-FOK-DH-MU-01<\/strong><\/a> &#8211; FOK D\u00e9k\u00e1ni Hivatal Titk\u00e1rs\u00e1g munkafolyamatai, al\u00e1\u00edrt <a href=\"https:\/\/semmelweis.hu\/fok\/files\/2021\/11\/SE-FOK-DH-MU-01-D\u00e9k\u00e1ni_Titk.munkautas_fedlap.pdf\">fedlap<\/a><\/li>\n<li><a href=\"https:\/\/semmelweis.hu\/fok\/files\/2024\/05\/SE-FOK-DH-MU-02-Tanulmanyi-Csoport-munkautasitasa-2024.pdf\"><strong>SE-FOK-DH-MU-02<\/strong><\/a> &#8211; FOK Tanulm\u00e1nyi Csoport munkafolyamatai,\u00a0 mell\u00e9klet \u00e9s adatlapok<\/li>\n<li><a href=\"https:\/\/semmelweis.hu\/fok\/files\/2024\/05\/SE-FOK-DH-MU-02-M01-Szigoru-szam.-nyomt.-nyilvant.vonat_.elj_.pdf\"><strong>SE-FOK DH-MU-02-M01<\/strong><\/a> Szigor\u00fa sz\u00e1mad\u00e1s\u00fa nyomtatv\u00e1nyok nyilv\u00e1ntart\u00e1s\u00e1ra vonatkoz\u00f3 elj\u00e1r\u00e1si munkafolyamatok a Fogorvostudom\u00e1nyi Karon c. munkafolyamat-le\u00edr\u00e1s \u00e9s mell\u00e9kletei<\/li>\n<li><a href=\"https:\/\/semmelweis.hu\/fok\/files\/2024\/05\/SE-FOK-DH-MU-M02-A01.pdf\"><strong>SE-FOK DH-MU-02-A01 <\/strong><\/a><em>Al\u00e1\u00edr\u00f3\u00edv szigor\u00fa sz\u00e1mad\u00e1s\u00fa dokumentumok \u00e1tad\u00e1s\u00e1hoz-\u00e1tv\u00e9tel\u00e9hez (oklev\u00e9l \u00e9s oklev\u00e9lmell\u00e9klet) \u2013 Semmelweis Egyetem Fogorvostudom\u00e1nyi Kar<\/em><\/li>\n<li><strong><a href=\"https:\/\/semmelweis.hu\/fok\/files\/2021\/11\/SE-FOK-DH-MU-M01-02-A02.pdf\">SE-FOK DH-MU-02-A02<\/a>\u00a0 <\/strong><em>&#8230;.. \u00e9vben be\u00e9rkezett szigor\u00fa sz\u00e1mad\u00e1s\u00fa nyomtatv\u00e1nyok nyilv\u00e1ntart\u00e1sa (+ egy\u00e9b P\u00e1tria Nyomda nyomtatv\u00e1nyok) a Semmelweis Egyetem Fogorvostudom\u00e1nyi Karon<\/em><\/li>\n<li><strong><a href=\"https:\/\/semmelweis.hu\/fok\/files\/2021\/11\/SE-FOK-DH-MU-M01-02-A03.pdf\">SE-FOK DH-MU-02-A03\u00a0<\/a> <\/strong><em>&#8230;-\u00e9n a P\u00e1tria Nyomd\u00e1b\u00f3l \u00e9rkezett szigor\u00fa sz\u00e1mad\u00e1s\u00fa nyomtatv\u00e1nyok \u2013 OKLEVELEK \u2013 SE Fogorvostudom\u00e1nyi Kar<\/em><\/li>\n<li><a href=\"https:\/\/semmelweis.hu\/fok\/files\/2021\/11\/SE-FOK-DH-MU-M01-02-A04.pdf\"><strong>SE-FOK DH-MU-02-A04<\/strong>.<\/a>..<em>..-\u00e9n a P\u00e1tria Nyomd\u00e1b\u00f3l \u00e9rkezett szigor\u00fa sz\u00e1mad\u00e1s\u00fa nyomtatv\u00e1nyok \u2013 OKLEV\u00c9LMELL\u00c9KLETEK \u2013 SE Fogorvostudom\u00e1nyi Kar<\/em><\/li>\n<li><a href=\"https:\/\/semmelweis.hu\/fok\/files\/2021\/11\/SE-FOK-DH-MU-M01-02-A05.pdf\"><strong>SE-FOK DH-MU-02-A05 <\/strong><\/a><em>febru\u00e1r el\u0151tti rontott \u00e9s selejtezett szigor\u00fa sz\u00e1mad\u00e1s\u00fa nyomtatv\u00e1nyok \u2013 OKLEVELEK \u00e9s OKLEV\u00c9LMELL\u00c9KLETEK \u2013 nyilv\u00e1ntart\u00e1sa &#8211; SE Fogorvostudom\u00e1nyi Kar<\/em><\/li>\n<li><a href=\"https:\/\/semmelweis.hu\/fok\/files\/2024\/05\/SE-FOK-DH-MU-M02-A06.pdf\"><strong>SE-FOK DH-MU-02-A06<\/strong><\/a> <em>Szigor\u00fa sz\u00e1mad\u00e1s\u00fa dokumentumok t\u00e1rol\u00e1s\u00e1ra rendszeres\u00edtett p\u00e1nc\u00e9lszekr\u00e9ny kulcs\u00e1nak \u00e1tad\u00e1s-\u00e1tv\u00e9teli valamint haszn\u00e1lat\u00e1ra t\u00f6rt\u00e9n\u0151 jogosults\u00e1gok dokument\u00e1l\u00e1sa<\/em><\/li>\n<li><a href=\"https:\/\/semmelweis.hu\/fok\/files\/2024\/05\/SE-FOK-DH-MU-02-A07.pdf\"><strong>SE-FOK-DH-MU-02-A07<\/strong><\/a><\/li>\n<\/ul>\n<p><a href=\"https:\/\/semmelweis.hu\/minoseg\/mir-dokumentacio\/fok\/\"><strong>Fogorvostudom\u00e1nyi Kar dokumentumai &#8211; intraneten olvashat\u00f3 \u2192<\/strong><\/a><\/p>\n<p>&nbsp;<\/p>\n<p>&nbsp;<\/p>\n<p>&nbsp;<\/p>\n","protected":false},"excerpt":{"rendered":"<p><a href=\"https:\/\/semmelweis.hu\/fok\/files\/2024\/03\/Szervezeti-ugyrend-FOK-alairt-2024.03.22.pdf\">FOK kari Szervezeti \u00dcgyrend (pdf)<\/a> <a href=\"https:\/\/semmelweis.hu\/fok\/files\/2021\/11\/SE-FOK-DH-MU-01-D\u00e9k\u00e1ni-Titk\u00e1rs\u00e1g-munkaut.pdf\">SE-FOK-DH-MU-01<\/a> &#8211; FOK D\u00e9k\u00e1ni Hivatal Titk\u00e1rs\u00e1g munkafolyamatai, al\u00e1\u00edrt <a href=\"https:\/\/semmelweis.hu\/fok\/files\/2021\/11\/SE-FOK-DH-MU-01-D\u00e9k\u00e1ni_Titk.munkautas_fedlap.pdf\">fedlap<\/a> <a href=\"https:\/\/semmelweis.hu\/fok\/files\/2024\/05\/SE-FOK-DH-MU-02-Tanulmanyi-Csoport-munkautasitasa-2024.pdf\">SE-FOK-DH-MU-02<\/a> &#8211; FOK Tanulm\u00e1nyi Csoport munkafolyamatai,\u00a0 mell\u00e9klet \u00e9s adatlapok <a href=\"https:\/\/semmelweis.hu\/fok\/files\/2024\/05\/SE-FOK-DH-MU-02-M01-Szigoru-szam.-nyomt.-nyilvant.vonat_.elj_.pdf\">SE-FOK DH-MU-02-M01<\/a> Szigor\u00fa sz\u00e1mad\u00e1s\u00fa nyomtatv\u00e1nyok nyilv\u00e1ntart\u00e1s\u00e1ra vonatkoz\u00f3 elj\u00e1r\u00e1si munkafolyamatok a Fogorvostudom\u00e1nyi Karon c. munkafolyamat-le\u00edr\u00e1s \u00e9s mell\u00e9kletei <a href=\"https:\/\/semmelweis.hu\/fok\/files\/2024\/05\/SE-FOK-DH-MU-M02-A01.pdf\">SE-FOK DH-MU-02-A01 <\/a> Al\u00e1\u00edr\u00f3\u00edv szigor\u00fa sz\u00e1mad\u00e1s\u00fa dokumentumok \u00e1tad\u00e1s\u00e1hoz-\u00e1tv\u00e9tel\u00e9hez (oklev\u00e9l \u00e9s oklev\u00e9lmell\u00e9klet) \u2013 Semmelweis Egyetem Fogorvostudom\u00e1nyi Kar <a href=\"https:\/\/semmelweis.hu\/fok\/files\/2021\/11\/SE-FOK-DH-MU-M01-02-A02.pdf\">SE-FOK DH-MU-02-A02<\/a> \u00a0 &#8230;.. \u00e9vben be\u00e9rkezett szigor\u00fa sz\u00e1mad\u00e1s\u00fa nyomtatv\u00e1nyok nyilv\u00e1ntart\u00e1sa (+ egy\u00e9b P\u00e1tria Nyomda nyomtatv\u00e1nyok) &hellip;<\/p>\n","protected":false},"author":38,"featured_media":0,"parent":5,"menu_order":7,"comment_status":"closed","ping_status":"closed","template":"template-fullwidth.php","meta":{"_acf_changed":false,"footnotes":""},"categories":[],"tags":[],"class_list":["post-2218","page","type-page","status-publish","hentry"],"acf":[],"_links":{"self":[{"href":"https:\/\/semmelweis.hu\/fok\/wp-json\/wp\/v2\/pages\/2218","targetHints":{"allow":["GET"]}}],"collection":[{"href":"https:\/\/semmelweis.hu\/fok\/wp-json\/wp\/v2\/pages"}],"about":[{"href":"https:\/\/semmelweis.hu\/fok\/wp-json\/wp\/v2\/types\/page"}],"author":[{"embeddable":true,"href":"https:\/\/semmelweis.hu\/fok\/wp-json\/wp\/v2\/users\/38"}],"replies":[{"embeddable":true,"href":"https:\/\/semmelweis.hu\/fok\/wp-json\/wp\/v2\/comments?post=2218"}],"version-history":[{"count":10,"href":"https:\/\/semmelweis.hu\/fok\/wp-json\/wp\/v2\/pages\/2218\/revisions"}],"predecessor-version":[{"id":10940,"href":"https:\/\/semmelweis.hu\/fok\/wp-json\/wp\/v2\/pages\/2218\/revisions\/10940"}],"up":[{"embeddable":true,"href":"https:\/\/semmelweis.hu\/fok\/wp-json\/wp\/v2\/pages\/5"}],"wp:attachment":[{"href":"https:\/\/semmelweis.hu\/fok\/wp-json\/wp\/v2\/media?parent=2218"}],"wp:term":[{"taxonomy":"category","embeddable":true,"href":"https:\/\/semmelweis.hu\/fok\/wp-json\/wp\/v2\/categories?post=2218"},{"taxonomy":"post_tag","embeddable":true,"href":"https:\/\/semmelweis.hu\/fok\/wp-json\/wp\/v2\/tags?post=2218"}],"curies":[{"name":"wp","href":"https:\/\/api.w.org\/{rel}","templated":true}]}}