{"id":22,"date":"2012-01-24T12:32:18","date_gmt":"2012-01-24T11:32:18","guid":{"rendered":"http:\/\/semmelweis-egyetem.hu\/fok\/?page_id=22"},"modified":"2025-10-16T10:06:44","modified_gmt":"2025-10-16T08:06:44","slug":"kari-tanacs","status":"publish","type":"page","link":"https:\/\/semmelweis.hu\/fok\/a-karrol\/kari-tanacs\/","title":{"rendered":"Kari Tan\u00e1cs"},"content":{"rendered":"<div class=\"keretes w-100\">\n<p><img loading=\"lazy\" decoding=\"async\" class=\" wp-image-11309 alignright\" src=\"https:\/\/semmelweis.hu\/fok\/files\/2025\/10\/SE_FACULTY_logo_FOK_RGB-01_COLOR-400x400.png\" alt=\"\" width=\"201\" height=\"201\" srcset=\"https:\/\/semmelweis.hu\/fok\/files\/2025\/10\/SE_FACULTY_logo_FOK_RGB-01_COLOR-400x400.png 400w, https:\/\/semmelweis.hu\/fok\/files\/2025\/10\/SE_FACULTY_logo_FOK_RGB-01_COLOR-1024x1024.png 1024w, https:\/\/semmelweis.hu\/fok\/files\/2025\/10\/SE_FACULTY_logo_FOK_RGB-01_COLOR-150x150.png 150w, https:\/\/semmelweis.hu\/fok\/files\/2025\/10\/SE_FACULTY_logo_FOK_RGB-01_COLOR-768x768.png 768w, https:\/\/semmelweis.hu\/fok\/files\/2025\/10\/SE_FACULTY_logo_FOK_RGB-01_COLOR-753x753.png 753w, https:\/\/semmelweis.hu\/fok\/files\/2025\/10\/SE_FACULTY_logo_FOK_RGB-01_COLOR.png 1500w\" sizes=\"auto, (max-width: 201px) 100vw, 201px\" \/>A Semmelweis Egyetem Fogorvostudom\u00e1nyi Kar\u00e1nak Kari Tan\u00e1csa egy olyan d\u00f6nt\u00e9shoz\u00f3 test\u00fclet, amely a kar m\u0171k\u00f6d\u00e9s\u00e9t \u00e9s fejleszt\u00e9s\u00e9t ir\u00e1ny\u00edtja. A Kari Tan\u00e1cs tagjai a kar vezet\u0151i, oktat\u00f3i \u00e9s kutat\u00f3i, akik k\u00fcl\u00f6nb\u00f6z\u0151 szakmai \u00e9s adminisztrat\u00edv k\u00e9rd\u00e9sekben d\u00f6ntenek. A Kari Tan\u00e1cs biztos\u00edtja, hogy a fogorvosi k\u00e9pz\u00e9s \u00e9s kutat\u00e1s megfeleljen a legmagasabb szakmai elv\u00e1r\u00e1soknak. A Tan\u00e1cs feladata a kar tudom\u00e1nyos \u00e9s oktat\u00e1si strat\u00e9gi\u00e1j\u00e1nak kialak\u00edt\u00e1sa, valamint a hallgat\u00f3i \u00e9let min\u0151s\u00e9g\u00e9nek jav\u00edt\u00e1sa. Seg\u00edti a kari programok tervez\u00e9s\u00e9t, az oktat\u00e1s sz\u00ednvonal\u00e1nak emel\u00e9s\u00e9t, \u00e9s a kar fejl\u0151d\u00e9s\u00e9hez sz\u00fcks\u00e9ges tudom\u00e1nyos \u00e9s szakmai d\u00f6nt\u00e9sek meghozatal\u00e1t. A Tan\u00e1cs munk\u00e1j\u00e1ban akt\u00edvan r\u00e9szt vesznek a hallgat\u00f3i k\u00e9pviselet tagjai is.<\/p>\n<\/div>\n<style>\n           #page-grid .card-body > .line-clamp-box.excerpt{\n        width: inherit;\n        max-width: inherit;\n        display:flex;\n        min-height: 2.4em;\n        flex-direction: column;\n        justify-content: space-around;\n        background-color: #D6E4EA;\n        min-height: 3.4rem;\n        font-family: \"Montserrat\", sans-serif;\n    }\n\n    #page-grid a:hover .card-body > .line-clamp-box.excerpt {\n        background-color: #fff;\n        color: #313B40;\n    }\n\n    #page-grid .card-body .line-clamp-box.excerpt section{\n        max-width: inherit;\n        display: -webkit-box;\n        -webkit-line-clamp: 2;\n        -webkit-box-orient: vertical;\n        overflow: hidden;\n        text-overflow: ellipsis;\n        hyphens: auto;\n        margin: auto;\n        \n    }\n    .line-clamp-box.excerpt section, .line-clamp-box.excerpt section p{\n        font-size:0.8em;\n    }\n    \n<\/style>\n    <section id=\"page-grid\">\n        <section class=\"d-block d-md-flex title-row my-3 ml-0 ml-md-1\">\n<div class=\"section-title  mb-1 \">\n<h2>\n    KARI TAN\u00c1CS\n<\/h2>\n<\/div>\n<\/section>\n        <div class=\"row row-cols-1 row-cols-md-2 row-cols-lg-3 no-gutters mx-0 \">    <div class =\"col  mb-2 card-wrapper\">\n        <a class=\"d-flex flex-fill card-link-warapper m-md-1\" href=\"https:\/\/semmelweis.hu\/fok\/a-karrol\/kari-tanacs\/kari-hatarozatok\/\">\n            <div class=\"card border border-secondary se-border flex-fill\">\n                <div class=\"row no-gutters mx-0 d-flex flex-nowrap flex-md-wrap align-items-center\">\n                    <div class =\"  col-5 col-md-12  d-none  d-md-none d-md-none  bg-image  card-image justify-content-center\">\n                        <img class='wp-post-image img-fluid landscape' src='https:\/\/semmelweis.hu\/fok\/wp-content\/themes\/se18\/dist\/images\/svg\/bg-image.svg' \/>\n                    <\/div>\n                    <div class=\"card-body  col flex-column  col-md-12 p-0\">\n                        <div class=\"line-clamp-box p-3\">\n                            <h5 class=\"ml-0 ml-sm-1 mt-2 align-items-center\"  >Kari Tan\u00e1cs hat\u00e1rozatok<\/h5>\n                        <\/div>\n                            <div class= \"line-clamp-box excerpt m-0 p-2 pl-3\">\n        <section>\n            A kari hat\u00e1rozatok visszamen\u0151leg az al\u00e1bbi linkekre kattintva \u00e9rhet\u0151ek el:\n2026. \u00e9v hat\u00e1rozatai (pdf)\n2025. \u00e9v hat\u00e1rozatai (pdf)\n2024. \u00e9v hat\u00e1rozatai (pdf)\n2023. \u00e9v hat\u00e1rozatai (pdf)\n2022. \u00e9v hat\u00e1rozatai (pdf)\n2021. \u00e9v hat\u00e1rozatai (pdf) \n2020. \u00e9v hat\u00e1rozatai (pdf)\n2019.\n2018.\n2017.\n2016\n2015\n2014.\n2013.\n2012.\n2011.\n2010.\n2009.\n2008.\n2007\n2006.\n2005.\n2004.\n        <\/section>\n    <\/div>\n                    <\/div>\n                <\/div>\n\n            <\/div>\n        <\/a>\n    <\/div>    <div class =\"col  mb-2 card-wrapper\">\n        <a class=\"d-flex flex-fill card-link-warapper m-md-1\" href=\"https:\/\/semmelweis.hu\/fok\/a-karrol\/kari-tanacs\/kari-tanacs-eloterjesztesek\/\">\n            <div class=\"card border border-secondary se-border flex-fill\">\n                <div class=\"row no-gutters mx-0 d-flex flex-nowrap flex-md-wrap align-items-center\">\n                    <div class =\"  col-5 col-md-12  d-none  d-md-none d-md-none  bg-image  card-image justify-content-center\">\n                        <img class='wp-post-image img-fluid landscape' src='https:\/\/semmelweis.hu\/fok\/wp-content\/themes\/se18\/dist\/images\/svg\/bg-image.svg' \/>\n                    <\/div>\n                    <div class=\"card-body  col flex-column  col-md-12 p-0\">\n                        <div class=\"line-clamp-box p-3\">\n                            <h5 class=\"ml-0 ml-sm-1 mt-2 align-items-center\"  >Kari Tan\u00e1cs el\u0151terjeszt\u00e9sek<\/h5>\n                        <\/div>\n                            <div class= \"line-clamp-box excerpt m-0 p-2 pl-3\">\n        <section>\n            \u00a0\n&nbsp;\n&nbsp;\n\n        <\/section>\n    <\/div>\n                    <\/div>\n                <\/div>\n\n            <\/div>\n        <\/a>\n    <\/div>    <div class =\"col  mb-2 card-wrapper\">\n        <a class=\"d-flex flex-fill card-link-warapper m-md-1\" href=\"https:\/\/semmelweis.hu\/fok\/a-karrol\/kari-tanacs\/kari-tanacs-tagjai\/\">\n            <div class=\"card border border-secondary se-border flex-fill\">\n                <div class=\"row no-gutters mx-0 d-flex flex-nowrap flex-md-wrap align-items-center\">\n                    <div class =\"  col-5 col-md-12  d-none  d-md-none d-md-none  bg-image  card-image justify-content-center\">\n                        <img class='wp-post-image img-fluid landscape' src='https:\/\/semmelweis.hu\/fok\/wp-content\/themes\/se18\/dist\/images\/svg\/bg-image.svg' \/>\n                    <\/div>\n                    <div class=\"card-body  col flex-column  col-md-12 p-0\">\n                        <div class=\"line-clamp-box p-3\">\n                            <h5 class=\"ml-0 ml-sm-1 mt-2 align-items-center\"  >Kari Tan\u00e1cs tagjai<\/h5>\n                        <\/div>\n                            <div class= \"line-clamp-box excerpt m-0 p-2 pl-3\">\n        <section>\n            A Kari Tan\u00e1cs a Kar legf\u0151bb d\u00f6nt\u00e9shoz\u00f3 test\u00fclete\nA Fogorvostudom\u00e1nyi Kar Kari Tan\u00e1cs\u00e1nak tagjai\n\u00a02025. szeptembert\u0151l\nA Semmelweis\u00a0 Egyetem Szervezeti \u00e9s M\u0171k\u00f6d\u00e9si Szab\u00e1lyzat\u00e1ban foglaltak \u00e9rtelm\u00e9ben, a Fogorvostudom\u00e1nyi Kar Tan\u00e1cs\u00e1nak tagjai szem\u00e9ly szerint a k\u00f6vetkez\u0151k:\n\nSzavazati jog\u00fa tagok, tiszts\u00e9g\u00fck alapj\u00e1n:\nFOK-os k\u00e9pvisel\u0151k:\n\nDr. Gerber G\u00e1bor egyetemi tan\u00e1r, d\u00e9k\u00e1n a Kari Tan\u00e1cs eln\u00f6ke, Anat\u00f3miai, Sz\u00f6vet-\u00e9s ..\n        <\/section>\n    <\/div>\n                    <\/div>\n                <\/div>\n\n            <\/div>\n        <\/a>\n    <\/div>        <\/div>\n    <\/section>\n","protected":false},"excerpt":{"rendered":"<p>A Semmelweis Egyetem Fogorvostudom\u00e1nyi Kar\u00e1nak Kari Tan\u00e1csa egy olyan d\u00f6nt\u00e9shoz\u00f3 test\u00fclet, amely a kar m\u0171k\u00f6d\u00e9s\u00e9t \u00e9s fejleszt\u00e9s\u00e9t ir\u00e1ny\u00edtja. A Kari Tan\u00e1cs tagjai a kar vezet\u0151i, oktat\u00f3i \u00e9s kutat\u00f3i, akik k\u00fcl\u00f6nb\u00f6z\u0151 szakmai \u00e9s adminisztrat\u00edv k\u00e9rd\u00e9sekben d\u00f6ntenek. A Kari Tan\u00e1cs biztos\u00edtja, hogy a fogorvosi k\u00e9pz\u00e9s \u00e9s kutat\u00e1s megfeleljen a legmagasabb szakmai elv\u00e1r\u00e1soknak. A Tan\u00e1cs feladata a kar &hellip;<\/p>\n","protected":false},"author":8,"featured_media":0,"parent":5,"menu_order":2,"comment_status":"closed","ping_status":"closed","template":"template-fullwidth.php","meta":{"_acf_changed":false,"footnotes":""},"categories":[],"tags":[],"class_list":["post-22","page","type-page","status-publish","hentry"],"acf":[],"_links":{"self":[{"href":"https:\/\/semmelweis.hu\/fok\/wp-json\/wp\/v2\/pages\/22","targetHints":{"allow":["GET"]}}],"collection":[{"href":"https:\/\/semmelweis.hu\/fok\/wp-json\/wp\/v2\/pages"}],"about":[{"href":"https:\/\/semmelweis.hu\/fok\/wp-json\/wp\/v2\/types\/page"}],"author":[{"embeddable":true,"href":"https:\/\/semmelweis.hu\/fok\/wp-json\/wp\/v2\/users\/8"}],"replies":[{"embeddable":true,"href":"https:\/\/semmelweis.hu\/fok\/wp-json\/wp\/v2\/comments?post=22"}],"version-history":[{"count":11,"href":"https:\/\/semmelweis.hu\/fok\/wp-json\/wp\/v2\/pages\/22\/revisions"}],"predecessor-version":[{"id":11310,"href":"https:\/\/semmelweis.hu\/fok\/wp-json\/wp\/v2\/pages\/22\/revisions\/11310"}],"up":[{"embeddable":true,"href":"https:\/\/semmelweis.hu\/fok\/wp-json\/wp\/v2\/pages\/5"}],"wp:attachment":[{"href":"https:\/\/semmelweis.hu\/fok\/wp-json\/wp\/v2\/media?parent=22"}],"wp:term":[{"taxonomy":"category","embeddable":true,"href":"https:\/\/semmelweis.hu\/fok\/wp-json\/wp\/v2\/categories?post=22"},{"taxonomy":"post_tag","embeddable":true,"href":"https:\/\/semmelweis.hu\/fok\/wp-json\/wp\/v2\/tags?post=22"}],"curies":[{"name":"wp","href":"https:\/\/api.w.org\/{rel}","templated":true}]}}