{"id":134,"date":"2012-04-19T08:32:20","date_gmt":"2012-04-19T06:32:20","guid":{"rendered":"http:\/\/semmelweis-egyetem.hu\/fok\/?page_id=134"},"modified":"2026-01-23T10:36:41","modified_gmt":"2026-01-23T09:36:41","slug":"felvetelizoknek","status":"publish","type":"page","link":"https:\/\/semmelweis.hu\/fok\/felvetelizoknek\/","title":{"rendered":"Felv\u00e9teliz\u0151knek a fogorvosk\u00e9pz\u00e9sr\u0151l"},"content":{"rendered":"<div class=\"keretes w-100\">\n<p><strong>A szak megnevez\u00e9se: <\/strong>FOGORVOS<strong><br \/>\nK\u00e9pz\u00e9si id\u0151:<\/strong> 10 szemeszter<br \/>\n<strong>A megszerezhet\u0151 diploma:<\/strong>\u00a0Fogorvos, doctor medicinae dentarie (dr. med. dent.)<\/p>\n<\/div>\n<p>A Semmelweis Egyetem Fogorvostudom\u00e1nyi Kar\u00e1ra (SE FOK) a felv\u00e9teli elj\u00e1r\u00e1ssal kapcsolatos tudnival\u00f3kat, jelentkez\u00e9si hat\u00e1rid\u0151t, fontosabb d\u00e1tumokat minden \u00e9vben a Nemzeti Er\u0151forr\u00e1s Miniszt\u00e9rium Oktat\u00e1si Hivatala teszi k\u00f6zz\u00e9 a<strong> <a href=\"http:\/\/felvi.hu\" target=\"_blank\" rel=\"noopener noreferrer\">www.felvi.hu<\/a><\/strong> honlapon.<\/p>\n<p><strong>A szeptemberben indul\u00f3 k\u00e9pz\u00e9sekre t\u00f6rt\u00e9n\u0151 jelentkez\u00e9s hat\u00e1rideje \u00e1ltal\u00e1ban a k\u00e9pz\u00e9s ind\u00edt\u00e1sa szerinti \u00e9v febru\u00e1r 15. napja.<\/strong> A jelentkez\u00e9si k\u00e9relmeket a Hivatal \u00e1ltal e c\u00e9lra biztos\u00edtott informatikai rendszer (<a href=\"http:\/\/felvi.hu\" target=\"_blank\" rel=\"noopener noreferrer\">www.felvi.hu<\/a> honlapon kereszt\u00fcl) seg\u00edts\u00e9g\u00e9vel kit\u00f6lt\u00f6tt elektronikus nyomtatv\u00e1nyon kinyomtatva, al\u00e1\u00edrva postai \u00faton bek\u00fcldve vagy \u00fcgyf\u00e9lkapunk kereszt\u00fcl lehet beny\u00fajtani. Egy felv\u00e9teli elj\u00e1r\u00e1sban legfeljebb \u00f6t jelentkez\u00e9s ny\u00fajthat\u00f3 be. Amennyiben ugyanarra a szakra magyar \u00e1llami \u00f6szt\u00f6nd\u00edjjal t\u00e1mogatott \u00e9s \u00f6nk\u00f6lts\u00e9ges k\u00e9pz\u00e9si form\u00e1ra egyar\u00e1nt jelentkezik, az egy jelentkez\u00e9snek min\u0151s\u00fcl.<\/p>\n<p>A Fogorvostudom\u00e1nyi Kar minden tan\u00e9vben szervez <a href=\"https:\/\/semmelweis.hu\/fok\/felvetelizoknek\/nyilt-nap\/\"><strong>ny\u00edlt napot, ahol a felv\u00e9teliz\u0151k bepillant\u00e1st nyerhetnek az egyetem \u00e9s a kar \u00e9let\u00e9be<\/strong><\/a>.\u00a0<\/p>\n<p><iframe loading=\"lazy\" title=\"Fogorvostudom\u00e1nyi Kar (FOK) Semmelweis Egyetem - Showtime\" width=\"753\" height=\"424\" src=\"https:\/\/www.youtube.com\/embed\/UhyxN5I9h8Y?feature=oembed\" frameborder=\"0\" allow=\"accelerometer; autoplay; clipboard-write; encrypted-media; gyroscope; picture-in-picture; web-share\" referrerpolicy=\"strict-origin-when-cross-origin\" allowfullscreen><\/iframe><\/p>\n<h4><strong>\u00c1ltal\u00e1nos inform\u00e1ci\u00f3k a pontsz\u00e1m\u00edt\u00e1si m\u00f3dszerekr\u0151l, \u00f6sszpontsz\u00e1mr\u00f3l <\/strong><\/h4>\n<p>A felv\u00e9teli \u00f6sszpontsz\u00e1mot, a rangsorol\u00e1s alapj\u00e1ul szolg\u00e1l\u00f3 eredm\u00e9nyt 400+100 pontos pontsz\u00e1m\u00edt\u00e1si rendszerben fejezik ki. Az \u00f6sszpontsz\u00e1m a k\u00f6z\u00e9piskolai eredm\u00e9ny alapj\u00e1n kapott tanulm\u00e1nyi pontok (max. 200 pont) \u00e9s az \u00e9retts\u00e9gi pontok (max. 200 pont) \u00f6sszead\u00e1s\u00e1val \u00e9s a t\u00f6bbletpontok (max. 100 pont) hozz\u00e1ad\u00e1s\u00e1val, vagy az \u00e9retts\u00e9gi pontok k\u00e9tszerez\u00e9s\u00e9vel \u00e9s a t\u00f6bbletpontok hozz\u00e1ad\u00e1s\u00e1val ker\u00fcl meg\u00e1llap\u00edt\u00e1sra. Minden esetben a jelentkez\u0151 sz\u00e1m\u00e1ra kedvez\u0151bb m\u00f3dszer alapj\u00e1n. A felv\u00e9teli k\u00f6vetelm\u00e9ny az orvos- \u00e9s eg\u00e9szs\u00e9gtudom\u00e1nyi k\u00e9pz\u00e9si ter\u00fcleten: emelt szint\u0171 biol\u00f3gia \u00e9s v\u00e1laszthat\u00f3 emelt szint\u0171 k\u00e9mia vagy fizika \u00e9retts\u00e9gi.\u00a0<\/p>\n<div class=\"fontos_div\">\n<p>2024-t\u0151l v\u00e1ltozik a felv\u00e9teli vizsg\u00e1k rendszere. <a href=\"https:\/\/semmelweis.hu\/fok\/felvetelizoknek\/a-2023-tol-es-a-2024-tol-ervenyes-tanulmanyi-es-erettsegi-pontszamitasa-semmelweis-egyetemen\/\">Tov\u00e1bbi r\u00e9szletek \u2192<\/a><\/p>\n<\/div>\n<h4><strong>Diplom\u00e1t k\u00f6vet\u0151 lehet\u0151s\u00e9gek:<\/strong><\/h4>\n<ul style=\"list-style-type: square\">\n<li>posztgradu\u00e1lis fogorvosk\u00e9pz\u00e9s (szakfogorvos k\u00e9pz\u00e9s, azaz rezidensk\u00e9pz\u00e9s)<\/li>\n<li>\u00f6n\u00e1ll\u00f3 praxis<\/li>\n<\/ul>\n<h1>Inform\u00e1ci\u00f3 a m\u00e1soddiplom\u00e1s k\u00e9pz\u00e9sr\u0151l<\/h1>\n<p>A fels\u0151fok\u00fa v\u00e9gzetts\u00e9ggel rendelkez\u0151ket a Kar \u2013 amennyiben az orvos- \u00e9s eg\u00e9szs\u00e9gtudom\u00e1nyi k\u00e9pz\u00e9si ter\u00fcleten osztatlan k\u00e9pz\u00e9sben szereztek oklevelet \u2013 a kor\u00e1bbi fels\u0151oktat\u00e1si tanulm\u00e1nyaik figyelembev\u00e9tel\u00e9vel (ak\u00e1r az emelt szint\u0171 \u00e9retts\u00e9gi k\u00f6vetelm\u00e9nyekt\u0151l is eltekintve) rangsorolja.<\/p>\n<p>A pontsz\u00e1m\u00edt\u00e1s alapja a megszerzett fels\u0151fok\u00fa oklev\u00e9l min\u0151s\u00edt\u00e9se alapj\u00e1n: Summa cum laude (4,51-5,00) min\u0151s\u00edt\u00e9s eset\u00e9n: 400 pont Cum laude (3,51-4,50) min\u0151s\u00edt\u00e9s eset\u00e9n: 390 pont Rite (2,00-3,50) min\u0151s\u00edt\u00e9s eset\u00e9n: 350 pont. A ponthat\u00e1rok \u00e9s a felv\u00e9teli eredm\u00e9nyek v\u00e1rhat\u00f3 kihirdet\u00e9se minden \u00e9v j\u00falius m\u00e1sodik fel\u00e9ben esed\u00e9kes. A jelentkez\u0151 egy felv\u00e9teli elj\u00e1r\u00e1sban egy k\u00e9pz\u00e9sre nyerhet felv\u00e9telt.<\/p>\n<p>Egyetlen jelentkez\u00e9s helyre sem vehet\u0151 fel, akinek \u00f6sszpontsz\u00e1ma nem \u00e9ri el a felv\u00e9teli ponthat\u00e1rt, vagy nem rendelkezik a tov\u00e1bbtanul\u00e1shoz sz\u00fcks\u00e9ges v\u00e9gzetts\u00e9ggel.<\/p>\n<p>A felv\u00e9telivel \u00e9s a tov\u00e1bbtanul\u00e1ssal kapcsolatos k\u00e9t legfontosabb jogszab\u00e1ly a nemzeti fels\u0151oktat\u00e1sr\u00f3l sz\u00f3l\u00f3 2011. \u00e9vi CCIV. t\u00f6rv\u00e9ny, valamint a t\u00f6bbsz\u00f6r m\u00f3dos\u00edtott 423\/2012. (XII. 29.) Korm\u00e1nyrendelet.<\/p>\n<h1>El\u00e9rhet\u0151s\u00e9geink:<\/h1>\n<p><strong>Tepl\u00e1n-G\u00e1l Orsolya<\/strong> tanulm\u00e1nyi el\u0151ad\u00f3<br \/>\nTelefon: 459-1500\/55338-os mell\u00e9k, <br \/>\ne-mail: teplan-gal.orsolya@dent.semmelweis-univ.hu<\/p>\n<p><strong>Blah\u00f3 Erika<\/strong> tanulm\u00e1nyi el\u0151ad\u00f3<br \/>\nTelefon: 459-1500\/55336-os mell\u00e9k, <br \/>\ne-mail: blaho.erika@dent.semmelweis-univ.hu<\/p>\n<h3>Hasznos linkek:<\/h3>\n<ul style=\"list-style-type: square\">\n<li><a href=\"https:\/\/semmelweis.hu\/jogigfoig\/files\/2019\/07\/%C3%9AJ_SZMSZ-HKR_III.K%C3%96NYV_III.1._R%C3%89SZ_Felv%C3%A9teli-Szab%C3%A1lyzat.pdf\">Egyetemi felv\u00e9teli szab\u00e1lyzat<\/a> (pdf)<\/li>\n<li><a href=\"https:\/\/semmelweis.hu\/fok\/munkatarsak\/\">Fogorvostudom\u00e1nyi Kar D\u00e9k\u00e1ni Hivatal\u00e1nak el\u00e9rhet\u0151s\u00e9gei<\/a><\/li>\n<li><a href=\"https:\/\/semmelweis.hu\/jogigfoig\/dokumentumtar\/szervezeti-es-mukodesi-szabalyzat\/\">Szervezeti \u00e9s M\u0171k\u00f6d\u00e9si Szab\u00e1lyzat<\/a><\/li>\n<li><strong>Oktat\u00e1si Hivatal:\u00a0<a href=\"http:\/\/www.felvi.hu\/\" target=\"_blank\" rel=\"noopener noreferrer\">www.felvi.hu<\/a><\/strong><\/li>\n<\/ul>\n<h3>Jogforr\u00e1sok:<\/h3>\n<ul>\n<li>2011. \u00e9vi CCIV. t\u00f6rv\u00e9ny a nemzeti fels\u0151oktat\u00e1sr\u00f3l<\/li>\n<li>A fels\u0151oktat\u00e1si int\u00e9zm\u00e9nyek felv\u00e9teli elj\u00e1r\u00e1s\u00e1r\u00f3l sz\u00f3l\u00f3 237\/2006. (XI. 27.). sz. korm\u00e1nyrendelet<\/li>\n<\/ul>\n<p>&nbsp;<\/p>\n","protected":false},"excerpt":{"rendered":"<p>A szak megnevez\u00e9se: FOGORVOS K\u00e9pz\u00e9si id\u0151: 10 szemeszter A megszerezhet\u0151 diploma:\u00a0Fogorvos, doctor medicinae dentarie (dr. med. dent.) A Semmelweis Egyetem Fogorvostudom\u00e1nyi Kar\u00e1ra (SE FOK) a felv\u00e9teli elj\u00e1r\u00e1ssal kapcsolatos tudnival\u00f3kat, jelentkez\u00e9si hat\u00e1rid\u0151t, fontosabb d\u00e1tumokat minden \u00e9vben a Nemzeti Er\u0151forr\u00e1s Miniszt\u00e9rium Oktat\u00e1si Hivatala teszi k\u00f6zz\u00e9 a <a href=\"http:\/\/felvi.hu\" target=\"_blank\" rel=\"noopener noreferrer\">www.felvi.hu<\/a> honlapon. A szeptemberben indul\u00f3 k\u00e9pz\u00e9sekre t\u00f6rt\u00e9n\u0151 jelentkez\u00e9s hat\u00e1rideje \u00e1ltal\u00e1ban a k\u00e9pz\u00e9s &hellip;<\/p>\n","protected":false},"author":38,"featured_media":0,"parent":0,"menu_order":1,"comment_status":"closed","ping_status":"closed","template":"","meta":{"_acf_changed":false,"footnotes":""},"categories":[],"tags":[],"class_list":["post-134","page","type-page","status-publish","hentry"],"acf":[],"_links":{"self":[{"href":"https:\/\/semmelweis.hu\/fok\/wp-json\/wp\/v2\/pages\/134","targetHints":{"allow":["GET"]}}],"collection":[{"href":"https:\/\/semmelweis.hu\/fok\/wp-json\/wp\/v2\/pages"}],"about":[{"href":"https:\/\/semmelweis.hu\/fok\/wp-json\/wp\/v2\/types\/page"}],"author":[{"embeddable":true,"href":"https:\/\/semmelweis.hu\/fok\/wp-json\/wp\/v2\/users\/38"}],"replies":[{"embeddable":true,"href":"https:\/\/semmelweis.hu\/fok\/wp-json\/wp\/v2\/comments?post=134"}],"version-history":[{"count":11,"href":"https:\/\/semmelweis.hu\/fok\/wp-json\/wp\/v2\/pages\/134\/revisions"}],"predecessor-version":[{"id":11655,"href":"https:\/\/semmelweis.hu\/fok\/wp-json\/wp\/v2\/pages\/134\/revisions\/11655"}],"wp:attachment":[{"href":"https:\/\/semmelweis.hu\/fok\/wp-json\/wp\/v2\/media?parent=134"}],"wp:term":[{"taxonomy":"category","embeddable":true,"href":"https:\/\/semmelweis.hu\/fok\/wp-json\/wp\/v2\/categories?post=134"},{"taxonomy":"post_tag","embeddable":true,"href":"https:\/\/semmelweis.hu\/fok\/wp-json\/wp\/v2\/tags?post=134"}],"curies":[{"name":"wp","href":"https:\/\/api.w.org\/{rel}","templated":true}]}}