{"id":11803,"date":"2026-04-14T08:21:41","date_gmt":"2026-04-14T06:21:41","guid":{"rendered":"https:\/\/semmelweis.hu\/fok\/?page_id=11803"},"modified":"2026-04-14T15:31:08","modified_gmt":"2026-04-14T13:31:08","slug":"kerelmek-kreditatviteli-bizottsag","status":"publish","type":"page","link":"https:\/\/semmelweis.hu\/fok\/kerelmek-kreditatviteli-bizottsag\/","title":{"rendered":"K\u00c9RELMEK &#8211; KREDIT\u00c1TVITELI BIZOTTS\u00c1G"},"content":{"rendered":"<p><span style=\"text-decoration: underline\">Eln\u00f6k:<\/span>\u00a0\u00a0\u00a0\u00a0\u00a0\u00a0<\/p>\n<p style=\"padding-left: 40px\"><strong>Dr. Ker\u00e9mi Be\u00e1ta<\/strong>\u00a0egyetemi docens (Helyre\u00e1ll\u00edt\u00f3 Fog\u00e1szati \u00e9s Endodonciai Klinika)<\/p>\n<p>\n<span style=\"text-decoration: underline\">Tagok:<\/span>\u00a0<\/p>\n<p style=\"padding-left: 40px\"><strong>Dr. Jo\u00f3b Fancsaly \u00c1rp\u00e1d<\/strong> egyetemi tan\u00e1r (Arc-\u00c1llcsont-Sz\u00e1jseb\u00e9szeti \u00e9s Fog\u00e1szati Klinika)<br \/>\n<strong>Vaszin\u00e9 Dr. Szab\u00f3 Enik\u0151<\/strong> egyetemi docens (Helyre\u00e1ll\u00edt\u00f3 Fog\u00e1szati \u00e9s Endodonciai Klinika)<br \/>\n<strong>Dr. Zelles Tibor<\/strong> egyetemi docens (Or\u00e1lbiol\u00f3giai Int\u00e9zet)<br \/>\n<strong>Dr. Kozsurek M\u00e1rk<\/strong> egyetemi adjunktus (Anat\u00f3miai, Sz\u00f6vet- \u00e9s Fejl\u0151d\u00e9stani Int\u00e9zet)<\/p>\n<p><span style=\"text-decoration: underline\">H\u00d6K 2 f\u0151:<\/span><br \/>\n\u00a0 \u00a0 \u00a0 \u00a0 \u00a0 \u00a0 \u00a0 \u00a0 \u00a0 \u00a0 \u00a0 \u00a0<strong>Nyir\u00e1dy Gr\u00e9ta Melitta<\/strong><br \/>\n\u00a0 \u00a0 \u00a0 \u00a0 \u00a0 \u00a0 \u00a0 \u00a0 \u00a0 \u00a0 \u00a0 \u00a0<strong>Sz\u00fcr\u00f6s M\u00e1t\u00e9<\/strong><br \/>\n<span style=\"text-decoration: underline\"><em>Tan\u00e1cskoz\u00e1si joggal:<\/em><\/span><br \/>\n\u00a0\u00a0\u00a0\u00a0\u00a0\u00a0\u00a0\u00a0\u00a0\u00a0\u00a0\u00a0\u00a0\u00a0\u00a0\u00a0\u00a0\u00a0\u00a0\u00a0\u00a0\u00a0\u00a0 <strong>Dr. Gera Istv\u00e1n<\/strong> Professor Emeritus (Parodontol\u00f3giai Klinika)<\/p>\n<p>\u2192\u00a0<a href=\"https:\/\/semmelweis.hu\/fok\/files\/2021\/12\/SE-FOK-KB-SZR.pdf\">Kredit\u00e1tviteli Bizotts\u00e1g \u00fcgyrendje (pdf)<\/a><\/p>\n","protected":false},"excerpt":{"rendered":"<p>Eln\u00f6k:\u00a0\u00a0\u00a0\u00a0\u00a0\u00a0 Dr. Ker\u00e9mi Be\u00e1ta\u00a0egyetemi docens (Helyre\u00e1ll\u00edt\u00f3 Fog\u00e1szati \u00e9s Endodonciai Klinika) Tagok:\u00a0 Dr. Jo\u00f3b Fancsaly \u00c1rp\u00e1d egyetemi tan\u00e1r (Arc-\u00c1llcsont-Sz\u00e1jseb\u00e9szeti \u00e9s Fog\u00e1szati Klinika) Vaszin\u00e9 Dr. Szab\u00f3 Enik\u0151 egyetemi docens (Helyre\u00e1ll\u00edt\u00f3 Fog\u00e1szati \u00e9s Endodonciai Klinika) Dr. Zelles Tibor egyetemi docens (Or\u00e1lbiol\u00f3giai Int\u00e9zet) Dr. Kozsurek M\u00e1rk egyetemi adjunktus (Anat\u00f3miai, Sz\u00f6vet- \u00e9s Fejl\u0151d\u00e9stani Int\u00e9zet) H\u00d6K 2 f\u0151: \u00a0 \u00a0 \u00a0 &hellip;<\/p>\n","protected":false},"author":101109,"featured_media":0,"parent":0,"menu_order":0,"comment_status":"closed","ping_status":"closed","template":"","meta":{"_acf_changed":false,"footnotes":""},"categories":[],"tags":[],"class_list":["post-11803","page","type-page","status-publish","hentry"],"acf":[],"_links":{"self":[{"href":"https:\/\/semmelweis.hu\/fok\/wp-json\/wp\/v2\/pages\/11803","targetHints":{"allow":["GET"]}}],"collection":[{"href":"https:\/\/semmelweis.hu\/fok\/wp-json\/wp\/v2\/pages"}],"about":[{"href":"https:\/\/semmelweis.hu\/fok\/wp-json\/wp\/v2\/types\/page"}],"author":[{"embeddable":true,"href":"https:\/\/semmelweis.hu\/fok\/wp-json\/wp\/v2\/users\/101109"}],"replies":[{"embeddable":true,"href":"https:\/\/semmelweis.hu\/fok\/wp-json\/wp\/v2\/comments?post=11803"}],"version-history":[{"count":4,"href":"https:\/\/semmelweis.hu\/fok\/wp-json\/wp\/v2\/pages\/11803\/revisions"}],"predecessor-version":[{"id":11811,"href":"https:\/\/semmelweis.hu\/fok\/wp-json\/wp\/v2\/pages\/11803\/revisions\/11811"}],"wp:attachment":[{"href":"https:\/\/semmelweis.hu\/fok\/wp-json\/wp\/v2\/media?parent=11803"}],"wp:term":[{"taxonomy":"category","embeddable":true,"href":"https:\/\/semmelweis.hu\/fok\/wp-json\/wp\/v2\/categories?post=11803"},{"taxonomy":"post_tag","embeddable":true,"href":"https:\/\/semmelweis.hu\/fok\/wp-json\/wp\/v2\/tags?post=11803"}],"curies":[{"name":"wp","href":"https:\/\/api.w.org\/{rel}","templated":true}]}}