{"id":11206,"date":"2025-09-03T11:08:19","date_gmt":"2025-09-03T09:08:19","guid":{"rendered":"https:\/\/semmelweis.hu\/fok\/?page_id=11206"},"modified":"2026-02-11T13:41:06","modified_gmt":"2026-02-11T12:41:06","slug":"kurrikulumok-2023-elott","status":"publish","type":"page","link":"https:\/\/semmelweis.hu\/fok\/oktatas\/altalanos-informaciok-a-hallgatok-reszere\/kreditek-szemeszterenkenti-bontasban\/kurrikulumok-2023-elott\/","title":{"rendered":"Kurrikulumok-2023 el\u0151tt"},"content":{"rendered":"<h1>2023\/2024-es tan\u00e9v<\/h1>\n<p><strong><span style=\"font-size: 14pt\">A nyelvi k\u00f6vetelm\u00e9nyek a mintatantervek alj\u00e1n felt\u00fcntetve!<\/span><\/strong><\/p>\n<ul>\n<li><a href=\"https:\/\/semmelweis.hu\/fok\/files\/2024\/02\/FOK-Kurrikulum-1-es-2_evf.xlsx\">FOK-Kurrikulum-2023-24. tan\u00e9v I.-II. \u00e9vfolyam kurrikuluma (2023-as kurrikulum \u2013 \u00faj nyelvi k\u00f6vetelm\u00e9ny)<\/a><\/li>\n<li><a href=\"https:\/\/semmelweis.hu\/fok\/files\/2024\/01\/FOK-Kurrikulum-3-es-4_evf.xlsx\">FOK-Kurrikulum-2023-24. tan\u00e9v III.-IV. \u00e9vfolyam kurrikuluma (2023-as kurrikulum \u2013 r\u00e9gi nyelvi k\u00f6vetelm\u00e9ny)<\/a><\/li>\n<li><a href=\"https:\/\/semmelweis.hu\/fok\/files\/2023\/11\/FOK-Kurrikulum-2023-24.-tanev-V.-evfolyam-kurrikuluma.xlsx\">FOK-Kurrikulum-2023-24. tan\u00e9v V. \u00e9vfolyam kurrikuluma \u2013 (2021\/22-es kurrikulum)<\/a><\/li>\n<li><a href=\"https:\/\/semmelweis.hu\/fok\/files\/2024\/04\/A-Kurrikulumok-Nyelvi-kovetelmenyek-Szimpozium-Evfolyamok-2023-24-1-tol-masolata.pdf\"><em>Aktu\u00e1lis kurrikulumok nyelvi k\u00f6vetelm\u00e9nyekkel \u00e9vfolyamok szerint\u00a0 a 2023\/2024-es tan\u00e9vben \u2013 <strong>magyar\u00e1z\u00f3 t\u00e1bl\u00e1zat<\/strong><\/em><\/a><\/li>\n<li><a href=\"https:\/\/semmelweis.hu\/fok\/files\/2023\/05\/FOK-szabval-targyak-2023.05.15.xlsx\">Szabadon v\u00e1laszthat\u00f3 tant\u00e1rgyak<\/a><\/li>\n<\/ul>\n<h1>2022\/2023-as tan\u00e9v<\/h1>\n<ul>\n<li><a href=\"https:\/\/semmelweis.hu\/fok\/files\/2022\/07\/FOK-Kurrikulum-2021-2022-II.-felevtol-bevezetesre-kerult-kurrikulum-I-II-III.-evf.-2022.-szeptembertol.xlsx\">Kurrikulum \u2013 2022-2023 tan\u00e9v <strong><em>2021-2022-es tan\u00e9v 2. f\u00e9l\u00e9v\u00e9t\u0151l bevezet\u00e9sre ker\u00fclt kurrikulum<\/em><\/strong><em>(felmen\u0151 rendszerben ker\u00fcl bevezet\u00e9sre, a 2022\/2023-as tan\u00e9vben csak az els\u0151, m\u00e1sod \u00e9s harmad\u00e9ves hallgat\u00f3k mintatanterve)<\/em><\/a><\/li>\n<li><a href=\"https:\/\/semmelweis.hu\/fok\/files\/2022\/07\/FOK-Kurrikulum_2021-2022-es-kurrikulum-IV-V.-evf.-2022.-szeptembertol.xlsx\">Kurrikulum \u2013 2022-2023 tan\u00e9v <strong><em>2021-2022-es kurrikulum<\/em><\/strong><em> (a 2022\/2023-as tan\u00e9vben csak a negyed \u00e9s \u00f6t\u00f6d\u00e9ves hallgat\u00f3k mintatanterve)<\/em><\/a><\/li>\n<li><a href=\"https:\/\/semmelweis.hu\/fok\/files\/2023\/05\/FOK-szabval-targyak-2023.05.15.xlsx\">Szabadon v\u00e1laszthat\u00f3 tant\u00e1rgyak<\/a><\/li>\n<\/ul>\n<h1>2021\/2022-es tan\u00e9v<\/h1>\n<ul>\n<li><a href=\"https:\/\/semmelweis.hu\/fok\/files\/2022\/07\/FOK-Kurrikulum-2021-2022-II.-felevtol-bevezetesre-kerult-kurrikulum-2022.01.27.xlsx\">Kurrikulum \u2013 2021-2022 tan\u00e9v <em>\u2013 <strong>2021-2022-es tan\u00e9v 2. f\u00e9l\u00e9v\u00e9t\u0151l bevezet\u00e9sre ker\u00fclt kurrikulum<\/strong> (felmen\u0151 rendszerben ker\u00fcl bevezet\u00e9sre, a 2021\/2022-es tan\u00e9v 2. f\u00e9l\u00e9v\u00e9ben csak az els\u0151 \u00e9s m\u00e1sod\u00e9ves hallgat\u00f3k mintatanterve)<\/em><\/a><\/li>\n<li><a href=\"https:\/\/semmelweis.hu\/fok\/files\/2022\/07\/FOK-Kurrikulum-emelt-kredites-vegleges-2021-2022-2021_10_15.xlsx\">Kurrikulum \u2013 2021-2022 tan\u00e9v <em>\u2013<strong>2021-2022-es kurrikulum<\/strong> (a 2021\/2022-es tan\u00e9v 2. f\u00e9l\u00e9v\u00e9t\u0151l csak a harmad, negyed \u00e9s \u00f6t\u00f6d\u00e9ves hallgat\u00f3k mintatanterve)<\/em><\/a><\/li>\n<\/ul>\n<h1>Kor\u00e1bbi \u00e9vek<\/h1>\n<ul>\n<li><a href=\"https:\/\/semmelweis.hu\/fok\/files\/2020\/10\/Kurrikulum-2020-2021-v\u00e9gleges..xlsx\">Kurrikulum \u2013 2020-2021 tan\u00e9v<\/a><\/li>\n<li><a href=\"https:\/\/semmelweis.hu\/fok\/files\/2026\/02\/A-2019-2020-tol-beiratkozott-hallgatok-kurrikuluma.zip\">Kurrikulum &#8211; 2019-2020 tan\u00e9v<\/a><\/li>\n<li><a href=\"https:\/\/semmelweis.hu\/fok\/files\/2017\/09\/A-2017-2018-t\u00f3l-beiratkozott-hallgat\u00f3k-kurrikuluma-2017-09-04.pdf\">Kurrikulum \u2013 2017-2018 tan\u00e9v<\/a><\/li>\n<li><a href=\"https:\/\/semmelweis.hu\/fok\/files\/2017\/08\/A-2015-2016-t\u00f3l-beiratkozott-hallgat\u00f3k-kurrikuluma.pdf\">Kurrikulum \u2013 2015-2016 tan\u00e9v<\/a><\/li>\n<li><a href=\"https:\/\/semmelweis.hu\/fok\/files\/2017\/08\/A-2014-2015-ben-beiratkozott-hallgat\u00f3k-kurrikuluma.pdf\">Kurrikulum \u2013 2014-2015 tan\u00e9v<\/a><\/li>\n<li><a href=\"https:\/\/semmelweis.hu\/fok\/files\/2017\/08\/A-2013-2014-ben-beiratkozott-hallgat\u00f3k-kurrikuluma.pdf\">Kurrikulum \u2013 2013-2014 tan\u00e9v<\/a><\/li>\n<li><a href=\"https:\/\/semmelweis.hu\/fok\/files\/2017\/08\/A-2012-2013-ban-beiratkozott-hallgat\u00f3k-kurrikuluma.pdf\">Kurrikulum \u2013 2012-2013 tan\u00e9v<\/a><\/li>\n<li><a href=\"https:\/\/semmelweis.hu\/fok\/files\/2017\/08\/A-2011-2012-ben-beiratkozott-hallgat\u00f3k-kurrikuluma.pdf\">Kurrikulum \u2013 2011-2012 tan\u00e9v<\/a><\/li>\n<li><a href=\"https:\/\/semmelweis.hu\/fok\/files\/2017\/08\/A-2008-2009-ben-beiratkozott-hallgat\u00f3k-kurrikuluma.docx.pdf\">Kurrikulum \u2013 2008-2009 tan\u00e9v<\/a><\/li>\n<\/ul>\n","protected":false},"excerpt":{"rendered":"<p>2023\/2024-es tan\u00e9v<br \/>\nA nyelvi k\u00f6vetelm\u00e9nyek a mintatantervek alj\u00e1n felt\u00fcntetve!<\/p>\n<p><a href=\"https:\/\/semmelweis.hu\/fok\/files\/2024\/02\/FOK-Kurrikulum-1-es-2_evf.xlsx\">FOK-Kurrikulum-2023-24. tan\u00e9v I.-II. \u00e9vfolyam kurrikuluma (2023-as kurrikulum \u2013 \u00faj nyelvi k\u00f6vetelm\u00e9ny)<\/a><br \/>\n<a href=\"https:\/\/semmelweis.hu\/fok\/files\/2024\/01\/FOK-Kurrikulum-3-es-4_evf.xlsx\">FOK-Kurrikulum-2023-24. tan\u00e9v III.-IV. \u00e9vfolyam kurrikuluma (2023-as kurrikulum \u2013 r\u00e9gi nyelvi k\u00f6vetelm\u00e9ny)<\/a><br \/>\n<a href=\"https:\/\/semmelweis.hu\/fok\/files\/2023\/11\/FOK-Kurrikulum-2023-24.-tanev-V.-evfolyam-kurrikuluma.xlsx\">FOK-Kurrikulum-2023-24. tan\u00e9v V. \u00e9vfolyam kurrikuluma \u2013 (2021\/22-es kurrikulum)<\/a><br \/>\n<a href=\"https:\/\/semmelweis.hu\/fok\/files\/2024\/04\/A-Kurrikulumok-Nyelvi-kovetelmenyek-Szimpozium-Evfolyamok-2023-24-1-tol-masolata.pdf\">Aktu\u00e1lis kurrikulumok nyelvi k\u00f6vetelm\u00e9nyekkel \u00e9vfolyamok szerint\u00a0 a 2023\/2024-es tan\u00e9vben \u2013 magyar\u00e1z\u00f3 t\u00e1bl\u00e1zat<\/a><br \/>\n<a href=\"https:\/\/semmelweis.hu\/fok\/files\/2023\/05\/FOK-szabval-targyak-2023.05.15.xlsx\">Szabadon v\u00e1laszthat\u00f3 tant\u00e1rgyak<\/a><\/p>\n<p>2022\/2023-as tan\u00e9v<\/p>\n<p><a href=\"https:\/\/semmelweis.hu\/fok\/files\/2022\/07\/FOK-Kurrikulum-2021-2022-II.-felevtol-bevezetesre-kerult-kurrikulum-I-II-III.-evf.-2022.-szeptembertol.xlsx\">Kurrikulum \u2013 2022-2023 tan\u00e9v 2021-2022-es tan\u00e9v 2. f\u00e9l\u00e9v\u00e9t\u0151l bevezet\u00e9sre ker\u00fclt kurrikulum(felmen\u0151 rendszerben ker\u00fcl bevezet\u00e9sre, a 2022\/2023-as tan\u00e9vben csak az els\u0151, m\u00e1sod \u00e9s harmad\u00e9ves hallgat\u00f3k mintatanterve)<\/a><br \/>\n<a href=\"https:\/\/semmelweis.hu\/fok\/files\/2022\/07\/FOK-Kurrikulum_2021-2022-es-kurrikulum-IV-V.-evf.-2022.-szeptembertol.xlsx\">Kurrikulum \u2013 2022-2023 tan\u00e9v 2021-2022-es kurrikulum (a 2022\/2023-as tan\u00e9vben csak a negyed \u00e9s \u00f6t\u00f6d\u00e9ves hallgat\u00f3k mintatanterve)<\/a><br \/>\n<a href=\"https:\/\/semmelweis.hu\/fok\/files\/2023\/05\/FOK-szabval-targyak-2023.05.15.xlsx\">Szabadon v\u00e1laszthat\u00f3 tant\u00e1rgyak<\/a><\/p>\n<p>2021\/2022-es tan\u00e9v<\/p>\n<p><a href=\"https:\/\/semmelweis.hu\/fok\/files\/2022\/07\/FOK-Kurrikulum-2021-2022-II.-felevtol-bevezetesre-kerult-kurrikulum-2022.01.27.xlsx\">Kurrikulum \u2013 2021-2022 tan\u00e9v \u2013 2021-2022-es tan\u00e9v 2. f\u00e9l\u00e9v\u00e9t\u0151l bevezet\u00e9sre ker\u00fclt kurrikulum (felmen\u0151 rendszerben ker\u00fcl bevezet\u00e9sre, a 2021\/2022-es tan\u00e9v 2. f\u00e9l\u00e9v\u00e9ben csak az els\u0151 \u00e9s m\u00e1sod\u00e9ves hallgat\u00f3k mintatanterve)<\/a><br \/>\n<a href=\"https:\/\/semmelweis.hu\/fok\/files\/2022\/07\/FOK-Kurrikulum-emelt-kredites-vegleges-2021-2022-2021_10_15.xlsx\">Kurrikulum \u2013 2021-2022 tan\u00e9v \u20132021-2022-es kurrikulum (a 2021\/2022-es tan\u00e9v 2. f\u00e9l\u00e9v\u00e9t\u0151l csak a harmad, negyed \u00e9s \u00f6t\u00f6d\u00e9ves hallgat\u00f3k mintatanterve)<\/a><\/p>\n<p>Kor\u00e1bbi \u00e9vek<\/p>\n<p><a href=\"https:\/\/semmelweis.hu\/fok\/files\/2020\/10\/Kurrikulum-2020-2021-v\u00e9gleges..xlsx\">Kurrikulum \u2013 2020-2021 tan\u00e9v<\/a><br \/>\n<a href=\"https:\/\/semmelweis.hu\/fok\/files\/2026\/02\/A-2019-2020-tol-beiratkozott-hallgatok-kurrikuluma.zip\">Kurrikulum &#8211; 2019-2020 tan\u00e9v<\/a><br \/>\n<a href=\"https:\/\/semmelweis.hu\/fok\/files\/2017\/09\/A-2017-2018-t\u00f3l-beiratkozott-hallgat\u00f3k-kurrikuluma-2017-09-04.pdf\">Kurrikulum \u2013 2017-2018 tan\u00e9v<\/a><br \/>\n<a href=\"https:\/\/semmelweis.hu\/fok\/files\/2017\/08\/A-2015-2016-t\u00f3l-beiratkozott-hallgat\u00f3k-kurrikuluma.pdf\">Kurrikulum \u2013 2015-2016 tan\u00e9v<\/a><br \/>\n<a href=\"https:\/\/semmelweis.hu\/fok\/files\/2017\/08\/A-2014-2015-ben-beiratkozott-hallgat\u00f3k-kurrikuluma.pdf\">Kurrikulum \u2013 2014-2015 tan\u00e9v<\/a><br \/>\n<a href=\"https:\/\/semmelweis.hu\/fok\/files\/2017\/08\/A-2013-2014-ben-beiratkozott-hallgat\u00f3k-kurrikuluma.pdf\">Kurrikulum \u2013 2013-2014 tan\u00e9v<\/a><br \/>\n<a href=\"https:\/\/semmelweis.hu\/fok\/files\/2017\/08\/A-2012-2013-ban-beiratkozott-hallgat\u00f3k-kurrikuluma.pdf\">Kurrikulum \u2013 2012-2013 tan\u00e9v<\/a><br \/>\n<a href=\"https:\/\/semmelweis.hu\/fok\/files\/2017\/08\/A-2011-2012-ben-beiratkozott-hallgat\u00f3k-kurrikuluma.pdf\">Kurrikulum \u2013 2011-2012 tan\u00e9v<\/a><br \/>\n<a href=\"https:\/\/semmelweis.hu\/fok\/files\/2017\/08\/A-2008-2009-ben-beiratkozott-hallgat\u00f3k-kurrikuluma.docx.pdf\">Kurrikulum \u2013 2008-2009 tan\u00e9v<\/a><\/p>\n","protected":false},"author":101171,"featured_media":0,"parent":65,"menu_order":0,"comment_status":"closed","ping_status":"closed","template":"","meta":{"_acf_changed":false,"footnotes":""},"categories":[],"tags":[],"class_list":["post-11206","page","type-page","status-publish","hentry"],"acf":[],"_links":{"self":[{"href":"https:\/\/semmelweis.hu\/fok\/wp-json\/wp\/v2\/pages\/11206","targetHints":{"allow":["GET"]}}],"collection":[{"href":"https:\/\/semmelweis.hu\/fok\/wp-json\/wp\/v2\/pages"}],"about":[{"href":"https:\/\/semmelweis.hu\/fok\/wp-json\/wp\/v2\/types\/page"}],"author":[{"embeddable":true,"href":"https:\/\/semmelweis.hu\/fok\/wp-json\/wp\/v2\/users\/101171"}],"replies":[{"embeddable":true,"href":"https:\/\/semmelweis.hu\/fok\/wp-json\/wp\/v2\/comments?post=11206"}],"version-history":[{"count":6,"href":"https:\/\/semmelweis.hu\/fok\/wp-json\/wp\/v2\/pages\/11206\/revisions"}],"predecessor-version":[{"id":11715,"href":"https:\/\/semmelweis.hu\/fok\/wp-json\/wp\/v2\/pages\/11206\/revisions\/11715"}],"up":[{"embeddable":true,"href":"https:\/\/semmelweis.hu\/fok\/wp-json\/wp\/v2\/pages\/65"}],"wp:attachment":[{"href":"https:\/\/semmelweis.hu\/fok\/wp-json\/wp\/v2\/media?parent=11206"}],"wp:term":[{"taxonomy":"category","embeddable":true,"href":"https:\/\/semmelweis.hu\/fok\/wp-json\/wp\/v2\/categories?post=11206"},{"taxonomy":"post_tag","embeddable":true,"href":"https:\/\/semmelweis.hu\/fok\/wp-json\/wp\/v2\/tags?post=11206"}],"curies":[{"name":"wp","href":"https:\/\/api.w.org\/{rel}","templated":true}]}}