{"id":1109,"date":"2015-10-16T11:26:11","date_gmt":"2015-10-16T09:26:11","guid":{"rendered":"http:\/\/semmelweis.hu\/fok\/?page_id=1109"},"modified":"2025-08-14T08:18:56","modified_gmt":"2025-08-14T06:18:56","slug":"tudnivalok-2","status":"publish","type":"page","link":"https:\/\/semmelweis.hu\/fok\/hallgatoi-hirek\/tudnivalok-2\/","title":{"rendered":"Hasznos Tudnival\u00f3k-let\u00f6lthet\u0151 nyomtatv\u00e1nyok"},"content":{"rendered":"<div id=\"GroupWiseSection_1565771647000_nagy-pal.orsolya@dent.semmelweis-univ.hu_18849E011B09000089BE000000000000_\" class=\"GroupWiseMessageBody\">\n<div id=\"GroupWiseSection_1569482892000_Nporsi\" class=\"GroupWiseMessageBody\">\n<div id=\"GroupWiseSection_1569482802000_nagy-pal.orsolya@dent.semmelweis-univ.hu_18849E011B09000089BE000000000000_\" class=\"GroupWiseMessageBody\">\n<ul>\n<li><a href=\"https:\/\/semmelweis.hu\/fok\/files\/2023\/09\/Alkalmassagi-vizsgalat-AOK_FOK_GYTK_felso-evfolyam-TAJEKOZTATO-level_230905.pdf\">Alkalmass\u00e1gi vizsg\u00e1lat &#8211; T\u00e1j\u00e9koztat\u00e1s<\/a><\/li>\n<li><a href=\"https:\/\/semmelweis.hu\/fok\/files\/2023\/09\/Alkalmassagi-vizsgalat-Aptitude_felsobb-evf_-felhasznaloi-utmutato.pdf\">Alkalmass\u00e1gi vizsg\u00e1lat &#8211; \u00datmutat\u00f3<\/a><\/li>\n<li>Csoportbeoszt\u00e1s \u2013 FOK \u2013 2025\/2026 \u2013 \u0151szi szemeszter (hamarosan)<\/li>\n<li><a href=\"https:\/\/semmelweis.hu\/fok\/files\/2023\/05\/Csoportbeosztas-Eljarasi-Rend-2023..pdf\">Csoportbeoszt\u00e1ssal kapcsolatos Elj\u00e1r\u00e1si Rend &#8211; D\u00e9k\u00e1ni Utas\u00edt\u00e1s<\/a><\/li>\n<li><a href=\"https:\/\/semmelweis.hu\/fok\/files\/2021\/07\/Di\u00e1kigazolv\u00e1ny-ig\u00e9nyl\u00e9s-menete-jav\u00edtott.jpg\">Di\u00e1kigazolv\u00e1ny ig\u00e9nyl\u00e9s menete<\/a><\/li>\n<li><a href=\"https:\/\/semmelweis.hu\/fok\/files\/2024\/06\/Jelentkezes-TKSZV-re-2022.07.07.docx\">Jelentkez\u00e9s TKSZV-re<\/a><\/li>\n<li><a href=\"https:\/\/semmelweis.hu\/fok\/files\/2025\/03\/KERELEM-TANULMANNYAL-OSSZEFUGGO-IRATOK-KIALLITASARA_2025.pdf\">K\u00c9RELEM-TANULM\u00c1NNYAL \u00d6SSZEF\u00dcGG\u0150 IRATOK KI\u00c1LL\u00cdT\u00c1S\u00c1RA_2025<\/a><\/li>\n<li>M\u00e1s fels\u0151oktat\u00e1si int\u00e9zm\u00e9nyb\u0151l t\u00f6rt\u00e9n\u0151 \u00e1tv\u00e9tel szab\u00e1lyoz\u00e1sa a Fogorvostudom\u00e1nyi Karon<\/li>\n<li><a href=\"https:\/\/semmelweis.hu\/fok\/files\/2023\/07\/Nyelvi-kovetelmenyek-2023.06.29.-Szenatus-1.pdf\">Nyelvi k\u00f6vetelm\u00e9nyek-2023.06.29.<\/a><\/li>\n<li><a href=\"https:\/\/semmelweis.hu\/jogigfoig\/files\/2025\/01\/SZMSZ_HKR_III_KONYV_III_7_RESZ_Jogorvoslati-Szabalyzat_hatalyos_20241220-tol.pdf\">Tanulm\u00e1nyi \u00fcgyekkel kapcsolatos fellebbez\u00e9s &#8211; Jogorvoslati Szab\u00e1lyzat <\/a><\/li>\n<\/ul>\n<\/div>\n<\/div>\n<p>&nbsp;<\/p>\n<p>&nbsp;<\/p>\n<\/div>\n","protected":false},"excerpt":{"rendered":"<p><a href=\"https:\/\/semmelweis.hu\/fok\/files\/2023\/09\/Alkalmassagi-vizsgalat-AOK_FOK_GYTK_felso-evfolyam-TAJEKOZTATO-level_230905.pdf\">Alkalmass\u00e1gi vizsg\u00e1lat &#8211; T\u00e1j\u00e9koztat\u00e1s<\/a><br \/>\n<a href=\"https:\/\/semmelweis.hu\/fok\/files\/2023\/09\/Alkalmassagi-vizsgalat-Aptitude_felsobb-evf_-felhasznaloi-utmutato.pdf\">Alkalmass\u00e1gi vizsg\u00e1lat &#8211; \u00datmutat\u00f3<\/a><br \/>\nCsoportbeoszt\u00e1s \u2013 FOK \u2013 2025\/2026 \u2013 \u0151szi szemeszter (hamarosan)<br \/>\n<a href=\"https:\/\/semmelweis.hu\/fok\/files\/2023\/05\/Csoportbeosztas-Eljarasi-Rend-2023..pdf\">Csoportbeoszt\u00e1ssal kapcsolatos Elj\u00e1r\u00e1si Rend &#8211; D\u00e9k\u00e1ni Utas\u00edt\u00e1s<\/a><br \/>\n<a href=\"https:\/\/semmelweis.hu\/fok\/files\/2021\/07\/Di\u00e1kigazolv\u00e1ny-ig\u00e9nyl\u00e9s-menete-jav\u00edtott.jpg\">Di\u00e1kigazolv\u00e1ny ig\u00e9nyl\u00e9s menete<\/a><br \/>\n<a href=\"https:\/\/semmelweis.hu\/fok\/files\/2024\/06\/Jelentkezes-TKSZV-re-2022.07.07.docx\">Jelentkez\u00e9s TKSZV-re<\/a><br \/>\n<a href=\"https:\/\/semmelweis.hu\/fok\/files\/2025\/03\/KERELEM-TANULMANNYAL-OSSZEFUGGO-IRATOK-KIALLITASARA_2025.pdf\">K\u00c9RELEM-TANULM\u00c1NNYAL \u00d6SSZEF\u00dcGG\u0150 IRATOK KI\u00c1LL\u00cdT\u00c1S\u00c1RA_2025<\/a><br \/>\nM\u00e1s fels\u0151oktat\u00e1si int\u00e9zm\u00e9nyb\u0151l t\u00f6rt\u00e9n\u0151 \u00e1tv\u00e9tel szab\u00e1lyoz\u00e1sa a Fogorvostudom\u00e1nyi Karon<br \/>\n<a href=\"https:\/\/semmelweis.hu\/fok\/files\/2023\/07\/Nyelvi-kovetelmenyek-2023.06.29.-Szenatus-1.pdf\">Nyelvi k\u00f6vetelm\u00e9nyek-2023.06.29.<\/a><br \/>\n<a href=\"https:\/\/semmelweis.hu\/jogigfoig\/files\/2025\/01\/SZMSZ_HKR_III_KONYV_III_7_RESZ_Jogorvoslati-Szabalyzat_hatalyos_20241220-tol.pdf\">Tanulm\u00e1nyi \u00fcgyekkel kapcsolatos fellebbez\u00e9s &#8211; Jogorvoslati Szab\u00e1lyzat <\/a><\/p>\n<p>&nbsp;<br \/>\n&nbsp;<\/p>\n","protected":false},"author":38,"featured_media":0,"parent":6058,"menu_order":1,"comment_status":"closed","ping_status":"closed","template":"template-fullwidth.php","meta":{"_acf_changed":false,"footnotes":""},"categories":[],"tags":[],"class_list":["post-1109","page","type-page","status-publish","hentry"],"acf":[],"_links":{"self":[{"href":"https:\/\/semmelweis.hu\/fok\/wp-json\/wp\/v2\/pages\/1109","targetHints":{"allow":["GET"]}}],"collection":[{"href":"https:\/\/semmelweis.hu\/fok\/wp-json\/wp\/v2\/pages"}],"about":[{"href":"https:\/\/semmelweis.hu\/fok\/wp-json\/wp\/v2\/types\/page"}],"author":[{"embeddable":true,"href":"https:\/\/semmelweis.hu\/fok\/wp-json\/wp\/v2\/users\/38"}],"replies":[{"embeddable":true,"href":"https:\/\/semmelweis.hu\/fok\/wp-json\/wp\/v2\/comments?post=1109"}],"version-history":[{"count":11,"href":"https:\/\/semmelweis.hu\/fok\/wp-json\/wp\/v2\/pages\/1109\/revisions"}],"predecessor-version":[{"id":11170,"href":"https:\/\/semmelweis.hu\/fok\/wp-json\/wp\/v2\/pages\/1109\/revisions\/11170"}],"up":[{"embeddable":true,"href":"https:\/\/semmelweis.hu\/fok\/wp-json\/wp\/v2\/pages\/6058"}],"wp:attachment":[{"href":"https:\/\/semmelweis.hu\/fok\/wp-json\/wp\/v2\/media?parent=1109"}],"wp:term":[{"taxonomy":"category","embeddable":true,"href":"https:\/\/semmelweis.hu\/fok\/wp-json\/wp\/v2\/categories?post=1109"},{"taxonomy":"post_tag","embeddable":true,"href":"https:\/\/semmelweis.hu\/fok\/wp-json\/wp\/v2\/tags?post=1109"}],"curies":[{"name":"wp","href":"https:\/\/api.w.org\/{rel}","templated":true}]}}