{"id":11038,"date":"2025-07-02T10:36:49","date_gmt":"2025-07-02T08:36:49","guid":{"rendered":"https:\/\/semmelweis.hu\/fok\/?page_id=11038"},"modified":"2025-09-03T10:43:39","modified_gmt":"2025-09-03T08:43:39","slug":"tantargyi-leirasok-szabadon-valaszthato-tantargyak","status":"publish","type":"page","link":"https:\/\/semmelweis.hu\/fok\/oktatas\/altalanos-informaciok-a-hallgatok-reszere\/tantargyi-leirasok-szabadon-valaszthato-tantargyak\/","title":{"rendered":"Tant\u00e1rgyi le\u00edr\u00e1sok-(szabadon v\u00e1laszthat\u00f3 tant\u00e1rgyak)"},"content":{"rendered":"<p><br style=\"font-size: 18pt\" \/><br \/>\n<strong>Tematik\u00e1k: <em>(felt\u00f6lt\u00e9s alatt)<\/em><\/strong><br \/>\n<a href=\"https:\/\/semmelweis.hu\/fok\/files\/2025\/07\/Tantargy-leiras-Klinikai-munka-FOK.pdf\">Klinikai munka (e\u00fc. szolg\u00e1lati jogviszonnyal)-magyar<\/a><br \/>\n<a href=\"https:\/\/semmelweis.hu\/fok\/files\/2025\/07\/Tantargy-leiras-Klinikai-munka-FOK-1_EN.pdf\">Klinikai munka (e\u00fc. szolg\u00e1lati jogviszonnyal)-angol<\/a><br \/>\n<a href=\"https:\/\/semmelweis.hu\/fok\/files\/2025\/07\/Tantargy-leiras-Klinikai-munka-FOK-1-1_ger_KK_vo.pdf\">Klinikai munka (e\u00fc. szolg\u00e1lati jogviszonnyal)-n\u00e9met<\/a><br \/>\n<a href=\"https:\/\/semmelweis.hu\/fok\/files\/2025\/07\/Felkeszito-angyol-nyelu-altalanos-nyelvi-zarovizsgara.pdf\">Felk\u00e9sz\u00edt\u0151 angol nyel\u0171 \u00e1ltal\u00e1nos nyelvi z\u00e1r\u00f3vizsg\u00e1ra<\/a><br \/>\n<a href=\"https:\/\/semmelweis.hu\/fok\/files\/2025\/07\/FOK-Mentorprogram-Tantargyleiras-2025.04.24.pdf\">FOK Mentorprogram\u00a0<\/a><br \/>\n<a href=\"https:\/\/semmelweis.hu\/fok\/files\/2025\/07\/Uj-Nemet-Szaknyelv-V.-magyarul.pdf\">\u00daj Nemet Szaknyelv V. -magyarul<\/a><\/p>\n<p>&nbsp;<\/p>\n<p>&nbsp;<\/p>\n<p>&nbsp;<\/p>\n","protected":false},"excerpt":{"rendered":"<p>Tematik\u00e1k: (felt\u00f6lt\u00e9s alatt)<br \/>\n<a href=\"https:\/\/semmelweis.hu\/fok\/files\/2025\/07\/Tantargy-leiras-Klinikai-munka-FOK.pdf\">Klinikai munka (e\u00fc. szolg\u00e1lati jogviszonnyal)-magyar<\/a><br \/>\n<a href=\"https:\/\/semmelweis.hu\/fok\/files\/2025\/07\/Tantargy-leiras-Klinikai-munka-FOK-1_EN.pdf\">Klinikai munka (e\u00fc. szolg\u00e1lati jogviszonnyal)-angol<\/a><br \/>\n<a href=\"https:\/\/semmelweis.hu\/fok\/files\/2025\/07\/Tantargy-leiras-Klinikai-munka-FOK-1-1_ger_KK_vo.pdf\">Klinikai munka (e\u00fc. szolg\u00e1lati jogviszonnyal)-n\u00e9met<\/a><br \/>\n<a href=\"https:\/\/semmelweis.hu\/fok\/files\/2025\/07\/Felkeszito-angyol-nyelu-altalanos-nyelvi-zarovizsgara.pdf\">Felk\u00e9sz\u00edt\u0151 angol nyel\u0171 \u00e1ltal\u00e1nos nyelvi z\u00e1r\u00f3vizsg\u00e1ra<\/a><br \/>\n<a href=\"https:\/\/semmelweis.hu\/fok\/files\/2025\/07\/FOK-Mentorprogram-Tantargyleiras-2025.04.24.pdf\">FOK Mentorprogram\u00a0<\/a><br \/>\n<a href=\"https:\/\/semmelweis.hu\/fok\/files\/2025\/07\/Uj-Nemet-Szaknyelv-V.-magyarul.pdf\">\u00daj Nemet Szaknyelv V. -magyarul<\/a><br \/>\n&nbsp;<br \/>\n&nbsp;<br \/>\n&nbsp;<\/p>\n","protected":false},"author":101171,"featured_media":0,"parent":6071,"menu_order":0,"comment_status":"closed","ping_status":"closed","template":"template-fullwidth.php","meta":{"_acf_changed":false,"footnotes":""},"categories":[],"tags":[],"class_list":["post-11038","page","type-page","status-publish","hentry"],"acf":[],"_links":{"self":[{"href":"https:\/\/semmelweis.hu\/fok\/wp-json\/wp\/v2\/pages\/11038","targetHints":{"allow":["GET"]}}],"collection":[{"href":"https:\/\/semmelweis.hu\/fok\/wp-json\/wp\/v2\/pages"}],"about":[{"href":"https:\/\/semmelweis.hu\/fok\/wp-json\/wp\/v2\/types\/page"}],"author":[{"embeddable":true,"href":"https:\/\/semmelweis.hu\/fok\/wp-json\/wp\/v2\/users\/101171"}],"replies":[{"embeddable":true,"href":"https:\/\/semmelweis.hu\/fok\/wp-json\/wp\/v2\/comments?post=11038"}],"version-history":[{"count":10,"href":"https:\/\/semmelweis.hu\/fok\/wp-json\/wp\/v2\/pages\/11038\/revisions"}],"predecessor-version":[{"id":11203,"href":"https:\/\/semmelweis.hu\/fok\/wp-json\/wp\/v2\/pages\/11038\/revisions\/11203"}],"up":[{"embeddable":true,"href":"https:\/\/semmelweis.hu\/fok\/wp-json\/wp\/v2\/pages\/6071"}],"wp:attachment":[{"href":"https:\/\/semmelweis.hu\/fok\/wp-json\/wp\/v2\/media?parent=11038"}],"wp:term":[{"taxonomy":"category","embeddable":true,"href":"https:\/\/semmelweis.hu\/fok\/wp-json\/wp\/v2\/categories?post=11038"},{"taxonomy":"post_tag","embeddable":true,"href":"https:\/\/semmelweis.hu\/fok\/wp-json\/wp\/v2\/tags?post=11038"}],"curies":[{"name":"wp","href":"https:\/\/api.w.org\/{rel}","templated":true}]}}