{"id":11005,"date":"2025-06-24T09:06:59","date_gmt":"2025-06-24T07:06:59","guid":{"rendered":"https:\/\/semmelweis.hu\/fok\/?page_id=11005"},"modified":"2025-06-24T09:36:02","modified_gmt":"2025-06-24T07:36:02","slug":"ekvivalencia-tablazatok","status":"publish","type":"page","link":"https:\/\/semmelweis.hu\/fok\/oktatas\/altalanos-informaciok-a-hallgatok-reszere\/kreditek-szemeszterenkenti-bontasban\/ekvivalencia-tablazatok\/","title":{"rendered":"Ekvivalencia t\u00e1bl\u00e1zatok"},"content":{"rendered":"<p><a href=\"https:\/\/semmelweis.hu\/fok\/files\/2025\/06\/Ekvivalencia-FOK-2025-zarashoz-ellenorzes-utani-VEGLEGES-HU-masolata.xlsx\">Ekvivalencia t\u00e1bl\u00e1zat &#8211; 2025.<\/a><\/p>\n<p><a href=\"https:\/\/semmelweis.hu\/fok\/files\/2025\/06\/KB_Hatarozat_diplomaba-1.pdf\">Kredit\u00e1tviteli Bizotts\u00e1g hat\u00e1rozata-2025<\/a><\/p>\n<p>&nbsp;<\/p>\n","protected":false},"excerpt":{"rendered":"<p><a href=\"https:\/\/semmelweis.hu\/fok\/files\/2025\/06\/Ekvivalencia-FOK-2025-zarashoz-ellenorzes-utani-VEGLEGES-HU-masolata.xlsx\">Ekvivalencia t\u00e1bl\u00e1zat &#8211; 2025.<\/a><br \/>\n<a href=\"https:\/\/semmelweis.hu\/fok\/files\/2025\/06\/KB_Hatarozat_diplomaba-1.pdf\">Kredit\u00e1tviteli Bizotts\u00e1g hat\u00e1rozata-2025<\/a><br \/>\n&nbsp;<\/p>\n","protected":false},"author":101171,"featured_media":0,"parent":65,"menu_order":2,"comment_status":"closed","ping_status":"closed","template":"","meta":{"_acf_changed":false,"footnotes":""},"categories":[],"tags":[],"class_list":["post-11005","page","type-page","status-publish","hentry"],"acf":[],"_links":{"self":[{"href":"https:\/\/semmelweis.hu\/fok\/wp-json\/wp\/v2\/pages\/11005","targetHints":{"allow":["GET"]}}],"collection":[{"href":"https:\/\/semmelweis.hu\/fok\/wp-json\/wp\/v2\/pages"}],"about":[{"href":"https:\/\/semmelweis.hu\/fok\/wp-json\/wp\/v2\/types\/page"}],"author":[{"embeddable":true,"href":"https:\/\/semmelweis.hu\/fok\/wp-json\/wp\/v2\/users\/101171"}],"replies":[{"embeddable":true,"href":"https:\/\/semmelweis.hu\/fok\/wp-json\/wp\/v2\/comments?post=11005"}],"version-history":[{"count":5,"href":"https:\/\/semmelweis.hu\/fok\/wp-json\/wp\/v2\/pages\/11005\/revisions"}],"predecessor-version":[{"id":11015,"href":"https:\/\/semmelweis.hu\/fok\/wp-json\/wp\/v2\/pages\/11005\/revisions\/11015"}],"up":[{"embeddable":true,"href":"https:\/\/semmelweis.hu\/fok\/wp-json\/wp\/v2\/pages\/65"}],"wp:attachment":[{"href":"https:\/\/semmelweis.hu\/fok\/wp-json\/wp\/v2\/media?parent=11005"}],"wp:term":[{"taxonomy":"category","embeddable":true,"href":"https:\/\/semmelweis.hu\/fok\/wp-json\/wp\/v2\/categories?post=11005"},{"taxonomy":"post_tag","embeddable":true,"href":"https:\/\/semmelweis.hu\/fok\/wp-json\/wp\/v2\/tags?post=11005"}],"curies":[{"name":"wp","href":"https:\/\/api.w.org\/{rel}","templated":true}]}}