{"id":11003,"date":"2025-06-24T09:04:50","date_gmt":"2025-06-24T07:04:50","guid":{"rendered":"https:\/\/semmelweis.hu\/fok\/?page_id=11003"},"modified":"2026-02-19T14:47:44","modified_gmt":"2026-02-19T13:47:44","slug":"mintatantervek","status":"publish","type":"page","link":"https:\/\/semmelweis.hu\/fok\/oktatas\/altalanos-informaciok-a-hallgatok-reszere\/kreditek-szemeszterenkenti-bontasban\/mintatantervek\/","title":{"rendered":"Mintatantervek        (aktu\u00e1lis)"},"content":{"rendered":"<h2>Fogorvostan-hallgat\u00f3k mintatanterve<\/h2>\n<h2>\n<span style=\"font-size: 18pt\">2025\/2026-os tan\u00e9v\u00a0<\/span><\/h2>\n<h3><a href=\"https:\/\/semmelweis.hu\/fok\/files\/2026\/02\/FOK_Kurrikulum_2.0_2025-26_I_II_III_IV.-evfolyam.xlsx\"><span style=\"font-size: 14pt\">FOK_Kurrikulum_2.0_2025-26_<strong>I_II_III_IV.-evfolyam<\/strong><\/span><\/a><br \/>\n<a href=\"https:\/\/semmelweis.hu\/fok\/files\/2025\/07\/FOK_Kurrikulum_2.0_2025-26_V.-evfolyam.xlsx\"><span style=\"font-size: 14pt\">FOK_Kurrikulum_2.0_2024-25 <\/span><strong><span style=\"font-size: 12pt\"><span style=\"font-size: 14pt\">V. \u00e9vfolyam<\/span><\/span><\/strong><\/a><\/h3>\n<h3><a href=\"https:\/\/semmelweis.hu\/fok\/files\/2025\/11\/0-AOK-FOK_Mintatanterv-2025.-KT-ra-2.0-Kurrikulum-MODOSITOTT.xlsx\"><span style=\"font-size: 18pt\"><span style=\"font-size: 14pt\">\u00c1OK-\u00e1t v\u00e9gzett hallgat\u00f3k kurrikuluma<\/span><\/span><\/a><\/h3>\n<h3>Szabadon v\u00e1laszthat\u00f3 tant\u00e1rgyak list\u00e1ja<\/h3>\n<h3><a href=\"https:\/\/semmelweis.hu\/fok\/files\/2026\/02\/FOK_szabval_targyak_tantargyi_eloadok.xlsx\"><span style=\"font-size: 14pt\">FOK_szabadon v\u00e1laszthat\u00f3 tant\u00e1rgyak<\/span><\/a><br \/>\n<span style=\"font-size: 14pt\"><a href=\"https:\/\/semmelweis.hu\/fok\/files\/2025\/08\/Szaknyelvi-Intezet-tantargyai-vegleges-X-2-masolata.xlsx\">Szaknyelvi Int\u00e9zet szabadon v\u00e1laszthat\u00f3 tant\u00e1rgyai <\/a><\/span><\/h3>\n<p>&nbsp;<\/p>\n<h3>\u00a02024\/2025-\u00f6s tan\u00e9v<\/p>\n<p><span style=\"font-size: 14pt\"><a href=\"https:\/\/semmelweis.hu\/fok\/files\/2025\/04\/FOK_Kurrikulum_2.0_2024-25_I_II_III.-evfolyam-2025.-marcius.xlsx\">FOK_Kurrikulum_2.0_2024-25 <strong>I.-II.-III. \u00e9vfolyam<\/strong><\/a><\/span><br \/>\n<span style=\"font-size: 14pt\"><a href=\"https:\/\/semmelweis.hu\/fok\/files\/2025\/04\/FOK_Kurrikulum_2.0_2024-25_IV.-evfolyam-2025.-marcius.xlsx\">FOK_Kurrikulum_2.0_2024-25 <strong>IV. \u00e9vfolyam<\/strong><\/a><\/span><br \/>\n<span style=\"font-size: 14pt\"><a href=\"https:\/\/semmelweis.hu\/fok\/files\/2026\/02\/FOK_Kurrikulum_2.0_2024-25_V.-evfolyam-2025.-marcius-masolata.xlsx\">FOK_Kurrikulum_2.0_2024-25_<strong>V.-\u00e9vfolyam<\/strong><\/a><\/span><\/h3>\n<h3><a href=\"https:\/\/semmelweis.hu\/fok\/oktatas\/altalanos-informaciok-a-hallgatok-reszere\/kreditek-szemeszterenkenti-bontasban\/kurrikulumok-2023-elott\/\">Kurrikulumok-2023 el\u0151tt \u2192<\/a><\/h3>\n","protected":false},"excerpt":{"rendered":"<p>Fogorvostan-hallgat\u00f3k mintatanterve<\/p>\n<p>2025\/2026-os tan\u00e9v\u00a0<br \/>\n<a href=\"https:\/\/semmelweis.hu\/fok\/files\/2026\/02\/FOK_Kurrikulum_2.0_2025-26_I_II_III_IV.-evfolyam.xlsx\">FOK_Kurrikulum_2.0_2025-26_I_II_III_IV.-evfolyam<\/a><br \/>\n<a href=\"https:\/\/semmelweis.hu\/fok\/files\/2025\/07\/FOK_Kurrikulum_2.0_2025-26_V.-evfolyam.xlsx\">FOK_Kurrikulum_2.0_2024-25 V. \u00e9vfolyam<\/a><br \/>\n<a href=\"https:\/\/semmelweis.hu\/fok\/files\/2025\/11\/0-AOK-FOK_Mintatanterv-2025.-KT-ra-2.0-Kurrikulum-MODOSITOTT.xlsx\">\u00c1OK-\u00e1t v\u00e9gzett hallgat\u00f3k kurrikuluma<\/a><br \/>\nSzabadon v\u00e1laszthat\u00f3 tant\u00e1rgyak list\u00e1ja<br \/>\n<a href=\"https:\/\/semmelweis.hu\/fok\/files\/2026\/02\/FOK_szabval_targyak_tantargyi_eloadok.xlsx\">FOK_szabadon v\u00e1laszthat\u00f3 tant\u00e1rgyak<\/a><br \/>\n<a href=\"https:\/\/semmelweis.hu\/fok\/files\/2025\/08\/Szaknyelvi-Intezet-tantargyai-vegleges-X-2-masolata.xlsx\">Szaknyelvi Int\u00e9zet szabadon v\u00e1laszthat\u00f3 tant\u00e1rgyai <\/a><br \/>\n&nbsp;<br \/>\n\u00a02024\/2025-\u00f6s tan\u00e9v<br \/>\n<a href=\"https:\/\/semmelweis.hu\/fok\/files\/2025\/04\/FOK_Kurrikulum_2.0_2024-25_I_II_III.-evfolyam-2025.-marcius.xlsx\">FOK_Kurrikulum_2.0_2024-25 I.-II.-III. \u00e9vfolyam<\/a><br \/>\n<a href=\"https:\/\/semmelweis.hu\/fok\/files\/2025\/04\/FOK_Kurrikulum_2.0_2024-25_IV.-evfolyam-2025.-marcius.xlsx\">FOK_Kurrikulum_2.0_2024-25 IV. \u00e9vfolyam<\/a><br \/>\n<a href=\"https:\/\/semmelweis.hu\/fok\/files\/2026\/02\/FOK_Kurrikulum_2.0_2024-25_V.-evfolyam-2025.-marcius-masolata.xlsx\">FOK_Kurrikulum_2.0_2024-25_V.-\u00e9vfolyam<\/a><br \/>\n<a href=\"https:\/\/semmelweis.hu\/fok\/oktatas\/altalanos-informaciok-a-hallgatok-reszere\/kreditek-szemeszterenkenti-bontasban\/kurrikulumok-2023-elott\/\">Kurrikulumok-2023 el\u0151tt \u2192<\/a><\/p>\n","protected":false},"author":101171,"featured_media":0,"parent":65,"menu_order":1,"comment_status":"closed","ping_status":"closed","template":"","meta":{"_acf_changed":false,"footnotes":""},"categories":[],"tags":[],"class_list":["post-11003","page","type-page","status-publish","hentry"],"acf":[],"_links":{"self":[{"href":"https:\/\/semmelweis.hu\/fok\/wp-json\/wp\/v2\/pages\/11003","targetHints":{"allow":["GET"]}}],"collection":[{"href":"https:\/\/semmelweis.hu\/fok\/wp-json\/wp\/v2\/pages"}],"about":[{"href":"https:\/\/semmelweis.hu\/fok\/wp-json\/wp\/v2\/types\/page"}],"author":[{"embeddable":true,"href":"https:\/\/semmelweis.hu\/fok\/wp-json\/wp\/v2\/users\/101171"}],"replies":[{"embeddable":true,"href":"https:\/\/semmelweis.hu\/fok\/wp-json\/wp\/v2\/comments?post=11003"}],"version-history":[{"count":10,"href":"https:\/\/semmelweis.hu\/fok\/wp-json\/wp\/v2\/pages\/11003\/revisions"}],"predecessor-version":[{"id":11211,"href":"https:\/\/semmelweis.hu\/fok\/wp-json\/wp\/v2\/pages\/11003\/revisions\/11211"}],"up":[{"embeddable":true,"href":"https:\/\/semmelweis.hu\/fok\/wp-json\/wp\/v2\/pages\/65"}],"wp:attachment":[{"href":"https:\/\/semmelweis.hu\/fok\/wp-json\/wp\/v2\/media?parent=11003"}],"wp:term":[{"taxonomy":"category","embeddable":true,"href":"https:\/\/semmelweis.hu\/fok\/wp-json\/wp\/v2\/categories?post=11003"},{"taxonomy":"post_tag","embeddable":true,"href":"https:\/\/semmelweis.hu\/fok\/wp-json\/wp\/v2\/tags?post=11003"}],"curies":[{"name":"wp","href":"https:\/\/api.w.org\/{rel}","templated":true}]}}