{"id":10906,"date":"2025-06-04T12:32:54","date_gmt":"2025-06-04T10:32:54","guid":{"rendered":"https:\/\/semmelweis.hu\/fok\/?page_id=10906"},"modified":"2025-06-26T14:47:34","modified_gmt":"2025-06-26T12:47:34","slug":"kari-tanacs-hatarozatok","status":"publish","type":"page","link":"https:\/\/semmelweis.hu\/fok\/a-karrol\/kari-tanacs-hatarozatok\/","title":{"rendered":"Kari Tan\u00e1cs hat\u00e1rozatok"},"content":{"rendered":"<h6>A kari hat\u00e1rozatok visszamen\u0151leg az al\u00e1bbi linkekre kattintva \u00e9rhet\u0151ek el:<\/h6>\n<h3><a href=\"https:\/\/semmelweis.hu\/fok\/files\/2025\/06\/hat.2025-06.pdf\">2025. \u00e9v hat\u00e1rozatai (pdf)<\/a><br \/>\n<a href=\"https:\/\/semmelweis.hu\/fok\/files\/2024\/12\/hat.2024-december.pdf\">2024. \u00e9v hat\u00e1rozatai (pdf)<\/a><br \/>\n<a href=\"https:\/\/semmelweis.hu\/fok\/files\/2024\/01\/hat.2023-deecmber.doc.pdf\">2023. \u00e9v hat\u00e1rozatai (pdf)<\/a><br \/>\n<a href=\"https:\/\/semmelweis.hu\/fok\/files\/2022\/12\/hat.2022.-december-9..pdf\">2022. \u00e9v hat\u00e1rozatai (pdf)<\/a><br \/>\n<a href=\"https:\/\/semmelweis.hu\/fok\/files\/2021\/12\/hat.2021-december.pdf\">2021. \u00e9v hat\u00e1rozatai (pdf) <\/a><br \/>\n<a href=\"https:\/\/semmelweis.hu\/fok\/files\/2021\/05\/hat.2020-\u00e9vi-teljes-V\u00c9GLEGES.pdf\">2020. \u00e9v hat\u00e1rozatai (pdf)<\/a><br \/>\n<a href=\"https:\/\/semmelweis.hu\/fok\/files\/2020\/01\/hat.2019.12..pdf\">2019.<\/a><br \/>\n<a href=\"https:\/\/semmelweis.hu\/fok\/files\/2019\/01\/hat.2018.pdf\">2018.<\/a><br \/>\n<a href=\"https:\/\/semmelweis.hu\/fok\/files\/2018\/01\/hat.2017.pdf\">2017.<\/a><br \/>\n<a href=\"https:\/\/semmelweis.hu\/fok\/files\/2016\/12\/hat.2016-3.pdf\">2016.<\/a><br \/>\n<a href=\"https:\/\/semmelweis.hu\/fok\/files\/2015\/11\/hat-2015-4.pdf\">2015.<\/a><br \/>\n<a href=\"https:\/\/semmelweis.hu\/fok\/files\/2015\/10\/hat-2014.pdf\">2014.<\/a><br \/>\n<a href=\"https:\/\/semmelweis.hu\/fok\/files\/2015\/10\/hat-2013.pdf\">2013.<\/a><br \/>\n<a href=\"https:\/\/semmelweis.hu\/fok\/files\/2015\/10\/hat-2012.pdf\">2012.<\/a><br \/>\n<a href=\"https:\/\/semmelweis.hu\/fok\/files\/2015\/10\/hat-2011.pdf\">2011.<\/a><br \/>\n<a href=\"https:\/\/semmelweis.hu\/fok\/files\/2015\/10\/hat-2010.pdf\">2010.<\/a><br \/>\n<a href=\"https:\/\/semmelweis.hu\/fok\/files\/2015\/10\/hat-2009.pdf\">2009.<\/a><br \/>\n<a href=\"https:\/\/semmelweis.hu\/fok\/files\/2015\/10\/hat-2008.pdf\">2008.<\/a><br \/>\n<a href=\"https:\/\/semmelweis.hu\/fok\/files\/2015\/10\/hat-2007.pdf\">2007.<\/a><br \/>\n<a href=\"https:\/\/semmelweis.hu\/fok\/files\/2015\/10\/hat-2006.pdf\">2006.<\/a><br \/>\n<a href=\"https:\/\/semmelweis.hu\/fok\/files\/2015\/10\/hat-2005.pdf\">2005.<\/a><br \/>\n<a href=\"https:\/\/semmelweis.hu\/fok\/files\/2015\/10\/hat-2004.pdf\">2004.<\/a><br \/>\n<a href=\"https:\/\/semmelweis.hu\/fok\/files\/2015\/10\/hat-2003.pdf\">2003.<\/a><br \/>\n<a href=\"https:\/\/semmelweis.hu\/fok\/files\/2015\/10\/hat-2002.pdf\">2002.<\/a><\/h3>\n<p>&nbsp;<\/p>\n","protected":false},"excerpt":{"rendered":"<p>A kari hat\u00e1rozatok visszamen\u0151leg az al\u00e1bbi linkekre kattintva \u00e9rhet\u0151ek el:<br \/>\n<a href=\"https:\/\/semmelweis.hu\/fok\/files\/2025\/06\/hat.2025-06.pdf\">2025. \u00e9v hat\u00e1rozatai (pdf)<\/a><br \/>\n<a href=\"https:\/\/semmelweis.hu\/fok\/files\/2024\/12\/hat.2024-december.pdf\">2024. \u00e9v hat\u00e1rozatai (pdf)<\/a><br \/>\n<a href=\"https:\/\/semmelweis.hu\/fok\/files\/2024\/01\/hat.2023-deecmber.doc.pdf\">2023. \u00e9v hat\u00e1rozatai (pdf)<\/a><br \/>\n<a href=\"https:\/\/semmelweis.hu\/fok\/files\/2022\/12\/hat.2022.-december-9..pdf\">2022. \u00e9v hat\u00e1rozatai (pdf)<\/a><br \/>\n<a href=\"https:\/\/semmelweis.hu\/fok\/files\/2021\/12\/hat.2021-december.pdf\">2021. \u00e9v hat\u00e1rozatai (pdf) <\/a><br \/>\n<a href=\"https:\/\/semmelweis.hu\/fok\/files\/2021\/05\/hat.2020-\u00e9vi-teljes-V\u00c9GLEGES.pdf\">2020. \u00e9v hat\u00e1rozatai (pdf)<\/a><br \/>\n<a href=\"https:\/\/semmelweis.hu\/fok\/files\/2020\/01\/hat.2019.12..pdf\">2019.<\/a><br \/>\n<a href=\"https:\/\/semmelweis.hu\/fok\/files\/2019\/01\/hat.2018.pdf\">2018.<\/a><br \/>\n<a href=\"https:\/\/semmelweis.hu\/fok\/files\/2018\/01\/hat.2017.pdf\">2017.<\/a><br \/>\n<a href=\"https:\/\/semmelweis.hu\/fok\/files\/2016\/12\/hat.2016-3.pdf\">2016.<\/a><br \/>\n<a href=\"https:\/\/semmelweis.hu\/fok\/files\/2015\/11\/hat-2015-4.pdf\">2015.<\/a><br \/>\n<a href=\"https:\/\/semmelweis.hu\/fok\/files\/2015\/10\/hat-2014.pdf\">2014.<\/a><br \/>\n<a href=\"https:\/\/semmelweis.hu\/fok\/files\/2015\/10\/hat-2013.pdf\">2013.<\/a><br \/>\n<a href=\"https:\/\/semmelweis.hu\/fok\/files\/2015\/10\/hat-2012.pdf\">2012.<\/a><br \/>\n<a href=\"https:\/\/semmelweis.hu\/fok\/files\/2015\/10\/hat-2011.pdf\">2011.<\/a><br \/>\n<a href=\"https:\/\/semmelweis.hu\/fok\/files\/2015\/10\/hat-2010.pdf\">2010.<\/a><br \/>\n<a href=\"https:\/\/semmelweis.hu\/fok\/files\/2015\/10\/hat-2009.pdf\">2009.<\/a><br \/>\n<a href=\"https:\/\/semmelweis.hu\/fok\/files\/2015\/10\/hat-2008.pdf\">2008.<\/a><br \/>\n<a href=\"https:\/\/semmelweis.hu\/fok\/files\/2015\/10\/hat-2007.pdf\">2007.<\/a><br \/>\n<a href=\"https:\/\/semmelweis.hu\/fok\/files\/2015\/10\/hat-2006.pdf\">2006.<\/a><br \/>\n<a href=\"https:\/\/semmelweis.hu\/fok\/files\/2015\/10\/hat-2005.pdf\">2005.<\/a><br \/>\n<a href=\"https:\/\/semmelweis.hu\/fok\/files\/2015\/10\/hat-2004.pdf\">2004.<\/a><br \/>\n<a href=\"https:\/\/semmelweis.hu\/fok\/files\/2015\/10\/hat-2003.pdf\">2003.<\/a><br \/>\n<a href=\"https:\/\/semmelweis.hu\/fok\/files\/2015\/10\/hat-2002.pdf\">2002.<\/a><br \/>\n&nbsp;<\/p>\n","protected":false},"author":101171,"featured_media":0,"parent":5,"menu_order":2,"comment_status":"closed","ping_status":"closed","template":"","meta":{"_acf_changed":false,"footnotes":""},"categories":[],"tags":[],"class_list":["post-10906","page","type-page","status-publish","hentry"],"acf":[],"_links":{"self":[{"href":"https:\/\/semmelweis.hu\/fok\/wp-json\/wp\/v2\/pages\/10906","targetHints":{"allow":["GET"]}}],"collection":[{"href":"https:\/\/semmelweis.hu\/fok\/wp-json\/wp\/v2\/pages"}],"about":[{"href":"https:\/\/semmelweis.hu\/fok\/wp-json\/wp\/v2\/types\/page"}],"author":[{"embeddable":true,"href":"https:\/\/semmelweis.hu\/fok\/wp-json\/wp\/v2\/users\/101171"}],"replies":[{"embeddable":true,"href":"https:\/\/semmelweis.hu\/fok\/wp-json\/wp\/v2\/comments?post=10906"}],"version-history":[{"count":6,"href":"https:\/\/semmelweis.hu\/fok\/wp-json\/wp\/v2\/pages\/10906\/revisions"}],"predecessor-version":[{"id":11023,"href":"https:\/\/semmelweis.hu\/fok\/wp-json\/wp\/v2\/pages\/10906\/revisions\/11023"}],"up":[{"embeddable":true,"href":"https:\/\/semmelweis.hu\/fok\/wp-json\/wp\/v2\/pages\/5"}],"wp:attachment":[{"href":"https:\/\/semmelweis.hu\/fok\/wp-json\/wp\/v2\/media?parent=10906"}],"wp:term":[{"taxonomy":"category","embeddable":true,"href":"https:\/\/semmelweis.hu\/fok\/wp-json\/wp\/v2\/categories?post=10906"},{"taxonomy":"post_tag","embeddable":true,"href":"https:\/\/semmelweis.hu\/fok\/wp-json\/wp\/v2\/tags?post=10906"}],"curies":[{"name":"wp","href":"https:\/\/api.w.org\/{rel}","templated":true}]}}