{"id":10883,"date":"2025-06-03T14:42:09","date_gmt":"2025-06-03T12:42:09","guid":{"rendered":"https:\/\/semmelweis.hu\/fok\/?page_id=10883"},"modified":"2025-06-03T15:06:27","modified_gmt":"2025-06-03T13:06:27","slug":"zarovizsga-es-vegzos-hallgatok-ugyei-2025","status":"publish","type":"page","link":"https:\/\/semmelweis.hu\/fok\/oktatas\/altalanos-informaciok-a-hallgatok-reszere\/zarovizsga-es-vegzos-hallgatok-ugyei-2025\/","title":{"rendered":"Z\u00e1r\u00f3vizsga \u00e9s v\u00e9gz\u0151s hallgat\u00f3k \u00fcgyei-2025"},"content":{"rendered":"<style>\n           #page-grid .card-body > .line-clamp-box.excerpt{\n        width: inherit;\n        max-width: inherit;\n        display:flex;\n        min-height: 2.4em;\n        flex-direction: column;\n        justify-content: space-around;\n        background-color: #D6E4EA;\n        min-height: 3.4rem;\n        font-family: \"Montserrat\", sans-serif;\n    }\n\n    #page-grid a:hover .card-body > .line-clamp-box.excerpt {\n        background-color: #fff;\n        color: #313B40;\n    }\n\n    #page-grid .card-body .line-clamp-box.excerpt section{\n        max-width: inherit;\n        display: -webkit-box;\n        -webkit-line-clamp: 2;\n        -webkit-box-orient: vertical;\n        overflow: hidden;\n        text-overflow: ellipsis;\n        hyphens: auto;\n        margin: auto;\n        \n    }\n    .line-clamp-box.excerpt section, .line-clamp-box.excerpt section p{\n        font-size:0.8em;\n    }\n    \n<\/style>\n    <section id=\"page-grid\">\n        <section class=\"d-block d-md-flex title-row my-3 ml-0 ml-md-1\">\n<div class=\"section-title  mb-1 \">\n<h2>\n    Z\u00e1r\u00f3vizsga \u00e9s v\u00e9gz\u0151s hallgat\u00f3k \u00fcgyei-2025\n<\/h2>\n<\/div>\n<\/section>\n        <div class=\"row row-cols-1 row-cols-md-2 row-cols-lg-4 no-gutters mx-0 \">    <div class =\"col  mb-2 card-wrapper\">\n        <a class=\"d-flex flex-fill card-link-warapper m-md-1\" href=\"https:\/\/semmelweis.hu\/fok\/oktatas\/altalanos-informaciok-a-hallgatok-reszere\/zarovizsga-es-vegzos-hallgatok-ugyei-2025\/zarovizsga-eljarasi-rend-3\/\">\n            <div class=\"card border border-secondary se-border flex-fill\">\n                <div class=\"row no-gutters mx-0 d-flex flex-nowrap flex-md-wrap align-items-center\">\n                    <div class =\"  col-5 col-md-12  d-none  d-md-none d-md-none  bg-image  card-image justify-content-center\">\n                        <img class='wp-post-image img-fluid landscape' src='https:\/\/semmelweis.hu\/fok\/wp-content\/themes\/se18\/dist\/images\/svg\/bg-image.svg' \/>\n                    <\/div>\n                    <div class=\"card-body  col flex-column  col-md-12 p-0\">\n                        <div class=\"line-clamp-box p-3\">\n                            <h5 class=\"ml-0 ml-sm-1 mt-2 align-items-center\"  >Z\u00e1r\u00f3vizsga Szab\u00e1lyzatok<\/h5>\n                        <\/div>\n                            <div class= \"line-clamp-box excerpt m-0 p-2 pl-3\">\n        <section>\n            Z\u00e1r\u00f3vizsga Elj\u00e1r\u00e1si Rend (pdf)\n2025. \u00e9vi online Z\u00e1r\u00f3vizsga elj\u00e1r\u00e1srend FOK\n\nFOK Elj\u00e1r\u00e1srend &#8211; Kivonat &#8211; hallgat\u00f3i kivonat\n\n        <\/section>\n    <\/div>\n                    <\/div>\n                <\/div>\n\n            <\/div>\n        <\/a>\n    <\/div>    <div class =\"col  mb-2 card-wrapper\">\n        <a class=\"d-flex flex-fill card-link-warapper m-md-1\" href=\"https:\/\/semmelweis.hu\/fok\/oktatas\/altalanos-informaciok-a-hallgatok-reszere\/zarovizsga-es-vegzos-hallgatok-ugyei-2025\/diplomaatlag-szamitas-ekvivalencia\/\">\n            <div class=\"card border border-secondary se-border flex-fill\">\n                <div class=\"row no-gutters mx-0 d-flex flex-nowrap flex-md-wrap align-items-center\">\n                    <div class =\"  col-5 col-md-12  d-none  d-md-none d-md-none  bg-image  card-image justify-content-center\">\n                        <img class='wp-post-image img-fluid landscape' src='https:\/\/semmelweis.hu\/fok\/wp-content\/themes\/se18\/dist\/images\/svg\/bg-image.svg' \/>\n                    <\/div>\n                    <div class=\"card-body  col flex-column  col-md-12 p-0\">\n                        <div class=\"line-clamp-box p-3\">\n                            <h5 class=\"ml-0 ml-sm-1 mt-2 align-items-center\"  >Diploma\u00e1tlag sz\u00e1m\u00edt\u00e1s-Ekvivalencia<\/h5>\n                        <\/div>\n                            <div class= \"line-clamp-box excerpt m-0 p-2 pl-3\">\n        <section>\n            \nEkvivalencia t\u00e1bl\u00e1zat &#8211; diploma\u00e1tlag sz\u00e1m\u00edt\u00e1s-2025\nHat\u00e1rozat-ekvivalencia-2025\n\u00a0\nKredit\u00e1tviteli Bizotts\u00e1g hat\u00e1rozata &#8211; diploma\u00e1tlag sz\u00e1m\u00edt\u00e1s-2024\nTanulm\u00e1nyi \u00e9s Vizsga Bizotts\u00e1g hat\u00e1rozata &#8211; diploma\u00e1tlag sz\u00e1m\u00edt\u00e1s-2024\nEkvivalencia t\u00e1bl\u00e1zat &#8211; diploma\u00e1tlag sz\u00e1m\u00edt\u00e1s-2024\n\n\n        <\/section>\n    <\/div>\n                    <\/div>\n                <\/div>\n\n            <\/div>\n        <\/a>\n    <\/div>    <div class =\"col  mb-2 card-wrapper\">\n        <a class=\"d-flex flex-fill card-link-warapper m-md-1\" href=\"https:\/\/semmelweis.hu\/fok\/oktatas\/altalanos-informaciok-a-hallgatok-reszere\/zarovizsga-es-vegzos-hallgatok-ugyei-2025\/zarovizsgaval-kapcsolatos-informaciok-2025\/\">\n            <div class=\"card border border-secondary se-border flex-fill\">\n                <div class=\"row no-gutters mx-0 d-flex flex-nowrap flex-md-wrap align-items-center\">\n                    <div class =\"  col-5 col-md-12  d-none  d-md-none d-md-none  bg-image  card-image justify-content-center\">\n                        <img class='wp-post-image img-fluid landscape' src='https:\/\/semmelweis.hu\/fok\/wp-content\/themes\/se18\/dist\/images\/svg\/bg-image.svg' \/>\n                    <\/div>\n                    <div class=\"card-body  col flex-column  col-md-12 p-0\">\n                        <div class=\"line-clamp-box p-3\">\n                            <h5 class=\"ml-0 ml-sm-1 mt-2 align-items-center\"  >Z\u00e1r\u00f3vizsg\u00e1val kapcsolatos inform\u00e1ci\u00f3k -2025.<\/h5>\n                        <\/div>\n                            <div class= \"line-clamp-box excerpt m-0 p-2 pl-3\">\n        <section>\n            \nHallgat\u00f3i terembeoszt\u00e1s &#8211; \u00cdr\u00e1sbeli Z\u00e1r\u00f3vizsga\nCsoportbeoszt\u00e1s a 2025. \u00e9vi gyakorlati \u00e9s sz\u00f3beli z\u00e1r\u00f3vizsg\u00e1hoz &#8211; 2025. j\u00fanius 18-20\nTags\u00e1gi felh\u00edv\u00e1s &#8211; Magyar Fogorvosok Egyes\u00fclete\nTagfelv\u00e9teli lap &#8211; Magyar Fogorvosok Egyes\u00fclete\nT\u00e1j\u00e9koztat\u00f3 fogorvosi diplom\u00e1val rendelkez\u0151k r\u00e9sz\u00e9re a Magyarorsz\u00e1gon t\u00f6rt\u00e9n\u0151 eg\u00e9szs\u00e9g\u00fcgyi tev\u00e9kenys\u00e9g megkezd\u00e9se el\u0151tti teend\u0151kr\u0151l\n\u00cdr\u00e1sbeli Z\u00e1r\u00f3vizsga eredm\u00e9nyek (magyar)\nWritten Board Exam results\u00a0\nErgebnisse der schriftlichen Zahnmedizinischen ..\n        <\/section>\n    <\/div>\n                    <\/div>\n                <\/div>\n\n            <\/div>\n        <\/a>\n    <\/div>        <\/div>\n    <\/section>\n","protected":false},"excerpt":{"rendered":"","protected":false},"author":101171,"featured_media":0,"parent":6071,"menu_order":0,"comment_status":"closed","ping_status":"closed","template":"template-fullwidth.php","meta":{"_acf_changed":false,"footnotes":""},"categories":[],"tags":[],"class_list":["post-10883","page","type-page","status-publish","hentry"],"acf":[],"_links":{"self":[{"href":"https:\/\/semmelweis.hu\/fok\/wp-json\/wp\/v2\/pages\/10883","targetHints":{"allow":["GET"]}}],"collection":[{"href":"https:\/\/semmelweis.hu\/fok\/wp-json\/wp\/v2\/pages"}],"about":[{"href":"https:\/\/semmelweis.hu\/fok\/wp-json\/wp\/v2\/types\/page"}],"author":[{"embeddable":true,"href":"https:\/\/semmelweis.hu\/fok\/wp-json\/wp\/v2\/users\/101171"}],"replies":[{"embeddable":true,"href":"https:\/\/semmelweis.hu\/fok\/wp-json\/wp\/v2\/comments?post=10883"}],"version-history":[{"count":3,"href":"https:\/\/semmelweis.hu\/fok\/wp-json\/wp\/v2\/pages\/10883\/revisions"}],"predecessor-version":[{"id":10888,"href":"https:\/\/semmelweis.hu\/fok\/wp-json\/wp\/v2\/pages\/10883\/revisions\/10888"}],"up":[{"embeddable":true,"href":"https:\/\/semmelweis.hu\/fok\/wp-json\/wp\/v2\/pages\/6071"}],"wp:attachment":[{"href":"https:\/\/semmelweis.hu\/fok\/wp-json\/wp\/v2\/media?parent=10883"}],"wp:term":[{"taxonomy":"category","embeddable":true,"href":"https:\/\/semmelweis.hu\/fok\/wp-json\/wp\/v2\/categories?post=10883"},{"taxonomy":"post_tag","embeddable":true,"href":"https:\/\/semmelweis.hu\/fok\/wp-json\/wp\/v2\/tags?post=10883"}],"curies":[{"name":"wp","href":"https:\/\/api.w.org\/{rel}","templated":true}]}}