{"id":10880,"date":"2025-06-03T14:22:58","date_gmt":"2025-06-03T12:22:58","guid":{"rendered":"https:\/\/semmelweis.hu\/fok\/?page_id=10880"},"modified":"2025-06-17T09:14:22","modified_gmt":"2025-06-17T07:14:22","slug":"zarovizsgaval-kapcsolatos-informaciok-2025","status":"publish","type":"page","link":"https:\/\/semmelweis.hu\/fok\/oktatas\/altalanos-informaciok-a-hallgatok-reszere\/zarovizsga-es-vegzos-hallgatok-ugyei-2025\/zarovizsgaval-kapcsolatos-informaciok-2025\/","title":{"rendered":"Z\u00e1r\u00f3vizsg\u00e1val kapcsolatos inform\u00e1ci\u00f3k -2025."},"content":{"rendered":"<ul>\n<li><a href=\"https:\/\/semmelweis.hu\/fok\/files\/2025\/06\/Hallgatoi-terembeosztas-HONLAPRA-masolata.xlsx\">Hallgat\u00f3i terembeoszt\u00e1s &#8211; \u00cdr\u00e1sbeli Z\u00e1r\u00f3vizsga<\/a><\/li>\n<li><a href=\"https:\/\/semmelweis.hu\/fok\/files\/2025\/05\/V.-evfolyam-Magyar-csoportbeosztas-gyakorlati-es-szobeli-zarovizsgahoz-2025.pdf\" target=\"_blank\" rel=\"noopener\">Csoportbeoszt\u00e1s a 2025. \u00e9vi gyakorlati \u00e9s sz\u00f3beli z\u00e1r\u00f3vizsg\u00e1hoz &#8211; 2025. j\u00fanius 18-20<\/a><\/li>\n<li><a href=\"https:\/\/mfe-hda.hu\/tagfelvetel\/\">Tags\u00e1gi felh\u00edv\u00e1s &#8211; Magyar Fogorvosok Egyes\u00fclete<\/a><\/li>\n<li><a href=\"https:\/\/semmelweis.hu\/fok\/files\/2025\/05\/Tagfelveteli_lap_frissen-vegzett-fogorvosok.pdf\">Tagfelv\u00e9teli lap &#8211; Magyar Fogorvosok Egyes\u00fclete<\/a><\/li>\n<li><a href=\"https:\/\/semmelweis.hu\/fok\/?page_id=3984&amp;preview=true\">T\u00e1j\u00e9koztat\u00f3 fogorvosi diplom\u00e1val rendelkez\u0151k r\u00e9sz\u00e9re a Magyarorsz\u00e1gon t\u00f6rt\u00e9n\u0151 eg\u00e9szs\u00e9g\u00fcgyi tev\u00e9kenys\u00e9g megkezd\u00e9se el\u0151tti teend\u0151kr\u0151l<\/a><\/li>\n<li><a href=\"https:\/\/semmelweis.hu\/fok\/files\/2025\/06\/Magyar_honlap.xlsx\" target=\"_blank\" rel=\"noopener\">\u00cdr\u00e1sbeli Z\u00e1r\u00f3vizsga eredm\u00e9nyek (magyar)<\/a><\/li>\n<li><a href=\"https:\/\/semmelweis.hu\/fok\/files\/2025\/06\/Angol_honlap.xlsx\" target=\"_blank\" rel=\"noopener\">Written Board Exam results\u00a0<\/a><\/li>\n<li><a href=\"https:\/\/semmelweis.hu\/fok\/files\/2025\/06\/Nemet_honlap.xlsx\" target=\"_blank\" rel=\"noopener\">Ergebnisse der schriftlichen Zahnmedizinischen Abschlusspr\u00fcfung<\/a><\/li>\n<\/ul>\n","protected":false},"excerpt":{"rendered":"<p><a href=\"https:\/\/semmelweis.hu\/fok\/files\/2025\/06\/Hallgatoi-terembeosztas-HONLAPRA-masolata.xlsx\">Hallgat\u00f3i terembeoszt\u00e1s &#8211; \u00cdr\u00e1sbeli Z\u00e1r\u00f3vizsga<\/a><br \/>\n<a href=\"https:\/\/semmelweis.hu\/fok\/files\/2025\/05\/V.-evfolyam-Magyar-csoportbeosztas-gyakorlati-es-szobeli-zarovizsgahoz-2025.pdf\" target=\"_blank\" rel=\"noopener\">Csoportbeoszt\u00e1s a 2025. \u00e9vi gyakorlati \u00e9s sz\u00f3beli z\u00e1r\u00f3vizsg\u00e1hoz &#8211; 2025. j\u00fanius 18-20<\/a><br \/>\n<a href=\"https:\/\/mfe-hda.hu\/tagfelvetel\/\">Tags\u00e1gi felh\u00edv\u00e1s &#8211; Magyar Fogorvosok Egyes\u00fclete<\/a><br \/>\n<a href=\"https:\/\/semmelweis.hu\/fok\/files\/2025\/05\/Tagfelveteli_lap_frissen-vegzett-fogorvosok.pdf\">Tagfelv\u00e9teli lap &#8211; Magyar Fogorvosok Egyes\u00fclete<\/a><br \/>\n<a href=\"https:\/\/semmelweis.hu\/fok\/?page_id=3984&amp;preview=true\">T\u00e1j\u00e9koztat\u00f3 fogorvosi diplom\u00e1val rendelkez\u0151k r\u00e9sz\u00e9re a Magyarorsz\u00e1gon t\u00f6rt\u00e9n\u0151 eg\u00e9szs\u00e9g\u00fcgyi tev\u00e9kenys\u00e9g megkezd\u00e9se el\u0151tti teend\u0151kr\u0151l<\/a><br \/>\n<a href=\"https:\/\/semmelweis.hu\/fok\/files\/2025\/06\/Magyar_honlap.xlsx\" target=\"_blank\" rel=\"noopener\">\u00cdr\u00e1sbeli Z\u00e1r\u00f3vizsga eredm\u00e9nyek (magyar)<\/a><br \/>\n<a href=\"https:\/\/semmelweis.hu\/fok\/files\/2025\/06\/Angol_honlap.xlsx\" target=\"_blank\" rel=\"noopener\">Written Board Exam results\u00a0<\/a><br \/>\n<a href=\"https:\/\/semmelweis.hu\/fok\/files\/2025\/06\/Nemet_honlap.xlsx\" target=\"_blank\" rel=\"noopener\">Ergebnisse der schriftlichen Zahnmedizinischen Abschlusspr\u00fcfung<\/a><\/p>\n","protected":false},"author":101171,"featured_media":0,"parent":10883,"menu_order":3,"comment_status":"closed","ping_status":"closed","template":"","meta":{"_acf_changed":false,"footnotes":""},"categories":[],"tags":[],"class_list":["post-10880","page","type-page","status-publish","hentry"],"acf":[],"_links":{"self":[{"href":"https:\/\/semmelweis.hu\/fok\/wp-json\/wp\/v2\/pages\/10880","targetHints":{"allow":["GET"]}}],"collection":[{"href":"https:\/\/semmelweis.hu\/fok\/wp-json\/wp\/v2\/pages"}],"about":[{"href":"https:\/\/semmelweis.hu\/fok\/wp-json\/wp\/v2\/types\/page"}],"author":[{"embeddable":true,"href":"https:\/\/semmelweis.hu\/fok\/wp-json\/wp\/v2\/users\/101171"}],"replies":[{"embeddable":true,"href":"https:\/\/semmelweis.hu\/fok\/wp-json\/wp\/v2\/comments?post=10880"}],"version-history":[{"count":8,"href":"https:\/\/semmelweis.hu\/fok\/wp-json\/wp\/v2\/pages\/10880\/revisions"}],"predecessor-version":[{"id":10980,"href":"https:\/\/semmelweis.hu\/fok\/wp-json\/wp\/v2\/pages\/10880\/revisions\/10980"}],"up":[{"embeddable":true,"href":"https:\/\/semmelweis.hu\/fok\/wp-json\/wp\/v2\/pages\/10883"}],"wp:attachment":[{"href":"https:\/\/semmelweis.hu\/fok\/wp-json\/wp\/v2\/media?parent=10880"}],"wp:term":[{"taxonomy":"category","embeddable":true,"href":"https:\/\/semmelweis.hu\/fok\/wp-json\/wp\/v2\/categories?post=10880"},{"taxonomy":"post_tag","embeddable":true,"href":"https:\/\/semmelweis.hu\/fok\/wp-json\/wp\/v2\/tags?post=10880"}],"curies":[{"name":"wp","href":"https:\/\/api.w.org\/{rel}","templated":true}]}}