{"id":10875,"date":"2025-06-03T14:20:23","date_gmt":"2025-06-03T12:20:23","guid":{"rendered":"https:\/\/semmelweis.hu\/fok\/?page_id=10875"},"modified":"2025-06-03T15:29:27","modified_gmt":"2025-06-03T13:29:27","slug":"diplomaatlag-szamitas-ekvivalencia","status":"publish","type":"page","link":"https:\/\/semmelweis.hu\/fok\/oktatas\/altalanos-informaciok-a-hallgatok-reszere\/zarovizsga-es-vegzos-hallgatok-ugyei-2025\/diplomaatlag-szamitas-ekvivalencia\/","title":{"rendered":"Diploma\u00e1tlag sz\u00e1m\u00edt\u00e1s-Ekvivalencia"},"content":{"rendered":"<ul>\n<li><a href=\"https:\/\/semmelweis.hu\/fok\/files\/2025\/06\/HU-Ekvivalencia-FOK-2025-zarashoz-ellenorzes-utani-VEGLEGES.xlsx\">Ekvivalencia t\u00e1bl\u00e1zat &#8211; diploma\u00e1tlag sz\u00e1m\u00edt\u00e1s-2025<\/a><\/li>\n<li><a href=\"https:\/\/semmelweis.hu\/fok\/files\/2025\/06\/KB_Hatarozat_diplomaba.pdf\">Hat\u00e1rozat-ekvivalencia-2025<\/a><\/li>\n<li>\u00a0<\/li>\n<li><a href=\"https:\/\/semmelweis.hu\/fok\/files\/2024\/06\/KB-hatarozat.pdf\">Kredit\u00e1tviteli Bizotts\u00e1g hat\u00e1rozata &#8211; diploma\u00e1tlag sz\u00e1m\u00edt\u00e1s-2024<\/a><\/li>\n<li><a href=\"https:\/\/semmelweis.hu\/fok\/files\/2024\/06\/TB-hatarozat.pdf\">Tanulm\u00e1nyi \u00e9s Vizsga Bizotts\u00e1g hat\u00e1rozata &#8211; diploma\u00e1tlag sz\u00e1m\u00edt\u00e1s-2024<\/a><\/li>\n<li><a href=\"https:\/\/semmelweis.hu\/fok\/files\/2024\/06\/MAGYAR-FOK-Kurrikulum-EKVIVALENCIA-2023.-24_5.-evfolyam-vegleges.xlsx\">Ekvivalencia t\u00e1bl\u00e1zat &#8211; diploma\u00e1tlag sz\u00e1m\u00edt\u00e1s-2024<\/a><\/li>\n<\/ul>\n","protected":false},"excerpt":{"rendered":"<p><a href=\"https:\/\/semmelweis.hu\/fok\/files\/2025\/06\/HU-Ekvivalencia-FOK-2025-zarashoz-ellenorzes-utani-VEGLEGES.xlsx\">Ekvivalencia t\u00e1bl\u00e1zat &#8211; diploma\u00e1tlag sz\u00e1m\u00edt\u00e1s-2025<\/a><br \/>\n<a href=\"https:\/\/semmelweis.hu\/fok\/files\/2025\/06\/KB_Hatarozat_diplomaba.pdf\">Hat\u00e1rozat-ekvivalencia-2025<\/a><br \/>\n\u00a0<br \/>\n<a href=\"https:\/\/semmelweis.hu\/fok\/files\/2024\/06\/KB-hatarozat.pdf\">Kredit\u00e1tviteli Bizotts\u00e1g hat\u00e1rozata &#8211; diploma\u00e1tlag sz\u00e1m\u00edt\u00e1s-2024<\/a><br \/>\n<a href=\"https:\/\/semmelweis.hu\/fok\/files\/2024\/06\/TB-hatarozat.pdf\">Tanulm\u00e1nyi \u00e9s Vizsga Bizotts\u00e1g hat\u00e1rozata &#8211; diploma\u00e1tlag sz\u00e1m\u00edt\u00e1s-2024<\/a><br \/>\n<a href=\"https:\/\/semmelweis.hu\/fok\/files\/2024\/06\/MAGYAR-FOK-Kurrikulum-EKVIVALENCIA-2023.-24_5.-evfolyam-vegleges.xlsx\">Ekvivalencia t\u00e1bl\u00e1zat &#8211; diploma\u00e1tlag sz\u00e1m\u00edt\u00e1s-2024<\/a><\/p>\n","protected":false},"author":101171,"featured_media":0,"parent":10883,"menu_order":2,"comment_status":"closed","ping_status":"closed","template":"","meta":{"_acf_changed":false,"footnotes":""},"categories":[],"tags":[],"class_list":["post-10875","page","type-page","status-publish","hentry"],"acf":[],"_links":{"self":[{"href":"https:\/\/semmelweis.hu\/fok\/wp-json\/wp\/v2\/pages\/10875","targetHints":{"allow":["GET"]}}],"collection":[{"href":"https:\/\/semmelweis.hu\/fok\/wp-json\/wp\/v2\/pages"}],"about":[{"href":"https:\/\/semmelweis.hu\/fok\/wp-json\/wp\/v2\/types\/page"}],"author":[{"embeddable":true,"href":"https:\/\/semmelweis.hu\/fok\/wp-json\/wp\/v2\/users\/101171"}],"replies":[{"embeddable":true,"href":"https:\/\/semmelweis.hu\/fok\/wp-json\/wp\/v2\/comments?post=10875"}],"version-history":[{"count":9,"href":"https:\/\/semmelweis.hu\/fok\/wp-json\/wp\/v2\/pages\/10875\/revisions"}],"predecessor-version":[{"id":10900,"href":"https:\/\/semmelweis.hu\/fok\/wp-json\/wp\/v2\/pages\/10875\/revisions\/10900"}],"up":[{"embeddable":true,"href":"https:\/\/semmelweis.hu\/fok\/wp-json\/wp\/v2\/pages\/10883"}],"wp:attachment":[{"href":"https:\/\/semmelweis.hu\/fok\/wp-json\/wp\/v2\/media?parent=10875"}],"wp:term":[{"taxonomy":"category","embeddable":true,"href":"https:\/\/semmelweis.hu\/fok\/wp-json\/wp\/v2\/categories?post=10875"},{"taxonomy":"post_tag","embeddable":true,"href":"https:\/\/semmelweis.hu\/fok\/wp-json\/wp\/v2\/tags?post=10875"}],"curies":[{"name":"wp","href":"https:\/\/api.w.org\/{rel}","templated":true}]}}