{"id":10873,"date":"2025-06-03T14:08:37","date_gmt":"2025-06-03T12:08:37","guid":{"rendered":"https:\/\/semmelweis.hu\/fok\/?page_id=10873"},"modified":"2025-06-03T15:01:30","modified_gmt":"2025-06-03T13:01:30","slug":"zarovizsga-eljarasi-rend-3","status":"publish","type":"page","link":"https:\/\/semmelweis.hu\/fok\/oktatas\/altalanos-informaciok-a-hallgatok-reszere\/zarovizsga-es-vegzos-hallgatok-ugyei-2025\/zarovizsga-eljarasi-rend-3\/","title":{"rendered":"Z\u00e1r\u00f3vizsga Szab\u00e1lyzatok"},"content":{"rendered":"<p><strong><a href=\"https:\/\/semmelweis.hu\/fok\/files\/2023\/02\/FOK_Zarovizsga-eljarasi-rend_vegleges-2023-javitott.pdf\">Z\u00e1r\u00f3vizsga Elj\u00e1r\u00e1si Rend (pdf)<\/a><\/p>\n<p><a href=\"https:\/\/semmelweis.hu\/fok\/files\/2025\/05\/2025.-evi-online-Zarovizsga-eljarasrend-FOK.pdf\">2025. \u00e9vi online Z\u00e1r\u00f3vizsga elj\u00e1r\u00e1srend FOK<\/a><br \/>\n<\/strong><\/p>\n<p><a href=\"https:\/\/semmelweis.hu\/fok\/files\/2025\/06\/FOK-Eljarasrend-Kivonat-hallgatok.pdf\"><strong>FOK Elj\u00e1r\u00e1srend &#8211; Kivonat &#8211; hallgat\u00f3i kivonat<\/strong><\/a><\/p>\n","protected":false},"excerpt":{"rendered":"<p><a href=\"https:\/\/semmelweis.hu\/fok\/files\/2023\/02\/FOK_Zarovizsga-eljarasi-rend_vegleges-2023-javitott.pdf\">Z\u00e1r\u00f3vizsga Elj\u00e1r\u00e1si Rend (pdf)<\/a><br \/>\n<a href=\"https:\/\/semmelweis.hu\/fok\/files\/2025\/05\/2025.-evi-online-Zarovizsga-eljarasrend-FOK.pdf\">2025. \u00e9vi online Z\u00e1r\u00f3vizsga elj\u00e1r\u00e1srend FOK<\/a><\/p>\n<p><a href=\"https:\/\/semmelweis.hu\/fok\/files\/2025\/06\/FOK-Eljarasrend-Kivonat-hallgatok.pdf\">FOK Elj\u00e1r\u00e1srend &#8211; Kivonat &#8211; hallgat\u00f3i kivonat<\/a><\/p>\n","protected":false},"author":101171,"featured_media":0,"parent":10883,"menu_order":1,"comment_status":"closed","ping_status":"closed","template":"template-fullwidth.php","meta":{"_acf_changed":false,"footnotes":""},"categories":[],"tags":[],"class_list":["post-10873","page","type-page","status-publish","hentry"],"acf":[],"_links":{"self":[{"href":"https:\/\/semmelweis.hu\/fok\/wp-json\/wp\/v2\/pages\/10873","targetHints":{"allow":["GET"]}}],"collection":[{"href":"https:\/\/semmelweis.hu\/fok\/wp-json\/wp\/v2\/pages"}],"about":[{"href":"https:\/\/semmelweis.hu\/fok\/wp-json\/wp\/v2\/types\/page"}],"author":[{"embeddable":true,"href":"https:\/\/semmelweis.hu\/fok\/wp-json\/wp\/v2\/users\/101171"}],"replies":[{"embeddable":true,"href":"https:\/\/semmelweis.hu\/fok\/wp-json\/wp\/v2\/comments?post=10873"}],"version-history":[{"count":4,"href":"https:\/\/semmelweis.hu\/fok\/wp-json\/wp\/v2\/pages\/10873\/revisions"}],"predecessor-version":[{"id":10889,"href":"https:\/\/semmelweis.hu\/fok\/wp-json\/wp\/v2\/pages\/10873\/revisions\/10889"}],"up":[{"embeddable":true,"href":"https:\/\/semmelweis.hu\/fok\/wp-json\/wp\/v2\/pages\/10883"}],"wp:attachment":[{"href":"https:\/\/semmelweis.hu\/fok\/wp-json\/wp\/v2\/media?parent=10873"}],"wp:term":[{"taxonomy":"category","embeddable":true,"href":"https:\/\/semmelweis.hu\/fok\/wp-json\/wp\/v2\/categories?post=10873"},{"taxonomy":"post_tag","embeddable":true,"href":"https:\/\/semmelweis.hu\/fok\/wp-json\/wp\/v2\/tags?post=10873"}],"curies":[{"name":"wp","href":"https:\/\/api.w.org\/{rel}","templated":true}]}}