{"id":10795,"date":"2025-05-20T14:46:09","date_gmt":"2025-05-20T12:46:09","guid":{"rendered":"https:\/\/semmelweis.hu\/fok\/?page_id=10795"},"modified":"2026-03-25T13:01:29","modified_gmt":"2026-03-25T12:01:29","slug":"semmelweis-egyetem-felveteli-iroda","status":"publish","type":"page","link":"https:\/\/semmelweis.hu\/fok\/felvetelizoknek\/semmelweis-egyetem-felveteli-iroda\/","title":{"rendered":"Semmelweis Egyetem &#8211; Felv\u00e9teli Iroda"},"content":{"rendered":"<p><strong>Dr. Hafiek Andrea<br \/>\n<\/strong>oszt\u00e1lyvezet\u0151 (Felv\u00e9teli Iroda)<br \/>\n+36 1 459 1500 \/ 62311<\/p>\n<p><strong>L\u00e9n\u00e1rt \u00c1gnes<\/strong><br \/>\nkiemelt oktat\u00e1sszervez\u00e9si szak\u00e9rt\u0151 (Felv\u00e9teli Iroda)<br \/>\n+36 1 459 1500 \/62313<br \/>\nfelveteli.iroda@semmelweis.hu<\/p>\n<p><strong>Doszt\u00e1n Korn\u00e9lia<\/strong><br \/>\noktat\u00e1sszervez\u00e9si szak\u00e9rt\u0151 (Felv\u00e9teli Iroda)<br \/>\n+36 1 459 1500 \/62310<br \/>\nfelveteli.iroda@semmelweis.hu<\/p>\n<p><strong>Zibrinyin\u00e9 Vendel-Mohay Luca<\/strong><br \/>\nkiemelt oktat\u00e1sszervez\u00e9si szak\u00e9rt\u0151 (Felv\u00e9teli Iroda)<br \/>\n+36 1 459 1500 \/62314<br \/>\nfelveteli.iroda@semmelweis.hu<\/p>\n<blockquote class=\"wp-embedded-content\" data-secret=\"WMT8RL555p\"><p><a href=\"https:\/\/semmelweis.hu\/oktatasigazgatas\/felveteli\/\">Felv\u00e9teli elj\u00e1r\u00e1s a Semmelweis Egyetemen<\/a><\/p><\/blockquote>\n<p><iframe loading=\"lazy\" class=\"wp-embedded-content\" sandbox=\"allow-scripts\" security=\"restricted\" style=\"position: absolute; visibility: hidden;\" title=\"&#8220;Felv\u00e9teli elj\u00e1r\u00e1s a Semmelweis Egyetemen&#8221; &#8212; Oktat\u00e1sigazgat\u00e1si Hivatal\" src=\"https:\/\/semmelweis.hu\/oktatasigazgatas\/felveteli\/embed\/#?secret=h6qdt1C47C#?secret=WMT8RL555p\" data-secret=\"WMT8RL555p\" width=\"600\" height=\"338\" frameborder=\"0\" marginwidth=\"0\" marginheight=\"0\" scrolling=\"no\"><\/iframe><\/p>\n<p>&nbsp;<\/p>\n","protected":false},"excerpt":{"rendered":"<p>Dr. Hafiek Andrea<br \/>\noszt\u00e1lyvezet\u0151 (Felv\u00e9teli Iroda)<br \/>\n+36 1 459 1500 \/ 62311<br \/>\nL\u00e9n\u00e1rt \u00c1gnes<br \/>\nkiemelt oktat\u00e1sszervez\u00e9si szak\u00e9rt\u0151 (Felv\u00e9teli Iroda)<br \/>\n+36 1 459 1500 \/62313<br \/>\nfelveteli.iroda@semmelweis.hu<br \/>\nDoszt\u00e1n Korn\u00e9lia<br \/>\noktat\u00e1sszervez\u00e9si szak\u00e9rt\u0151 (Felv\u00e9teli Iroda)<br \/>\n+36 1 459 1500 \/62310<br \/>\nfelveteli.iroda@semmelweis.hu<br \/>\nZibrinyin\u00e9 Vendel-Mohay Luca<br \/>\nkiemelt oktat\u00e1sszervez\u00e9si szak\u00e9rt\u0151 (Felv\u00e9teli Iroda)<br \/>\n+36 1 459 1500 \/62314<br \/>\nfelveteli.iroda@semmelweis.hu<br \/>\n<a href=\"https:\/\/semmelweis.hu\/oktatasigazgatas\/felveteli\/\">Felv\u00e9teli elj\u00e1r\u00e1s a Semmelweis Egyetemen<\/a><\/p>\n<p>&nbsp;<\/p>\n","protected":false},"author":101171,"featured_media":0,"parent":134,"menu_order":0,"comment_status":"closed","ping_status":"closed","template":"","meta":{"_acf_changed":false,"footnotes":""},"categories":[],"tags":[],"class_list":["post-10795","page","type-page","status-publish","hentry"],"acf":[],"_links":{"self":[{"href":"https:\/\/semmelweis.hu\/fok\/wp-json\/wp\/v2\/pages\/10795","targetHints":{"allow":["GET"]}}],"collection":[{"href":"https:\/\/semmelweis.hu\/fok\/wp-json\/wp\/v2\/pages"}],"about":[{"href":"https:\/\/semmelweis.hu\/fok\/wp-json\/wp\/v2\/types\/page"}],"author":[{"embeddable":true,"href":"https:\/\/semmelweis.hu\/fok\/wp-json\/wp\/v2\/users\/101171"}],"replies":[{"embeddable":true,"href":"https:\/\/semmelweis.hu\/fok\/wp-json\/wp\/v2\/comments?post=10795"}],"version-history":[{"count":3,"href":"https:\/\/semmelweis.hu\/fok\/wp-json\/wp\/v2\/pages\/10795\/revisions"}],"predecessor-version":[{"id":11788,"href":"https:\/\/semmelweis.hu\/fok\/wp-json\/wp\/v2\/pages\/10795\/revisions\/11788"}],"up":[{"embeddable":true,"href":"https:\/\/semmelweis.hu\/fok\/wp-json\/wp\/v2\/pages\/134"}],"wp:attachment":[{"href":"https:\/\/semmelweis.hu\/fok\/wp-json\/wp\/v2\/media?parent=10795"}],"wp:term":[{"taxonomy":"category","embeddable":true,"href":"https:\/\/semmelweis.hu\/fok\/wp-json\/wp\/v2\/categories?post=10795"},{"taxonomy":"post_tag","embeddable":true,"href":"https:\/\/semmelweis.hu\/fok\/wp-json\/wp\/v2\/tags?post=10795"}],"curies":[{"name":"wp","href":"https:\/\/api.w.org\/{rel}","templated":true}]}}