{"id":10328,"date":"2025-01-09T16:55:28","date_gmt":"2025-01-09T15:55:28","guid":{"rendered":"https:\/\/semmelweis.hu\/fok\/?page_id=10328"},"modified":"2025-09-22T10:26:31","modified_gmt":"2025-09-22T08:26:31","slug":"70th-anniversary-of-the-faculty-of-dentistry","status":"publish","type":"page","link":"https:\/\/semmelweis.hu\/fok\/en\/70th-anniversary-of-the-faculty-of-dentistry\/","title":{"rendered":"70th Anniversary of the Faculty of Dentistry\u202f\u00a0"},"content":{"rendered":"<p><a href=\"https:\/\/forms.office.com\/e\/Bi6MjJ779y?origin=lprLink\"><img loading=\"lazy\" decoding=\"async\" class=\"aligncenter size-full wp-image-10329\" src=\"https:\/\/semmelweis.hu\/fok\/files\/2024\/12\/FOK70_cover_ENG.png\" alt=\"\" width=\"2600\" height=\"1361\" srcset=\"https:\/\/semmelweis.hu\/fok\/files\/2024\/12\/FOK70_cover_ENG.png 2560w, https:\/\/semmelweis.hu\/fok\/files\/2024\/12\/FOK70_cover_ENG-400x209.png 400w, https:\/\/semmelweis.hu\/fok\/files\/2024\/12\/FOK70_cover_ENG-1024x536.png 1024w, https:\/\/semmelweis.hu\/fok\/files\/2024\/12\/FOK70_cover_ENG-768x402.png 768w, https:\/\/semmelweis.hu\/fok\/files\/2024\/12\/FOK70_cover_ENG-1536x804.png 1536w, https:\/\/semmelweis.hu\/fok\/files\/2024\/12\/FOK70_cover_ENG-2048x1072.png 2048w, https:\/\/semmelweis.hu\/fok\/files\/2024\/12\/FOK70_cover_ENG-753x394.png 753w\" sizes=\"auto, (max-width: 2600px) 100vw, 2600px\" \/><\/a><\/p>\n<h6 style=\"text-align: center\">In 2025, we are celebrating the 70th anniversary of independent dentist training at the University. To commemorate the event, the leadership of the Faculty, together with the Directorate of Alumni Affairs, are organizing a two-day event. We warmly invite our current and former students both from Hungary and abroad, the staff of the Faculty, the leadership of the University, as well as Hungarian and international educators, researchers, and professionals from the field of dentistry.<\/h6>\n<p><span data-ccp-props=\"{&quot;201341983&quot;:0,&quot;335559740&quot;:278}\">\u00a0<\/span><\/p>\n<h6 style=\"text-align: center\"><strong>Date and Time:<br \/>\n26-27 September 2025 (Friday &#8211; Saturday)\u00a0<\/strong><\/h6>\n<h6 style=\"text-align: center\"><strong>Venue:<br \/>\nBudapest, Semmelweis University and Pesti Vigad\u00f3<br \/>\n(Nagyv\u00e1rad t\u00e9r Theoretical Building (NET)<br \/>\n<\/strong><\/h6>\n<p style=\"text-align: center\"><a class=\"button\" href=\"https:\/\/forms.office.com\/e\/Bi6MjJ779y?origin=lprLink\" target=\"_blank\" rel=\"noopener\">REGISTRATION<\/a><\/p>\n<h6 style=\"text-align: center\"><span style=\"color: #ff0000\">Registration Deadline: <strong>Monday, September 22, 2025, 23:59<\/strong><\/span><\/h6>\n<h5 style=\"text-align: center\"><u>Please note that all spots for our programs are currently fully booked.<\/u><\/h5>\n<h5 style=\"text-align: center\"><em>Registration will only be available for the following events up until the deadline specified above: <u>Saturday morning, September 27, for the program<\/u> and <u>Saturday evening, September 27, for the Pesti Vigad\u00f3 Gala Dinner.<\/u><\/em><\/h5>\n<p style=\"text-align: center\"><em><span style=\"font-size: 14pt\">After filling out the registration form and pressing the &#8222;Submit&#8221; button, you will not receive an email confirmation of successful registration. The information shown in the image below will appear <span style=\"font-size: 12pt\">(the checkmark indicates successful registration)<\/span>, and by scrolling down, you will find all the important details regarding ticket purchases.<\/span><\/em><\/p>\n<p style=\"text-align: center\"><img loading=\"lazy\" decoding=\"async\" class=\"\" src=\"https:\/\/semmelweis.hu\/fok\/files\/2025\/02\/Kepernyokep-2025-02-20-073933.png\" width=\"541\" height=\"278\" \/><\/p>\n<h6><span data-ccp-props=\"{&quot;201341983&quot;:0,&quot;335559740&quot;:278}\">\u00a0<\/span><\/h6>\n<h3 style=\"text-align: center\">Program Plan <span style=\"font-size: 10pt\">(The organizers reserve the right to make changes)<\/span><\/h3>\n<h6 style=\"text-align: center\"><span style=\"text-decoration: underline;font-size: 14pt\">Attendance at the professional and celebratory programs of the event FOK70 is free of charge but requires registration!<\/span><\/h6>\n<h6 style=\"text-align: center\"><em>The full program for the celebration is available <a href=\"https:\/\/semmelweis.hu\/fok\/files\/2025\/08\/Programterv-FOK70.pdf\" target=\"_blank\" rel=\"noopener\"><strong>here<\/strong><\/a>.<\/em><\/h6>\n<p>&nbsp;<\/p>\n<h6><em><span style=\"text-decoration: underline\"><b>September 26 (Friday)<\/b><\/span><\/em><\/h6>\n<div>\n<h6>Venue: Nagyv\u00e1rad t\u00e9r Theoretical Building (1089 Budapest, Nagyv\u00e1rad t\u00e9r 4.)<\/h6>\n<h6><span style=\"font-size: 14pt\"><strong>8:00-9:00<\/strong>\u00a0 \u00a0 \u00a0 \u00a0 \u00a0 \u00a0 Registration Desk Opens<\/span><\/h6>\n<h6><span style=\"font-size: 14pt\"><strong>9:00-15:00<\/strong>\u00a0 \u00a0 \u00a0 \u00a0 \u00a0 \u00a0Scientific programs* <span style=\"font-size: 12pt\">(<\/span><\/span><span style=\"font-size: 12pt\"><em>The registration for the scientific program is now closed as all available spots have been filled.)<\/em><\/span><\/h6>\n<h6><span style=\"font-size: 12pt\">The presentations will be held in English, but simultaneous interpretation and interpreting equipment will be provided for <\/span><span style=\"font-size: 12pt\">participants. In addition to the scientific program, an exhibition will also be available for visitors<\/span><\/h6>\n<\/div>\n<h6><strong>SCIENTIFIC SYMPOSIUM DENTISTRY IN THE 21TH CENTURY<\/strong><\/h6>\n<h6 class=\"w-100\"><span style=\"font-size: 14pt\"><strong>8:55-9:00\u00a0 \u00a0 \u00a0 <\/strong>B\u00e9la Merkely the Rector of Semmelweis University &#8211; <em>Welcome Address<\/em><\/span><\/h6>\n<h6><strong>Chairs<\/strong>:\u00a0 \u00a0 \u00a0 \u00a0 \u00a0G\u00e1bor Gerber and J\u00e1nos V\u00e1g<\/h6>\n<h6 class=\"w-100\"><strong>9:00-9:45\u00a0 \u00a0 <\/strong>Brian O&#8217;Connell &#8211; <em>Oral Health, Tooth Loss and Ageing: What Do We Know and What Do We Need to Know?<\/em><\/h6>\n<h6 class=\"w-100\"><strong>9:45-10:30\u00a0 \u00a0<\/strong>Igor Blum &#8211; <em>The Management of Failing Dental Restorations: Repair or Replace?<\/em><\/h6>\n<h6 class=\"w-100\"><strong>10:30-11:15\u00a0 \u00a0<\/strong>Coffee break<\/h6>\n<h6 class=\"w-100\"><strong>11:15-12:00\u00a0 \u00a0 <\/strong>Kenneth W. Aschheim &#8211; <em>The Digital Detective: AI and the Future of Forensic Odontology<\/em><\/h6>\n<h6 class=\"w-100\"><strong>12:00-13:00\u00a0 <\/strong>Lunch break\u00a0<\/h6>\n<h6 class=\"w-100\"><strong>13:00-13:45\u00a0 <\/strong>Ulrich Joos &#8211; <em>70 Years of Functional Oro-Facial Rehabilitation Where Are We \u2013 Where Are We Going?<\/em><\/h6>\n<h6 class=\"w-100\"><strong>13:45-14:30\u00a0 <\/strong>Oliver Blume &#8211; <em>CadCam Prefabricated Allogenic Bone Blocks for Bone Reconstruction in Dental Implantology<\/em><\/h6>\n<h6 class=\"w-100\"><strong>14:30-14:50 \u00a0<\/strong>Coffee break<\/h6>\n<h6 class=\"w-100\"><strong>14:50-15:35\u00a0 <\/strong>Kaan Orhan &#8211; <em>Contemporary Imaging Modalities for Dental Implants<\/em><\/h6>\n<h5><span style=\"font-size: 14pt\">*We would like to inform all interested parties that <span style=\"color: #ff0000\">registration for the scientific program has now closed, as all available spots have been filled.\u00a0<\/span><\/span><\/h5>\n<p>&nbsp;<\/p>\n<h6><strong>BOOK PRESENTATION<\/strong><\/h6>\n<h6>Venue: Nagyv\u00e1rad t\u00e9r Theoretical Building (1089 Budapest, Nagyv\u00e1rad t\u00e9r 4.)<\/h6>\n<h6><span style=\"font-size: 12pt\">The book presentation will be held in Hungarian.<\/span><\/h6>\n<h6 class=\"w-100\"><span style=\"font-size: 14pt\"><strong>16:15-17:30\u00a0 \u00a0 <\/strong>Presentation of the book <em>Arck\u00e9pek &#8211; Semmelweis-\u00f6r\u00f6k\u00f6s\u00f6k<\/em>, featuring Prof. Dr. Istv\u00e1n Gera, a pioneer of modern periodontal education and clinical practice in Hungary<\/span><\/h6>\n<h6>\u00a0<\/h6>\n<h5>TOUR OF THE PREMISES<\/h5>\n<h6>Venue:\u00a0 \u00a0 \u00a0 \u00a0 \u00a0 <strong>Faculty of Dentistry, Educational Centre<\/strong> (1088 Budapest, Szentkir\u00e1lyi u. 47.)<\/h6>\n<h6><span style=\"font-size: 14pt\"><strong>15:00-18:00\u00a0 \u00a0<\/strong><\/span><span lang=\"EN-US\" style=\"font-size: 14pt\" xml:lang=\"EN-US\" data-contrast=\"auto\">The tour includes visits to the Faculty of Dentistry (FOK) <\/span><span style=\"font-size: 14pt\">Education Centre\u00a0<\/span><\/h6>\n<h6><span style=\"font-size: 14pt\"><em>With up to 15 participants per tour). Buses are provided for transportation between premises.<\/em><\/span><\/h6>\n<h6><span lang=\"EN-US\" xml:lang=\"EN-US\" data-contrast=\"auto\"><span style=\"font-size: 12pt\"><em>The guided tours program is full. there is currently a waiting list for applications. Thank you for your understanding!\/<\/em><\/span><br \/>\n<\/span><\/h6>\n<p>&nbsp;<\/p>\n<p>&nbsp;<\/p>\n<p>&nbsp;<\/p>\n<h6><em><span style=\"text-decoration: underline\"><b>September 27 (Saturday)<\/b><\/span><\/em><\/h6>\n<h5>COMMEMORATIVE SESSION CELEBRATING 70 YEARS OF EXCELLENCE<\/h5>\n<h6>Venue: Nagyv\u00e1rad t\u00e9r Theoretical Building (1089 Budapest, Nagyv\u00e1rad t\u00e9r 4.)<\/h6>\n<h6><span style=\"font-size: 12pt\">The commemorative session will be held in Hungarian.<\/span><\/h6>\n<div>\n<h6><span style=\"font-size: 14pt\"><strong>8:00-9:00 <\/strong>\u00a0 \u00a0 Registration\u00a0<\/span><\/h6>\n<\/div>\n<h6 class=\"w-100\"><span style=\"font-size: 14pt\"><strong>8:00-9:00\u00a0 \u00a0 \u00a0<\/strong>Opening Speech, Greetings<\/span><\/h6>\n<h6 class=\"w-100\"><span style=\"font-size: 14pt\"><strong>9:00-9:20\u00a0 \u00a0<\/strong><\/span>Address by Prof. Dr. P\u00e9ter Hermann, the Vice-Rector for Educational Affairs, Semmelweis University<br \/>\n\u00a0 \u00a0 \u00a0 \u00a0 \u00a0 \u00a0 \u00a0 \u00a0 \u00a0 \u00a0 Address by Prof. Dr. G\u00e1bor Gerber, the Dean of the Faculty of Dentistry, Semmelweis University<br \/>\n\u00a0 \u00a0 \u00a0 \u00a0 \u00a0 \u00a0 \u00a0 \u00a0 \u00a0 \u00a0 Address by Dr. Heged\u00fcs Tam\u00e1s, the Director of the Directorate of International Relations and Alumni Affairs, Semmelweis University<\/h6>\n<h6><span style=\"font-size: 14pt\"><strong>9:20-9:50\u00a0 \u00a0 <\/strong>Prof. Dr. <\/span><span style=\"font-size: 14pt\">G\u00e1bor <\/span><span style=\"font-size: 14pt\">Gerber: <em>Dental Education and Research \u2212 A Path to World-Class Excellen<\/em><\/span><\/h6>\n<h6><span style=\"font-size: 14pt\"><strong>9:50-10:20\u00a0 <\/strong>Prof. Dr. P\u00e9ter Hermann: <em>Patient Care at the Faculty Dentistry and Policy Changes in Postgraduate Dental Training in The Last 20 Years<\/em><\/span><\/h6>\n<h6><span style=\"font-size: 14pt\"><strong>10:20-10:50 <\/strong>Coffee break<\/span><\/h6>\n<h6><span style=\"font-size: 14pt\"><strong>10:50-11:20\u00a0 <\/strong>Prof. Dr. Istv\u00e1n Gera: Becoming International: <em>The Journey of the Faculty of Dentistry<\/em><\/span><\/h6>\n<h6><span style=\"font-size: 14pt\"><strong>11:20-12:00\u00a0 <\/strong><em>Arts, Music, Sports and Dentistry<\/em> \u2212 Roundtable Discussion with Film Director Dr. G\u00e1bor Herendi<\/span><\/h6>\n<h6><span style=\"font-size: 14pt\"><strong>12:00-14:00 <\/strong>Lunch break (lunch open to all conference guests at the Atrium of the Theoretical Building on Nagyv\u00e1rad Square)<\/span><\/h6>\n<h6><em>Kind reminder: In view of the upcoming event preparations, we kindly request that guests leave the Ceremonial Hall at 12:00 when the Commemorative Session ends.<\/em><\/h6>\n<p>&nbsp;<\/p>\n<h6><strong>CEREMONIAL PRESENTATION OF JUBILEE DIPLOMAS<\/strong><\/h6>\n<div>\n<h6>Venue: Nagyv\u00e1rad t\u00e9r Theoretical Building (1089 Budapest, Nagyv\u00e1rad t\u00e9r 4.)<\/h6>\n<h6><span style=\"font-size: 12pt\">The commemorative session will be held in Hungarian.<\/span><\/h6>\n<h6><span style=\"font-size: 14pt\"><strong>14:00 &#8211; 16:00 \u00a0 \u00a0<\/strong> \u00a0 \u00a0 \u00a0 \u00a0 \u00a0 \u00a0Jubilee Honorary Diploma Award Ceremony<span lang=\"EN-US\" xml:lang=\"EN-US\" data-contrast=\"auto\"><br \/>\n<span style=\"font-size: 12pt\"><em>Registration:<\/em><a href=\"https:\/\/semmelweis.hu\/fok\/2024\/10\/29\/jubileumi-arany-gyemant-vas-diszoklevelre-torteno-jelentkezes-es-tudnivalok-2025\/\">https:\/\/tinyurl.com\/5n7ydzej<\/a><\/span><\/span><\/span><\/h6>\n<h6>\u00a0<\/h6>\n<h6><span style=\"font-size: 14pt\"><strong>GALA DINNER &#8211; PESTI VIGAD\u00d3 &#8211; BUDAPEST\u2019S ICONIC RIVERSIDE PALACE OF THE ARTS<\/strong><\/span><\/h6>\n<h6>Venue:<strong> Pesti Vigad\u00f3<\/strong> (1051 Budapest, Vigad\u00f3 t\u00e9r 2.)<\/h6>\n<h6><span style=\"font-size: 12pt\">Dress code: <strong>FORMAL<\/strong><\/span><\/h6>\n<h6><span style=\"font-size: 14pt\"><strong>18:30 &#8211; 19:30<\/strong> \u00a0 \u00a0 \u00a0 \u00a0 \u00a0 \u00a0 \u00a0 \u00a0 \u00a0Registration for the Gala Dinner<\/span><\/h6>\n<h6><span style=\"font-size: 14pt\"><strong>From 19:30<\/strong>\u00a0 \u00a0 \u00a0 \u00a0 \u00a0 \u00a0 \u00a0 \u00a0 \u00a0 \u00a0 Gala Dinner with Live Music<\/span><\/h6>\n<p>&nbsp;<\/p>\n<\/div>\n<hr \/>\n<h6><span style=\"font-size: 14pt\">The ceremony will conclude with a gala dinner at the impressive Pesti Vigad\u00f3. The Gala Dinner requires a fee and a separate ticket purchase. <\/span><\/h6>\n<div class=\"fontos_div\">\n<h6><span style=\"font-size: 14pt\"><strong>Tickets for the gala dinner:<\/strong><\/span><br \/>\n<span style=\"font-size: 14pt\"><strong>From June 1, 2025,<\/strong> the regular ticket price will be <strong>30,000 HUF<\/strong> per person.<\/span><\/h6>\n<\/div>\n<p><em><span style=\"font-size: 14pt\">You can purchase your ticket(s) for the Gala Evening after completing the registration form. We will send the ticket by email.<\/span><\/em><\/p>\n<p>&nbsp;<\/p>\n<div class=\"flex-shrink-0 flex flex-col relative items-end\">\n<div>\n<div class=\"pt-0\">\n<div class=\"gizmo-bot-avatar flex h-8 w-8 items-center justify-center overflow-hidden rounded-full\">\n<h6 class=\"relative p-1 rounded-sm flex items-center justify-center bg-token-main-surface-primary text-token-text-primary h-8 w-8\" style=\"text-align: center\"><span style=\"font-size: 12pt\"><em><strong>We would like to inform you that the venue of the gala dinner must be vacated by 11:30 PM at the latest.<\/strong><\/em><\/span><\/h6>\n<div>\u00a0<\/div>\n<\/div>\n<\/div>\n<\/div>\n<\/div>\n<hr \/>\n<h3 style=\"text-align: center\">Gala Dinner Menu<\/h3>\n<p style=\"text-align: center\"><span style=\"text-decoration: underline\"><span style=\"font-size: 12pt\">We would like to draw the attention of our valued Guests to the fact that the catering provider does not prepare the food in a separate area, so the possibility of allergen cross-contamination may occur in the case of &#8222;free-from&#8221; meals!<\/span><\/span><\/p>\n<p style=\"text-align: center\"><em>Coming soon&#8230;<\/em><\/p>\n<p>&nbsp;<\/p>\n<h3><span style=\"font-size: 14pt\"><span style=\"color: #ff0000\">HAVE A BIG HEART!<\/span> \u2013 SUPPORT THE PURCHASE OF A NEW MRI FOR THE PEDIATRIC DEPARTMENT.<\/span><\/h3>\n<h6><span style=\"font-size: 14pt\">Semmelweis University is dedicated to help maintain children\u2019s health and to continuously develop patient care quality. Our current goal is to acquire a modern MRI machine designed exclusively for pediatric patients. This innovative equipment will enable faster, more accurate diagnoses and provide a more comfortable examination experience for our youngest patients, helping to shorten their path to recovery.\u00a0<\/span><\/h6>\n<h5><span style=\"font-size: 14pt\"><b>Help us make cutting-edge medical technology accessible to more children! Together, we can create a better and safer future!<\/b>\u00a0<\/span><\/h5>\n<div class=\"fontos_div\">\n<ul>\n<li data-leveltext=\"\uf0a7\" data-font=\"Wingdings\" data-listid=\"7\" data-list-defn-props=\"{&quot;335552541&quot;:1,&quot;335559685&quot;:1080,&quot;335559991&quot;:360,&quot;469769226&quot;:&quot;Wingdings&quot;,&quot;469769242&quot;:[9642],&quot;469777803&quot;:&quot;left&quot;,&quot;469777804&quot;:&quot;\uf0a7&quot;,&quot;469777815&quot;:&quot;hybridMultilevel&quot;}\" data-aria-posinset=\"1\" data-aria-level=\"1\">\n<div class=\"w-100\"><span style=\"font-size: 14pt\">Bronze Level Support: 10,000 HUF (\u20ac25) per person\u00a0<\/span><\/div>\n<\/li>\n<li data-leveltext=\"\uf0a7\" data-font=\"Wingdings\" data-listid=\"7\" data-list-defn-props=\"{&quot;335552541&quot;:1,&quot;335559685&quot;:1080,&quot;335559991&quot;:360,&quot;469769226&quot;:&quot;Wingdings&quot;,&quot;469769242&quot;:[9642],&quot;469777803&quot;:&quot;left&quot;,&quot;469777804&quot;:&quot;\uf0a7&quot;,&quot;469777815&quot;:&quot;hybridMultilevel&quot;}\" data-aria-posinset=\"1\" data-aria-level=\"1\">\n<div class=\"w-100\"><span style=\"font-size: 14pt\">Silver Level Support: 20,000 HUF (\u20ac50) per person\u00a0<\/span><\/div>\n<\/li>\n<li data-leveltext=\"\uf0a7\" data-font=\"Wingdings\" data-listid=\"7\" data-list-defn-props=\"{&quot;335552541&quot;:1,&quot;335559685&quot;:1080,&quot;335559991&quot;:360,&quot;469769226&quot;:&quot;Wingdings&quot;,&quot;469769242&quot;:[9642],&quot;469777803&quot;:&quot;left&quot;,&quot;469777804&quot;:&quot;\uf0a7&quot;,&quot;469777815&quot;:&quot;hybridMultilevel&quot;}\" data-aria-posinset=\"1\" data-aria-level=\"1\">\n<div class=\"w-100\"><span style=\"font-size: 14pt\" data-contrast=\"auto\">Gold Level Support: 40,000 HUF (\u20ac100) per person<\/span><\/div>\n<\/li>\n<\/ul>\n<\/div>\n<p style=\"text-align: center\"><span data-ccp-props=\"{&quot;201341983&quot;:0,&quot;335559740&quot;:278}\"> <a class=\"button\" href=\"https:\/\/www.tickettailor.com\/events\/semmelweis\/1504004\" target=\"_blank\" rel=\"noopener\">DONATE<\/a><\/span><\/p>\n<p>&nbsp;<\/p>\n<h6 style=\"text-align: center\"><span data-contrast=\"auto\">Should you have questions, don&#8217;t hesitate to contact us at <\/span><a href=\"mailto:fok70@semmelweis.hu\"><span data-contrast=\"none\">fok70@semmelweis.hu<\/span><\/a><span data-contrast=\"auto\">.<\/span><span data-ccp-props=\"{&quot;201341983&quot;:0,&quot;335559740&quot;:259}\">\u00a0<\/span><\/h6>\n<h5>\u00a0<\/h5>\n<h5><b><span data-contrast=\"auto\">We warmly invite our current and former students both from Hungary and abroad, the staff of the Faculty, the leadership of the University, as well as Hungarian and international educators, researchers, and professionals from the field of dentistry, along with all interested guests. We extend a special welcome to our alumni who graduated 50, 60, 65, or 70 years ago and their family members to the Jubilee Honorary Diploma Ceremony.\u00a0<\/span><\/b><span data-ccp-props=\"{&quot;134233279&quot;:false,&quot;201341983&quot;:0,&quot;335559685&quot;:0,&quot;335559740&quot;:259,&quot;335559991&quot;:11}\">\u00a0<\/span><\/h5>\n<h6 data-ccp-border-bottom=\"2px solid #000000\" data-ccp-padding-bottom=\"1.3333333333333333px\">\u00a0<\/h6>\n<h6 style=\"text-align: center\" data-ccp-border-bottom=\"2px solid #000000\" data-ccp-padding-bottom=\"1.3333333333333333px\"><span style=\"color: #003366\"><strong>Join us and help make this event truly special!\u00a0<\/strong><\/span><\/h6>\n<p><span style=\"font-size: 12pt\"><em>Photographs may be taken during the event, in which attendees may be recognizable. The event organizers intend to use these photos to promote the event and the university.\u00a0<\/em><\/span><\/p>\n<p><span style=\"font-size: 12pt\"><em>\u00a0<\/em><\/span><\/p>\n<p><span data-ccp-props=\"{&quot;201341983&quot;:0,&quot;335559740&quot;:278}\">\u00a0<\/span><\/p>\n","protected":false},"excerpt":{"rendered":"<p><a href=\"https:\/\/forms.office.com\/e\/Bi6MjJ779y?origin=lprLink\"><\/a> In 2025, we are celebrating the 70th anniversary of independent dentist training at the University. To commemorate the event, the leadership of the Faculty, together with the Directorate of Alumni Affairs, are organizing a two-day event. We warmly invite our current and former students both from Hungary and abroad, the staff of the Faculty, the &hellip;<\/p>\n","protected":false},"author":101627,"featured_media":0,"parent":0,"menu_order":0,"comment_status":"closed","ping_status":"closed","template":"","meta":{"_acf_changed":false,"footnotes":""},"categories":[],"tags":[47],"class_list":["post-10328","page","type-page","status-publish","hentry","tag-fok70-en"],"acf":[],"_links":{"self":[{"href":"https:\/\/semmelweis.hu\/fok\/wp-json\/wp\/v2\/pages\/10328","targetHints":{"allow":["GET"]}}],"collection":[{"href":"https:\/\/semmelweis.hu\/fok\/wp-json\/wp\/v2\/pages"}],"about":[{"href":"https:\/\/semmelweis.hu\/fok\/wp-json\/wp\/v2\/types\/page"}],"author":[{"embeddable":true,"href":"https:\/\/semmelweis.hu\/fok\/wp-json\/wp\/v2\/users\/101627"}],"replies":[{"embeddable":true,"href":"https:\/\/semmelweis.hu\/fok\/wp-json\/wp\/v2\/comments?post=10328"}],"version-history":[{"count":10,"href":"https:\/\/semmelweis.hu\/fok\/wp-json\/wp\/v2\/pages\/10328\/revisions"}],"predecessor-version":[{"id":11260,"href":"https:\/\/semmelweis.hu\/fok\/wp-json\/wp\/v2\/pages\/10328\/revisions\/11260"}],"wp:attachment":[{"href":"https:\/\/semmelweis.hu\/fok\/wp-json\/wp\/v2\/media?parent=10328"}],"wp:term":[{"taxonomy":"category","embeddable":true,"href":"https:\/\/semmelweis.hu\/fok\/wp-json\/wp\/v2\/categories?post=10328"},{"taxonomy":"post_tag","embeddable":true,"href":"https:\/\/semmelweis.hu\/fok\/wp-json\/wp\/v2\/tags?post=10328"}],"curies":[{"name":"wp","href":"https:\/\/api.w.org\/{rel}","templated":true}]}}