{"id":10129,"date":"2024-10-21T09:09:23","date_gmt":"2024-10-21T07:09:23","guid":{"rendered":"https:\/\/semmelweis.hu\/fok\/?page_id=10129"},"modified":"2024-10-21T09:09:32","modified_gmt":"2024-10-21T07:09:32","slug":"krompecher-odon-palyazat","status":"publish","type":"page","link":"https:\/\/semmelweis.hu\/fok\/hallgatoi-hirek\/palyazati-felhivasok-hallgatoknak\/krompecher-odon-palyazat\/","title":{"rendered":"Krompecher \u00d6d\u00f6n P\u00e1ly\u00e1zat"},"content":{"rendered":"<p><a href=\"https:\/\/semmelweis.hu\/fok\/files\/2023\/04\/Krompecher-Palyazat-hirdetmeny-MPT-MOT-2023.pdf\">KROMPECHER \u00d6D\u00d6N P\u00c1LY\u00c1ZAT<\/a><\/p>\n","protected":false},"excerpt":{"rendered":"<p><a href=\"https:\/\/semmelweis.hu\/fok\/files\/2023\/04\/Krompecher-Palyazat-hirdetmeny-MPT-MOT-2023.pdf\">KROMPECHER \u00d6D\u00d6N P\u00c1LY\u00c1ZAT<\/a><\/p>\n","protected":false},"author":101171,"featured_media":0,"parent":3380,"menu_order":0,"comment_status":"closed","ping_status":"closed","template":"","meta":{"_acf_changed":false,"footnotes":""},"categories":[],"tags":[],"class_list":["post-10129","page","type-page","status-publish","hentry"],"acf":[],"_links":{"self":[{"href":"https:\/\/semmelweis.hu\/fok\/wp-json\/wp\/v2\/pages\/10129","targetHints":{"allow":["GET"]}}],"collection":[{"href":"https:\/\/semmelweis.hu\/fok\/wp-json\/wp\/v2\/pages"}],"about":[{"href":"https:\/\/semmelweis.hu\/fok\/wp-json\/wp\/v2\/types\/page"}],"author":[{"embeddable":true,"href":"https:\/\/semmelweis.hu\/fok\/wp-json\/wp\/v2\/users\/101171"}],"replies":[{"embeddable":true,"href":"https:\/\/semmelweis.hu\/fok\/wp-json\/wp\/v2\/comments?post=10129"}],"version-history":[{"count":1,"href":"https:\/\/semmelweis.hu\/fok\/wp-json\/wp\/v2\/pages\/10129\/revisions"}],"predecessor-version":[{"id":10130,"href":"https:\/\/semmelweis.hu\/fok\/wp-json\/wp\/v2\/pages\/10129\/revisions\/10130"}],"up":[{"embeddable":true,"href":"https:\/\/semmelweis.hu\/fok\/wp-json\/wp\/v2\/pages\/3380"}],"wp:attachment":[{"href":"https:\/\/semmelweis.hu\/fok\/wp-json\/wp\/v2\/media?parent=10129"}],"wp:term":[{"taxonomy":"category","embeddable":true,"href":"https:\/\/semmelweis.hu\/fok\/wp-json\/wp\/v2\/categories?post=10129"},{"taxonomy":"post_tag","embeddable":true,"href":"https:\/\/semmelweis.hu\/fok\/wp-json\/wp\/v2\/tags?post=10129"}],"curies":[{"name":"wp","href":"https:\/\/api.w.org\/{rel}","templated":true}]}}