{"id":10127,"date":"2024-10-21T09:08:04","date_gmt":"2024-10-21T07:08:04","guid":{"rendered":"https:\/\/semmelweis.hu\/fok\/?page_id=10127"},"modified":"2025-04-22T13:13:02","modified_gmt":"2025-04-22T11:13:02","slug":"ekop-palyazat","status":"publish","type":"page","link":"https:\/\/semmelweis.hu\/fok\/hallgatoi-hirek\/palyazati-felhivasok-hallgatoknak\/ekop-palyazat\/","title":{"rendered":"EK\u00d6P p\u00e1ly\u00e1zat"},"content":{"rendered":"<p><strong>EGYETEMI KUTAT\u00d3I \u00d6SZT\u00d6ND\u00cdJ PROGRAM (EK\u00d6P) P\u00c1LY\u00c1ZATI KI\u00cdR\u00c1SAI A 2025\/2026. TAN\u00c9VRE <\/p>\n<p><\/strong><\/p>\n<p><strong>A 2025\/2026. tan\u00e9vre sz\u00f3l\u00f3 Egyetemi Kutat\u00f3i \u00d6szt\u00f6nd\u00edj Program (kor\u00e1bbi \u00daNKP) p\u00e1ly\u00e1zati ki\u00edr\u00e1s\u00e1r\u00f3l sz\u00f3l\u00f3 egyetemi t\u00e1j\u00e9koztat\u00f3 oldal az al\u00e1bbi linken \u00e9rhet\u0151 el:<\/strong><\/p>\n<p><a href=\"https:\/\/semmelweis.hu\/phd\/hallgatoknak\/palyazatok-osztondijak\/ekop\/\" target=\"_blank\" rel=\"noopener\">EK\u00d6P-2025 p\u00e1ly\u00e1zat <\/a><\/p>\n<p>A p\u00e1ly\u00e1zat beny\u00fajt\u00e1si hat\u00e1rideje:<\/p>\n<p><strong>2025. \u00e1prilis 17. \u2013 2025. m\u00e1jus 18.<\/strong><\/p>\n<div class=\"responsive-tabs\">\n<h2 class=\"tabtitle\">Az \u00c9v Fogorvoshallgat\u00f3ja<\/h2>\n<div class=\"tabcontent\">\n\n<h6>P\u00c1LY\u00c1ZATI FELH\u00cdV\u00c1S &#8211; <strong>Az \u00e9v Fogorvoshallgat\u00f3ja<\/strong><\/h6>\n<p>A Magyar Eg\u00e9szs\u00e9g\u00fcgyi Menedzsment T\u00e1rsas\u00e1g p\u00e1ly\u00e1zatot \u00edr ki az \u201e\u00c9v fogorvoshallgat\u00f3ja\u201d c\u00edmmel.<\/p>\n<p style=\"text-align: justify\">Az 500.000 forintos p\u00e9nzjutalommal j\u00e1r\u00f3 d\u00edj c\u00e9lja elismerni a sikeres egyetemi tanulm\u00e1nyaik mellett kiemelked\u0151 k\u00f6z\u00e9leti teljes\u00edtm\u00e9nyt ny\u00fajt\u00f3 fogorvoshallgat\u00f3kat, akik legt\u00f6bbet tesznek az emberek\u00e9rt, a k\u00f6z\u00f6ss\u00e9g\u00e9rt, \u00e9s a j\u00f6v\u0151 eg\u00e9szs\u00e9g\u00fcgyi szakemberei lehetnek.<\/p>\n<blockquote class=\"wp-embedded-content\" data-secret=\"SUuloVdvw1\"><p><a href=\"https:\/\/memt.hu\/dijaink-palyazataink\/ev-fogorvostan-hallgatoja\/\">\u00c9v Fogorvostan-hallgat\u00f3ja D\u00edj 2025<\/a><\/p><\/blockquote>\n<p><iframe loading=\"lazy\" class=\"wp-embedded-content\" sandbox=\"allow-scripts\" security=\"restricted\" style=\"position: absolute; visibility: hidden;\" title=\"&#8220;\u00c9v Fogorvostan-hallgat\u00f3ja D\u00edj 2025&#8221; &#8212; Magyar Eg\u00e9szs\u00e9g\u00fcgyi Menedzsment T\u00e1rsas\u00e1g\" src=\"https:\/\/memt.hu\/dijaink-palyazataink\/ev-fogorvostan-hallgatoja\/embed\/#?secret=miswJG56hS#?secret=SUuloVdvw1\" data-secret=\"SUuloVdvw1\" width=\"600\" height=\"338\" frameborder=\"0\" marginwidth=\"0\" marginheight=\"0\" scrolling=\"no\"><\/iframe><\/p>\n<p>&nbsp;<\/p>\n","protected":false},"excerpt":{"rendered":"<p>EGYETEMI KUTAT\u00d3I \u00d6SZT\u00d6ND\u00cdJ PROGRAM (EK\u00d6P) P\u00c1LY\u00c1ZATI KI\u00cdR\u00c1SAI A 2025\/2026. TAN\u00c9VRE A 2025\/2026. tan\u00e9vre sz\u00f3l\u00f3 Egyetemi Kutat\u00f3i \u00d6szt\u00f6nd\u00edj Program (kor\u00e1bbi \u00daNKP) p\u00e1ly\u00e1zati ki\u00edr\u00e1s\u00e1r\u00f3l sz\u00f3l\u00f3 egyetemi t\u00e1j\u00e9koztat\u00f3 oldal az al\u00e1bbi linken \u00e9rhet\u0151 el: <a href=\"https:\/\/semmelweis.hu\/phd\/hallgatoknak\/palyazatok-osztondijak\/ekop\/\" target=\"_blank\" rel=\"noopener\">EK\u00d6P-2025 p\u00e1ly\u00e1zat <\/a> A p\u00e1ly\u00e1zat beny\u00fajt\u00e1si hat\u00e1rideje: 2025. \u00e1prilis 17. \u2013 2025. m\u00e1jus 18. P\u00c1LY\u00c1ZATI FELH\u00cdV\u00c1S &#8211; Az \u00e9v Fogorvoshallgat\u00f3ja A Magyar Eg\u00e9szs\u00e9g\u00fcgyi Menedzsment T\u00e1rsas\u00e1g p\u00e1ly\u00e1zatot \u00edr &hellip;<\/p>\n","protected":false},"author":101171,"featured_media":0,"parent":3380,"menu_order":0,"comment_status":"closed","ping_status":"closed","template":"","meta":{"_acf_changed":false,"footnotes":""},"categories":[],"tags":[],"class_list":["post-10127","page","type-page","status-publish","hentry"],"acf":[],"_links":{"self":[{"href":"https:\/\/semmelweis.hu\/fok\/wp-json\/wp\/v2\/pages\/10127","targetHints":{"allow":["GET"]}}],"collection":[{"href":"https:\/\/semmelweis.hu\/fok\/wp-json\/wp\/v2\/pages"}],"about":[{"href":"https:\/\/semmelweis.hu\/fok\/wp-json\/wp\/v2\/types\/page"}],"author":[{"embeddable":true,"href":"https:\/\/semmelweis.hu\/fok\/wp-json\/wp\/v2\/users\/101171"}],"replies":[{"embeddable":true,"href":"https:\/\/semmelweis.hu\/fok\/wp-json\/wp\/v2\/comments?post=10127"}],"version-history":[{"count":7,"href":"https:\/\/semmelweis.hu\/fok\/wp-json\/wp\/v2\/pages\/10127\/revisions"}],"predecessor-version":[{"id":10688,"href":"https:\/\/semmelweis.hu\/fok\/wp-json\/wp\/v2\/pages\/10127\/revisions\/10688"}],"up":[{"embeddable":true,"href":"https:\/\/semmelweis.hu\/fok\/wp-json\/wp\/v2\/pages\/3380"}],"wp:attachment":[{"href":"https:\/\/semmelweis.hu\/fok\/wp-json\/wp\/v2\/media?parent=10127"}],"wp:term":[{"taxonomy":"category","embeddable":true,"href":"https:\/\/semmelweis.hu\/fok\/wp-json\/wp\/v2\/categories?post=10127"},{"taxonomy":"post_tag","embeddable":true,"href":"https:\/\/semmelweis.hu\/fok\/wp-json\/wp\/v2\/tags?post=10127"}],"curies":[{"name":"wp","href":"https:\/\/api.w.org\/{rel}","templated":true}]}}