{"id":10125,"date":"2024-10-21T09:06:55","date_gmt":"2024-10-21T07:06:55","guid":{"rendered":"https:\/\/semmelweis.hu\/fok\/?page_id=10125"},"modified":"2024-10-21T09:07:13","modified_gmt":"2024-10-21T07:07:13","slug":"mihalkovics-alapitvany","status":"publish","type":"page","link":"https:\/\/semmelweis.hu\/fok\/hallgatoi-hirek\/palyazati-felhivasok-hallgatoknak\/mihalkovics-alapitvany\/","title":{"rendered":"Mih\u00e1lkovics Alap\u00edtv\u00e1ny"},"content":{"rendered":"<p><strong>P\u00c1LY\u00c1ZATI FELH\u00cdV\u00c1S <br \/>\na Mih\u00e1lkovics-alap\u00edtv\u00e1ny Alap\u00edt\u00f3 Okirata alapj\u00e1n<\/strong><br \/>\nMih\u00e1lkovics Tivadar \u00e9s feles\u00e9ge Schmidt Marianne, Dr. Mih\u00e1lkovics G\u00e9za anat\u00f3mus professzor, valamint fiuk Dr. Mih\u00e1lkovics \u00c1rp\u00e1d, a 26 \u00e9ves kor\u00e1ban tragikus k\u00f6r\u00fclm\u00e9nyek k\u00f6z\u00f6tt elhunyt fogszakorvos eml\u00e9k\u00e9re alap\u00edtv\u00e1nyt l\u00e9tes\u00edtett. Az alap\u00edtv\u00e1nyt a F\u0151v\u00e1rosi B\u00edr\u00f3s\u00e1g 4717. sorsz\u00e1mon 1994. \u00e1prilis h\u00f3 21-\u00e9n nyilv\u00e1ntart\u00e1sba vette. Az alap\u00edtv\u00e1ny kurat\u00f3rium\u00e1nak eln\u00f6ke az Alap\u00edt\u00f3 Okirat szerint az al\u00e1bbi p\u00e1ly\u00e1zatot teszi k\u00f6zz\u00e9.<br \/>\n<em>Az alap\u00edtv\u00e1ny f\u0151 c\u00e9lja: <\/em>Az anat\u00f3miai, illetve m\u00e1s elm\u00e9leti Fogorvostudom\u00e1nyi t\u00e1rgy oktat\u00e1s\u00e1nak \u00e9s kutat\u00e1s\u00e1nak fejleszt\u00e9se oly m\u00f3don, mely szerint a fiatal egyetemi oktat\u00f3k \u00e9s hallgat\u00f3k az alap\u00edtv\u00e1ny kamat\u00e1b\u00f3l r\u00e9szesednek, amennyiben fenti valamely t\u00e1rgyk\u00f6rb\u0151l eredm\u00e9nyes dolgozatot k\u00e9sz\u00edtenek, illet\u0151leg az Anat\u00f3miai M\u00fazeumot min\u0151s\u00e9gi k\u00e9sz\u00edtm\u00e9nnyel gyarap\u00edtj\u00e1k.<br \/>\n<em>P\u00e1ly\u00e1zhatnak: <\/em>a Semmelweis Orvostudom\u00e1nyi Egyetem \u00c1ltal\u00e1nos \u00e9s Fogorvoskari hallgat\u00f3i \u00e9s oktat\u00f3i 28 \u00e9ves korig, az elm\u00falt napt\u00e1ri \u00e9vben az Anat\u00f3mia, illetve a fogorvostudom\u00e1ny elm\u00e9leti t\u00e1rgyk\u00f6r\u00e9b\u0151l k\u00e9sz\u00edtett dolgozattal, illet\u0151leg az Anat\u00f3miai M\u00fazeum r\u00e9sz\u00e9re k\u00e9sz\u00edtett demonstr\u00e1ci\u00f3s anyaggal.<br \/>\nAmennyiben a p\u00e1lyam\u0171 dolgozat, \u00fagy ez kifejezetten a Mih\u00e1lkovics-alap\u00edtv\u00e1ny p\u00e1ly\u00e1zati felh\u00edv\u00e1s\u00e1ra k\u00e9sz\u00edtett p\u00e1lyamunka (els\u0151 k\u00f6zl\u00e9s) lehet. A korhat\u00e1r a t\u00e1rgy\u00e9vben bet\u00f6lt\u00f6tt korra vonatkozik. <br \/>\nT\u00e1rsszerz\u0151k p\u00e1ly\u00e1zata eset\u00e9n a p\u00e1ly\u00e1zati ki\u00edr\u00e1s k\u00f6vetelm\u00e9ny\u00e9nek valamennyi szerz\u0151 meg kell feleljen.<br \/>\nAz alap\u00edtv\u00e1ny c\u00e9lj\u00e1nak megfelel\u0151 produktumot, illetve annak elk\u00e9sz\u00edt\u00e9s\u00e9t \u00e9s let\u00e9tbe helyez\u00e9s\u00e9t igazol\u00f3 dokumentumot az alap\u00edtv\u00e1ny kurat\u00f3rium\u00e1hoz (1094 T\u0171zolt\u00f3 utca 58) kell bek\u00fcldeni <strong>minden \u00e9v m\u00e1rcius 1-ig <\/strong>A be\u00e9rkezett p\u00e1ly\u00e1zatokat az alap\u00edtv\u00e1ny kurat\u00f3riuma b\u00edr\u00e1lja el. Maxim\u00e1lisan h\u00e1rom d\u00edj adhat\u00f3 ki.\u00a0 A kurat\u00f3rium fenntartja jog\u00e1t arra, hogy a p\u00e1lyad\u00edjat, vagy annak egy r\u00e9sz\u00e9t visszatartsa. <br \/>\n<em>A p\u00e1lyad\u00edjak \u00e1tad\u00e1s\u00e1ra<\/em> minden \u00e9vben a Szen\u00e1tus nyilv\u00e1nos \u00fcl\u00e9s\u00e9n, a m\u00e1rcius 15-i \u00fcnneps\u00e9g programja keret\u00e9ben ker\u00fcl sor.<br \/>\n<a href=\"https:\/\/semmelweis.hu\/fok\/files\/2016\/08\/Mih%C3%A1lkovics-Alap%C3%ADtv%C3%A1ny_2.pdf\">Mih\u00e1lkovics Alap\u00edtv\u00e1ny<\/a>\u00a0\u00a0(pdf)<\/p>\n","protected":false},"excerpt":{"rendered":"<p>P\u00c1LY\u00c1ZATI FELH\u00cdV\u00c1S a Mih\u00e1lkovics-alap\u00edtv\u00e1ny Alap\u00edt\u00f3 Okirata alapj\u00e1n Mih\u00e1lkovics Tivadar \u00e9s feles\u00e9ge Schmidt Marianne, Dr. Mih\u00e1lkovics G\u00e9za anat\u00f3mus professzor, valamint fiuk Dr. Mih\u00e1lkovics \u00c1rp\u00e1d, a 26 \u00e9ves kor\u00e1ban tragikus k\u00f6r\u00fclm\u00e9nyek k\u00f6z\u00f6tt elhunyt fogszakorvos eml\u00e9k\u00e9re alap\u00edtv\u00e1nyt l\u00e9tes\u00edtett. Az alap\u00edtv\u00e1nyt a F\u0151v\u00e1rosi B\u00edr\u00f3s\u00e1g 4717. sorsz\u00e1mon 1994. \u00e1prilis h\u00f3 21-\u00e9n nyilv\u00e1ntart\u00e1sba vette. Az alap\u00edtv\u00e1ny kurat\u00f3rium\u00e1nak eln\u00f6ke az Alap\u00edt\u00f3 Okirat &hellip;<\/p>\n","protected":false},"author":101171,"featured_media":0,"parent":3380,"menu_order":0,"comment_status":"closed","ping_status":"closed","template":"","meta":{"_acf_changed":false,"footnotes":""},"categories":[],"tags":[],"class_list":["post-10125","page","type-page","status-publish","hentry"],"acf":[],"_links":{"self":[{"href":"https:\/\/semmelweis.hu\/fok\/wp-json\/wp\/v2\/pages\/10125","targetHints":{"allow":["GET"]}}],"collection":[{"href":"https:\/\/semmelweis.hu\/fok\/wp-json\/wp\/v2\/pages"}],"about":[{"href":"https:\/\/semmelweis.hu\/fok\/wp-json\/wp\/v2\/types\/page"}],"author":[{"embeddable":true,"href":"https:\/\/semmelweis.hu\/fok\/wp-json\/wp\/v2\/users\/101171"}],"replies":[{"embeddable":true,"href":"https:\/\/semmelweis.hu\/fok\/wp-json\/wp\/v2\/comments?post=10125"}],"version-history":[{"count":1,"href":"https:\/\/semmelweis.hu\/fok\/wp-json\/wp\/v2\/pages\/10125\/revisions"}],"predecessor-version":[{"id":10126,"href":"https:\/\/semmelweis.hu\/fok\/wp-json\/wp\/v2\/pages\/10125\/revisions\/10126"}],"up":[{"embeddable":true,"href":"https:\/\/semmelweis.hu\/fok\/wp-json\/wp\/v2\/pages\/3380"}],"wp:attachment":[{"href":"https:\/\/semmelweis.hu\/fok\/wp-json\/wp\/v2\/media?parent=10125"}],"wp:term":[{"taxonomy":"category","embeddable":true,"href":"https:\/\/semmelweis.hu\/fok\/wp-json\/wp\/v2\/categories?post=10125"},{"taxonomy":"post_tag","embeddable":true,"href":"https:\/\/semmelweis.hu\/fok\/wp-json\/wp\/v2\/tags?post=10125"}],"curies":[{"name":"wp","href":"https:\/\/api.w.org\/{rel}","templated":true}]}}