{"id":10123,"date":"2024-10-21T09:05:58","date_gmt":"2024-10-21T07:05:58","guid":{"rendered":"https:\/\/semmelweis.hu\/fok\/?page_id=10123"},"modified":"2025-09-16T07:22:22","modified_gmt":"2025-09-16T05:22:22","slug":"balogh-karoly-dij","status":"publish","type":"page","link":"https:\/\/semmelweis.hu\/fok\/hallgatoi-hirek\/palyazati-felhivasok-hallgatoknak\/balogh-karoly-dij\/","title":{"rendered":"Balogh K\u00e1roly D\u00edj"},"content":{"rendered":"<h2 class=\"tabtitle\">Balogh K\u00e1roly D\u00edj<\/h2>\n<p><u><strong>Az Eml\u00e9k\u00e9rem \u00e9s Jutalomd\u00edj adom\u00e1nyoz\u00e1s\u00e1nak felt\u00e9tele:<\/strong><br \/>\n<\/u>a.) A P\u00e1ly\u00e1z\u00f3 a Semmelweis Egyetem Fogorvostudom\u00e1nyi Kar\u00e1nak hallgat\u00f3i jogviszony\u00e1val rendelkezik, \u00e9s<br \/>\nb.) oklevel\u00e9nek min\u0151s\u00edt\u00e9se: \u201eSumma cum laude\u201d \u00e9s<br \/>\nc.) a hallgat\u00f3k sz\u00e1m\u00e1ra \u00e9venk\u00e9nt ki\u00edrt p\u00e1ly\u00e1zatokra k\u00e9sz\u00edtett kiemelked\u0151 sz\u00ednvonal\u00fa p\u00e1lyamunka k\u00e9sz\u00edt\u00e9s\u00e9ben r\u00e9szt vett, mint<br \/>\n&#8211; a rektori p\u00e1ly\u00e1zatok, vagy<br \/>\n&#8211;\u00a0 a Tudom\u00e1nyos Di\u00e1kk\u00f6ri Konferenci\u00e1n elhangzott el\u0151ad\u00e1sok \u00edr\u00e1sbeli form\u00e1ban p\u00e1lyamunka, vagy<br \/>\n&#8211; a Dr. Balogh K\u00e1roly Eml\u00e9k\u00e9rem \u00e9s Jutalomd\u00edj elnyer\u00e9s\u00e9re meghirdetett p\u00e1ly\u00e1zatra k\u00e9sz\u00edtett, \u00f6n\u00e1ll\u00f3 (\u00f6n\u00e1ll\u00f3 eredm\u00e9nyeket \u00e9s meg\u00e1llap\u00edt\u00e1sokat tartalmaz\u00f3) alkot\u00f3munk\u00e1k.<br \/>\n<u>Az Eml\u00e9k\u00e9rem \u00e9s Jutalomd\u00edj beny\u00fajt\u00e1s\u00e1nak helye \u00e9s hat\u00e1rideje:<\/u><br \/>\nA p\u00e1lyamunk\u00e1k be\u00e9rkez\u00e9s\u00e9nek hat\u00e1rideje: \u00e9vente j\u00fanius 15.<br \/>\nA p\u00e1lyamunk\u00e1k beny\u00fajt\u00e1s\u00e1nak helye: FOK D\u00e9k\u00e1ni Hivatal<br \/>\n<a href=\"https:\/\/semmelweis.hu\/fok\/files\/2017\/04\/Balogh-K%C3%A1roly-Szab%C3%A1lyzat-2017.pdf\">Balogh K\u00e1roly D\u00edj &#8211; Szab\u00e1lyzat<\/a> (pdf)<\/p>\n","protected":false},"excerpt":{"rendered":"<p>Balogh K\u00e1roly D\u00edj Az Eml\u00e9k\u00e9rem \u00e9s Jutalomd\u00edj adom\u00e1nyoz\u00e1s\u00e1nak felt\u00e9tele: a.) A P\u00e1ly\u00e1z\u00f3 a Semmelweis Egyetem Fogorvostudom\u00e1nyi Kar\u00e1nak hallgat\u00f3i jogviszony\u00e1val rendelkezik, \u00e9s b.) oklevel\u00e9nek min\u0151s\u00edt\u00e9se: \u201eSumma cum laude\u201d \u00e9s c.) a hallgat\u00f3k sz\u00e1m\u00e1ra \u00e9venk\u00e9nt ki\u00edrt p\u00e1ly\u00e1zatokra k\u00e9sz\u00edtett kiemelked\u0151 sz\u00ednvonal\u00fa p\u00e1lyamunka k\u00e9sz\u00edt\u00e9s\u00e9ben r\u00e9szt vett, mint &#8211; a rektori p\u00e1ly\u00e1zatok, vagy &#8211;\u00a0 a Tudom\u00e1nyos Di\u00e1kk\u00f6ri Konferenci\u00e1n elhangzott el\u0151ad\u00e1sok &hellip;<\/p>\n","protected":false},"author":101171,"featured_media":0,"parent":3380,"menu_order":11,"comment_status":"closed","ping_status":"closed","template":"","meta":{"_acf_changed":false,"footnotes":""},"categories":[],"tags":[],"class_list":["post-10123","page","type-page","status-publish","hentry"],"acf":[],"_links":{"self":[{"href":"https:\/\/semmelweis.hu\/fok\/wp-json\/wp\/v2\/pages\/10123","targetHints":{"allow":["GET"]}}],"collection":[{"href":"https:\/\/semmelweis.hu\/fok\/wp-json\/wp\/v2\/pages"}],"about":[{"href":"https:\/\/semmelweis.hu\/fok\/wp-json\/wp\/v2\/types\/page"}],"author":[{"embeddable":true,"href":"https:\/\/semmelweis.hu\/fok\/wp-json\/wp\/v2\/users\/101171"}],"replies":[{"embeddable":true,"href":"https:\/\/semmelweis.hu\/fok\/wp-json\/wp\/v2\/comments?post=10123"}],"version-history":[{"count":2,"href":"https:\/\/semmelweis.hu\/fok\/wp-json\/wp\/v2\/pages\/10123\/revisions"}],"predecessor-version":[{"id":10614,"href":"https:\/\/semmelweis.hu\/fok\/wp-json\/wp\/v2\/pages\/10123\/revisions\/10614"}],"up":[{"embeddable":true,"href":"https:\/\/semmelweis.hu\/fok\/wp-json\/wp\/v2\/pages\/3380"}],"wp:attachment":[{"href":"https:\/\/semmelweis.hu\/fok\/wp-json\/wp\/v2\/media?parent=10123"}],"wp:term":[{"taxonomy":"category","embeddable":true,"href":"https:\/\/semmelweis.hu\/fok\/wp-json\/wp\/v2\/categories?post=10123"},{"taxonomy":"post_tag","embeddable":true,"href":"https:\/\/semmelweis.hu\/fok\/wp-json\/wp\/v2\/tags?post=10123"}],"curies":[{"name":"wp","href":"https:\/\/api.w.org\/{rel}","templated":true}]}}