{"id":10121,"date":"2024-10-21T09:04:35","date_gmt":"2024-10-21T07:04:35","guid":{"rendered":"https:\/\/semmelweis.hu\/fok\/?page_id=10121"},"modified":"2026-03-23T09:49:58","modified_gmt":"2026-03-23T08:49:58","slug":"mathe-gyula-emlekpalyazat","status":"publish","type":"page","link":"https:\/\/semmelweis.hu\/fok\/hallgatoi-hirek\/palyazati-felhivasok-hallgatoknak\/mathe-gyula-emlekpalyazat\/","title":{"rendered":"M\u00e1th\u00e9 Gyula Eml\u00e9kp\u00e1ly\u00e1zat"},"content":{"rendered":"<p style=\"text-align: justify\"><strong>P\u00c1LY\u00c1ZATI FELH\u00cdV\u00c1S<br \/>\nDr. M\u00e1th\u00e9 Gyula d\u00edjra<\/strong><\/p>\n<p><a href=\"https:\/\/semmelweis.hu\/fok\/files\/2026\/03\/Mathe-Gyula-dij-2026.pdf\"><strong>M\u00e1th\u00e9 Gyula-d\u00edj 2026<\/strong><\/a><\/p>\n<p style=\"text-align: justify\">A Semmelweis Egyetem Molekul\u00e1ris Biol\u00f3giai Tansz\u00e9ke mellett m\u0171k\u00f6d\u0151 Molekula Alap\u00edtv\u00e1ny<br \/>\n<strong><em>Dr. M\u00e1th\u00e9 Gyula<\/em><\/strong> eml\u00e9k\u00e9re p\u00e1ly\u00e1zatot hirdet a Semmelweis Egyetem Fogorvostudom\u00e1nyi Kar\u00e1n 2026-ban v\u00e9gz\u0151 hallgat\u00f3k sz\u00e1m\u00e1ra.<br \/>\nAz Alap\u00edtv\u00e1ny \u00e1ltal kiadott d\u00edjak \u00f6sszege egyenk\u00e9nt: <strong>750.000,- Ft<\/strong>.<br \/>\n<em>A p\u00e1ly\u00e1zat felt\u00e9telei:<\/em><br \/>\nA p\u00e1ly\u00e1zatnak tartalmaznia kell a hallgat\u00f3 egyetemi tanulm\u00e1nyai sor\u00e1n el\u00e9rt valamennyi vizsgaeredm\u00e9ny\u00e9t (elektronikus indexm\u00e1solat), egy f\u00e9loldalas \u00f6sszefoglal\u00f3t j\u00f6v\u0151beni terveir\u0151l, valamint a p\u00e1ly\u00e1z\u00f3t kor\u00e1bban, vagy jelenleg oktat\u00f3 egyetemi munkat\u00e1rsakt\u00f3l sz\u00e1rmaz\u00f3 szem\u00e9lyi aj\u00e1nl\u00e1sokat (legal\u00e1bb kett\u0151t). A p\u00e1ly\u00e1zat elb\u00edr\u00e1l\u00e1s\u00e1n\u00e1l el\u0151nyt \u00e9lveznek azok a hallgat\u00f3k, akik j\u00f3 tanulm\u00e1nyi eredm\u00e9nyeik mellett rektori p\u00e1ly\u00e1zatokon, tanulm\u00e1nyi versenyeken el\u0151kel\u0151 helyez\u00e9seket \u00e9rtek el, TDK-konferenci\u00e1n el\u0151ad\u00e1sokat tartottak, illetve d\u00edjakat kaptak, valamint m\u00e1s tanulm\u00e1nyi, prevenci\u00f3s,\u00a0 kutat\u00e1si, vagy klinikai tev\u00e9kenys\u00e9get is folytattak (az oklevelek, igazol\u00e1sok, k\u00f6zlem\u00e9nyek m\u00e1solatait k\u00e9rj\u00fck csatolni).<br \/>\nA p\u00e1ly\u00e1zatokat <strong>2026. m\u00e1jus 26-ig<\/strong> a Semmelweis Egyetem Molekul\u00e1ris Biol\u00f3giai Tansz\u00e9k\u00e9nek postac\u00edm\u00e9re (1094 Budapest, T\u0171zolt\u00f3 u. 37-47.) vagy elektronikusan (egys\u00e9ges pdf-form\u00e1tumban) a <a href=\"mailto:titkarsag.ovi@med.semmelweis-univ.hu\">titkarsag.ovi@med.semmelweis-univ.hu<\/a> e-mail-c\u00edmre k\u00e9rj\u00fck beny\u00fajtani.<br \/>\nA d\u00edj oda\u00edt\u00e9l\u00e9s\u00e9r\u0151l kurat\u00f3riumi \u00fcl\u00e9s d\u00f6nt. A d\u00edj \u00e1tad\u00e1s\u00e1ra a fogorvos-avat\u00e1si \u00fcnneps\u00e9g keret\u00e9ben ker\u00fcl sor.<br \/>\n<a href=\"https:\/\/semmelweis.hu\/fok\/files\/2026\/03\/Mathe-Gyula-dij-2026.pdf\"><strong><span style=\"font-size: 18pt\">M\u00e1th\u00e9 Gyula-d\u00edj 2026<\/span><\/strong><\/a><\/p>\n<p>&nbsp;<\/p>\n","protected":false},"excerpt":{"rendered":"<p>P\u00c1LY\u00c1ZATI FELH\u00cdV\u00c1S Dr. M\u00e1th\u00e9 Gyula d\u00edjra <a href=\"https:\/\/semmelweis.hu\/fok\/files\/2026\/03\/Mathe-Gyula-dij-2026.pdf\">M\u00e1th\u00e9 Gyula-d\u00edj 2026<\/a> A Semmelweis Egyetem Molekul\u00e1ris Biol\u00f3giai Tansz\u00e9ke mellett m\u0171k\u00f6d\u0151 Molekula Alap\u00edtv\u00e1ny Dr. M\u00e1th\u00e9 Gyula eml\u00e9k\u00e9re p\u00e1ly\u00e1zatot hirdet a Semmelweis Egyetem Fogorvostudom\u00e1nyi Kar\u00e1n 2026-ban v\u00e9gz\u0151 hallgat\u00f3k sz\u00e1m\u00e1ra. Az Alap\u00edtv\u00e1ny \u00e1ltal kiadott d\u00edjak \u00f6sszege egyenk\u00e9nt: 750.000,- Ft. A p\u00e1ly\u00e1zat felt\u00e9telei: A p\u00e1ly\u00e1zatnak tartalmaznia kell a hallgat\u00f3 egyetemi tanulm\u00e1nyai sor\u00e1n el\u00e9rt valamennyi vizsgaeredm\u00e9ny\u00e9t &hellip;<\/p>\n","protected":false},"author":101171,"featured_media":0,"parent":3380,"menu_order":0,"comment_status":"closed","ping_status":"closed","template":"","meta":{"_acf_changed":false,"footnotes":""},"categories":[],"tags":[],"class_list":["post-10121","page","type-page","status-publish","hentry"],"acf":[],"_links":{"self":[{"href":"https:\/\/semmelweis.hu\/fok\/wp-json\/wp\/v2\/pages\/10121","targetHints":{"allow":["GET"]}}],"collection":[{"href":"https:\/\/semmelweis.hu\/fok\/wp-json\/wp\/v2\/pages"}],"about":[{"href":"https:\/\/semmelweis.hu\/fok\/wp-json\/wp\/v2\/types\/page"}],"author":[{"embeddable":true,"href":"https:\/\/semmelweis.hu\/fok\/wp-json\/wp\/v2\/users\/101171"}],"replies":[{"embeddable":true,"href":"https:\/\/semmelweis.hu\/fok\/wp-json\/wp\/v2\/comments?post=10121"}],"version-history":[{"count":10,"href":"https:\/\/semmelweis.hu\/fok\/wp-json\/wp\/v2\/pages\/10121\/revisions"}],"predecessor-version":[{"id":11775,"href":"https:\/\/semmelweis.hu\/fok\/wp-json\/wp\/v2\/pages\/10121\/revisions\/11775"}],"up":[{"embeddable":true,"href":"https:\/\/semmelweis.hu\/fok\/wp-json\/wp\/v2\/pages\/3380"}],"wp:attachment":[{"href":"https:\/\/semmelweis.hu\/fok\/wp-json\/wp\/v2\/media?parent=10121"}],"wp:term":[{"taxonomy":"category","embeddable":true,"href":"https:\/\/semmelweis.hu\/fok\/wp-json\/wp\/v2\/categories?post=10121"},{"taxonomy":"post_tag","embeddable":true,"href":"https:\/\/semmelweis.hu\/fok\/wp-json\/wp\/v2\/tags?post=10121"}],"curies":[{"name":"wp","href":"https:\/\/api.w.org\/{rel}","templated":true}]}}