{"id":10119,"date":"2024-10-21T09:03:46","date_gmt":"2024-10-21T07:03:46","guid":{"rendered":"https:\/\/semmelweis.hu\/fok\/?page_id=10119"},"modified":"2025-09-05T08:35:41","modified_gmt":"2025-09-05T06:35:41","slug":"szent-gyorgyi-hallgatoi-osztondij","status":"publish","type":"page","link":"https:\/\/semmelweis.hu\/fok\/hallgatoi-hirek\/palyazati-felhivasok-hallgatoknak\/szent-gyorgyi-hallgatoi-osztondij\/","title":{"rendered":"Szent-Gy\u00f6rgyi Hallgat\u00f3i \u00d6szt\u00f6nd\u00edj"},"content":{"rendered":"<p><strong>P\u00c1LY\u00c1ZATI FELH\u00cdV\u00c1S<\/strong><\/p>\n<div class=\"fontos_div\">\n<p><a href=\"https:\/\/semmelweis.hu\/fok\/files\/2025\/09\/Legyel-Te-is-Szent-Gyorgyi-Hallgato-2025.pdf\"><strong>Legy\u00e9l Te is Szent-Gy\u00f6rgyi Hallgat\u00f3 2025<\/strong><\/a><\/p>\n<\/div>\n<p><strong>SZENT-GY\u00d6RGYI HALLGAT\u00d3 \u00d6SZT\u00d6ND\u00cdJRA<\/strong><\/p>\n<p>a Semmelweis Egyetem \u00c1OK\/FOK\/GYTK I. \u00e9s II. \u00e9ves hallgat\u00f3i r\u00e9sz\u00e9re 2025.<\/p>\n<p><strong>Tisztelt I. \u00e9s II. \u00e9ves Hallgat\u00f3k!<\/strong><\/p>\n<p><strong>Tisztelt leend\u0151 Szent-Gy\u00f6rgyi Hallgat\u00f3k!<\/strong><\/p>\n<p>A <strong>Nemzeti Tud\u00f3sk\u00e9pz\u0151 Akad\u00e9mia<\/strong> (NTA) 2021. szeptember 1-\u00e9n az Innov\u00e1ci\u00f3s \u00e9s Technol\u00f3giai Miniszt\u00e9rium t\u00e1mogat\u00e1s\u00e1val alakult meg, melynek c\u00e9lja az orvosbiol\u00f3giai tudom\u00e1nyokat magas szinten m\u0171vel\u0151 kiemelked\u0151 hallgat\u00f3k anyagi \u00e9s k\u00e9pz\u00e9si t\u00e1mogat\u00e1sa egyetemi tanulm\u00e1nyaik sor\u00e1n. A Semmelweis Egyetem (SE) \u00e9s a HUN-REN K\u00eds\u00e9rleti Orvostudom\u00e1nyi Kutat\u00f3int\u00e9zet (KOKI) elk\u00f6telezettek az orvosbiol\u00f3giai tudom\u00e1nyokat magas szinten m\u0171velni k\u00edv\u00e1n\u00f3, kiemelked\u0151 k\u00e9pess\u00e9g\u0171 hallgat\u00f3k t\u00e1mogat\u00e1s\u00e1ban, ez\u00e9rt ezek az int\u00e9zm\u00e9nyek 2021 november\u00e9ben csatlakoztak az NTA programj\u00e1hoz. 2025 szeptember\u00e9t\u0151l a HUN-REN Term\u00e9szettudom\u00e1nyi Kutat\u00f3k\u00f6zpont (TTK) is bekapcsol\u00f3dik a programba, \u00edgy ett\u0151l az id\u0151pontt\u00f3l kezdve ez a kutat\u00f3k\u00f6zpont is v\u00e1rja a hallgat\u00f3k jelentkez\u00e9s\u00e9t. A jelen felv\u00e9teli id\u0151szakban az SE, a KOKI \u00e9s a TTK kutat\u00f3csoportjaiba \u00f6sszesen legfeljebb 28 f\u0151 felv\u00e9tel\u00e9re van lehet\u0151s\u00e9g.<\/p>\n<p>Az NTA k\u00e9pz\u00e9si programj\u00e1ba a hallgat\u00f3k p\u00e1ly\u00e1zat \u00fatj\u00e1n ker\u00fclhetnek be. A nyertes p\u00e1ly\u00e1z\u00f3k a program r\u00e9szek\u00e9nt Szent-Gy\u00f6rgyi Hallgat\u00f3kk\u00e1 v\u00e1lnak, amely els\u0151sorban tudom\u00e1nyos el\u0151menetel\u00fckben ny\u00fajt jelent\u0151s seg\u00edts\u00e9get. <strong>A t\u00e1mogat\u00f3 program legfontosabb elemei <\/strong>a k\u00f6vetkez\u0151k:<\/p>\n<ul>\n<li><strong><u>p\u00e1ly\u00e1zat beny\u00fajt\u00e1s\u00e1nak m\u00f3dja \u00e9s elb\u00edr\u00e1l\u00e1sa:<\/u><\/strong><\/li>\n<li>Jelentkez\u00e9si lap kit\u00f6lt\u00e9se az al\u00e1bbi oldalon (A felv\u00e9teli \u0171rlap 2025. szeptember 1-j\u00e9n v\u00e1lik el\u00e9rhet\u0151v\u00e9): <a href=\"https:\/\/forms.gle\/7oryEH4AU4E84hHW9\">https:\/\/forms.gle\/7oryEH4AU4E84hHW9<\/a><\/li>\n<li>A jelentkez\u00e9si lap kit\u00f6lt\u00e9sekor a k\u00f6vetkez\u0151 dokumentumok felt\u00f6lt\u00e9se sz\u00fcks\u00e9ges pdf-form\u00e1tumban (egyenk\u00e9nt max. 1 MB m\u00e9retben) *:\n<ul>\n<li><strong>Personal Statement<\/strong> (angol nyelv\u0171 motiv\u00e1ci\u00f3s lev\u00e9l)\n<ul>\n<li>4000 karakter<\/li>\n<li>file kiz\u00e1r\u00f3lagos elnevez\u00e9se \u2018PSVezeteknevKeresztnev.pdf\u2019<\/li>\n<\/ul>\n<\/li>\n<li><strong>\u00d6n\u00e9letrajz<\/strong> magyar nyelven (<a href=\"http:\/\/europass.hu\">http:\/\/europass.hu<\/a>)\n<ul>\n<li>file kiz\u00e1r\u00f3lagos elnevez\u00e9se \u2018CVVezeteknevKeresztnev.pdf\u2019<\/li>\n<\/ul>\n<\/li>\n<li>A legal\u00e1bb 75%-os <strong>biol\u00f3gia vagy k\u00e9mia emelt szint\u0171 \u00e9retts\u00e9gi<\/strong>t igazol\u00f3 \u00e9retts\u00e9gi bizony\u00edtv\u00e1ny vagy tan\u00fas\u00edtv\u00e1ny\n<ul>\n<li>file kiz\u00e1r\u00f3lagos elnevez\u00e9se \u2018ERVezeteknevKeresztnev.pdf\u2019<\/li>\n<\/ul>\n<\/li>\n<li>NTA diploma (opcion\u00e1lis)\n<ul>\n<li>file kiz\u00e1r\u00f3lagos elnevez\u00e9se \u2018NDVezeteknevKeresztnev.pdf\u2019<\/li>\n<\/ul>\n<\/li>\n<li>Versenyeredm\u00e9nyeket igazol\u00f3 dokumentum (opcion\u00e1lis)\n<ul>\n<li>file kiz\u00e1r\u00f3lagos elnevez\u00e9se \u2018VEVezeteknevKeresztnev.pdf\u2019<\/li>\n<\/ul>\n<\/li>\n<li>Angol nyelvvizsga bizony\u00edtv\u00e1ny (opcion\u00e1lis)\n<ul>\n<li>file kiz\u00e1r\u00f3lagos elnevez\u00e9se \u2018ANVezeteknevKeresztnev.pdf\u2019<\/li>\n<\/ul>\n<\/li>\n<\/ul>\n<\/li>\n<\/ul>\n<p>* A felt\u00f6ltend\u0151 dokumentumok neve <strong>nem tartalmazhat<\/strong> <strong>\u00e9kezetes bet\u0171ket!<\/strong><\/p>\n<ul>\n<li>A p\u00e1ly\u00e1zatok elb\u00edr\u00e1l\u00e1sa az 1. sz\u00e1m\u00fa mell\u00e9klet szerint t\u00f6rt\u00e9nik. A hallgat\u00f3k kiv\u00e1laszt\u00e1sa az el\u00e9rt pontsz\u00e1mok sorrendj\u00e9ben t\u00f6rt\u00e9nik.<\/li>\n<\/ul>\n<p><strong><u>Fontos d\u00e1tumok:<\/u><\/strong><\/p>\n<ul>\n<li>Az elektronikus jelentkez\u00e9si lap bek\u00fcld\u00e9s\u00e9nek hat\u00e1rideje: <strong> szeptember 21. (vas\u00e1rnap)<\/strong><\/li>\n<\/ul>\n<p>Az NTA k\u00e9pz\u00e9si programj\u00e1r\u00f3l tov\u00e1bbi inform\u00e1ci\u00f3t a <a href=\"http:\/\/www.edu-sci.org\/\">http:\/\/www.edu-sci.org\/<\/a> oldalon olvashatnak.<\/p>\n<p>Amennyiben komolyan \u00e9rdekl\u0151dik az orvosbiol\u00f3giai\/hum\u00e1n \u00e9lettudom\u00e1nyi kutat\u00e1sok ir\u00e1nt, \u00e9s megfelel a fenti felt\u00e9teleknek, akkor jelentkez\u00e9s\u00e9t \u00f6r\u00f6mmel v\u00e1rjuk!<\/p>\n<p>A programmal \u00e9s a jelentkez\u00e9ssel kapcsolatban \u00e9rdekl\u0151dni lehet:<\/p>\n<p>NTA \u2013 K\u00e9pz\u00e9si Iroda<\/p>\n<p>E-mail: <a href=\"mailto:se@edu-sci.org\">se@edu-sci.org<\/a> \u00e9s <a href=\"mailto:hunrenttk@edu-sci.org\">hunrenttk@edu-sci.org<\/a><\/p>\n<p>&nbsp;<\/p>\n","protected":false},"excerpt":{"rendered":"<p>P\u00c1LY\u00c1ZATI FELH\u00cdV\u00c1S <a href=\"https:\/\/semmelweis.hu\/fok\/files\/2025\/09\/Legyel-Te-is-Szent-Gyorgyi-Hallgato-2025.pdf\">Legy\u00e9l Te is Szent-Gy\u00f6rgyi Hallgat\u00f3 2025<\/a> SZENT-GY\u00d6RGYI HALLGAT\u00d3 \u00d6SZT\u00d6ND\u00cdJRA a Semmelweis Egyetem \u00c1OK\/FOK\/GYTK I. \u00e9s II. \u00e9ves hallgat\u00f3i r\u00e9sz\u00e9re 2025. Tisztelt I. \u00e9s II. \u00e9ves Hallgat\u00f3k! Tisztelt leend\u0151 Szent-Gy\u00f6rgyi Hallgat\u00f3k! A Nemzeti Tud\u00f3sk\u00e9pz\u0151 Akad\u00e9mia (NTA) 2021. szeptember 1-\u00e9n az Innov\u00e1ci\u00f3s \u00e9s Technol\u00f3giai Miniszt\u00e9rium t\u00e1mogat\u00e1s\u00e1val alakult meg, melynek c\u00e9lja az orvosbiol\u00f3giai tudom\u00e1nyokat magas szinten m\u0171vel\u0151 kiemelked\u0151 hallgat\u00f3k anyagi \u00e9s k\u00e9pz\u00e9si &hellip;<\/p>\n","protected":false},"author":101171,"featured_media":0,"parent":3380,"menu_order":0,"comment_status":"closed","ping_status":"closed","template":"","meta":{"_acf_changed":false,"footnotes":""},"categories":[],"tags":[],"class_list":["post-10119","page","type-page","status-publish","hentry"],"acf":[],"_links":{"self":[{"href":"https:\/\/semmelweis.hu\/fok\/wp-json\/wp\/v2\/pages\/10119","targetHints":{"allow":["GET"]}}],"collection":[{"href":"https:\/\/semmelweis.hu\/fok\/wp-json\/wp\/v2\/pages"}],"about":[{"href":"https:\/\/semmelweis.hu\/fok\/wp-json\/wp\/v2\/types\/page"}],"author":[{"embeddable":true,"href":"https:\/\/semmelweis.hu\/fok\/wp-json\/wp\/v2\/users\/101171"}],"replies":[{"embeddable":true,"href":"https:\/\/semmelweis.hu\/fok\/wp-json\/wp\/v2\/comments?post=10119"}],"version-history":[{"count":4,"href":"https:\/\/semmelweis.hu\/fok\/wp-json\/wp\/v2\/pages\/10119\/revisions"}],"predecessor-version":[{"id":11232,"href":"https:\/\/semmelweis.hu\/fok\/wp-json\/wp\/v2\/pages\/10119\/revisions\/11232"}],"up":[{"embeddable":true,"href":"https:\/\/semmelweis.hu\/fok\/wp-json\/wp\/v2\/pages\/3380"}],"wp:attachment":[{"href":"https:\/\/semmelweis.hu\/fok\/wp-json\/wp\/v2\/media?parent=10119"}],"wp:term":[{"taxonomy":"category","embeddable":true,"href":"https:\/\/semmelweis.hu\/fok\/wp-json\/wp\/v2\/categories?post=10119"},{"taxonomy":"post_tag","embeddable":true,"href":"https:\/\/semmelweis.hu\/fok\/wp-json\/wp\/v2\/tags?post=10119"}],"curies":[{"name":"wp","href":"https:\/\/api.w.org\/{rel}","templated":true}]}}