{"id":10113,"date":"2024-10-21T08:59:51","date_gmt":"2024-10-21T06:59:51","guid":{"rendered":"https:\/\/semmelweis.hu\/fok\/?page_id=10113"},"modified":"2026-03-25T11:04:41","modified_gmt":"2026-03-25T10:04:41","slug":"demonstratori-palyazatok","status":"publish","type":"page","link":"https:\/\/semmelweis.hu\/fok\/hallgatoi-hirek\/palyazati-felhivasok-hallgatoknak\/demonstratori-palyazatok\/","title":{"rendered":"Demonstr\u00e1tori P\u00e1ly\u00e1zatok"},"content":{"rendered":"<p>Demonstr\u00e1tori P\u00e1ly\u00e1zathoz kapcsol\u00f3d\u00f3 tudnival\u00f3k! <br \/>\nA 2021\/2022. tan\u00e9vt\u0151l kezd\u0151d\u0151en a<strong> demonstr\u00e1tori \u00f6szt\u00f6nd\u00edj\u00a0szab\u00e1lyait\u00a0 <\/strong>a Semmelweis Egyetem Szervezeti \u00e9s M\u0171k\u00f6d\u00e9si Szab\u00e1lyzat \u2013 III. K\u00d6NYV Hallgat\u00f3i K\u00f6vetelm\u00e9nyrendszer \u2013 <strong>III.4. R\u00c9SZ T\u00e9r\u00edt\u00e9si \u00e9s Juttat\u00e1si Szab\u00e1lyzata (20\/A. \u00a7-t\u00f3l 20\/D. \u00a7.-ig)<\/strong> szab\u00e1lyozza, mely az al\u00e1bbi linken \u00e9rhet\u0151 el:<\/p>\n<p><a href=\"https:\/\/semmelweis.hu\/jogigfoig\/dokumentumtar\/szabalyzattar\/szervezeti-es-mukodesi-szabalyzat\/iii-konyv-hkr\/\">https:\/\/semmelweis.hu\/jogigfoig\/dokumentumtar\/szabalyzattar\/szervezeti-es-mukodesi-szabalyzat\/iii-konyv-hkr\/<\/a><\/p>\n<p><a href=\"https:\/\/semmelweis.hu\/fok\/files\/2022\/10\/1-2022-Dekani-Utasitas-demonstratori-osztondijrol.pdf\">1\/2022 sz. <strong>D\u00e9k\u00e1ni Utas\u00edt\u00e1s<\/strong> a Fogorvostudom\u00e1nyi Karon a demonstr\u00e1tori \u00f6szt\u00f6nd\u00edjakr\u00f3l<\/a><\/p>\n<p><a href=\"https:\/\/semmelweis.hu\/fok\/files\/2022\/06\/1-Demonstratori-tajekoztatas-hallgatok-szamara-2022-Alairt-Iktatott_1.pdf\"><strong>T\u00c1J\u00c9KOZTAT\u00d3<\/strong><\/a> magyar hallgat\u00f3k sz\u00e1m\u00e1ra<br \/>\n<a href=\"https:\/\/semmelweis.hu\/fok\/files\/2026\/02\/1-Hallgatoi-palyazat-es-tanszekvezeto-javaslata_Magyar-UJ.docx\"><em><strong>Demonstr\u00e1tori P\u00e1ly\u00e1zat (magyar) &#8211; Hallgat\u00f3i-p\u00e1ly\u00e1zat-\u00e9s-tansz\u00e9kvezet\u0151-javaslata 2025-2026<\/strong><\/em><\/a><\/p>\n<p><a href=\"https:\/\/semmelweis.hu\/fok\/files\/2022\/06\/1-Demonstratori-tajekoztatas-hallgatok-szamara-2022-Iktatott_en-US-1.pdf\"><strong>BULLETIN <\/strong><\/a>on Teaching Assistant (demonstrator, TA) scholarship for students participating in the Hungarian language training at the Faculty of Dentistry of Semmelweis University<strong><br \/>\n<\/strong><a href=\"https:\/\/semmelweis.hu\/fok\/files\/2025\/06\/1-Hallgatoi-palyazat-es-tanszekvezeto-javaslata_2025-2026-Angol.docx\"><em><strong>Student\u2019s application<\/strong><\/em><\/a><\/p>\n<p><a href=\"https:\/\/semmelweis.hu\/fok\/files\/2022\/06\/1-Demonstratori-tajekoztatas-hallgatok-szamara-2022-Iktatott-1.-oldal-nemetul-korr-ff-1.pdf\"><strong>INFORMATION<\/strong> <\/a>\u00fcber das Demonstratoren-Stipendium f\u00fcr Studierende, die Zahnarztausbildung in ungarischer\/englischer\/deutscher Sprache an der Semmelweis Universit\u00e4t, Fakult\u00e4t f\u00fcr Zahlheilkunde erhalten<br \/>\n<a href=\"https:\/\/semmelweis.hu\/fok\/files\/2025\/06\/1-Hallgatoi-palyazat-es-tanszekvezeto-javaslata_2025-2026-Nemet.docx\"><em><strong>Bewerbung des\/der Studierenden<\/strong><\/em><\/a><\/p>\n<p><strong><a href=\"https:\/\/semmelweis.hu\/fok\/files\/2022\/06\/1-Demonstratori-tajekoztatas-tanszekvezetok-szamara-2022-Iktatott_1.pdf\">T\u00e1j\u00e9koztat\u00f3 szervezeti egys\u00e9gek vezet\u0151i sz\u00e1m\u00e1ra<\/a><\/strong><\/p>\n<p><a href=\"https:\/\/semmelweis.hu\/fok\/files\/2023\/03\/1-Demonstratori-megbizasi-szerzodes-FOK_Dijas-MINTA-2022-23-2.docx\">Demonstr\u00e1tori megb\u00edz\u00e1si szerz\u0151d\u00e9s minta &#8211; d\u00edjas<\/a><br \/>\n<a href=\"https:\/\/semmelweis.hu\/fok\/files\/2023\/03\/1-Demonstratori-megbizasi-szerzodes-FOK_1_Dijtalan-MINTA-2022-23-2.docx\">Demonstr\u00e1tori megb\u00edz\u00e1si szerz\u0151d\u00e9s minta &#8211; d\u00edjtalan<\/a><\/p>\n<p><a href=\"https:\/\/semmelweis.hu\/fok\/files\/2020\/09\/Teljes\u00edt\u00e9sigazol\u00e1s-demonstr\u00e1tori-\u00f6szt\u00f6nd\u00edjakhoz-FOK.docx\">Teljes\u00edt\u00e9si igazol\u00e1s &#8211; demonstr\u00e1tori p\u00e1ly\u00e1zat-magyar hallgat\u00f3k<\/a><br \/>\n<a href=\"https:\/\/semmelweis.hu\/fok\/files\/2020\/10\/Teljes\u00edt\u00e9sigazol\u00e1s-demonstr\u00e1tori-\u00f6szt\u00f6nd\u00edjakhoz_NHKK_FOK.docx\">Teljes\u00edt\u00e9si igazol\u00e1s &#8211; demonstr\u00e1tori p\u00e1ly\u00e1zat &#8211; k\u00fclf\u00f6ldi hallgat\u00f3k<\/a><\/p>\n<p><span style=\"color: #ff0000\"><strong><span style=\"font-size: 18pt\">Demonstr\u00e1tori \u00f6szt\u00f6nd\u00edj p\u00e1ly\u00e1zati ki\u00edr\u00e1sok 2026\/2027. tan\u00e9vre:<\/span><\/strong><\/span><\/p>\n<p><strong>Anat\u00f3miai, Sz\u00f6vet- \u00e9s Fejl\u0151d\u00e9stani Int\u00e9zet<br \/>\nBiofizikai \u00e9s Sug\u00e1rbiol\u00f3giai Int\u00e9zet<br \/>\nBiok\u00e9miai Tansz\u00e9k<br \/>\n<\/strong><strong>\u00c9lettani Int\u00e9zet<br \/>\n<\/strong><strong>Farmakol\u00f3giai \u00e9s Farmakoter\u00e1pi\u00e1s Int\u00e9zet<br \/>\n<\/strong><strong>Genetikai, Sejt- \u00e9s Immunbiol\u00f3giai Int\u00e9zet<br \/>\n<\/strong><strong><a href=\"https:\/\/semmelweis.hu\/fok\/files\/2026\/03\/Molekularis-Biologiai-Tanszek.zip\">Molekul\u00e1ris Biol\u00f3giai Tansz\u00e9k<\/a><br \/>\nOr\u00e1lbiol\u00f3giai Tansz\u00e9k<br \/>\nOr\u00e1lis Diagnosztikai Klinika<br \/>\nSzaknyelvi Int\u00e9zet<br \/>\n<\/strong><\/p>\n<p>&nbsp;<\/p>\n<p>&nbsp;<\/p>\n","protected":false},"excerpt":{"rendered":"<p>Demonstr\u00e1tori P\u00e1ly\u00e1zathoz kapcsol\u00f3d\u00f3 tudnival\u00f3k! A 2021\/2022. tan\u00e9vt\u0151l kezd\u0151d\u0151en a demonstr\u00e1tori \u00f6szt\u00f6nd\u00edj\u00a0szab\u00e1lyait\u00a0 a Semmelweis Egyetem Szervezeti \u00e9s M\u0171k\u00f6d\u00e9si Szab\u00e1lyzat \u2013 III. K\u00d6NYV Hallgat\u00f3i K\u00f6vetelm\u00e9nyrendszer \u2013 III.4. R\u00c9SZ T\u00e9r\u00edt\u00e9si \u00e9s Juttat\u00e1si Szab\u00e1lyzata (20\/A. \u00a7-t\u00f3l 20\/D. \u00a7.-ig) szab\u00e1lyozza, mely az al\u00e1bbi linken \u00e9rhet\u0151 el: <a href=\"https:\/\/semmelweis.hu\/jogigfoig\/dokumentumtar\/szabalyzattar\/szervezeti-es-mukodesi-szabalyzat\/iii-konyv-hkr\/\">https:\/\/semmelweis.hu\/jogigfoig\/dokumentumtar\/szabalyzattar\/szervezeti-es-mukodesi-szabalyzat\/iii-konyv-hkr\/<\/a> <a href=\"https:\/\/semmelweis.hu\/fok\/files\/2022\/10\/1-2022-Dekani-Utasitas-demonstratori-osztondijrol.pdf\">1\/2022 sz. D\u00e9k\u00e1ni Utas\u00edt\u00e1s a Fogorvostudom\u00e1nyi Karon a demonstr\u00e1tori \u00f6szt\u00f6nd\u00edjakr\u00f3l<\/a> <a href=\"https:\/\/semmelweis.hu\/fok\/files\/2022\/06\/1-Demonstratori-tajekoztatas-hallgatok-szamara-2022-Alairt-Iktatott_1.pdf\">T\u00c1J\u00c9KOZTAT\u00d3<\/a> magyar hallgat\u00f3k sz\u00e1m\u00e1ra <a href=\"https:\/\/semmelweis.hu\/fok\/files\/2026\/02\/1-Hallgatoi-palyazat-es-tanszekvezeto-javaslata_Magyar-UJ.docx\">Demonstr\u00e1tori P\u00e1ly\u00e1zat (magyar) &#8211; Hallgat\u00f3i-p\u00e1ly\u00e1zat-\u00e9s-tansz\u00e9kvezet\u0151-javaslata 2025-2026<\/a> <a href=\"https:\/\/semmelweis.hu\/fok\/files\/2022\/06\/1-Demonstratori-tajekoztatas-hallgatok-szamara-2022-Iktatott_en-US-1.pdf\">BULLETIN <\/a> on Teaching Assistant (demonstrator, TA) scholarship for students participating in the &hellip;<\/p>\n","protected":false},"author":101171,"featured_media":0,"parent":3380,"menu_order":0,"comment_status":"closed","ping_status":"closed","template":"","meta":{"_acf_changed":false,"footnotes":""},"categories":[],"tags":[],"class_list":["post-10113","page","type-page","status-publish","hentry"],"acf":[],"_links":{"self":[{"href":"https:\/\/semmelweis.hu\/fok\/wp-json\/wp\/v2\/pages\/10113","targetHints":{"allow":["GET"]}}],"collection":[{"href":"https:\/\/semmelweis.hu\/fok\/wp-json\/wp\/v2\/pages"}],"about":[{"href":"https:\/\/semmelweis.hu\/fok\/wp-json\/wp\/v2\/types\/page"}],"author":[{"embeddable":true,"href":"https:\/\/semmelweis.hu\/fok\/wp-json\/wp\/v2\/users\/101171"}],"replies":[{"embeddable":true,"href":"https:\/\/semmelweis.hu\/fok\/wp-json\/wp\/v2\/comments?post=10113"}],"version-history":[{"count":10,"href":"https:\/\/semmelweis.hu\/fok\/wp-json\/wp\/v2\/pages\/10113\/revisions"}],"predecessor-version":[{"id":11786,"href":"https:\/\/semmelweis.hu\/fok\/wp-json\/wp\/v2\/pages\/10113\/revisions\/11786"}],"up":[{"embeddable":true,"href":"https:\/\/semmelweis.hu\/fok\/wp-json\/wp\/v2\/pages\/3380"}],"wp:attachment":[{"href":"https:\/\/semmelweis.hu\/fok\/wp-json\/wp\/v2\/media?parent=10113"}],"wp:term":[{"taxonomy":"category","embeddable":true,"href":"https:\/\/semmelweis.hu\/fok\/wp-json\/wp\/v2\/categories?post=10113"},{"taxonomy":"post_tag","embeddable":true,"href":"https:\/\/semmelweis.hu\/fok\/wp-json\/wp\/v2\/tags?post=10113"}],"curies":[{"name":"wp","href":"https:\/\/api.w.org\/{rel}","templated":true}]}}