{"id":92,"date":"2015-11-25T15:16:08","date_gmt":"2015-11-25T14:16:08","guid":{"rendered":"http:\/\/semmelweis.hu\/fok-tvb\/?page_id=92"},"modified":"2026-03-03T10:33:14","modified_gmt":"2026-03-03T09:33:14","slug":"koltsegteritessel-kapcsolatos-kervenyek","status":"publish","type":"page","link":"https:\/\/semmelweis.hu\/fok-tvb\/tanulmanyi-ugyek\/koltsegteritessel-kapcsolatos-kervenyek\/","title":{"rendered":"K\u00f6lts\u00e9gt\u00e9r\u00edt\u00e9ssel kapcsolatos k\u00e9rv\u00e9nyek"},"content":{"rendered":"<h5>Az \u00f6nk\u00f6lts\u00e9ges hallgat\u00f3k t\u00e9r\u00edt\u00e9si d\u00edjakkal kapcsolatos k\u00e9rv\u00e9nyei eset\u00e9n a Rektor d\u00f6nt, a TVB-nek csak v\u00e9lem\u00e9nyez\u00e9si joga van.<\/h5>\n<h4><strong>R\u00d6VID LE\u00cdR\u00c1S:<\/strong><\/h4>\n<p style=\"text-align: justify\">A szab\u00e1lyoknak megfelel\u0151 indokok alapj\u00e1n k\u00e9rhet\u0151 a t\u00e9r\u00edt\u00e9si d\u00edj m\u00e9rs\u00e9kl\u00e9se, fizet\u00e9si halad\u00e9k, illetve az \u00f6nk\u00f6lts\u00e9gi d\u00edj k\u00e9t r\u00e9szletben t\u00f6rt\u00e9n\u0151 megfizet\u00e9se.<\/p>\n<h4><strong>AZ ELJ\u00c1R\u00c1S:<\/strong><\/h4>\n<p>A kit\u00f6lt\u00f6tt nyomtatv\u00e1nyt a D\u00e9k\u00e1ni Hivatalban kell leadni, ahonnan a TVB javaslat\u00e1val ker\u00fcl tov\u00e1bb\u00edt\u00e1sra enged\u00e9lyez\u00e9s c\u00e9lj\u00e1b\u00f3l az Oktat\u00e1sigazgat\u00e1si Hivatalba.<\/p>\n<h4><strong>FELT\u00c9TEL:<\/strong><\/h4>\n<p>Minden \u00f6nk\u00f6lts\u00e9ges hallgat\u00f3 k\u00e9rv\u00e9nyezheti, ha megfelel\u0151 indokkal tudja al\u00e1t\u00e1masztani k\u00e9r\u00e9s\u00e9t.<\/p>\n<h4><strong>HAT\u00c1RID\u0150:<\/strong><\/h4>\n<p>A TVSz. 15. \u00a7 (6) pontja szerint: \u201eA magyar nyelv\u0171 \u00f6nk\u00f6lts\u00e9ges k\u00e9pz\u00e9sben r\u00e9szt vev\u0151 hallgat\u00f3 eset\u00e9n a k\u00e9pz\u00e9si d\u00edjfizet\u00e9si k\u00f6telezetts\u00e9g teljes\u00edt\u00e9se a bejelentkez\u00e9s felt\u00e9tele. Nem jelentkezhet be az a hallgat\u00f3, aki a lej\u00e1rt fizet\u00e9si k\u00f6telezetts\u00e9geinek nem tett eleget.\u201d<\/p>\n<p>Ebb\u0151l k\u00f6vetkezik, hogy a hallgat\u00f3nak olyan id\u0151pontban kell beadnia a k\u00e9relmet, hogy a f\u00e9l\u00e9v megkezd\u00e9se el\u0151tt, id\u0151ben megkaphassa a d\u00f6nt\u00e9st a beny\u00fajtott k\u00e9rv\u00e9ny\u00e9re. Csak akkor lehet beiratkozni \u00e9s az \u00f3r\u00e1kra bej\u00e1rni, ha a t\u00e9r\u00edt\u00e9si d\u00edj (vagy r\u00e9szletfizet\u00e9s eset\u00e9n annak els\u0151 r\u00e9szlet\u00e9nek) befizet\u00e9se megt\u00f6rt\u00e9nt.<\/p>\n<h4><strong>LET\u00d6LTHET\u0150 NYOMTATV\u00c1NYOK:<\/strong><\/h4>\n<p>(<a href=\"https:\/\/semmelweis.hu\/fok-tvb\/files\/2026\/03\/Onkoltsegrol_visszasorolas_FOK_TVB_2026.pdf\">k\u00e9rv\u00e9ny<\/a>)<\/p>\n<h4><strong>VONATKOZ\u00d3 SZAB\u00c1LYOK:<\/strong><\/h4>\n<p>A <a href=\"https:\/\/semmelweis.hu\/jogigfoig\/dokumentumtar\/szabalyzattar\/szervezeti-es-mukodesi-szabalyzat\/iii-konyv-hkr\/\">TVSz.<\/a>, <a href=\"https:\/\/semmelweis.hu\/jogigfoig\/files\/2023\/06\/SZMSZ_HKR_III_KONYV_III_4_RESZ_Teritesi_es_Juttatasi_Szabalyzat_hatalyos_20230603.pdf\">TJSz.<\/a> idevonatkoz\u00f3 r\u00e9szei<\/p>\n<p><a href=\"https:\/\/semmelweis.hu\/jogigfoig\/files\/2020\/09\/SZMSZ_HKR_III_KONYV_III_12_RESZ_A_magyar_nyelvu_koltsegteriteses_kepzesben_reszt_vevo_hallgatok_hatalyos_2020_08_01.pdf\">A MAGYAR NYELV\u0170 \u00d6NK\u00d6LTS\u00c9GES K\u00c9PZ\u00c9SBEN R\u00c9SZT VEV\u0150 HALLGAT\u00d3K EGYES JOGAIR\u00d3L \u00c9S K\u00d6TELEZETTS\u00c9GEIR\u0150L<\/a><\/p>\n<p><a href=\"https:\/\/semmelweis.hu\/fok\/oktatas\/penzugyek\/\">NEPTUN P\u00c9NZ\u00dcGYI T\u00c1J\u00c9KOZTAT\u00d3<\/a><\/p>\n<p>&nbsp;<\/p>\n<p>&nbsp;<\/p>\n<p>&nbsp;<\/p>\n","protected":false},"excerpt":{"rendered":"<p>Az \u00f6nk\u00f6lts\u00e9ges hallgat\u00f3k t\u00e9r\u00edt\u00e9si d\u00edjakkal kapcsolatos k\u00e9rv\u00e9nyei eset\u00e9n a Rektor d\u00f6nt, a TVB-nek csak v\u00e9lem\u00e9nyez\u00e9si joga van. R\u00d6VID LE\u00cdR\u00c1S: A szab\u00e1lyoknak megfelel\u0151 indokok alapj\u00e1n k\u00e9rhet\u0151 a t\u00e9r\u00edt\u00e9si d\u00edj m\u00e9rs\u00e9kl\u00e9se, fizet\u00e9si halad\u00e9k, illetve az \u00f6nk\u00f6lts\u00e9gi d\u00edj k\u00e9t r\u00e9szletben t\u00f6rt\u00e9n\u0151 megfizet\u00e9se. AZ ELJ\u00c1R\u00c1S: A kit\u00f6lt\u00f6tt nyomtatv\u00e1nyt a D\u00e9k\u00e1ni Hivatalban kell leadni, ahonnan a TVB javaslat\u00e1val ker\u00fcl tov\u00e1bb\u00edt\u00e1sra &hellip;<\/p>\n","protected":false},"author":331,"featured_media":0,"parent":48,"menu_order":10,"comment_status":"closed","ping_status":"closed","template":"","meta":{"_acf_changed":false,"footnotes":""},"categories":[],"tags":[],"class_list":["post-92","page","type-page","status-publish","hentry"],"acf":[],"_links":{"self":[{"href":"https:\/\/semmelweis.hu\/fok-tvb\/wp-json\/wp\/v2\/pages\/92","targetHints":{"allow":["GET"]}}],"collection":[{"href":"https:\/\/semmelweis.hu\/fok-tvb\/wp-json\/wp\/v2\/pages"}],"about":[{"href":"https:\/\/semmelweis.hu\/fok-tvb\/wp-json\/wp\/v2\/types\/page"}],"author":[{"embeddable":true,"href":"https:\/\/semmelweis.hu\/fok-tvb\/wp-json\/wp\/v2\/users\/331"}],"replies":[{"embeddable":true,"href":"https:\/\/semmelweis.hu\/fok-tvb\/wp-json\/wp\/v2\/comments?post=92"}],"version-history":[{"count":10,"href":"https:\/\/semmelweis.hu\/fok-tvb\/wp-json\/wp\/v2\/pages\/92\/revisions"}],"predecessor-version":[{"id":1070,"href":"https:\/\/semmelweis.hu\/fok-tvb\/wp-json\/wp\/v2\/pages\/92\/revisions\/1070"}],"up":[{"embeddable":true,"href":"https:\/\/semmelweis.hu\/fok-tvb\/wp-json\/wp\/v2\/pages\/48"}],"wp:attachment":[{"href":"https:\/\/semmelweis.hu\/fok-tvb\/wp-json\/wp\/v2\/media?parent=92"}],"wp:term":[{"taxonomy":"category","embeddable":true,"href":"https:\/\/semmelweis.hu\/fok-tvb\/wp-json\/wp\/v2\/categories?post=92"},{"taxonomy":"post_tag","embeddable":true,"href":"https:\/\/semmelweis.hu\/fok-tvb\/wp-json\/wp\/v2\/tags?post=92"}],"curies":[{"name":"wp","href":"https:\/\/api.w.org\/{rel}","templated":true}]}}