{"id":911,"date":"2024-08-27T11:24:45","date_gmt":"2024-08-27T09:24:45","guid":{"rendered":"https:\/\/semmelweis.hu\/fok-tvb\/?page_id=911"},"modified":"2025-07-28T11:28:57","modified_gmt":"2025-07-28T09:28:57","slug":"atsorolas-visszasorolas","status":"publish","type":"page","link":"https:\/\/semmelweis.hu\/fok-tvb\/atsorolas-visszasorolas\/","title":{"rendered":"\u00c1tsorol\u00e1s\/Visszasorol\u00e1s"},"content":{"rendered":"<p>Az Nftv. 2016. szeptember 1-j\u00e9vel hat\u00e1lyba l\u00e9p\u0151 vonatkoz\u00f3 rendelkez\u00e9sei \u00e9rtelm\u00e9ben, a 2016\/17-es tan\u00e9v els\u0151 f\u00e9l\u00e9v\u00e9t\u0151l kezd\u0151d\u0151en tanulm\u00e1nyaikat megkezd\u0151 hallgat\u00f3k eset\u00e9ben az al\u00e1bbi szab\u00e1lyoz\u00e1s alkalmazand\u00f3 a minden \u00e9v <strong><u>j\u00falius 31-ig t\u00f6rt\u00e9n\u0151 \u00e1tsorol\u00e1skor:<\/u><\/strong><\/p>\n<p style=\"text-align: justify\">Az <strong>Nftv. 48. \u00a7 (2)<\/strong> bekezd\u00e9s\u00e9ben foglaltak szerint \u201eA fels\u0151oktat\u00e1si int\u00e9zm\u00e9ny tan\u00e9venk\u00e9nt k\u00f6teles \u00f6nk\u00f6lts\u00e9ges k\u00e9pz\u00e9sre \u00e1tsorolni azt a magyar \u00e1llami (r\u00e9sz)\u00f6szt\u00f6nd\u00edjjal t\u00e1mogatott k\u00e9pz\u00e9sben r\u00e9szt vev\u0151 hallgat\u00f3t, aki az utols\u00f3 k\u00e9t olyan f\u00e9l\u00e9v \u00e1tlag\u00e1ban, amelyben hallgat\u00f3i jogviszonya nem sz\u00fcnetelt, illetve nem a 81. \u00a7 (3) \u00e9s (4) bekezd\u00e9s\u00e9ben meghat\u00e1rozott k\u00fclf\u00f6ldi k\u00e9pz\u00e9sben vett r\u00e9szt, nem szerzett vagy nem \u00e9rte el legal\u00e1bb \u2013 a fels\u0151oktat\u00e1si int\u00e9zm\u00e9ny szervezeti \u00e9s m\u0171k\u00f6d\u00e9si szab\u00e1lyzat\u00e1ban a tan\u00e9vet megel\u0151z\u0151 legal\u00e1bb 15 nappal meghat\u00e1rozott \u2013 kreditet vagy tanulm\u00e1nyi \u00e1tlagot, tov\u00e1bb\u00e1 azt, aki a 48\/D. \u00a7 (2) bekezd\u00e9se szerinti nyilatkozat\u00e1t visszavonja.\u201d<\/p>\n<p>A hivatkozott rendelkez\u00e9sekben el\u0151\u00edrt \u201eutols\u00f3 k\u00e9t olyan f\u00e9l\u00e9v \u201d alatt a hallgat\u00f3 \u00e1ltal teljes\u00edtett utols\u00f3 k\u00e9t akt\u00edv f\u00e9l\u00e9v \u00e9rtend\u0151.<\/p>\n<p>Fenti utas\u00edt\u00e1s az Nftv. 48. \u00a7 (2), illetve 116. \u00a7. (8) bekezd\u00e9sei, valamint a nemzeti fels\u0151oktat\u00e1sr\u00f3l sz\u00f3l\u00f3 2011. \u00e9vi CCIV t\u00f6rv\u00e9ny egyes rendelkez\u00e9seinek v\u00e9grehajt\u00e1s\u00e1r\u00f3l sz\u00f3l\u00f3 87\/2015. (IV.9.) Korm. rendelet 61.\u00a7. (8) \u00e9s (9) bekezd\u00e9sein alapul.<\/p>\n<p style=\"text-align: justify\">Az SzMSz III. K\u00f6nyv 2. R\u00e9sz \u2013 Tanulm\u00e1nyi \u00e9s Vizsgaszab\u00e1lyzat 35.\u00a7 (1) rendelkez\u00e9se szerint a TKSZV eredm\u00e9ny\u00e9t a tan\u00e9v tavaszi f\u00e9l\u00e9v\u00e9hez tartoz\u00f3 vizsgaid\u0151szakban letett vizsg\u00e1nak kell tekinteni. Ha a fels\u0151oktat\u00e1si int\u00e9zm\u00e9ny bet\u00f6lthet\u0151 magyar \u00e1llami \u00f6szt\u00f6nd\u00edjas hellyel rendelkezik, akkor a legk\u00e9s\u0151bb j\u00falius 31-ig meghozott \u00e1tsorol\u00e1si d\u00f6nt\u00e9st a TKSZV eredm\u00e9ny\u00e9nek figyelembev\u00e9tel\u00e9vel kell fel\u00fclvizsg\u00e1lni \u00e9s sz\u00fcks\u00e9g eset\u00e9n m\u00f3dos\u00edtani. (\u2026). A TJSz 22.\u00a7 (12) szerint, ha a 87\/2015 Korm. rendelet 56. \u00a7 (1) bekezd\u00e9se alapj\u00e1n az adott f\u00e9l\u00e9vhez tartoz\u00f3 kredit teljes\u00edt\u00e9s\u00e9re j\u00falius 31-\u00e9t k\u00f6vet\u0151en ker\u00fcl sor, \u00e9s az Egyetem bet\u00f6lthet\u0151 magyar \u00e1llami \u00f6szt\u00f6nd\u00edjas hellyel rendelkezik, akkor az \u00e1tsorol\u00e1si d\u00f6nt\u00e9st ennek figyelembev\u00e9tel\u00e9vel kell fel\u00fclvizsg\u00e1lni \u00e9s az (1)-(2) bekezd\u00e9s szerinti felt\u00e9tel teljes\u00edt\u00e9se eset\u00e9n a hallgat\u00f3 \u00e1tsorol\u00e1si d\u00f6nt\u00e9s\u00e9t m\u00f3dos\u00edtani kell a szorgalmi id\u0151szak kezdet\u00e9ig.<\/p>\n<p>A minimum tanulm\u00e1nyi \u00e1tlagot 2022\/2023. tan\u00e9v \u00f3ta minden \u00e9vben a Szen\u00e1tus hat\u00e1rozza meg (<a href=\"https:\/\/semmelweis.hu\/jogigfoig\/files\/2024\/06\/SZMSZ_HKR_III_KONYV_III_4_RESZ_MELLEKLETEK_hatalyos_20240614-tol.pdf\" target=\"_blank\" rel=\"noopener\">SzMSz III.4. \u2013 7. mell\u00e9klet<\/a>). Jelenleg 2,5.<br \/>\nA minimum kredit \u00e1tlagot a TJSZ 22.\u00a7 (1) a) pontja hat\u00e1rozza meg. Jelenleg 18 kredit.<\/p>\n<p><a href=\"https:\/\/semmelweis.hu\/jogigfoig\/dokumentumtar\/szabalyzattar\/szervezeti-es-mukodesi-szabalyzat\/iii-konyv-hkr\/\" target=\"_blank\" rel=\"noopener\">T\u00c9R\u00cdT\u00c9SI \u00c9S JUTTAT\u00c1SI SZAB\u00c1LYZAT<\/a><\/p>\n<p>A meg\u00fcr\u00fclt \u00e1llami helyekre \u00e1tsorol\u00e1st k\u00e9rv\u00e9nyeznie kell a hallgat\u00f3nak (\u0151szi f\u00e9l\u00e9vben vizsgaid\u0151szak utols\u00f3 napj\u00e1ig, tavaszi f\u00e9l\u00e9vben az \u0151szi szemeszter regisztr\u00e1ci\u00f3s het\u00e9t megel\u0151z\u0151 h\u00e9t utols\u00f3 munkanapj\u00e1ig).<\/p>\n<p><a href=\"https:\/\/semmelweis.hu\/fok-tvb\/files\/2024\/08\/Kerveny-visszasorolashoz-20240827-1.pdf\" target=\"_blank\" rel=\"noopener\">K\u00e9rv\u00e9ny visszasorol\u00e1shoz<\/a><\/p>\n","protected":false},"excerpt":{"rendered":"<p>Az Nftv. 2016. szeptember 1-j\u00e9vel hat\u00e1lyba l\u00e9p\u0151 vonatkoz\u00f3 rendelkez\u00e9sei \u00e9rtelm\u00e9ben, a 2016\/17-es tan\u00e9v els\u0151 f\u00e9l\u00e9v\u00e9t\u0151l kezd\u0151d\u0151en tanulm\u00e1nyaikat megkezd\u0151 hallgat\u00f3k eset\u00e9ben az al\u00e1bbi szab\u00e1lyoz\u00e1s alkalmazand\u00f3 a minden \u00e9v j\u00falius 31-ig t\u00f6rt\u00e9n\u0151 \u00e1tsorol\u00e1skor: Az Nftv. 48. \u00a7 (2) bekezd\u00e9s\u00e9ben foglaltak szerint \u201eA fels\u0151oktat\u00e1si int\u00e9zm\u00e9ny tan\u00e9venk\u00e9nt k\u00f6teles \u00f6nk\u00f6lts\u00e9ges k\u00e9pz\u00e9sre \u00e1tsorolni azt a magyar \u00e1llami (r\u00e9sz)\u00f6szt\u00f6nd\u00edjjal t\u00e1mogatott k\u00e9pz\u00e9sben r\u00e9szt &hellip;<\/p>\n","protected":false},"author":101109,"featured_media":0,"parent":0,"menu_order":0,"comment_status":"closed","ping_status":"closed","template":"","meta":{"_acf_changed":false,"footnotes":""},"categories":[],"tags":[],"class_list":["post-911","page","type-page","status-publish","hentry"],"acf":[],"_links":{"self":[{"href":"https:\/\/semmelweis.hu\/fok-tvb\/wp-json\/wp\/v2\/pages\/911","targetHints":{"allow":["GET"]}}],"collection":[{"href":"https:\/\/semmelweis.hu\/fok-tvb\/wp-json\/wp\/v2\/pages"}],"about":[{"href":"https:\/\/semmelweis.hu\/fok-tvb\/wp-json\/wp\/v2\/types\/page"}],"author":[{"embeddable":true,"href":"https:\/\/semmelweis.hu\/fok-tvb\/wp-json\/wp\/v2\/users\/101109"}],"replies":[{"embeddable":true,"href":"https:\/\/semmelweis.hu\/fok-tvb\/wp-json\/wp\/v2\/comments?post=911"}],"version-history":[{"count":10,"href":"https:\/\/semmelweis.hu\/fok-tvb\/wp-json\/wp\/v2\/pages\/911\/revisions"}],"predecessor-version":[{"id":1008,"href":"https:\/\/semmelweis.hu\/fok-tvb\/wp-json\/wp\/v2\/pages\/911\/revisions\/1008"}],"wp:attachment":[{"href":"https:\/\/semmelweis.hu\/fok-tvb\/wp-json\/wp\/v2\/media?parent=911"}],"wp:term":[{"taxonomy":"category","embeddable":true,"href":"https:\/\/semmelweis.hu\/fok-tvb\/wp-json\/wp\/v2\/categories?post=911"},{"taxonomy":"post_tag","embeddable":true,"href":"https:\/\/semmelweis.hu\/fok-tvb\/wp-json\/wp\/v2\/tags?post=911"}],"curies":[{"name":"wp","href":"https:\/\/api.w.org\/{rel}","templated":true}]}}