{"id":90,"date":"2015-11-25T15:15:46","date_gmt":"2015-11-25T14:15:46","guid":{"rendered":"http:\/\/semmelweis.hu\/fok-tvb\/?page_id=90"},"modified":"2026-03-03T10:30:40","modified_gmt":"2026-03-03T09:30:40","slug":"meltanyossagi-kerelmek","status":"publish","type":"page","link":"https:\/\/semmelweis.hu\/fok-tvb\/tanulmanyi-ugyek\/meltanyossagi-kerelmek\/","title":{"rendered":"M\u00e9lt\u00e1nyoss\u00e1gi k\u00e9relmek"},"content":{"rendered":"<h4>\u00a0<strong>R\u00f6vid le\u00edr\u00e1s:<\/strong><\/h4>\n<p style=\"text-align: justify\">M\u00e9lt\u00e1nyoss\u00e1gb\u00f3l (ami azt jelenti, hogy a hallgat\u00f3nak fel nem r\u00f3hat\u00f3, t\u0151le f\u00fcggetlen ok miatt) tanulm\u00e1nyai sor\u00e1n \u00f6sszesen <strong>k\u00e9t alkalommal <\/strong>enged\u00e9lyezhet\u0151 &#8211; az 1\u20134. f\u00e9l\u00e9v mintatanterv\u00e9ben szerepl\u0151 t\u00e1rgyak tekintet\u00e9ben egy alkalommal, valamint az 5. \u00e9s k\u00e9s\u0151bbi f\u00e9l\u00e9vek mintatanterv\u00e9nek t\u00e1rgyai tekintet\u00e9ben tov\u00e1bbi egy alkalommal, &#8211; hogy <strong>tanulm\u00e1nyi vagy anyagi k\u00f6telezetts\u00e9get nem \u00e9rint\u0151 \u00fcgyben<\/strong> a TVSz.-ben meghat\u00e1rozottak al\u00f3l mentes\u00fclj\u00f6n. <strong>Nem alkalmazhat\u00f3 a m\u00e9lt\u00e1nyoss\u00e1g olyan esetben, ha tanulm\u00e1nyi el\u00e9gtelens\u00e9g miatt kell a hallgat\u00f3nak a k\u00e9rv\u00e9nyt beadnia. <\/strong><\/p>\n<h4><strong>AZ ELJ\u00c1R\u00c1S:<\/strong><\/h4>\n<p>A kit\u00f6lt\u00f6tt k\u00e9rv\u00e9nyt a D\u00e9k\u00e1ni Hivatalban kell leadni.<\/p>\n<h4><strong>HAT\u00c1RID\u0150:<\/strong><\/h4>\n<p>A k\u00e9relem t\u00e1rgy\u00e1t\u00f3l f\u00fcgg\u0151en, tanulm\u00e1nyi \u00fcgyekben \u00e1ltal\u00e1ban a beiratkoz\u00e1st megel\u0151z\u0151en.<\/p>\n<h4><strong>LET\u00d6LTHET\u0150 NYOMTATV\u00c1NYOK:<\/strong><\/h4>\n<p>(<a href=\"https:\/\/semmelweis.hu\/fok-tvb\/files\/2026\/03\/Meltanyossagi_kerelem_2026.pdf\">m\u00e9lt\u00e1nyoss\u00e1gi k\u00e9relem<\/a>)<\/p>\n<h4><strong>VONATKOZ\u00d3 SZAB\u00c1LYOK:<\/strong><\/h4>\n<p><a href=\"https:\/\/semmelweis.hu\/jogigfoig\/dokumentumtar\/szabalyzattar\/szervezeti-es-mukodesi-szabalyzat\/iii-konyv-hkr\/\">TVSz. 53.\u00a7<\/a><\/p>\n","protected":false},"excerpt":{"rendered":"<p>\u00a0R\u00f6vid le\u00edr\u00e1s: M\u00e9lt\u00e1nyoss\u00e1gb\u00f3l (ami azt jelenti, hogy a hallgat\u00f3nak fel nem r\u00f3hat\u00f3, t\u0151le f\u00fcggetlen ok miatt) tanulm\u00e1nyai sor\u00e1n \u00f6sszesen k\u00e9t alkalommal enged\u00e9lyezhet\u0151 &#8211; az 1\u20134. f\u00e9l\u00e9v mintatanterv\u00e9ben szerepl\u0151 t\u00e1rgyak tekintet\u00e9ben egy alkalommal, valamint az 5. \u00e9s k\u00e9s\u0151bbi f\u00e9l\u00e9vek mintatanterv\u00e9nek t\u00e1rgyai tekintet\u00e9ben tov\u00e1bbi egy alkalommal, &#8211; hogy tanulm\u00e1nyi vagy anyagi k\u00f6telezetts\u00e9get nem \u00e9rint\u0151 \u00fcgyben a TVSz.-ben &hellip;<\/p>\n","protected":false},"author":331,"featured_media":0,"parent":48,"menu_order":9,"comment_status":"closed","ping_status":"closed","template":"","meta":{"_acf_changed":false,"footnotes":""},"categories":[],"tags":[],"class_list":["post-90","page","type-page","status-publish","hentry"],"acf":[],"_links":{"self":[{"href":"https:\/\/semmelweis.hu\/fok-tvb\/wp-json\/wp\/v2\/pages\/90","targetHints":{"allow":["GET"]}}],"collection":[{"href":"https:\/\/semmelweis.hu\/fok-tvb\/wp-json\/wp\/v2\/pages"}],"about":[{"href":"https:\/\/semmelweis.hu\/fok-tvb\/wp-json\/wp\/v2\/types\/page"}],"author":[{"embeddable":true,"href":"https:\/\/semmelweis.hu\/fok-tvb\/wp-json\/wp\/v2\/users\/331"}],"replies":[{"embeddable":true,"href":"https:\/\/semmelweis.hu\/fok-tvb\/wp-json\/wp\/v2\/comments?post=90"}],"version-history":[{"count":10,"href":"https:\/\/semmelweis.hu\/fok-tvb\/wp-json\/wp\/v2\/pages\/90\/revisions"}],"predecessor-version":[{"id":1066,"href":"https:\/\/semmelweis.hu\/fok-tvb\/wp-json\/wp\/v2\/pages\/90\/revisions\/1066"}],"up":[{"embeddable":true,"href":"https:\/\/semmelweis.hu\/fok-tvb\/wp-json\/wp\/v2\/pages\/48"}],"wp:attachment":[{"href":"https:\/\/semmelweis.hu\/fok-tvb\/wp-json\/wp\/v2\/media?parent=90"}],"wp:term":[{"taxonomy":"category","embeddable":true,"href":"https:\/\/semmelweis.hu\/fok-tvb\/wp-json\/wp\/v2\/categories?post=90"},{"taxonomy":"post_tag","embeddable":true,"href":"https:\/\/semmelweis.hu\/fok-tvb\/wp-json\/wp\/v2\/tags?post=90"}],"curies":[{"name":"wp","href":"https:\/\/api.w.org\/{rel}","templated":true}]}}