{"id":88,"date":"2015-11-25T15:15:25","date_gmt":"2015-11-25T14:15:25","guid":{"rendered":"http:\/\/semmelweis.hu\/fok-tvb\/?page_id=88"},"modified":"2026-03-03T10:24:10","modified_gmt":"2026-03-03T09:24:10","slug":"nevsorbol-valo-torles","status":"publish","type":"page","link":"https:\/\/semmelweis.hu\/fok-tvb\/tanulmanyi-ugyek\/nevsorbol-valo-torles\/","title":{"rendered":"N\u00e9vsorb\u00f3l val\u00f3 t\u00f6rl\u00e9s"},"content":{"rendered":"<h4><strong>R\u00f6vid le\u00edr\u00e1s:<\/strong><\/h4>\n<p>Ha a hallgat\u00f3 bejelenti, hogy megsz\u00fcnteti a hallgat\u00f3i jogviszony\u00e1t, t\u00f6r\u00f6lni kell a hallgat\u00f3k n\u00e9vjegyz\u00e9k\u00e9b\u0151l. Figyelem! Bizonyos esetekben a t\u00f6rl\u00e9sre egy\u00e9b esetekben is sor ker\u00fclhet (TVSz. 16.\u00a7 szerint).<\/p>\n<h4><strong>AZ ELJ\u00c1R\u00c1S:<\/strong><\/h4>\n<p>A megfelel\u0151 k\u00e9rv\u00e9nyt kit\u00f6ltve, a D\u00e9k\u00e1ni Hivatalban kell leadni, ami alapj\u00e1n a TVB hat\u00e1rozatot hoz.<\/p>\n<h4><strong>LET\u00d6LTHET\u0150 NYOMTATV\u00c1NYOK:<\/strong><\/h4>\n<p>(<a href=\"https:\/\/semmelweis.hu\/fok-tvb\/files\/2026\/03\/Jogviszony_megszuntetes_bejelentese_2026.pdf\">k\u00e9relem<\/a>)<\/p>\n<h4><strong>VONATKOZ\u00d3 SZAB\u00c1LYOK:<\/strong><\/h4>\n<p><a href=\"https:\/\/semmelweis.hu\/jogigfoig\/dokumentumtar\/szabalyzattar\/szervezeti-es-mukodesi-szabalyzat\/iii-konyv-hkr\/\">TVSz. 16.\u00a7<\/a><\/p>\n<p>&nbsp;<\/p>\n<p>&nbsp;<\/p>\n<p>&nbsp;<\/p>\n<p>&nbsp;<\/p>\n","protected":false},"excerpt":{"rendered":"<p>R\u00f6vid le\u00edr\u00e1s: Ha a hallgat\u00f3 bejelenti, hogy megsz\u00fcnteti a hallgat\u00f3i jogviszony\u00e1t, t\u00f6r\u00f6lni kell a hallgat\u00f3k n\u00e9vjegyz\u00e9k\u00e9b\u0151l. Figyelem! Bizonyos esetekben a t\u00f6rl\u00e9sre egy\u00e9b esetekben is sor ker\u00fclhet (TVSz. 16.\u00a7 szerint). AZ ELJ\u00c1R\u00c1S: A megfelel\u0151 k\u00e9rv\u00e9nyt kit\u00f6ltve, a D\u00e9k\u00e1ni Hivatalban kell leadni, ami alapj\u00e1n a TVB hat\u00e1rozatot hoz. LET\u00d6LTHET\u0150 NYOMTATV\u00c1NYOK: ( <a href=\"https:\/\/semmelweis.hu\/fok-tvb\/files\/2026\/03\/Jogviszony_megszuntetes_bejelentese_2026.pdf\">k\u00e9relem<\/a> ) VONATKOZ\u00d3 SZAB\u00c1LYOK: <a href=\"https:\/\/semmelweis.hu\/jogigfoig\/dokumentumtar\/szabalyzattar\/szervezeti-es-mukodesi-szabalyzat\/iii-konyv-hkr\/\">TVSz. 16.\u00a7<\/a> &nbsp; &nbsp; &nbsp; &hellip;<\/p>\n","protected":false},"author":331,"featured_media":0,"parent":48,"menu_order":8,"comment_status":"closed","ping_status":"closed","template":"","meta":{"_acf_changed":false,"footnotes":""},"categories":[],"tags":[],"class_list":["post-88","page","type-page","status-publish","hentry"],"acf":[],"_links":{"self":[{"href":"https:\/\/semmelweis.hu\/fok-tvb\/wp-json\/wp\/v2\/pages\/88","targetHints":{"allow":["GET"]}}],"collection":[{"href":"https:\/\/semmelweis.hu\/fok-tvb\/wp-json\/wp\/v2\/pages"}],"about":[{"href":"https:\/\/semmelweis.hu\/fok-tvb\/wp-json\/wp\/v2\/types\/page"}],"author":[{"embeddable":true,"href":"https:\/\/semmelweis.hu\/fok-tvb\/wp-json\/wp\/v2\/users\/331"}],"replies":[{"embeddable":true,"href":"https:\/\/semmelweis.hu\/fok-tvb\/wp-json\/wp\/v2\/comments?post=88"}],"version-history":[{"count":10,"href":"https:\/\/semmelweis.hu\/fok-tvb\/wp-json\/wp\/v2\/pages\/88\/revisions"}],"predecessor-version":[{"id":1064,"href":"https:\/\/semmelweis.hu\/fok-tvb\/wp-json\/wp\/v2\/pages\/88\/revisions\/1064"}],"up":[{"embeddable":true,"href":"https:\/\/semmelweis.hu\/fok-tvb\/wp-json\/wp\/v2\/pages\/48"}],"wp:attachment":[{"href":"https:\/\/semmelweis.hu\/fok-tvb\/wp-json\/wp\/v2\/media?parent=88"}],"wp:term":[{"taxonomy":"category","embeddable":true,"href":"https:\/\/semmelweis.hu\/fok-tvb\/wp-json\/wp\/v2\/categories?post=88"},{"taxonomy":"post_tag","embeddable":true,"href":"https:\/\/semmelweis.hu\/fok-tvb\/wp-json\/wp\/v2\/tags?post=88"}],"curies":[{"name":"wp","href":"https:\/\/api.w.org\/{rel}","templated":true}]}}