{"id":86,"date":"2015-11-25T15:15:05","date_gmt":"2015-11-25T14:15:05","guid":{"rendered":"http:\/\/semmelweis.hu\/fok-tvb\/?page_id=86"},"modified":"2026-01-07T13:23:30","modified_gmt":"2026-01-07T12:23:30","slug":"egyeni-tanrend","status":"publish","type":"page","link":"https:\/\/semmelweis.hu\/fok-tvb\/tanulmanyi-ugyek\/egyeni-tanrend\/","title":{"rendered":"Egy\u00e9ni tanrend"},"content":{"rendered":"<h4><strong>R\u00f6vid le\u00edr\u00e1s:<\/strong><\/h4>\n<p style=\"text-align: justify\">Nyom\u00f3s okkal (pl. kiemelt sportev\u00e9kenys\u00e9g, demonstr\u00e1tori munka) a hallgat\u00f3 k\u00e9rv\u00e9nyezheti, hogy egyes \u00f3r\u00e1ira ne a saj\u00e1t csoportj\u00e1ba, hanem egy m\u00e1sik csoportba j\u00e1rhasson.<\/p>\n<p style=\"text-align: justify\">Amennyiben k\u00e9t hallgat\u00f3 cser\u00e9lni k\u00edv\u00e1n egym\u00e1s k\u00f6z\u00f6tt egy tan\u00f3r\u00e1t, akkor az csak az az illet\u00e9kes Tansz\u00e9k tudt\u00e1val \u00e9s beleegyez\u00e9s\u00e9vel t\u00f6rt\u00e9nhet, amennyien azt a TVB is enged\u00e9lyezi<\/p>\n<p style=\"text-align: justify\">\u00a0<strong>Az elj\u00e1r\u00e1s:<\/strong><\/p>\n<p style=\"text-align: justify\">A kit\u00f6lt\u00f6tt k\u00e9rv\u00e9nyt a D\u00e9k\u00e1ni Hivatalban kell leadni. Az \u00fcgyben a TVB d\u00f6nt.<\/p>\n<h4>\u00a0<strong>Felt\u00e9tel<\/strong>:<\/h4>\n<p style=\"text-align: justify\">A k\u00e9rv\u00e9ny\u00e9t megfelel\u0151 igazol\u00e1ssal (pl. demonstr\u00e1tori tev\u00e9kenys\u00e9g) al\u00e1 tudja t\u00e1masztani, valamint az \u00e9rintett Tansz\u00e9k \u00edr\u00e1sban kinyilv\u00e1n\u00edtja, hogy a hallgat\u00f3nak az \u00e1ltala v\u00e1lasztott csoportban\/id\u0151pontban helyet tud biztos\u00edtani.<\/p>\n<h4><strong>Hat\u00e1rid\u0151:<\/strong><\/h4>\n<p style=\"text-align: justify\">Az egy\u00e9ni tanrendre vonatkoz\u00f3 k\u00e9relmet\u00a0<strong>legk\u00e9s\u0151bb az oktat\u00e1s megkezd\u00e9se el\u0151tti h\u00e9t v\u00e9g\u00e9ig<\/strong> kell leadni.\u00a0<\/p>\n<h4>\u00a0<\/h4>\n<h4><strong>Let\u00f6lthet\u0151 nyomtatv\u00e1ny:<\/strong><\/h4>\n<p>(<a href=\"https:\/\/semmelweis.hu\/fok-tvb\/files\/2026\/01\/Egyeni-tanrend-2025.07.01.pdf\">k\u00e9rv\u00e9ny<\/a>)<\/p>\n<h4><strong>Vonatkoz\u00f3 szab\u00e1lyok<\/strong><\/h4>\n<p>&nbsp;<\/p>\n","protected":false},"excerpt":{"rendered":"<p>R\u00f6vid le\u00edr\u00e1s: Nyom\u00f3s okkal (pl. kiemelt sportev\u00e9kenys\u00e9g, demonstr\u00e1tori munka) a hallgat\u00f3 k\u00e9rv\u00e9nyezheti, hogy egyes \u00f3r\u00e1ira ne a saj\u00e1t csoportj\u00e1ba, hanem egy m\u00e1sik csoportba j\u00e1rhasson. Amennyiben k\u00e9t hallgat\u00f3 cser\u00e9lni k\u00edv\u00e1n egym\u00e1s k\u00f6z\u00f6tt egy tan\u00f3r\u00e1t, akkor az csak az az illet\u00e9kes Tansz\u00e9k tudt\u00e1val \u00e9s beleegyez\u00e9s\u00e9vel t\u00f6rt\u00e9nhet, amennyien azt a TVB is enged\u00e9lyezi \u00a0Az elj\u00e1r\u00e1s: A kit\u00f6lt\u00f6tt k\u00e9rv\u00e9nyt &hellip;<\/p>\n","protected":false},"author":331,"featured_media":0,"parent":48,"menu_order":7,"comment_status":"closed","ping_status":"closed","template":"","meta":{"_acf_changed":false,"footnotes":""},"categories":[],"tags":[],"class_list":["post-86","page","type-page","status-publish","hentry"],"acf":[],"_links":{"self":[{"href":"https:\/\/semmelweis.hu\/fok-tvb\/wp-json\/wp\/v2\/pages\/86","targetHints":{"allow":["GET"]}}],"collection":[{"href":"https:\/\/semmelweis.hu\/fok-tvb\/wp-json\/wp\/v2\/pages"}],"about":[{"href":"https:\/\/semmelweis.hu\/fok-tvb\/wp-json\/wp\/v2\/types\/page"}],"author":[{"embeddable":true,"href":"https:\/\/semmelweis.hu\/fok-tvb\/wp-json\/wp\/v2\/users\/331"}],"replies":[{"embeddable":true,"href":"https:\/\/semmelweis.hu\/fok-tvb\/wp-json\/wp\/v2\/comments?post=86"}],"version-history":[{"count":10,"href":"https:\/\/semmelweis.hu\/fok-tvb\/wp-json\/wp\/v2\/pages\/86\/revisions"}],"predecessor-version":[{"id":1020,"href":"https:\/\/semmelweis.hu\/fok-tvb\/wp-json\/wp\/v2\/pages\/86\/revisions\/1020"}],"up":[{"embeddable":true,"href":"https:\/\/semmelweis.hu\/fok-tvb\/wp-json\/wp\/v2\/pages\/48"}],"wp:attachment":[{"href":"https:\/\/semmelweis.hu\/fok-tvb\/wp-json\/wp\/v2\/media?parent=86"}],"wp:term":[{"taxonomy":"category","embeddable":true,"href":"https:\/\/semmelweis.hu\/fok-tvb\/wp-json\/wp\/v2\/categories?post=86"},{"taxonomy":"post_tag","embeddable":true,"href":"https:\/\/semmelweis.hu\/fok-tvb\/wp-json\/wp\/v2\/tags?post=86"}],"curies":[{"name":"wp","href":"https:\/\/api.w.org\/{rel}","templated":true}]}}