{"id":84,"date":"2015-11-25T15:13:56","date_gmt":"2015-11-25T14:13:56","guid":{"rendered":"http:\/\/semmelweis.hu\/fok-tvb\/?page_id=84"},"modified":"2026-03-03T10:21:06","modified_gmt":"2026-03-03T09:21:06","slug":"tantargy-gorgetes","status":"publish","type":"page","link":"https:\/\/semmelweis.hu\/fok-tvb\/tanulmanyi-ugyek\/tantargy-gorgetes\/","title":{"rendered":"Tant\u00e1rgy \u201cg\u00f6rget\u00e9s\u201d, el\u0151felt\u00e9tel teljes\u00edt\u00e9se n\u00e9lk\u00fcli t\u00e1rgyfelv\u00e9tel"},"content":{"rendered":"<h4><strong>R\u00f6vid le\u00edr\u00e1s:<\/strong><\/h4>\n<p>\u00a0Egy tant\u00e1rgy nem teljes\u00edt\u00e9se eset\u00e9n &#8211; amennyiben ennek a t\u00e1rgynak a nem teljes\u00edt\u00e9se a hallgat\u00f3 tanulm\u00e1nyi k\u00f6telezetts\u00e9geinek teljes\u00edt\u00e9s\u00e9t (tanulm\u00e1nyi el\u0151menetel\u00e9t) megakad\u00e1lyozn\u00e1 &#8211; a tanulm\u00e1nyi \u00e9s vizsga\u00fcgyekben elj\u00e1r\u00f3 bizotts\u00e1g a tanulm\u00e1nyi id\u0151szakra vonatkoz\u00f3 bejelentkez\u00e9si id\u0151szak v\u00e9g\u00e9ig, a hallgat\u00f3 erre ir\u00e1nyul\u00f3 m\u00e9lt\u00e1nyoss\u00e1gi k\u00e9relme alapj\u00e1n, a tanulm\u00e1nyok sor\u00e1n egy alkalommal enged\u00e9lyezheti az erre a tant\u00e1rgyra r\u00e1\u00e9p\u00fcl\u0151 t\u00e1rgyak felv\u00e9tel\u00e9t azzal, hogy a r\u00e1\u00e9p\u00fcl\u0151 t\u00e1rgyak vizsgajegy\u00e9nek megszerz\u00e9se csak akkor lehets\u00e9ges, ha az el\u0151k\u00f6vetelm\u00e9ny t\u00e1rgyb\u00f3l a megel\u0151z\u0151 f\u00e9l\u00e9v kreditjeit a hallgat\u00f3 megszerezte.<\/p>\n<h4><strong>AZ ELJ\u00c1R\u00c1S:<\/strong><\/h4>\n<p>A megfelel\u0151en kit\u00f6lt\u00f6tt k\u00e9rv\u00e9nyt a D\u00e9k\u00e1ni Hivatalban kell leadni \u00e9s a TVB d\u00f6nt az \u00fcgyben.<\/p>\n<h4><strong>FELT\u00c9TEL:<\/strong><\/h4>\n<p>A hallgat\u00f3t csup\u00e1n egy t\u00e1rgy akad\u00e1lyozza a tov\u00e1bbhalad\u00e1sban, illetve a hallgat\u00f3nak m\u00e9g van vizsgalehet\u0151s\u00e9ge. A lehet\u0151s\u00e9g k\u00e9pz\u00e9senk\u00e9nt egyszeri alkalommal \u00e1ll rendelkez\u00e9sre.<\/p>\n<h4><strong>HAT\u00c1RID\u0150:<\/strong><\/h4>\n<p style=\"text-align: justify\">A tant\u00e1rgyg\u00f6rget\u00e9sre vonatkoz\u00f3 k\u00e9relmeket a lead\u00e1s\u00e1nak hat\u00e1rideje a bejelentkez\u00e9si id\u0151szak v\u00e9ge.<\/p>\n<h4><strong>LET\u00d6LTHET\u0150 NYOMTATV\u00c1NYOK:<\/strong><\/h4>\n<p>(<a href=\"https:\/\/semmelweis.hu\/fok-tvb\/files\/2026\/03\/Meltanyossagi_kerelem_22.\u00a7_9_bekezd_2026.pdf\">k\u00e9rv\u00e9ny g\u00f6rget\u00e9shez<\/a>)<\/p>\n<h4><strong>VONATKOZ\u00d3 SZAB\u00c1LYOK:<\/strong><\/h4>\n<p><a href=\"https:\/\/semmelweis.hu\/jogigfoig\/dokumentumtar\/szabalyzattar\/szervezeti-es-mukodesi-szabalyzat\/iii-konyv-hkr\/\">TVSz. 22.\u00a7 (9) pont<\/a><\/p>\n<h1>\u00a0<\/h1>\n","protected":false},"excerpt":{"rendered":"<p>R\u00f6vid le\u00edr\u00e1s: \u00a0Egy tant\u00e1rgy nem teljes\u00edt\u00e9se eset\u00e9n &#8211; amennyiben ennek a t\u00e1rgynak a nem teljes\u00edt\u00e9se a hallgat\u00f3 tanulm\u00e1nyi k\u00f6telezetts\u00e9geinek teljes\u00edt\u00e9s\u00e9t (tanulm\u00e1nyi el\u0151menetel\u00e9t) megakad\u00e1lyozn\u00e1 &#8211; a tanulm\u00e1nyi \u00e9s vizsga\u00fcgyekben elj\u00e1r\u00f3 bizotts\u00e1g a tanulm\u00e1nyi id\u0151szakra vonatkoz\u00f3 bejelentkez\u00e9si id\u0151szak v\u00e9g\u00e9ig, a hallgat\u00f3 erre ir\u00e1nyul\u00f3 m\u00e9lt\u00e1nyoss\u00e1gi k\u00e9relme alapj\u00e1n, a tanulm\u00e1nyok sor\u00e1n egy alkalommal enged\u00e9lyezheti az erre a tant\u00e1rgyra r\u00e1\u00e9p\u00fcl\u0151 &hellip;<\/p>\n","protected":false},"author":331,"featured_media":0,"parent":48,"menu_order":6,"comment_status":"closed","ping_status":"closed","template":"","meta":{"_acf_changed":false,"footnotes":""},"categories":[],"tags":[],"class_list":["post-84","page","type-page","status-publish","hentry"],"acf":[],"_links":{"self":[{"href":"https:\/\/semmelweis.hu\/fok-tvb\/wp-json\/wp\/v2\/pages\/84","targetHints":{"allow":["GET"]}}],"collection":[{"href":"https:\/\/semmelweis.hu\/fok-tvb\/wp-json\/wp\/v2\/pages"}],"about":[{"href":"https:\/\/semmelweis.hu\/fok-tvb\/wp-json\/wp\/v2\/types\/page"}],"author":[{"embeddable":true,"href":"https:\/\/semmelweis.hu\/fok-tvb\/wp-json\/wp\/v2\/users\/331"}],"replies":[{"embeddable":true,"href":"https:\/\/semmelweis.hu\/fok-tvb\/wp-json\/wp\/v2\/comments?post=84"}],"version-history":[{"count":12,"href":"https:\/\/semmelweis.hu\/fok-tvb\/wp-json\/wp\/v2\/pages\/84\/revisions"}],"predecessor-version":[{"id":1062,"href":"https:\/\/semmelweis.hu\/fok-tvb\/wp-json\/wp\/v2\/pages\/84\/revisions\/1062"}],"up":[{"embeddable":true,"href":"https:\/\/semmelweis.hu\/fok-tvb\/wp-json\/wp\/v2\/pages\/48"}],"wp:attachment":[{"href":"https:\/\/semmelweis.hu\/fok-tvb\/wp-json\/wp\/v2\/media?parent=84"}],"wp:term":[{"taxonomy":"category","embeddable":true,"href":"https:\/\/semmelweis.hu\/fok-tvb\/wp-json\/wp\/v2\/categories?post=84"},{"taxonomy":"post_tag","embeddable":true,"href":"https:\/\/semmelweis.hu\/fok-tvb\/wp-json\/wp\/v2\/tags?post=84"}],"curies":[{"name":"wp","href":"https:\/\/api.w.org\/{rel}","templated":true}]}}