{"id":80,"date":"2015-11-25T15:13:14","date_gmt":"2015-11-25T14:13:14","guid":{"rendered":"http:\/\/semmelweis.hu\/fok-tvb\/?page_id=80"},"modified":"2026-04-16T10:28:42","modified_gmt":"2026-04-16T08:28:42","slug":"kotelezo-targy-befogadasa-felmentes-kerese","status":"publish","type":"page","link":"https:\/\/semmelweis.hu\/fok-tvb\/tanulmanyi-ugyek\/kotelezo-targy-befogadasa-felmentes-kerese\/","title":{"rendered":"T\u00e1rgy befogad\u00e1sa, felment\u00e9s k\u00e9r\u00e9se"},"content":{"rendered":"<h5><strong>A kor\u00e1bbi tanulm\u00e1nyok sor\u00e1n m\u00e1r igazoltan teljes\u00edtett (k\u00f6telez\u0151, vagy szabadon v\u00e1laszthat\u00f3) tant\u00e1rgy befogadhat\u00f3 \u00e9s \u00edgy annak elv\u00e9gz\u00e9se al\u00f3l felment\u00e9s adhat\u00f3, vagy egyes esetekben k\u00fcl\u00f6nb\u00f6zeti vizsga el\u0151\u00edr\u00e1s\u00e1ra ker\u00fclhet sor.<\/strong><\/h5>\n<div class=\"responsive-tabs\">\n<h2 class=\"tabtitle\">K\u00f6telez\u0151 t\u00e1rgy befogad\u00e1sa<\/h2>\n<div class=\"tabcontent\">\n\n<h4 style=\"margin: 0cm;margin-bottom: .0001pt\"><strong>R\u00f6vid le\u00edr\u00e1s:<\/strong><\/h4>\n<p>A t\u00e1rgy a Mintatantervnek megfelel\u0151 kredittel \u00e9s vizsgaform\u00e1val, de az eredeti \u00e9rdemjeggyel ker\u00fcl befogad\u00e1sra a felt\u00e9telek teljes\u00fcl\u00e9se eset\u00e9n.<\/p>\n<p>Az Oklev\u00e9l kiad\u00e1s\u00e1nak azonban felt\u00e9tele, hogy az el\u0151\u00edrt kreditek egyharmad\u00e1t az Egyetemen kell megszerezni TVSz. 44. \u00a7 (5).<\/p>\n<p><strong>AZ ELJ\u00c1R\u00c1S:<\/strong><\/p>\n<p style=\"text-align: justify\">A let\u00f6lt\u00f6tt (l\u00e1sd al\u00e1bb) \u00e9s hi\u00e1nytalanul kit\u00f6lt\u00f6tt <strong>k\u00e9rv\u00e9nyt<\/strong>, az <strong>\u00e9rintett oktat\u00e1si szervezeti egys\u00e9g(egys\u00e9gek) vezet\u0151j\u00e9nek(vezet\u0151inek) \u00edr\u00e1sos v\u00e9lem\u00e9ny\u00e9t<\/strong>, illetve a tant\u00e1rgyak <strong>abszolv\u00e1l\u00e1s\u00e1t hiteles\u00edt\u0151 dokumentumot\/dokumentumokat <\/strong>a D\u00e9k\u00e1ni Hivatalban kell leadni. Ha a k\u00e9rd\u00e9ses t\u00e1rgyat <strong>nem <\/strong>a Semmelweis Egyetemen teljes\u00edtette, akkor a befogadhat\u00f3s\u00e1got a Kar Kredit\u00e1tviteli Bizotts\u00e1ga is v\u00e9lem\u00e9nyezi. Az \u00fcgyben a TVB hoz d\u00f6nt\u00e9st.<\/p>\n<p><strong>FELT\u00c9TEL:<\/strong><\/p>\n<p>A Karon oktatott t\u00e1rggyal legal\u00e1bb 75%-ban val\u00f3 megegyez\u00e9s, amit <strong>kiz\u00e1r\u00f3lag <\/strong>a t\u00e1rgyat oktat\u00f3 Tansz\u00e9k b\u00edr\u00e1lhat el.<\/p>\n<p><strong>HAT\u00c1RID\u0150:<\/strong><\/p>\n<p>A k\u00e9relem bead\u00e1s\u00e1ra a tanulm\u00e1nyok folytat\u00e1s\u00e1ra vonatkoz\u00f3 bejelent\u00e9s el\u0151tt, azaz a beiratkoz\u00e1st megel\u0151z\u0151en van lehet\u0151s\u00e9g.<\/p>\n<p><strong>LET\u00d6LTHET\u0150 NYOMTATV\u00c1NYOK:<\/strong><\/p>\n<p>(<a href=\"https:\/\/semmelweis.hu\/fok-tvb\/files\/2026\/04\/Kotelezo_kotelezoen_valaszthato_tantargy_befogadasa_2026.pdf\" target=\"_blank\" rel=\"noopener\">k\u00e9rv\u00e9ny<\/a>)<\/p>\n<p><a href=\"https:\/\/semmelweis.hu\/fok\/files\/2025\/05\/Targybefogadas_FOK_Kurrikulum-2.0-2024-2025-2025.04.14.pdf\">Tansz\u00e9ki javaslat tant\u00e1rgybefogad\u00e1shoz a FOK Kurriukulum 2.0-2024\/2025 szerint<\/a><\/p>\n<p><strong>VONATKOZ\u00d3 SZAB\u00c1LYOK:<\/strong><\/p>\n<p><a href=\"https:\/\/semmelweis.hu\/jogigfoig\/dokumentumtar\/szabalyzattar\/szervezeti-es-mukodesi-szabalyzat\/iii-konyv-hkr\/\">TVSz. 44.\u00a7<\/a><\/p>\n<h4>\n<\/div><h2 class=\"tabtitle\">Szabadon v\u00e1laszthat\u00f3 t\u00e1rgy befogad\u00e1sa<\/h2>\n<div class=\"tabcontent\">\n<\/h4>\n<h4><strong>R\u00f6vid le\u00edr\u00e1s:<\/strong><\/h4>\n<p style=\"text-align: justify\">Kor\u00e1bban teljes\u00edtett \u00e9s a Mintatantervben nem szerepl\u0151 tanulm\u00e1nyok fogadhat\u00f3k be szabadon v\u00e1lasztott t\u00e1rgyk\u00e9nt.\u00a0<\/p>\n<h4><strong>Az elj\u00e1r\u00e1s:<\/strong><\/h4>\n<p style=\"text-align: justify\">A let\u00f6lt\u00f6tt (l\u00e1sd lentebb) \u00e9s hi\u00e1nytalanul kit\u00f6lt\u00f6tt <strong>k\u00e9rv\u00e9nyt,<\/strong>\u00a0illetve a tant\u00e1rgyak <strong>abszolv\u00e1l\u00e1s\u00e1t hiteles\u00edt\u0151 dokumentumot\/dokumentumokat<\/strong> a D\u00e9k\u00e1ni Hivatalban kell leadni. Ha a k\u00e9rd\u00e9ses t\u00e1rgyat <strong>nem<\/strong> az Egyetemen teljes\u00edtette, akkor a befogadhat\u00f3s\u00e1got a Kar Oktat\u00e1si \u00e9s Kredit Bizotts\u00e1ga is v\u00e9lem\u00e9nyezi. Az \u00fcgyben a TVB hoz d\u00f6nt\u00e9st.<\/p>\n<p><a href=\"https:\/\/semmelweis.hu\/fok-tvb\/files\/2026\/01\/KaB-ajanlas-2026.-januar.pdf\" target=\"_blank\" rel=\"noopener\">A Kredit\u00e1tviteli Bizotts\u00e1g aj\u00e1nl\u00e1sa a szabadon v\u00e1laszthat\u00f3 t\u00e1rgyak befogad\u00e1s\u00e1ra vonatkoz\u00f3an a Fogorvostudom\u00e1nyi Karon.<\/a><\/p>\n<h4><strong>Hat\u00e1rid\u0151:\u00a0<\/strong><\/h4>\n<p style=\"text-align: justify\">A k\u00e9relem bead\u00e1s\u00e1ra a tanulm\u00e1nyok folytat\u00e1s\u00e1ra vonatkoz\u00f3 bejelent\u00e9s <strong>el\u0151tt<\/strong>, azaz a beiratkoz\u00e1st megel\u0151z\u0151en van lehet\u0151s\u00e9g.<\/p>\n<h4><strong>Let\u00f6lthet\u0151 nyomtatv\u00e1nyok:<\/strong><\/h4>\n<p>(k\u00e9rv\u00e9ny)<\/p>\n<h4><strong>\u00a0<\/strong><strong>Vonatkoz\u00f3 szab\u00e1lyok:<\/strong><\/h4>\n<h4>\n<\/div><h2 class=\"tabtitle\">Felment\u00e9s k\u00e9r\u00e9se<\/h2>\n<div class=\"tabcontent\">\n<\/h4>\n<h4><strong>R\u00f6vid le\u00edr\u00e1s:<\/strong><\/h4>\n<p>Felment\u00e9s adhat\u00f3 a Testnevel\u00e9s tant\u00e1rgy \u00f3r\u00e1inak l\u00e1togat\u00e1sa al\u00f3l, amit a <strong>R\/1\/2024. (I.08.) sz\u00e1m\u00fa rektori utas\u00edt\u00e1s Testnevel\u00e9s tant\u00e1rgy \u00f3r\u00e1inak l\u00e1togat\u00e1sa al\u00f3li felment\u00e9sre ir\u00e1nyul\u00f3 hallgat\u00f3i ig\u00e9nyek elb\u00edr\u00e1l\u00e1s\u00e1nak folyamat\u00e1r\u00f3l sz\u00f3l\u00f3 R\/2\/2022. (VII.21.) sz\u00e1m\u00fa rektori utas\u00edt\u00e1s m\u00f3dos\u00edt\u00e1sa szab\u00e1lyoz.<\/strong><\/p>\n<h4><strong>AZ ELJ\u00c1R\u00c1S:<\/strong><\/h4>\n<h4>Testnevel\u00e9s \u00f3r\u00e1k al\u00f3li felment\u00e9s ig\u00e9nyl\u00e9s\u00e9nek le\u00edr\u00e1sa a Testnevel\u00e9si \u00e9s Sportk\u00f6zpont honlapj\u00e1n az al\u00e1bbi linken \u00e9rhet\u0151 el:<\/h4>\n<p><a href=\"https:\/\/semmelweis.hu\/sportkozpont\/oktatas\/felmentesek\/\">https:\/\/semmelweis.hu\/sportkozpont\/oktatas\/felmentesek\/<\/a><\/p>\n<h4><strong>VONATKOZ\u00d3 SZAB\u00c1LYOK:<\/strong><\/h4>\n<p><a href=\"https:\/\/semmelweis.hu\/jogigfoig\/2024\/01\/10\/r-1-2024-i-08-szamu-rektori-utasitas-testneveles-tantargy-orainak-latogatasa-aloli-felmentesre-iranyulo-hallgatoi-igenyek-elbiralasanak-folyamatarol-szolo-r-2-2022-vii-21-szamu-rektori-utasita\/\">https:\/\/semmelweis.hu\/jogigfoig\/2024\/01\/10\/r-1-2024-i-08-szamu-rektori-utasitas-testneveles-tantargy-orainak-latogatasa-aloli-felmentesre-iranyulo-hallgatoi-igenyek-elbiralasanak-folyamatarol-szolo-r-2-2022-vii-21-szamu-rektori-utasita\/<\/a><\/p>\n<\/div><\/div>\n","protected":false},"excerpt":{"rendered":"<p>A kor\u00e1bbi tanulm\u00e1nyok sor\u00e1n m\u00e1r igazoltan teljes\u00edtett (k\u00f6telez\u0151, vagy szabadon v\u00e1laszthat\u00f3) tant\u00e1rgy befogadhat\u00f3 \u00e9s \u00edgy annak elv\u00e9gz\u00e9se al\u00f3l felment\u00e9s adhat\u00f3, vagy egyes esetekben k\u00fcl\u00f6nb\u00f6zeti vizsga el\u0151\u00edr\u00e1s\u00e1ra ker\u00fclhet sor. R\u00f6vid le\u00edr\u00e1s: A t\u00e1rgy a Mintatantervnek megfelel\u0151 kredittel \u00e9s vizsgaform\u00e1val, de az eredeti \u00e9rdemjeggyel ker\u00fcl befogad\u00e1sra a felt\u00e9telek teljes\u00fcl\u00e9se eset\u00e9n. Az Oklev\u00e9l kiad\u00e1s\u00e1nak azonban felt\u00e9tele, hogy az &hellip;<\/p>\n","protected":false},"author":331,"featured_media":0,"parent":48,"menu_order":4,"comment_status":"closed","ping_status":"closed","template":"template-fullwidth.php","meta":{"_acf_changed":false,"footnotes":""},"categories":[],"tags":[],"class_list":["post-80","page","type-page","status-publish","hentry"],"acf":[],"_links":{"self":[{"href":"https:\/\/semmelweis.hu\/fok-tvb\/wp-json\/wp\/v2\/pages\/80","targetHints":{"allow":["GET"]}}],"collection":[{"href":"https:\/\/semmelweis.hu\/fok-tvb\/wp-json\/wp\/v2\/pages"}],"about":[{"href":"https:\/\/semmelweis.hu\/fok-tvb\/wp-json\/wp\/v2\/types\/page"}],"author":[{"embeddable":true,"href":"https:\/\/semmelweis.hu\/fok-tvb\/wp-json\/wp\/v2\/users\/331"}],"replies":[{"embeddable":true,"href":"https:\/\/semmelweis.hu\/fok-tvb\/wp-json\/wp\/v2\/comments?post=80"}],"version-history":[{"count":12,"href":"https:\/\/semmelweis.hu\/fok-tvb\/wp-json\/wp\/v2\/pages\/80\/revisions"}],"predecessor-version":[{"id":1077,"href":"https:\/\/semmelweis.hu\/fok-tvb\/wp-json\/wp\/v2\/pages\/80\/revisions\/1077"}],"up":[{"embeddable":true,"href":"https:\/\/semmelweis.hu\/fok-tvb\/wp-json\/wp\/v2\/pages\/48"}],"wp:attachment":[{"href":"https:\/\/semmelweis.hu\/fok-tvb\/wp-json\/wp\/v2\/media?parent=80"}],"wp:term":[{"taxonomy":"category","embeddable":true,"href":"https:\/\/semmelweis.hu\/fok-tvb\/wp-json\/wp\/v2\/categories?post=80"},{"taxonomy":"post_tag","embeddable":true,"href":"https:\/\/semmelweis.hu\/fok-tvb\/wp-json\/wp\/v2\/tags?post=80"}],"curies":[{"name":"wp","href":"https:\/\/api.w.org\/{rel}","templated":true}]}}