{"id":8,"date":"2012-06-13T12:17:37","date_gmt":"2012-06-13T10:17:37","guid":{"rendered":"http:\/\/semmelweis-egyetem.hu\/kutvolgyi-mentalhigiene\/?page_id=8"},"modified":"2021-01-22T11:39:44","modified_gmt":"2021-01-22T10:39:44","slug":"elerhetoseg","status":"publish","type":"page","link":"https:\/\/semmelweis.hu\/fok-tvb\/elerhetoseg\/","title":{"rendered":"El\u00e9rhet\u0151s\u00e9g"},"content":{"rendered":"<p><strong>A k\u00e9rv\u00e9nyeket (azaz a let\u00f6lt\u00f6tt formanyomtatv\u00e1nyokat megfelel\u0151 kit\u00f6lt\u00e9s ut\u00e1n) minden esetben a <a href=\"https:\/\/semmelweis.hu\/fok\/munkatarsak\/\">FOK D\u00e9k\u00e1ni Hivatal\u00e1ban<\/a> kell leadni.<\/strong><strong> A TVB jelenleg <em>kiz\u00e1r\u00f3lag<\/em> a pap\u00edralap\u00fa k\u00e9rv\u00e9nyeket tudja kezelni.<\/strong><\/p>\n<p>Felvil\u00e1gos\u00edt\u00e1st szint\u00e9n a D\u00e9k\u00e1ni Hivatalban lehet k\u00e9rni \u2013 f\u00e9lfogad\u00e1si id\u0151ben \u2013 az adott \u00e9vfolyam eset\u00e9n illet\u00e9kes \u00fcgyit\u00e9z\u0151t\u0151l. <em>(C\u00edm: 1085 Budapest, \u00dcll\u0151i \u00fat 26. fszt. 10. )<\/em><\/p>\n<p>&nbsp;<\/p>\n<p style=\"padding-left: 40px\">\u00a0<\/p>\n<p style=\"padding-left: 40px\">\u00a0<\/p>\n<p>&nbsp;<\/p>\n","protected":false},"excerpt":{"rendered":"<p>A k\u00e9rv\u00e9nyeket (azaz a let\u00f6lt\u00f6tt formanyomtatv\u00e1nyokat megfelel\u0151 kit\u00f6lt\u00e9s ut\u00e1n) minden esetben a <a href=\"https:\/\/semmelweis.hu\/fok\/munkatarsak\/\">FOK D\u00e9k\u00e1ni Hivatal\u00e1ban<\/a> kell leadni. A TVB jelenleg kiz\u00e1r\u00f3lag a pap\u00edralap\u00fa k\u00e9rv\u00e9nyeket tudja kezelni.<br \/>\nFelvil\u00e1gos\u00edt\u00e1st szint\u00e9n a D\u00e9k\u00e1ni Hivatalban lehet k\u00e9rni \u2013 f\u00e9lfogad\u00e1si id\u0151ben \u2013 az adott \u00e9vfolyam eset\u00e9n illet\u00e9kes \u00fcgyit\u00e9z\u0151t\u0151l. (C\u00edm: 1085 Budapest, \u00dcll\u0151i \u00fat 26. fszt. 10. )<br \/>\n&nbsp;<br \/>\n\u00a0<br \/>\n\u00a0<br \/>\n&nbsp;<\/p>\n","protected":false},"author":12,"featured_media":0,"parent":0,"menu_order":4,"comment_status":"closed","ping_status":"closed","template":"","meta":{"_acf_changed":false,"footnotes":""},"categories":[],"tags":[],"class_list":["post-8","page","type-page","status-publish","hentry"],"acf":[],"_links":{"self":[{"href":"https:\/\/semmelweis.hu\/fok-tvb\/wp-json\/wp\/v2\/pages\/8","targetHints":{"allow":["GET"]}}],"collection":[{"href":"https:\/\/semmelweis.hu\/fok-tvb\/wp-json\/wp\/v2\/pages"}],"about":[{"href":"https:\/\/semmelweis.hu\/fok-tvb\/wp-json\/wp\/v2\/types\/page"}],"author":[{"embeddable":true,"href":"https:\/\/semmelweis.hu\/fok-tvb\/wp-json\/wp\/v2\/users\/12"}],"replies":[{"embeddable":true,"href":"https:\/\/semmelweis.hu\/fok-tvb\/wp-json\/wp\/v2\/comments?post=8"}],"version-history":[{"count":11,"href":"https:\/\/semmelweis.hu\/fok-tvb\/wp-json\/wp\/v2\/pages\/8\/revisions"}],"predecessor-version":[{"id":714,"href":"https:\/\/semmelweis.hu\/fok-tvb\/wp-json\/wp\/v2\/pages\/8\/revisions\/714"}],"wp:attachment":[{"href":"https:\/\/semmelweis.hu\/fok-tvb\/wp-json\/wp\/v2\/media?parent=8"}],"wp:term":[{"taxonomy":"category","embeddable":true,"href":"https:\/\/semmelweis.hu\/fok-tvb\/wp-json\/wp\/v2\/categories?post=8"},{"taxonomy":"post_tag","embeddable":true,"href":"https:\/\/semmelweis.hu\/fok-tvb\/wp-json\/wp\/v2\/tags?post=8"}],"curies":[{"name":"wp","href":"https:\/\/api.w.org\/{rel}","templated":true}]}}