{"id":78,"date":"2015-11-25T15:12:45","date_gmt":"2015-11-25T14:12:45","guid":{"rendered":"http:\/\/semmelweis.hu\/fok-tvb\/?page_id=78"},"modified":"2025-07-28T11:37:14","modified_gmt":"2025-07-28T09:37:14","slug":"szakdolgozattal-kapcsolatos-ugyek","status":"publish","type":"page","link":"https:\/\/semmelweis.hu\/fok-tvb\/tanulmanyi-ugyek\/szakdolgozattal-kapcsolatos-ugyek\/","title":{"rendered":"Szakdolgozattal kapcsolatos k\u00e9rv\u00e9nyek t\u00e9ma-, vagy c\u00edmm\u00f3dos\u00edt\u00e1s, konzulens v\u00e1lt\u00e1s, illetve a lead\u00e1s hat\u00e1ridej\u00e9nek meghosszabb\u00edt\u00e1sa)"},"content":{"rendered":"<p>&nbsp;<\/p>\n<p style=\"text-align: justify\">A Szakdolgozattal kapcsolatos tudnival\u00f3kat \u201cA diplomamunka (szakdolgozat) elk\u00e9sz\u00edt\u00e9s\u00e9nek rendje \u00e9s k\u00f6vetelm\u00e9nyei a Fogorvostudom\u00e1nyi Karon\u201d c\u00edm\u0171 szab\u00e1lyzat tartalmazza, amely el\u00e9rhet\u0151 a <a href=\"https:\/\/semmelweis.hu\/fok\/files\/2020\/05\/FOK-Szakdolgozat-szab%C3%A1lyzat-2020-V%C3%89GLEGES.pdf\">D\u00e9k\u00e1ni Hivatal honlapj\u00e1n<\/a><\/p>\n<p style=\"text-align: justify\">A D\u00e9k\u00e1ni Hivatalba, illeve az NHKK-ba leadott <strong>t\u00e9ma b\u00e1rmilyen m\u00f3dos\u00edt\u00e1sra csak egy alkalommal van lehet\u0151s\u00e9g<\/strong>. Az ezzel kapcsolatos k\u00e9relem a TVB-hez <strong>legk\u00e9s\u0151bb a 9. f\u00e9l\u00e9v els\u0151 oktat\u00e1si napj\u00e1ig<\/strong> adhat\u00f3 be. A t\u00e9ma m\u00f3dos\u00edt\u00e1s\u00e1t a TVB csak k\u00fcl\u00f6n\u00f6sen indokolt esetben enged\u00e9lyezi tekintettel arra, hogy a t\u00e9ma kiv\u00e1laszt\u00e1s\u00e1ban a hallgat\u00f3knak meglehet\u0151sen nagy a szabads\u00e1ga.<\/p>\n<p style=\"text-align: justify\">A fenti hat\u00e1rid\u0151 letelt\u00e9vel m\u00e1r t\u00e9ma (c\u00edm) m\u00f3dos\u00edt\u00e1sa nem enged\u00e9lyezhet\u0151 <strong>kiv\u00e9ve, ha az a hallgat\u00f3t\u00f3l f\u00fcggetlen<\/strong>, <strong>nyom\u00f3s ok miatt v\u00e1lik sz\u00fcks\u00e9gess\u00e9<\/strong> (pl. a t\u00e9mavezet\u0151 elhagyja az Egyetemet).<\/p>\n<p style=\"text-align: justify\">Amennyiben a t\u00e9mavezet\u0151\/konzulens szem\u00e9ly\u00e9ben t\u00f6rt\u00e9nik v\u00e1ltoztat\u00e1s, illetve a Szakdolgozat egy m\u00e1sik Klinik\u00e1n\/Tansz\u00e9ken fog elk\u00e9sz\u00fclni, akkor az \u00e1tad\u00f3 t\u00e9mavezet\u0151 \u00edr\u00e1sos hozz\u00e1j\u00e1rul\u00e1s\u00e1nak is szerepelnie kell a kit\u00f6lt\u00f6tt k\u00e9rv\u00e9nyen.<\/p>\n<p style=\"text-align: justify\">A TVSz 46.\u00a7 (6) alapj\u00e1n <strong>k\u00e9rv\u00e9nyezhet\u0151 a Szakdolgozat lead\u00e1si hat\u00e1ridej\u00e9nek meghosszabb\u00edt\u00e1sa egy alkalommal, legfeljebb k\u00e9t h\u00e9ttel<\/strong>. Ezen t\u00fal semmilyen tov\u00e1bbi hosszabb\u00edt\u00e1s nem lehets\u00e9ges. A d\u00f6nt\u00e9st a TVB hozza az illet\u00e9kes Tansz\u00e9k v\u00e9lem\u00e9ny\u00e9nek figyelembev\u00e9tel\u00e9vel.<\/p>\n<p>Rektori p\u00e1lyamunka \u00e9s tudom\u00e1nyos munka elfogad\u00e1sa szakdolgozatk\u00e9nt a TVSZ. 46.\u00a7 szerint:<\/p>\n<p style=\"text-align: justify\">\u201e(18) A d\u00edjjal jutalmazott rektori p\u00e1lyamunk\u00e1kat a t\u00e9ma szerint illet\u00e9kes oktat\u00e1si-kutat\u00e1si szervezeti egys\u00e9g vezet\u0151j\u00e9nek javaslata alapj\u00e1n a d\u00e9k\u00e1n jeles b\u00edr\u00e1lati javaslat\u00fa szakdolgozatnak fogadhatja el, amennyiben ezt a hallgat\u00f3 a tanulm\u00e1nyi oszt\u00e1lyon beny\u00fajtott k\u00e9rv\u00e9nyben k\u00e9ri.\u201d<\/p>\n<p style=\"text-align: justify\">\u201e(20) A tanulm\u00e1nyok keret\u00e9ben l\u00e9trehozott, lektor\u00e1lt tudom\u00e1nyos foly\u00f3iratban els\u0151 szerz\u0151s m\u0171k\u00e9nt k\u00f6zz\u00e9 tett\/szerkeszt\u0151bizotts\u00e1g \u00e1ltal k\u00f6zl\u00e9sre elfogadott dolgozatot szakdolgozatk\u00e9nt elfogadhatja a d\u00e9k\u00e1n, mely esetben a b\u00edr\u00e1latot az \u00e1ltal\u00e1nos szab\u00e1lyok szerint kell elv\u00e9gezni.\u201d<\/p>\n<p style=\"text-align: justify\">\u201e(21) A (18)-(20) bekezd\u00e9sben meghat\u00e1rozott szakdolgozatra \/ diplomamunk\u00e1ra vonatkoz\u00f3 k\u00e9relmet a hallgat\u00f3nak a rektori p\u00e1lyamunka eredm\u00e9nyhirdet\u00e9s\u00e9t k\u00f6vet\u0151 legk\u00e9s\u0151bb k\u00e9t h\u00e9ten bel\u00fcl kell beny\u00fajtania a Kar Tanulm\u00e1nyi Oszt\u00e1ly\u00e1n. Lektor\u00e1lt tudom\u00e1nyos foly\u00f3iratban els\u0151 szerz\u0151s m\u0171k\u00e9nt k\u00f6zz\u00e9tett\/szerkeszt\u0151bizotts\u00e1g \u00e1ltal k\u00f6zl\u00e9sre elfogadott dolgozat szakdolgozatk\u00e9nt val\u00f3 elfogad\u00e1s\u00e1ra ir\u00e1nyul\u00f3 k\u00e9relmet a szakdolgozat lead\u00e1si hat\u00e1rid\u0151 el\u0151tt k\u00e9t h\u00e9ttel kell beny\u00fajtani.\u201d<\/p>\n<p>&nbsp;<\/p>\n<h4><strong>LET\u00d6LTHET\u0150 NYOMTATV\u00c1NYOK:<\/strong><\/h4>\n<p><a href=\"https:\/\/semmelweis.hu\/konzervalo-fogaszat\/files\/2020\/09\/5.-sz.-mell%C3%A9klet-K%C3%A9relem-szakdolgozatc%C3%ADm-valamint-t%C3%A9mavezet%C5%91-konzulens-szem%C3%A9ly%C3%A9nek-m%C3%B3dos%C3%ADt%C3%A1s%C3%A1r%C3%B3l.pdf\">K\u00e9rv\u00e9ny_SZD_c\u00edm _m\u00f3dos\u00edt\u00e1sa<\/a><\/p>\n<p><a href=\"https:\/\/semmelweis.hu\/fok-tvb\/files\/2025\/07\/Kerelem-szakdolgozat-leadasi-hatarido-modositasarol-2025.07.01.pdf\" target=\"_blank\" rel=\"noopener\">K\u00e9rv\u00e9ny_SZD_lead\u00e1si hat\u00e1rid\u0151 m\u00f3d\u00f3s\u00edt\u00e1s\u00e1r\u00f3l<\/a>\u00a0<\/p>\n<h4><strong>VONATKOZ\u00d3 SZAB\u00c1LYOK:<\/strong><\/h4>\n<p><a href=\"https:\/\/semmelweis.hu\/jogigfoig\/dokumentumtar\/szabalyzattar\/szervezeti-es-mukodesi-szabalyzat\/iii-konyv-hkr\/\">TVSz. 46.\u00a7<\/a><\/p>\n<p>&nbsp;<\/p>\n","protected":false},"excerpt":{"rendered":"<p>&nbsp; A Szakdolgozattal kapcsolatos tudnival\u00f3kat \u201cA diplomamunka (szakdolgozat) elk\u00e9sz\u00edt\u00e9s\u00e9nek rendje \u00e9s k\u00f6vetelm\u00e9nyei a Fogorvostudom\u00e1nyi Karon\u201d c\u00edm\u0171 szab\u00e1lyzat tartalmazza, amely el\u00e9rhet\u0151 a <a href=\"https:\/\/semmelweis.hu\/fok\/files\/2020\/05\/FOK-Szakdolgozat-szab%C3%A1lyzat-2020-V%C3%89GLEGES.pdf\">D\u00e9k\u00e1ni Hivatal honlapj\u00e1n<\/a> A D\u00e9k\u00e1ni Hivatalba, illeve az NHKK-ba leadott t\u00e9ma b\u00e1rmilyen m\u00f3dos\u00edt\u00e1sra csak egy alkalommal van lehet\u0151s\u00e9g. Az ezzel kapcsolatos k\u00e9relem a TVB-hez legk\u00e9s\u0151bb a 9. f\u00e9l\u00e9v els\u0151 oktat\u00e1si napj\u00e1ig adhat\u00f3 be. A t\u00e9ma m\u00f3dos\u00edt\u00e1s\u00e1t a &hellip;<\/p>\n","protected":false},"author":331,"featured_media":0,"parent":48,"menu_order":3,"comment_status":"closed","ping_status":"closed","template":"","meta":{"_acf_changed":false,"footnotes":""},"categories":[],"tags":[],"class_list":["post-78","page","type-page","status-publish","hentry"],"acf":[],"_links":{"self":[{"href":"https:\/\/semmelweis.hu\/fok-tvb\/wp-json\/wp\/v2\/pages\/78","targetHints":{"allow":["GET"]}}],"collection":[{"href":"https:\/\/semmelweis.hu\/fok-tvb\/wp-json\/wp\/v2\/pages"}],"about":[{"href":"https:\/\/semmelweis.hu\/fok-tvb\/wp-json\/wp\/v2\/types\/page"}],"author":[{"embeddable":true,"href":"https:\/\/semmelweis.hu\/fok-tvb\/wp-json\/wp\/v2\/users\/331"}],"replies":[{"embeddable":true,"href":"https:\/\/semmelweis.hu\/fok-tvb\/wp-json\/wp\/v2\/comments?post=78"}],"version-history":[{"count":11,"href":"https:\/\/semmelweis.hu\/fok-tvb\/wp-json\/wp\/v2\/pages\/78\/revisions"}],"predecessor-version":[{"id":1017,"href":"https:\/\/semmelweis.hu\/fok-tvb\/wp-json\/wp\/v2\/pages\/78\/revisions\/1017"}],"up":[{"embeddable":true,"href":"https:\/\/semmelweis.hu\/fok-tvb\/wp-json\/wp\/v2\/pages\/48"}],"wp:attachment":[{"href":"https:\/\/semmelweis.hu\/fok-tvb\/wp-json\/wp\/v2\/media?parent=78"}],"wp:term":[{"taxonomy":"category","embeddable":true,"href":"https:\/\/semmelweis.hu\/fok-tvb\/wp-json\/wp\/v2\/categories?post=78"},{"taxonomy":"post_tag","embeddable":true,"href":"https:\/\/semmelweis.hu\/fok-tvb\/wp-json\/wp\/v2\/tags?post=78"}],"curies":[{"name":"wp","href":"https:\/\/api.w.org\/{rel}","templated":true}]}}