{"id":74,"date":"2015-11-25T15:10:31","date_gmt":"2015-11-25T14:10:31","guid":{"rendered":"http:\/\/semmelweis.hu\/fok-tvb\/?page_id=74"},"modified":"2026-03-03T09:50:23","modified_gmt":"2026-03-03T08:50:23","slug":"atveteli-ugyek","status":"publish","type":"page","link":"https:\/\/semmelweis.hu\/fok-tvb\/tanulmanyi-ugyek\/atveteli-ugyek\/","title":{"rendered":"\u00c1tv\u00e9tel"},"content":{"rendered":"<p><strong>A <\/strong><strong>k\u00f6vetkez\u0151 le\u00edr\u00e1s t\u00e1j\u00e9koztat\u00f3 jelleggel foglalja <\/strong><strong>\u00f6ssze az \u00e1tv\u00e9teli elj\u00e1r\u00e1ssal kapcsolatos tudnival\u00f3kat, a teljess\u00e9g ig\u00e9nye n\u00e9lk\u00fcl.<\/strong><\/p>\n<p><strong>R\u00d6VID LE\u00cdR\u00c1S:<\/strong><\/p>\n<p style=\"text-align: justify\">Az \u00e1tv\u00e9tel az a folyamat, amelynek eredm\u00e9nyek\u00e9ppen a fels\u0151oktat\u00e1si int\u00e9zm\u00e9nyben a hallgat\u00f3i jogviszonnyal rendelkez\u0151 hallgat\u00f3 m\u00e1sik int\u00e9zm\u00e9nyben folytatja tanulm\u00e1ny\u00e1t. Amennyiben a TVSz. elt\u00e9r\u0151 felt\u00e9telt nem hat\u00e1roz meg, a hallgat\u00f3 k\u00e9rheti m\u00e1s fels\u0151oktat\u00e1si int\u00e9zm\u00e9nyb\u0151l \u00e1tv\u00e9tel\u00e9t \u2013 a 87\/2015. (IV. 9.) Korm. rendeletben meghat\u00e1rozottak kiv\u00e9tel\u00e9vel \u2013 a Semmelweis Egyetem azonos v\u00e9gzetts\u00e9gi szintet eredm\u00e9nyez\u0151 szak\u00e1ra, ha a hallgat\u00f3i jogviszony megsz\u00fcntet\u00e9s\u00e9nek felt\u00e9telei nem \u00e1llnak fenn. A Semmelweis Egyetemen bel\u00fcl a szakok, tov\u00e1bb\u00e1 a karok \u00e9s \u2013 a jogszab\u00e1lyi el\u0151\u00edr\u00e1sok ment\u00e9n \u2013 k\u00e9pz\u00e9si szintek k\u00f6z\u00f6tt is k\u00e9rhet\u0151 \u00e1tv\u00e9tel.<\/p>\n<p style=\"text-align: justify\">Az \u201c\u00c1tv\u00e9teli elj\u00e1r\u00e1s\u201d sor\u00e1n j\u00f6n l\u00e9tre a d\u00f6nt\u00e9s arr\u00f3l, hogy a jelentkez\u0151 hallgat\u00f3 \u00e1tvehet\u0151-e a Semmelweis Egyetem Fogorvostudom\u00e1nyi Kar\u00e1ra, illetve ha \u00e1tvehet\u0151, melyik \u00e9vfolyamon kezdheti meg tanulm\u00e1nyait a Karon \u00e9s milyen kor\u00e1bbi tanulm\u00e1nyi eredm\u00e9nyeit lehet befogadni. \u00cdgy<strong> a k\u00e9rv\u00e9ny lead\u00e1s\u00e1nak id\u0151pontj\u00e1ban nem \u00e1llap\u00edthat\u00f3 meg<span style=\"text-decoration: line-through\">,<\/span> hogy az \u00e1tv\u00e9tel megt\u00f6rt\u00e9nhet-e, illetve hogy \u00e1tv\u00e9tel eset\u00e9n melyik \u00e9vfolyamon folytathatja tanulm\u00e1nyait<\/strong><span style=\"text-decoration: line-through\">,<\/span> teh\u00e1t ezekr\u0151l el\u0151zetesen inform\u00e1ci\u00f3t nem tudunk adni.<\/p>\n<p style=\"text-align: justify\">Az \u00e1tv\u00e9teli elj\u00e1r\u00e1s sor\u00e1n figyelembe vessz\u00fck, hogy rendelkez\u00e9sre \u00e1ll-e olyan szabad kapacit\u00e1s, ahov\u00e1 \u00e1tvehet\u0151 a jelentkez\u0151, illetve azt is, hogy milyenek voltak a kor\u00e1bbi tanulm\u00e1nyi eredm\u00e9nyei. Teh\u00e1t <strong>a Karra val\u00f3 \u00e1tv\u00e9tel nem automatikus, az \u00e1tv\u00e9tel ak\u00e1r elutas\u00edt\u00e1sra is ker\u00fclhet pl.<\/strong> <strong>kapacit\u00e1s hi\u00e1nya miatt<\/strong>.<\/p>\n<p style=\"text-align: justify\">\u00c1tv\u00e9tel eset\u00e9n az egyes tant\u00e1rgyak befogad\u00e1s\u00e1r\u00f3l az oktat\u00e1si rektorhelyettes \u00e1ltal megk\u00fcld\u00f6tt dokument\u00e1ci\u00f3 figyelembe v\u00e9tel\u00e9vel t\u00f6rt\u00e9nik a d\u00f6nt\u00e9s, a t\u00e1rgyak befogad\u00e1sa a Kar mintatanterve szerint \u00e9rv\u00e9nyes kreditekkel t\u00f6rt\u00e9nik. A sikeresen befogadott t\u00e1rgyakt\u00f3l f\u00fcgg, hogy melyik \u00e9vfolyam melyik f\u00e9l\u00e9v\u00e9re vehet\u0151 \u00e1t a jelentkez\u0151. A kreditelismer\u00e9si elj\u00e1r\u00e1s sor\u00e1n tekintettel kell lenni arra, hogy a hallgat\u00f3 az Egyetem oklevel\u00e9nek megszerz\u00e9s\u00e9hez legal\u00e1bb a k\u00e9pz\u00e9s kredit\u00e9rt\u00e9k\u00e9nek harmad\u00e1t az Egyetem adott szak\u00e1n k\u00f6teles teljes\u00edteni.<\/p>\n<p style=\"text-align: justify\">K\u00fclf\u00f6ldr\u0151l t\u00f6rt\u00e9n\u0151 \u00e1tjelentkez\u00e9s eset\u00e9n \u2013 amennyiben a sz\u00fcks\u00e9ges dokumentumok nem angolul, n\u00e9met\u00fcl vagy magyarul lettek ki\u00e1ll\u00edtva \u2013 a k\u00e9relmez\u0151 k\u00f6teles a dokumentumair\u00f3l <strong>a k\u00e9relem bead\u00e1sakor hiteles ford\u00edt\u00e1st\/ford\u00edt\u00e1sokat csatolni.<\/strong><\/p>\n<p><strong>AZ ELJ\u00c1R\u00c1S:<\/strong><\/p>\n<p>\u00c1tv\u00e9tel\u00e9t minden \u00e9v j\u00falius 15-ig az a hallgat\u00f3 k\u00e9rheti, akinek eset\u00e9ben az elbocs\u00e1t\u00e1s felt\u00e9telei nem \u00e1llnak fent.<\/p>\n<p style=\"text-align: justify\">A <strong>kit\u00f6lt\u00f6tt \u201c\u00c1tv\u00e9teli k\u00e9relem\u201d nyomtatv\u00e1nyt \u00e9s <\/strong><strong>az al\u00e1bb r\u00e9szletezett mell\u00e9kleteket <\/strong>az \u00e1tv\u00e9tel\u00e9t k\u00e9relmez\u0151 hallgat\u00f3 <span style=\"color: #ff0000\"><strong>j\u00falius 15-ig<\/strong><\/span><strong> k\u00f6teles megk\u00fcldeni az Oktat\u00e1sigazgat\u00e1si Hivatalnak.<\/strong><\/p>\n<p><strong>K\u00e9rj\u00fck, hogy <\/strong><strong>a k\u00e9relem beny\u00fajt\u00e1s\u00e1hoz <\/strong><strong>a jelen honlapr\u00f3l let\u00f6lthet\u0151 nyomtatv\u00e1ny(oka)t <\/strong><strong>haszn\u00e1lja<\/strong><strong>!<\/strong><\/p>\n<p><strong>Az el\u0151\u00edrt mell\u00e9kletek:<\/strong><\/p>\n<p><strong>\u00c1tad\u00f3 int\u00e9zm\u00e9nyt\u0151l az el\u0151zetes tanulm\u00e1nyokra vonatkoz\u00f3an:<\/strong><\/p>\n<ul>\n<li>a lez\u00e1rt leckek\u00f6nyv\u00e9nek hiteles\u00edtett m\u00e1solata, vagy ennek megfelel\u0151 hiteles igazol\u00e1sa,<\/li>\n<li>hallgat\u00f3i jogviszony-igazol\u00e1s,<\/li>\n<li>k\u00e9pz\u00e9s\u00e9nek r\u00e9szletes tanterve \u00e9s a teljes\u00edtett tant\u00e1rgyak hiteles\u00edtett tant\u00e1rgyi programjai.<\/li>\n<\/ul>\n<p><strong>A hat\u00e1rid\u0151n t\u00fal beadott k\u00e9rv\u00e9nyeket a TVB \u00e9rdemi vizsg\u00e1lat n\u00e9lk\u00fcl elutas\u00edtja.<\/strong><\/p>\n<p><strong>\u00c1TV\u00c9TEL ESET\u00c9N:<\/strong><\/p>\n<p>a Semmelweis Egyetem a <u>tanulm\u00e1nyi rendszerb\u0151l az el\u0151z\u0151 tanulm\u00e1nyokra vonatkoz\u00f3an <\/u>adatot ig\u00e9nyel arr\u00f3l, hogy:<\/p>\n<ol>\n<li>a hallgat\u00f3 \u00e1llami (r\u00e9sz)\u00f6szt\u00f6nd\u00edjas vagy \u00f6nk\u00f6lts\u00e9ges k\u00e9pz\u00e9sben vett-e r\u00e9szt,<\/li>\n<li>\u00e1llami (r\u00e9sz)\u00f6szt\u00f6nd\u00edjas tanulm\u00e1nyok eset\u00e9n a hallgat\u00f3 tanulm\u00e1nyai folyam\u00e1n h\u00e1ny \u00e1llamilag finansz\u00edrozott, illetve \u00e1llami(r\u00e9sz)\u00f6szt\u00f6nd\u00edjas, tov\u00e1bb\u00e1 akt\u00edv f\u00e9l\u00e9vet vett ig\u00e9nybe,<\/li>\n<li>\u00e9s arr\u00f3l, hogy a hallgat\u00f3 hallgat\u00f3i jogviszony\u00e1t az \u00e1tv\u00e9tel miatt megsz\u00fcntetik, vagy megsz\u00fcntett\u00e9k,<\/li>\n<\/ol>\n<p>mely adatig\u00e9nyl\u00e9s sikertelens\u00e9ge eset\u00e9n az \u00e1tad\u00f3 int\u00e9zm\u00e9nyt\u0151l ezekre az adatokra vonatkoz\u00f3an nyilatkozatot k\u00e9r.<\/p>\n<p><strong>LET\u00d6LTHET\u0150 NYOMTATV\u00c1NYOK:<\/strong><\/p>\n<p><a href=\"https:\/\/semmelweis.hu\/fok-tvb\/files\/2026\/01\/Atveteli_kerelem_2026.pdf\">\u00c1tv\u00e9teli k\u00e9relem<\/a><\/p>\n<p><a href=\"https:\/\/semmelweis.hu\/fok\/files\/2025\/05\/Targybefogadas_FOK_Kurrikulum-2.0-2024-2025-2025.04.14.pdf\">Tansz\u00e9ki javaslat tant\u00e1rgybefogad\u00e1shoz a FOK Kurriukulum 2.0-2024\/2025 szerint<\/a><\/p>\n<p><strong>VONATKOZ\u00d3 SZAB\u00c1LYOK:<\/strong><\/p>\n<p><a href=\"https:\/\/semmelweis.hu\/jogigfoig\/dokumentumtar\/szabalyzattar\/szervezeti-es-mukodesi-szabalyzat\/iii-konyv-hkr\/\">TVSz. 17.\u00a7<\/a><\/p>\n<p>21\/2025.(V.28.) sz. KT hat\u00e1rozat (<a href=\"https:\/\/semmelweis.hu\/fok-tvb\/files\/2026\/03\/21-2025.-V.28.-sz.-KT.-hatarozat.pdf\">let\u00f6lthet\u0151 innen<\/a>)<\/p>\n<p>2011. \u00e9vi CCIV. t\u00f6rv\u00e9ny (NFTv.)<\/p>\n","protected":false},"excerpt":{"rendered":"<p>A k\u00f6vetkez\u0151 le\u00edr\u00e1s t\u00e1j\u00e9koztat\u00f3 jelleggel foglalja \u00f6ssze az \u00e1tv\u00e9teli elj\u00e1r\u00e1ssal kapcsolatos tudnival\u00f3kat, a teljess\u00e9g ig\u00e9nye n\u00e9lk\u00fcl. R\u00d6VID LE\u00cdR\u00c1S: Az \u00e1tv\u00e9tel az a folyamat, amelynek eredm\u00e9nyek\u00e9ppen a fels\u0151oktat\u00e1si int\u00e9zm\u00e9nyben a hallgat\u00f3i jogviszonnyal rendelkez\u0151 hallgat\u00f3 m\u00e1sik int\u00e9zm\u00e9nyben folytatja tanulm\u00e1ny\u00e1t. Amennyiben a TVSz. elt\u00e9r\u0151 felt\u00e9telt nem hat\u00e1roz meg, a hallgat\u00f3 k\u00e9rheti m\u00e1s fels\u0151oktat\u00e1si int\u00e9zm\u00e9nyb\u0151l \u00e1tv\u00e9tel\u00e9t \u2013 a 87\/2015. &hellip;<\/p>\n","protected":false},"author":331,"featured_media":0,"parent":48,"menu_order":1,"comment_status":"closed","ping_status":"closed","template":"template-fullwidth.php","meta":{"_acf_changed":false,"footnotes":""},"categories":[],"tags":[],"class_list":["post-74","page","type-page","status-publish","hentry"],"acf":[],"_links":{"self":[{"href":"https:\/\/semmelweis.hu\/fok-tvb\/wp-json\/wp\/v2\/pages\/74","targetHints":{"allow":["GET"]}}],"collection":[{"href":"https:\/\/semmelweis.hu\/fok-tvb\/wp-json\/wp\/v2\/pages"}],"about":[{"href":"https:\/\/semmelweis.hu\/fok-tvb\/wp-json\/wp\/v2\/types\/page"}],"author":[{"embeddable":true,"href":"https:\/\/semmelweis.hu\/fok-tvb\/wp-json\/wp\/v2\/users\/331"}],"replies":[{"embeddable":true,"href":"https:\/\/semmelweis.hu\/fok-tvb\/wp-json\/wp\/v2\/comments?post=74"}],"version-history":[{"count":12,"href":"https:\/\/semmelweis.hu\/fok-tvb\/wp-json\/wp\/v2\/pages\/74\/revisions"}],"predecessor-version":[{"id":1060,"href":"https:\/\/semmelweis.hu\/fok-tvb\/wp-json\/wp\/v2\/pages\/74\/revisions\/1060"}],"up":[{"embeddable":true,"href":"https:\/\/semmelweis.hu\/fok-tvb\/wp-json\/wp\/v2\/pages\/48"}],"wp:attachment":[{"href":"https:\/\/semmelweis.hu\/fok-tvb\/wp-json\/wp\/v2\/media?parent=74"}],"wp:term":[{"taxonomy":"category","embeddable":true,"href":"https:\/\/semmelweis.hu\/fok-tvb\/wp-json\/wp\/v2\/categories?post=74"},{"taxonomy":"post_tag","embeddable":true,"href":"https:\/\/semmelweis.hu\/fok-tvb\/wp-json\/wp\/v2\/tags?post=74"}],"curies":[{"name":"wp","href":"https:\/\/api.w.org\/{rel}","templated":true}]}}