{"id":654,"date":"2020-08-12T11:07:11","date_gmt":"2020-08-12T09:07:11","guid":{"rendered":"https:\/\/semmelweis.hu\/fok-tvb\/?page_id=654"},"modified":"2026-01-22T09:36:26","modified_gmt":"2026-01-22T08:36:26","slug":"passziv-felev-kervenyezese","status":"publish","type":"page","link":"https:\/\/semmelweis.hu\/fok-tvb\/tanulmanyi-ugyek\/passziv-felev-kervenyezese\/","title":{"rendered":"Passz\u00edv f\u00e9l\u00e9v k\u00e9rv\u00e9nyez\u00e9se\/bejelent\u00e9se"},"content":{"rendered":"<p><strong>R\u00d6VID LE\u00cdR\u00c1S:<\/p>\n<p><\/strong><\/p>\n<p>TVSz. 2 <strong>\u00a7<\/strong> [\u00c9rtelmez\u0151 rendelkez\u00e9sek] 31.:<\/p>\n<p>\u201ePassz\u00edv f\u00e9l\u00e9v: az a f\u00e9l\u00e9v,<\/p>\n<p style=\"padding-left: 40px\">a) amelyre a hallgat\u00f3 nem jelentkezett be,<\/p>\n<p style=\"padding-left: 40px\">b) amely kapcs\u00e1n a hallgat\u00f3 nyilatkozott arr\u00f3l, hogy hallgat\u00f3i k\u00f6telezetts\u00e9g\u00e9nek nem k\u00edv\u00e1n eleget tenni,<\/p>\n<p style=\"padding-left: 40px\">c) amelyre vonatkoz\u00f3 bejelentkez\u00e9s\u00e9t a hallgat\u00f3 hat\u00e1rid\u0151ben visszavonta,<\/p>\n<p style=\"padding-left: 40px\">d) amelyre vonatkoz\u00f3an a hallgat\u00f3t fegyelmi b\u00fcntet\u00e9sk\u00e9nt eltiltott\u00e1k a tanulm\u00e1nyok folytat\u00e1s\u00e1t\u00f3l, tov\u00e1bb\u00e1<\/p>\n<p style=\"padding-left: 40px\">e) amely ut\u00f3lagosan passz\u00edv f\u00e9l\u00e9vv\u00e9 lett nyilv\u00e1n\u00edtva,<\/p>\n<p style=\"padding-left: 40px\">f) ez\u00e9rt abban a hallgat\u00f3i jogviszony sz\u00fcnetel\u201d<\/p>\n<p><strong>A TVSz. 16. \u00a7 [A hallgat\u00f3i jogviszony sz\u00fcnetel\u00e9se, megsz\u0171n\u00e9se] <\/strong>szab\u00e1lyozza a passz\u00edv f\u00e9l\u00e9vvel kapcsolatos lehet\u0151s\u00e9geket, amelyn\u00e9l term\u00e9szetesen a 2011. \u00e9vi CCIV. t\u00f6rv\u00e9ny (NFTv.) vonatkoz\u00f3 rendelkez\u00e9seit is figyelembe kell venni.<\/p>\n<p>A beiratkoz\u00e1s, a tanulm\u00e1nyok folytat\u00e1s\u00e1ra, valamint sz\u00fcneteltet\u00e9s\u00e9re vonatkoz\u00f3 bejelent\u00e9s vagy k\u00e9relem beny\u00fajt\u00e1sa a tan\u00e9vnapt\u00e1rban meghat\u00e1rozott id\u0151szakban t\u00f6rt\u00e9nik.<\/p>\n<p>&nbsp;<\/p>\n<p><strong>LET\u00d6LTHET\u0150 NYOMTATV\u00c1NYOK:<\/strong><\/p>\n<p><strong>\u2013 <\/strong>K\u00e9rv\u00e9ny passz\u00edv f\u00e9l\u00e9v enged\u00e9lyez\u00e9s\u00e9hez: <a href=\"https:\/\/semmelweis.hu\/fok-tvb\/files\/2026\/01\/Passzivalas_kerelem_2026.pdf\" target=\"_blank\" rel=\"noopener\">let\u00f6lthet\u0151 innen<\/a>,<\/p>\n<p>\u2013 Nyomtatv\u00e1ny a passziv\u00e1l\u00e1s bejelent\u00e9s\u00e9re: <a href=\"https:\/\/semmelweis.hu\/fok-tvb\/files\/2026\/01\/Passzivalas_bejelentes_2026.pdf\">let\u00f6lthet\u0151 innen<\/a>.<\/p>\n<p><strong>VONATKOZ\u00d3 SZAB\u00c1LYOK:<\/strong><\/p>\n<p><a href=\"https:\/\/semmelweis.hu\/jogigfoig\/dokumentumtar\/szabalyzattar\/szervezeti-es-mukodesi-szabalyzat\/iii-konyv-hkr\/\">TVSz. 16.\u00a7<\/a><\/p>\n<ol start=\"2011\">\n<li>\u00e9vi CCIV. t\u00f6rv\u00e9ny (NFTv.)<\/li>\n<\/ol>\n<p>&nbsp;<\/p>\n<p>&nbsp;<\/p>\n<p>&nbsp;<\/p>\n<p>&nbsp;<\/p>\n","protected":false},"excerpt":{"rendered":"<p>R\u00d6VID LE\u00cdR\u00c1S: TVSz. 2 \u00a7 [\u00c9rtelmez\u0151 rendelkez\u00e9sek] 31.: \u201ePassz\u00edv f\u00e9l\u00e9v: az a f\u00e9l\u00e9v, a) amelyre a hallgat\u00f3 nem jelentkezett be, b) amely kapcs\u00e1n a hallgat\u00f3 nyilatkozott arr\u00f3l, hogy hallgat\u00f3i k\u00f6telezetts\u00e9g\u00e9nek nem k\u00edv\u00e1n eleget tenni, c) amelyre vonatkoz\u00f3 bejelentkez\u00e9s\u00e9t a hallgat\u00f3 hat\u00e1rid\u0151ben visszavonta, d) amelyre vonatkoz\u00f3an a hallgat\u00f3t fegyelmi b\u00fcntet\u00e9sk\u00e9nt eltiltott\u00e1k a tanulm\u00e1nyok folytat\u00e1s\u00e1t\u00f3l, tov\u00e1bb\u00e1 e) &hellip;<\/p>\n","protected":false},"author":331,"featured_media":0,"parent":48,"menu_order":0,"comment_status":"closed","ping_status":"closed","template":"","meta":{"_acf_changed":false,"footnotes":""},"categories":[],"tags":[],"class_list":["post-654","page","type-page","status-publish","hentry"],"acf":[],"_links":{"self":[{"href":"https:\/\/semmelweis.hu\/fok-tvb\/wp-json\/wp\/v2\/pages\/654","targetHints":{"allow":["GET"]}}],"collection":[{"href":"https:\/\/semmelweis.hu\/fok-tvb\/wp-json\/wp\/v2\/pages"}],"about":[{"href":"https:\/\/semmelweis.hu\/fok-tvb\/wp-json\/wp\/v2\/types\/page"}],"author":[{"embeddable":true,"href":"https:\/\/semmelweis.hu\/fok-tvb\/wp-json\/wp\/v2\/users\/331"}],"replies":[{"embeddable":true,"href":"https:\/\/semmelweis.hu\/fok-tvb\/wp-json\/wp\/v2\/comments?post=654"}],"version-history":[{"count":11,"href":"https:\/\/semmelweis.hu\/fok-tvb\/wp-json\/wp\/v2\/pages\/654\/revisions"}],"predecessor-version":[{"id":1047,"href":"https:\/\/semmelweis.hu\/fok-tvb\/wp-json\/wp\/v2\/pages\/654\/revisions\/1047"}],"up":[{"embeddable":true,"href":"https:\/\/semmelweis.hu\/fok-tvb\/wp-json\/wp\/v2\/pages\/48"}],"wp:attachment":[{"href":"https:\/\/semmelweis.hu\/fok-tvb\/wp-json\/wp\/v2\/media?parent=654"}],"wp:term":[{"taxonomy":"category","embeddable":true,"href":"https:\/\/semmelweis.hu\/fok-tvb\/wp-json\/wp\/v2\/categories?post=654"},{"taxonomy":"post_tag","embeddable":true,"href":"https:\/\/semmelweis.hu\/fok-tvb\/wp-json\/wp\/v2\/tags?post=654"}],"curies":[{"name":"wp","href":"https:\/\/api.w.org\/{rel}","templated":true}]}}