{"id":552,"date":"2019-01-31T09:50:53","date_gmt":"2019-01-31T08:50:53","guid":{"rendered":"http:\/\/semmelweis.hu\/fok-tvb\/?page_id=552"},"modified":"2026-03-03T10:31:20","modified_gmt":"2026-03-03T09:31:20","slug":"vizsgaidoszakon-tuli-vizsga","status":"publish","type":"page","link":"https:\/\/semmelweis.hu\/fok-tvb\/tanulmanyi-ugyek\/vizsgaidoszakon-tuli-vizsga\/","title":{"rendered":"Vizsgaid\u0151szakon k\u00edv\u00fcli vizsga"},"content":{"rendered":"<h4><strong>R\u00d6VID LE\u00cdR\u00c1S:<\/strong><\/h4>\n<p style=\"text-align: justify\">A TVSz. szerint pillanatnyilag k\u00e9tf\u00e9le vizsgaid\u0151szakon k\u00edv\u00fcli vizsgalet\u00e9teli lehet\u0151s\u00e9g l\u00e9tezik. Az egyik az un. Tan\u00e9ven k\u00edv\u00fcl szervezett vizsga (TKSZV), melyet a TVSz. 35.\u00a7 szab\u00e1lyoz. <strong>Ebben az esetben a TVB enged\u00e9lye nem sz\u00fcks\u00e9ges<\/strong><strong>.<\/strong><\/p>\n<p style=\"text-align: justify\">A TVB sz\u00e1m\u00e1ra a TVSz. 3.\u00a7 (8) d) pontja lehet\u0151v\u00e9 teszi, hogy <strong>k\u00fcl\u00f6n\u00f6sen indokolt esetben (melyeket a TVSz. szint\u00e9n meghat\u00e1roz) <\/strong>enged\u00e9lyezheti vizsga let\u00e9tel\u00e9t a vizsgaid\u0151szakon k\u00edv\u00fcl <strong>az els\u0151 k\u00e9t oktat\u00e1si h\u00e9ten <\/strong>(TVSz. 31.\u00a7 (2)).<\/p>\n<h4><strong>Az elj\u00e1r\u00e1s:<\/strong><\/h4>\n<p>A kit\u00f6lt\u00f6tt k\u00e9rv\u00e9nyt a D\u00e9k\u00e1ni Hivatalban kell leadni. Az \u00fcgyben a TVB d\u00f6nt.<\/p>\n<h4><strong>FELT\u00c9TEL:<\/strong><\/h4>\n<p style=\"text-align: justify\">A hallgat\u00f3nak <strong>igazolnia<\/strong> kell azt a rajta k\u00edv\u00fcl\u00e1ll\u00f3 nyom\u00f3s okot, amely miatt ezt a rendk\u00edv\u00fcli lehet\u0151s\u00e9get k\u00e9rv\u00e9nyezi, \u00e9s az erre vonatkoz\u00f3 igazol\u00e1st is <strong>mell\u00e9kelnie<\/strong> kell a k\u00e9rv\u00e9ny\u00e9hez.<\/p>\n<h4><strong>LET\u00d6LTHET\u0150 NYOMTATV\u00c1NYOK:<\/strong><\/h4>\n<p>A sz\u00fcks\u00e9ges nyomtatv\u00e1ny let\u00f6lthet\u0151 <a href=\"https:\/\/semmelweis.hu\/fok-tvb\/files\/2026\/03\/VKV_kerelem_2026.pdf\"><strong>innen<\/strong><\/a><strong>.<\/strong><\/p>\n<h4><strong>VONATKOZ\u00d3 SZAB\u00c1LYOK:<\/strong><\/h4>\n<p><a href=\"https:\/\/semmelweis.hu\/jogigfoig\/dokumentumtar\/szabalyzattar\/szervezeti-es-mukodesi-szabalyzat\/iii-konyv-hkr\/\">TVSz. 31.\u00a7 (2)<\/a><\/p>\n<p>&nbsp;<\/p>\n<p>&nbsp;<\/p>\n","protected":false},"excerpt":{"rendered":"<p>R\u00d6VID LE\u00cdR\u00c1S: A TVSz. szerint pillanatnyilag k\u00e9tf\u00e9le vizsgaid\u0151szakon k\u00edv\u00fcli vizsgalet\u00e9teli lehet\u0151s\u00e9g l\u00e9tezik. Az egyik az un. Tan\u00e9ven k\u00edv\u00fcl szervezett vizsga (TKSZV), melyet a TVSz. 35.\u00a7 szab\u00e1lyoz. Ebben az esetben a TVB enged\u00e9lye nem sz\u00fcks\u00e9ges. A TVB sz\u00e1m\u00e1ra a TVSz. 3.\u00a7 (8) d) pontja lehet\u0151v\u00e9 teszi, hogy k\u00fcl\u00f6n\u00f6sen indokolt esetben (melyeket a TVSz. szint\u00e9n meghat\u00e1roz) enged\u00e9lyezheti &hellip;<\/p>\n","protected":false},"author":331,"featured_media":0,"parent":48,"menu_order":0,"comment_status":"closed","ping_status":"closed","template":"","meta":{"_acf_changed":false,"footnotes":""},"categories":[],"tags":[],"class_list":["post-552","page","type-page","status-publish","hentry"],"acf":[],"_links":{"self":[{"href":"https:\/\/semmelweis.hu\/fok-tvb\/wp-json\/wp\/v2\/pages\/552","targetHints":{"allow":["GET"]}}],"collection":[{"href":"https:\/\/semmelweis.hu\/fok-tvb\/wp-json\/wp\/v2\/pages"}],"about":[{"href":"https:\/\/semmelweis.hu\/fok-tvb\/wp-json\/wp\/v2\/types\/page"}],"author":[{"embeddable":true,"href":"https:\/\/semmelweis.hu\/fok-tvb\/wp-json\/wp\/v2\/users\/331"}],"replies":[{"embeddable":true,"href":"https:\/\/semmelweis.hu\/fok-tvb\/wp-json\/wp\/v2\/comments?post=552"}],"version-history":[{"count":11,"href":"https:\/\/semmelweis.hu\/fok-tvb\/wp-json\/wp\/v2\/pages\/552\/revisions"}],"predecessor-version":[{"id":1068,"href":"https:\/\/semmelweis.hu\/fok-tvb\/wp-json\/wp\/v2\/pages\/552\/revisions\/1068"}],"up":[{"embeddable":true,"href":"https:\/\/semmelweis.hu\/fok-tvb\/wp-json\/wp\/v2\/pages\/48"}],"wp:attachment":[{"href":"https:\/\/semmelweis.hu\/fok-tvb\/wp-json\/wp\/v2\/media?parent=552"}],"wp:term":[{"taxonomy":"category","embeddable":true,"href":"https:\/\/semmelweis.hu\/fok-tvb\/wp-json\/wp\/v2\/categories?post=552"},{"taxonomy":"post_tag","embeddable":true,"href":"https:\/\/semmelweis.hu\/fok-tvb\/wp-json\/wp\/v2\/tags?post=552"}],"curies":[{"name":"wp","href":"https:\/\/api.w.org\/{rel}","templated":true}]}}