{"id":401,"date":"2016-07-25T10:45:13","date_gmt":"2016-07-25T08:45:13","guid":{"rendered":"http:\/\/semmelweis.hu\/fok-tvb\/?page_id=401"},"modified":"2023-12-01T09:38:56","modified_gmt":"2023-12-01T08:38:56","slug":"csoportvalasztas-beiratkozas","status":"publish","type":"page","link":"https:\/\/semmelweis.hu\/fok-tvb\/csoportvalasztas-beiratkozas\/","title":{"rendered":"Csoportbeoszt\u00e1s"},"content":{"rendered":"<p style=\"text-align: justify\">A FOK-on a III. \u00e9vt\u0151l kezdve legfeljebb hatf\u0151s csoportokba ker\u00fclnek \u00e1t a hallgat\u00f3k. Ennek oka \u00e9s c\u00e9lja, hogy a klinikumban \u00e1ltal\u00e1ban (k\u00fcl\u00f6n\u00f6sen az OC \u00e9p\u00fclet\u00e9ben) az egyes oktat\u00f3\/gyakorl\u00f3 termekben hattal oszthat\u00f3 sz\u00e1m\u00fa kezel\u0151egys\u00e9g \u00e1ll rendelkez\u00e9sre, \u00edgy lehet egyszer\u0171en biztos\u00edtani, hogy egy terembe az optim\u00e1lis sz\u00e1m\u00fa hallgat\u00f3 ker\u00fclj\u00f6n beoszt\u00e1sra. Az oktat\u00e1s hat\u00e9kony \u00e9s gazdas\u00e1gos megszervez\u00e9se \u00e9rdek\u00e9ben ker\u00fclend\u0151, hogy nem teljesen felt\u00f6lt\u00f6tt csoportok legyenek, mert ez\u00e1ltal a termekben kihaszn\u00e1latlan sz\u00e9kek maradn\u00e1nak, tov\u00e1bb\u00e1 ilyenkor \u00f6sszess\u00e9g\u00e9ben a sz\u00fcks\u00e9gesn\u00e9l t\u00f6bb csoport lesz, ami t\u00f6bb gyakorlatot jelenthet az \u00f3rarendben az ezzel j\u00e1r\u00f3\u00a0 &#8211; felesleges &#8211; t\u00f6bbletterhel\u00e9ssel \u00e9s k\u00f6lts\u00e9ggel (oktat\u00f3, asszisztencia stb.).\u00a0<\/p>\n<p style=\"text-align: justify\"><span style=\"color: #ff0000\"><strong><span style=\"color: #ff0000\">A hallgat\u00f3knak minden t\u00e1rgyat szigor\u00faan ugyan abban a csoportban kell felvennie. Ellenkez\u0151 esetben lesznek olyanok, akik egyes t\u00e1rgyakat nem fognak tudni felvenni, mert nem tal\u00e1lnak olyan id\u0151pontot, ami nem \u00fctk\u00f6zik a m\u00e1r felvett \u00f3r\u00e1ikkal.<\/span><\/strong><\/span><\/p>\n<p><strong>A megadott csoportbeoszt\u00e1st\u00f3l elt\u00e9rni csak az egy\u00e9ni tanrendben tanul\u00f3knak, kiz\u00e1r\u00f3lag nyom\u00f3s, igazolt indokb\u00f3l\u00a0 lehet, de \u0151k is csak akkor tehetik ezt meg, ha azt <span style=\"text-decoration: underline\">id\u0151ben<\/span> k\u00e9rv\u00e9nyezik (lehet\u0151leg m\u00e9g a beoszt\u00e1s elk\u00e9sz\u00fclte el\u0151tt) \u00e9s arra a TVB a hallgat\u00f3 nyom\u00f3s indoka alapj\u00e1n enged\u00e9lyt ad.<\/strong><\/p>\n<p style=\"text-align: justify\">\u00a0<\/p>\n","protected":false},"excerpt":{"rendered":"<p>A FOK-on a III. \u00e9vt\u0151l kezdve legfeljebb hatf\u0151s csoportokba ker\u00fclnek \u00e1t a hallgat\u00f3k. Ennek oka \u00e9s c\u00e9lja, hogy a klinikumban \u00e1ltal\u00e1ban (k\u00fcl\u00f6n\u00f6sen az OC \u00e9p\u00fclet\u00e9ben) az egyes oktat\u00f3\/gyakorl\u00f3 termekben hattal oszthat\u00f3 sz\u00e1m\u00fa kezel\u0151egys\u00e9g \u00e1ll rendelkez\u00e9sre, \u00edgy lehet egyszer\u0171en biztos\u00edtani, hogy egy terembe az optim\u00e1lis sz\u00e1m\u00fa hallgat\u00f3 ker\u00fclj\u00f6n beoszt\u00e1sra. Az oktat\u00e1s hat\u00e9kony \u00e9s gazdas\u00e1gos megszervez\u00e9se \u00e9rdek\u00e9ben &hellip;<\/p>\n","protected":false},"author":331,"featured_media":0,"parent":0,"menu_order":0,"comment_status":"closed","ping_status":"closed","template":"template-fullwidth.php","meta":{"_acf_changed":false,"footnotes":""},"categories":[],"tags":[],"class_list":["post-401","page","type-page","status-publish","hentry"],"acf":[],"_links":{"self":[{"href":"https:\/\/semmelweis.hu\/fok-tvb\/wp-json\/wp\/v2\/pages\/401","targetHints":{"allow":["GET"]}}],"collection":[{"href":"https:\/\/semmelweis.hu\/fok-tvb\/wp-json\/wp\/v2\/pages"}],"about":[{"href":"https:\/\/semmelweis.hu\/fok-tvb\/wp-json\/wp\/v2\/types\/page"}],"author":[{"embeddable":true,"href":"https:\/\/semmelweis.hu\/fok-tvb\/wp-json\/wp\/v2\/users\/331"}],"replies":[{"embeddable":true,"href":"https:\/\/semmelweis.hu\/fok-tvb\/wp-json\/wp\/v2\/comments?post=401"}],"version-history":[{"count":11,"href":"https:\/\/semmelweis.hu\/fok-tvb\/wp-json\/wp\/v2\/pages\/401\/revisions"}],"predecessor-version":[{"id":846,"href":"https:\/\/semmelweis.hu\/fok-tvb\/wp-json\/wp\/v2\/pages\/401\/revisions\/846"}],"wp:attachment":[{"href":"https:\/\/semmelweis.hu\/fok-tvb\/wp-json\/wp\/v2\/media?parent=401"}],"wp:term":[{"taxonomy":"category","embeddable":true,"href":"https:\/\/semmelweis.hu\/fok-tvb\/wp-json\/wp\/v2\/categories?post=401"},{"taxonomy":"post_tag","embeddable":true,"href":"https:\/\/semmelweis.hu\/fok-tvb\/wp-json\/wp\/v2\/tags?post=401"}],"curies":[{"name":"wp","href":"https:\/\/api.w.org\/{rel}","templated":true}]}}