{"id":10,"date":"2012-06-13T12:20:07","date_gmt":"2012-06-13T12:20:07","guid":{"rendered":"http:\/\/semmelweis-egyetem.hu\/kutvolgyi-mentalhigiene\/?page_id=10"},"modified":"2026-01-14T13:41:59","modified_gmt":"2026-01-14T12:41:59","slug":"altalanos-informaciok","status":"publish","type":"page","link":"https:\/\/semmelweis.hu\/fok-tvb\/","title":{"rendered":"\u00c1ltal\u00e1nos inform\u00e1ci\u00f3k"},"content":{"rendered":"<p style=\"text-align: justify\">A Fogorvostudom\u00e1nyi Kar Tanulm\u00e1nyi \u00e9s Vizsgabizotts\u00e1ga els\u0151 fokon elj\u00e1r a tanulm\u00e1nyait b\u00e1rmelyik oktatott nyelven folytat\u00f3 fogorvos \u00e9s digit\u00e1lis fog\u00e1szati tervez\u00e9s szakos hallgat\u00f3 tanulm\u00e1nyi \u00e9s vizsga \u00fcgyeiben. Emellett a test\u00fclet egy\u00e9b kari \u00fcgyekben javaslattev\u0151, v\u00e9lem\u00e9nyez\u0151, d\u00f6nt\u00e9sel\u0151k\u00e9sz\u00edt\u0151 feladatokat is ell\u00e1t. <strong>Jelenleg a TVB kiz\u00e1r\u00f3lag pap\u00edralap\u00fa k\u00e9rv\u00e9nyeket tud kezelni.<\/strong><\/p>\n<p><a href=\"https:\/\/semmelweis.hu\/fok\/altalanos-informaciok\/bizottsagok\/\" target=\"_blank\" rel=\"noopener noreferrer\">\u2192 A Bizotts\u00e1g \u00fcgyrendje el\u00e9rhet\u0151 a D\u00e9k\u00e1ni Hivatal honlapj\u00e1n pdf form\u00e1tumban.<\/a><\/p>\n<p><strong>A Szen\u00e1tus hat\u00e1rozata alapj\u00e1n a FOK Tanulm\u00e1nyi \u00e9s Vizsgabizotts\u00e1g tagjai:<\/strong><\/p>\n<p><strong>ELN\u00d6K:\u00a0<\/strong>\u00a0\u00a0\u00a0\u00a0\u00a0\u00a0\u00a0\u00a0\u00a0\u00a0\u00a0<br \/>\nDr. Szab\u00f3 Bence Tam\u00e1s egyetemi docens (Or\u00e1lis Diagnosztikai Klinika)\u00a0\u00a0\u00a0\u00a0\u00a0\u00a0<\/p>\n<p><strong>TAGOK<\/strong>:\u00a0\u00a0\u00a0\u00a0\u00a0\u00a0\u00a0\u00a0\u00a0\u00a0\u00a0<\/p>\n<p>Dr. Mikul\u00e1s Krisztina egyetemi docens (Fogp\u00f3tl\u00e1stani Klinika)<\/p>\n<p>Dr. Sz\u0171cs Attila egyetemi docens\u00a0 (Arc-\u00c1llcsont-Sz\u00e1jseb\u00e9szeti \u00e9s Fog\u00e1szati Klinika)<\/p>\n<p>Dr. Zsembery \u00c1kos egyetemi docens (Or\u00e1lbiol\u00f3giai Tansz\u00e9k)<\/p>\n<p><strong>H\u00d6K K\u00c9PVISEL\u0150K:\u00a0<\/strong> \u00a0 \u00a0 \u00a0 \u00a0 \u00a0 \u00a0\u00a0<br \/>\nNyir\u00e1dy Gr\u00e9ta Melitta<br \/>\nSz\u0171r\u00f6s M\u00e1t\u00e9<\/p>\n<p>&nbsp;<\/p>\n","protected":false},"excerpt":{"rendered":"<p>A Fogorvostudom\u00e1nyi Kar Tanulm\u00e1nyi \u00e9s Vizsgabizotts\u00e1ga els\u0151 fokon elj\u00e1r a tanulm\u00e1nyait b\u00e1rmelyik oktatott nyelven folytat\u00f3 fogorvos \u00e9s digit\u00e1lis fog\u00e1szati tervez\u00e9s szakos hallgat\u00f3 tanulm\u00e1nyi \u00e9s vizsga \u00fcgyeiben. Emellett a test\u00fclet egy\u00e9b kari \u00fcgyekben javaslattev\u0151, v\u00e9lem\u00e9nyez\u0151, d\u00f6nt\u00e9sel\u0151k\u00e9sz\u00edt\u0151 feladatokat is ell\u00e1t. Jelenleg a TVB kiz\u00e1r\u00f3lag pap\u00edralap\u00fa k\u00e9rv\u00e9nyeket tud kezelni. <a href=\"https:\/\/semmelweis.hu\/fok\/altalanos-informaciok\/bizottsagok\/\" target=\"_blank\" rel=\"noopener noreferrer\">\u2192 A Bizotts\u00e1g \u00fcgyrendje el\u00e9rhet\u0151 a D\u00e9k\u00e1ni Hivatal honlapj\u00e1n pdf form\u00e1tumban.<\/a> A Szen\u00e1tus hat\u00e1rozata alapj\u00e1n a FOK Tanulm\u00e1nyi \u00e9s Vizsgabizotts\u00e1g &hellip;<\/p>\n","protected":false},"author":12,"featured_media":0,"parent":0,"menu_order":1,"comment_status":"closed","ping_status":"closed","template":"","meta":{"_acf_changed":false,"footnotes":""},"categories":[],"tags":[],"class_list":["post-10","page","type-page","status-publish","hentry"],"acf":[],"_links":{"self":[{"href":"https:\/\/semmelweis.hu\/fok-tvb\/wp-json\/wp\/v2\/pages\/10","targetHints":{"allow":["GET"]}}],"collection":[{"href":"https:\/\/semmelweis.hu\/fok-tvb\/wp-json\/wp\/v2\/pages"}],"about":[{"href":"https:\/\/semmelweis.hu\/fok-tvb\/wp-json\/wp\/v2\/types\/page"}],"author":[{"embeddable":true,"href":"https:\/\/semmelweis.hu\/fok-tvb\/wp-json\/wp\/v2\/users\/12"}],"replies":[{"embeddable":true,"href":"https:\/\/semmelweis.hu\/fok-tvb\/wp-json\/wp\/v2\/comments?post=10"}],"version-history":[{"count":12,"href":"https:\/\/semmelweis.hu\/fok-tvb\/wp-json\/wp\/v2\/pages\/10\/revisions"}],"predecessor-version":[{"id":1024,"href":"https:\/\/semmelweis.hu\/fok-tvb\/wp-json\/wp\/v2\/pages\/10\/revisions\/1024"}],"wp:attachment":[{"href":"https:\/\/semmelweis.hu\/fok-tvb\/wp-json\/wp\/v2\/media?parent=10"}],"wp:term":[{"taxonomy":"category","embeddable":true,"href":"https:\/\/semmelweis.hu\/fok-tvb\/wp-json\/wp\/v2\/categories?post=10"},{"taxonomy":"post_tag","embeddable":true,"href":"https:\/\/semmelweis.hu\/fok-tvb\/wp-json\/wp\/v2\/tags?post=10"}],"curies":[{"name":"wp","href":"https:\/\/api.w.org\/{rel}","templated":true}]}}