{"id":5396,"date":"2026-02-05T09:34:44","date_gmt":"2026-02-05T08:34:44","guid":{"rendered":"https:\/\/semmelweis.hu\/fok-tovabbkepzes\/?page_id=5396"},"modified":"2026-03-10T12:54:45","modified_gmt":"2026-03-10T11:54:45","slug":"gremiumok","status":"publish","type":"page","link":"https:\/\/semmelweis.hu\/fok-tovabbkepzes\/gremiumok\/","title":{"rendered":"Gr\u00e9miumok"},"content":{"rendered":"<p><em>Szakk\u00e9pz\u00e9si gr\u00e9mium:\u00a0<\/em>az egyetemeken m\u0171k\u00f6d\u0151, vagy egyes \u2013 miniszteri rendeletben meghat\u00e1rozott \u2013 szakter\u00fcleteken orsz\u00e1gosan l\u00e9trehozott, az adott szakma vagy szakter\u00fclet tekintet\u00e9ben kiemelked\u0151 szakmai ismeretekkel b\u00edr\u00f3 szakemberek test\u00fclete, amely a szakk\u00e9pz\u00e9si gr\u00e9mium feladatk\u00f6r\u00e9be tartoz\u00f3 szakter\u00fcleteken a szakorvos k\u00e9pz\u00e9s tartalm\u00e1val, a k\u00e9pz\u00e9s szervez\u00e9s\u00e9vel \u00e9s v\u00e9grehajt\u00e1s\u00e1val kapcsolatos szakmai feladatokat l\u00e1t el.<\/p>\n<h5>Dento-alveolaris seb\u00e9szet<\/h5>\n<p>Eln\u00f6k: Prof. Dr. Jo\u00f3b-Fancsaly \u00c1rp\u00e1d<br \/>\nTagok: Dr. K\u00f6rm\u00f6czi Kinga, Dr. Kivovics M\u00e1rton<\/p>\n<p><a href=\"https:\/\/semmelweis.hu\/fok-tovabbkepzes\/files\/2026\/03\/Gremiumi-beszamolo-dento-alveolaris-sebeszet-2025.pdf\">Besz\u00e1mol\u00f3 2025<\/a><br \/>\n<a href=\"https:\/\/semmelweis.hu\/fok-tovabbkepzes\/files\/2026\/03\/Gremiumi-beszamolo-dento-alveolaris-sebeszet-2024.pdf\">Besz\u00e1mol\u00f3 2024<\/a><\/p>\n<h5>Endodontia<\/h5>\n<p>Eln\u00f6k: Prof. Dr. V\u00e1g J\u00e1nos<br \/>\nTagok: Dr. Komora P\u00e9ter, Vaszin\u00e9 Dr. Szab\u00f3 Enik\u0151<\/p>\n<p><a href=\"https:\/\/semmelweis.hu\/fok-tovabbkepzes\/files\/2026\/03\/Gremiumi-beszamolo-endodontia-2025.pdf\">Besz\u00e1mol\u00f3 2025<\/a><br \/>\n<a href=\"https:\/\/semmelweis.hu\/fok-tovabbkepzes\/files\/2026\/03\/Gremiumi-beszamolo-endodontia-2024.pdf\">Besz\u00e1mol\u00f3 2024<\/a><\/p>\n<h5>Fogp\u00f3tl\u00e1stan<\/h5>\n<p>Eln\u00f6k: Prof. Dr. Hermann P\u00e9ter<br \/>\nTagok: Prof. Dr. Borb\u00e9ly Judit, Dr. Kisp\u00e9lyi Barbara<\/p>\n<p><a href=\"https:\/\/semmelweis.hu\/fok-tovabbkepzes\/files\/2026\/03\/Gremiumi-beszamolo-fogpotlastan-2025.pdf\">Besz\u00e1mol\u00f3 2025<\/a><br \/>\n<a href=\"https:\/\/semmelweis.hu\/fok-tovabbkepzes\/files\/2026\/03\/Gremiumi-beszamolo-fogpotlastan-2024.pdf\">Besz\u00e1mol\u00f3 2024<\/a><\/p>\n<h5>Fogszab\u00e1lyoz\u00e1s<\/h5>\n<p>Eln\u00f6k: Prof. Dr. R\u00f3zsa No\u00e9mi Katinka<br \/>\nTagok: Dr. Balaton Gergely, Dr. B\u00e1nyai Dorottya<\/p>\n<p><a href=\"https:\/\/semmelweis.hu\/fok-tovabbkepzes\/files\/2026\/03\/Gremiumi-beszamolo-fogszabalyozas-2025.pdf\">Besz\u00e1mol\u00f3 2025<\/a><br \/>\n<a href=\"https:\/\/semmelweis.hu\/fok-tovabbkepzes\/files\/2026\/03\/Gremiumi-beszamolo-fogszabalyozas-2024.pdf\">Besz\u00e1mol\u00f3 2024<\/a><\/p>\n<h5>Gyermekfog\u00e1szat<\/h5>\n<p>Eln\u00f6k: Prof. Dr. R\u00f3zsa No\u00e9mi Katinka<br \/>\nTagok: Dr. Ka\u00e1n Mikl\u00f3s, Dr. Nemes B\u00e1lint<\/p>\n<p><a href=\"https:\/\/semmelweis.hu\/fok-tovabbkepzes\/files\/2026\/03\/Gremiumi-beszamolo-gyermekfogaszat-2025.pdf\">Besz\u00e1mol\u00f3 2025<\/a><br \/>\n<a href=\"https:\/\/semmelweis.hu\/fok-tovabbkepzes\/files\/2026\/03\/Gremiumi-beszamolo-gyermekfogaszat-2024.pdf\">Besz\u00e1mol\u00f3 2024<\/a><\/p>\n<h5>Parodontol\u00f3gia<\/h5>\n<p>Eln\u00f6k: Prof. Dr. Windisch P\u00e9ter<br \/>\nTagok: Dr. Moln\u00e1r B\u00e1lint, Prof. Dr. D\u0151ri Ferenc<\/p>\n<p><a href=\"https:\/\/semmelweis.hu\/fok-tovabbkepzes\/files\/2026\/03\/Gremiumi-beszamolo-Parodontologia-2025.pdf\">Besz\u00e1mol\u00f3 2025<\/a><br \/>\n<a href=\"https:\/\/semmelweis.hu\/fok-tovabbkepzes\/files\/2026\/03\/Gremiumi-beszamolo-Parodontologia-2024.pdf\">Besz\u00e1mol\u00f3 2024<\/a><\/p>\n<h5>Or\u00e1lis Implantol\u00f3gia<\/h5>\n<p>Eln\u00f6k: Prof. Dr. Windisch P\u00e9ter<br \/>\nTagok: Prof. Dr. Jo\u00f3b-Fancsaly \u00c1rp\u00e1d, Dr. Mikul\u00e1s Krisztina<\/p>\n<p>Besz\u00e1mol\u00f3 2025<br \/>\nBesz\u00e1mol\u00f3 2024<\/p>\n","protected":false},"excerpt":{"rendered":"<p>Szakk\u00e9pz\u00e9si gr\u00e9mium:\u00a0az egyetemeken m\u0171k\u00f6d\u0151, vagy egyes \u2013 miniszteri rendeletben meghat\u00e1rozott \u2013 szakter\u00fcleteken orsz\u00e1gosan l\u00e9trehozott, az adott szakma vagy szakter\u00fclet tekintet\u00e9ben kiemelked\u0151 szakmai ismeretekkel b\u00edr\u00f3 szakemberek test\u00fclete, amely a szakk\u00e9pz\u00e9si gr\u00e9mium feladatk\u00f6r\u00e9be tartoz\u00f3 szakter\u00fcleteken a szakorvos k\u00e9pz\u00e9s tartalm\u00e1val, a k\u00e9pz\u00e9s szervez\u00e9s\u00e9vel \u00e9s v\u00e9grehajt\u00e1s\u00e1val kapcsolatos szakmai feladatokat l\u00e1t el. Dento-alveolaris seb\u00e9szet Eln\u00f6k: Prof. Dr. Jo\u00f3b-Fancsaly \u00c1rp\u00e1d Tagok: &hellip;<\/p>\n","protected":false},"author":101231,"featured_media":0,"parent":0,"menu_order":0,"comment_status":"closed","ping_status":"closed","template":"","meta":{"_acf_changed":false,"footnotes":""},"categories":[],"tags":[],"class_list":["post-5396","page","type-page","status-publish","hentry"],"acf":[],"_links":{"self":[{"href":"https:\/\/semmelweis.hu\/fok-tovabbkepzes\/wp-json\/wp\/v2\/pages\/5396","targetHints":{"allow":["GET"]}}],"collection":[{"href":"https:\/\/semmelweis.hu\/fok-tovabbkepzes\/wp-json\/wp\/v2\/pages"}],"about":[{"href":"https:\/\/semmelweis.hu\/fok-tovabbkepzes\/wp-json\/wp\/v2\/types\/page"}],"author":[{"embeddable":true,"href":"https:\/\/semmelweis.hu\/fok-tovabbkepzes\/wp-json\/wp\/v2\/users\/101231"}],"replies":[{"embeddable":true,"href":"https:\/\/semmelweis.hu\/fok-tovabbkepzes\/wp-json\/wp\/v2\/comments?post=5396"}],"version-history":[{"count":4,"href":"https:\/\/semmelweis.hu\/fok-tovabbkepzes\/wp-json\/wp\/v2\/pages\/5396\/revisions"}],"predecessor-version":[{"id":5425,"href":"https:\/\/semmelweis.hu\/fok-tovabbkepzes\/wp-json\/wp\/v2\/pages\/5396\/revisions\/5425"}],"wp:attachment":[{"href":"https:\/\/semmelweis.hu\/fok-tovabbkepzes\/wp-json\/wp\/v2\/media?parent=5396"}],"wp:term":[{"taxonomy":"category","embeddable":true,"href":"https:\/\/semmelweis.hu\/fok-tovabbkepzes\/wp-json\/wp\/v2\/categories?post=5396"},{"taxonomy":"post_tag","embeddable":true,"href":"https:\/\/semmelweis.hu\/fok-tovabbkepzes\/wp-json\/wp\/v2\/tags?post=5396"}],"curies":[{"name":"wp","href":"https:\/\/api.w.org\/{rel}","templated":true}]}}