{"id":5308,"date":"2025-05-29T13:30:29","date_gmt":"2025-05-29T11:30:29","guid":{"rendered":"https:\/\/semmelweis.hu\/fok-tovabbkepzes\/?page_id=5308"},"modified":"2026-04-21T09:50:20","modified_gmt":"2026-04-21T07:50:20","slug":"reszvizsga","status":"publish","type":"page","link":"https:\/\/semmelweis.hu\/fok-tovabbkepzes\/szakfogorvos-kepzes\/reszvizsga\/","title":{"rendered":"R\u00e9szvizsga"},"content":{"rendered":"<div class=\"responsive-tabs\">\n<h2 class=\"tabtitle\">2024.01.01. ut\u00e1n<\/h2>\n<div class=\"tabcontent\">\n\n<p>Azon jel\u00f6ltek, akik\u00a0<strong>2024. 01.01. ut\u00e1n l\u00e9ptek a k\u00e9pz\u00e9sbe vagy v\u00e1ltottak szakm\u00e1t<\/strong>\u00a0a 22\/2012 (IX.14.) E\u00fcm. rendeletben megjelen\u0151 \u00faj 4. mell\u00e9klet szerint v\u00e9gzik k\u00e9pz\u00e9s\u00fcket.<\/p>\n<p>K\u00f6vetkez\u0151 r\u00e9szvizsga id\u0151szak: <strong>2026. szeptember &#8211; okt\u00f3ber<\/strong><\/p>\n<p><a href=\"https:\/\/semmelweis.hu\/fok-tovabbkepzes\/files\/2026\/04\/Reszvizsga-tajekoztato-jeloltek-fejleces.pdf\">R\u00e9szvizsga t\u00e1j\u00e9koztat\u00f3<\/a><\/p>\n<p><strong>Tutori \u00e9rt\u00e9kel\u0151 lapok<\/strong><\/p>\n<p><a href=\"https:\/\/semmelweis.hu\/fok-tovabbkepzes\/files\/2026\/04\/Tutori-ertekelo-lap-Dento-alveolaris-sebeszet.pdf\">Tutori \u00e9rt\u00e9kel\u0151 lap &#8211; Dento-alveol\u00e1ris seb\u00e9szet<\/a><\/p>\n<p><a href=\"https:\/\/semmelweis.hu\/fok-tovabbkepzes\/files\/2026\/04\/Tutori-ertekelo-lap-Fogszabalyozas-Gyermekfog.pdf\">Tutori \u00e9rt\u00e9kel\u0151 lap \u2013 Fogszab\u00e1lyoz\u00e1s, Gyermekfog\u00e1szat<\/a><\/p>\n<p><a href=\"https:\/\/semmelweis.hu\/fok-tovabbkepzes\/files\/2026\/04\/Tutori-ertekelo-lap-Fogpotlastan-Endodontia-Parodontologia.pdf\">Tutori \u00e9rt\u00e9kel\u0151 lap \u2013 Fogp\u00f3tl\u00e1stan, Endodontia, Parodontol\u00f3gia<\/a><\/p>\n<p><strong>R\u00e9szvizsga tematik\u00e1k:<\/strong><\/p>\n<p><a href=\"https:\/\/semmelweis.hu\/fok-tovabbkepzes\/files\/2026\/03\/Dento-alveolaris-sebeszet-reszvizsga.pdf\">Dento-alveol\u00e1ris seb\u00e9szet r\u00e9szvizsga tematika, tutori \u00e9rt\u00e9kel\u0151lap \u00e9s nyilatkozat<\/a><\/p>\n<p><a href=\"https:\/\/semmelweis.hu\/fok-tovabbkepzes\/files\/2025\/05\/Endodontia-reszvizsga-tematika-alairt.pdf\">Endodontia r\u00e9szvizsga tematika, tutori \u00e9rt\u00e9kel\u0151lap \u00e9s nyilatkozat<\/a><\/p>\n<p><a href=\"https:\/\/semmelweis.hu\/fok-tovabbkepzes\/files\/2026\/03\/Fogpotlastan-reszvizsga-1.pdf\">Fogp\u00f3tl\u00e1stan r\u00e9szvizsga tematika, tutori \u00e9rt\u00e9kel\u0151lap \u00e9s nyilatkozat<\/a><\/p>\n<p><a href=\"https:\/\/semmelweis.hu\/fok-tovabbkepzes\/files\/2025\/05\/Fogszabalyozas-reszvizsga-tematika-alairt.pdf\">Fogszab\u00e1lyoz\u00e1s r\u00e9szvizsga tematika, tutori \u00e9rt\u00e9kel\u0151lap \u00e9s nyilatkozat<\/a><\/p>\n<p><a href=\"https:\/\/semmelweis.hu\/fok-tovabbkepzes\/files\/2025\/05\/Gyermekfogaszat-tematika-alairt.pdf\">Gyermekfog\u00e1szat r\u00e9szvizsga tematika, tutori \u00e9rt\u00e9kel\u0151lap \u00e9s nyilatkozat<\/a><\/p>\n<p><a href=\"https:\/\/semmelweis.hu\/fok-tovabbkepzes\/files\/2026\/03\/Parodontologia-reszvizsga.pdf\">Parodontol\u00f3gia r\u00e9szvizsga tematika, tutori \u00e9rt\u00e9kel\u0151lap \u00e9s nyilatkozat<\/a><\/p>\n\n<\/div><h2 class=\"tabtitle\">2024.01.01. el\u0151tt<\/h2>\n<div class=\"tabcontent\">\n\n<p>2024.01.01. el\u0151tt k\u00e9pz\u00e9sbe l\u00e9p\u0151 jel\u00f6ltekre vonatkoz\u00f3 inform\u00e1ci\u00f3k:<\/p>\n<ul>\n<li style=\"list-style-type: none\">\n<ul>\n<li><a href=\"https:\/\/semmelweis.hu\/fok-tovabbkepzes\/files\/2021\/04\/r\u00e9szvizsg\u00e1k-rendje.pdf\">Hat\u00e1rozat a r\u00e9szvizsg\u00e1k rendj\u00e9r\u0151l (pdf)<\/a><\/li>\n<li><a href=\"https:\/\/semmelweis.hu\/parodontologia\/oktatas\/posztgradualis-kepzes\/\">Parodontol\u00f3gia r\u00e9szvizsga k\u00f6vetelm\u00e9nyrendszer \u2192<\/a><\/li>\n<\/ul>\n<\/li>\n<\/ul>\n<p>&nbsp;<\/p>\n<\/div><\/div>\n","protected":false},"excerpt":{"rendered":"<p>Azon jel\u00f6ltek, akik\u00a02024. 01.01. ut\u00e1n l\u00e9ptek a k\u00e9pz\u00e9sbe vagy v\u00e1ltottak szakm\u00e1t\u00a0a 22\/2012 (IX.14.) E\u00fcm. rendeletben megjelen\u0151 \u00faj 4. mell\u00e9klet szerint v\u00e9gzik k\u00e9pz\u00e9s\u00fcket.<br \/>\nK\u00f6vetkez\u0151 r\u00e9szvizsga id\u0151szak: 2026. szeptember &#8211; okt\u00f3ber<br \/>\n<a href=\"https:\/\/semmelweis.hu\/fok-tovabbkepzes\/files\/2026\/04\/Reszvizsga-tajekoztato-jeloltek-fejleces.pdf\">R\u00e9szvizsga t\u00e1j\u00e9koztat\u00f3<\/a><br \/>\nTutori \u00e9rt\u00e9kel\u0151 lapok<br \/>\n<a href=\"https:\/\/semmelweis.hu\/fok-tovabbkepzes\/files\/2026\/04\/Tutori-ertekelo-lap-Dento-alveolaris-sebeszet.pdf\">Tutori \u00e9rt\u00e9kel\u0151 lap &#8211; Dento-alveol\u00e1ris seb\u00e9szet<\/a><br \/>\n<a href=\"https:\/\/semmelweis.hu\/fok-tovabbkepzes\/files\/2026\/04\/Tutori-ertekelo-lap-Fogszabalyozas-Gyermekfog.pdf\">Tutori \u00e9rt\u00e9kel\u0151 lap \u2013 Fogszab\u00e1lyoz\u00e1s, Gyermekfog\u00e1szat<\/a><br \/>\n<a href=\"https:\/\/semmelweis.hu\/fok-tovabbkepzes\/files\/2026\/04\/Tutori-ertekelo-lap-Fogpotlastan-Endodontia-Parodontologia.pdf\">Tutori \u00e9rt\u00e9kel\u0151 lap \u2013 Fogp\u00f3tl\u00e1stan, Endodontia, Parodontol\u00f3gia<\/a><br \/>\nR\u00e9szvizsga tematik\u00e1k:<br \/>\n<a href=\"https:\/\/semmelweis.hu\/fok-tovabbkepzes\/files\/2026\/03\/Dento-alveolaris-sebeszet-reszvizsga.pdf\">Dento-alveol\u00e1ris seb\u00e9szet r\u00e9szvizsga tematika, tutori \u00e9rt\u00e9kel\u0151lap \u00e9s nyilatkozat<\/a><br \/>\n<a href=\"https:\/\/semmelweis.hu\/fok-tovabbkepzes\/files\/2025\/05\/Endodontia-reszvizsga-tematika-alairt.pdf\">Endodontia r\u00e9szvizsga tematika, tutori \u00e9rt\u00e9kel\u0151lap \u00e9s nyilatkozat<\/a><br \/>\n<a href=\"https:\/\/semmelweis.hu\/fok-tovabbkepzes\/files\/2026\/03\/Fogpotlastan-reszvizsga-1.pdf\">Fogp\u00f3tl\u00e1stan r\u00e9szvizsga tematika, tutori \u00e9rt\u00e9kel\u0151lap \u00e9s nyilatkozat<\/a><br \/>\n<a href=\"https:\/\/semmelweis.hu\/fok-tovabbkepzes\/files\/2025\/05\/Fogszabalyozas-reszvizsga-tematika-alairt.pdf\">Fogszab\u00e1lyoz\u00e1s r\u00e9szvizsga tematika, tutori \u00e9rt\u00e9kel\u0151lap \u00e9s nyilatkozat<\/a><br \/>\n<a href=\"https:\/\/semmelweis.hu\/fok-tovabbkepzes\/files\/2025\/05\/Gyermekfogaszat-tematika-alairt.pdf\">Gyermekfog\u00e1szat r\u00e9szvizsga tematika, tutori \u00e9rt\u00e9kel\u0151lap \u00e9s nyilatkozat<\/a><br \/>\n<a href=\"https:\/\/semmelweis.hu\/fok-tovabbkepzes\/files\/2026\/03\/Parodontologia-reszvizsga.pdf\">Parodontol\u00f3gia r\u00e9szvizsga tematika, tutori \u00e9rt\u00e9kel\u0151lap \u00e9s nyilatkozat<\/a><\/p>\n<p>2024.01.01. el\u0151tt k\u00e9pz\u00e9sbe l\u00e9p\u0151 jel\u00f6ltekre vonatkoz\u00f3 inform\u00e1ci\u00f3k:<\/p>\n<p><a href=\"https:\/\/semmelweis.hu\/fok-tovabbkepzes\/files\/2021\/04\/r\u00e9szvizsg\u00e1k-rendje.pdf\">Hat\u00e1rozat a r\u00e9szvizsg\u00e1k rendj\u00e9r\u0151l (pdf)<\/a><br \/>\n<a href=\"https:\/\/semmelweis.hu\/parodontologia\/oktatas\/posztgradualis-kepzes\/\">Parodontol\u00f3gia r\u00e9szvizsga k\u00f6vetelm\u00e9nyrendszer \u2192<\/a><\/p>\n<p>&nbsp;<\/p>\n","protected":false},"author":101231,"featured_media":0,"parent":5067,"menu_order":3,"comment_status":"closed","ping_status":"closed","template":"","meta":{"_acf_changed":false,"footnotes":""},"categories":[],"tags":[],"class_list":["post-5308","page","type-page","status-publish","hentry"],"acf":[],"_links":{"self":[{"href":"https:\/\/semmelweis.hu\/fok-tovabbkepzes\/wp-json\/wp\/v2\/pages\/5308","targetHints":{"allow":["GET"]}}],"collection":[{"href":"https:\/\/semmelweis.hu\/fok-tovabbkepzes\/wp-json\/wp\/v2\/pages"}],"about":[{"href":"https:\/\/semmelweis.hu\/fok-tovabbkepzes\/wp-json\/wp\/v2\/types\/page"}],"author":[{"embeddable":true,"href":"https:\/\/semmelweis.hu\/fok-tovabbkepzes\/wp-json\/wp\/v2\/users\/101231"}],"replies":[{"embeddable":true,"href":"https:\/\/semmelweis.hu\/fok-tovabbkepzes\/wp-json\/wp\/v2\/comments?post=5308"}],"version-history":[{"count":10,"href":"https:\/\/semmelweis.hu\/fok-tovabbkepzes\/wp-json\/wp\/v2\/pages\/5308\/revisions"}],"predecessor-version":[{"id":5457,"href":"https:\/\/semmelweis.hu\/fok-tovabbkepzes\/wp-json\/wp\/v2\/pages\/5308\/revisions\/5457"}],"up":[{"embeddable":true,"href":"https:\/\/semmelweis.hu\/fok-tovabbkepzes\/wp-json\/wp\/v2\/pages\/5067"}],"wp:attachment":[{"href":"https:\/\/semmelweis.hu\/fok-tovabbkepzes\/wp-json\/wp\/v2\/media?parent=5308"}],"wp:term":[{"taxonomy":"category","embeddable":true,"href":"https:\/\/semmelweis.hu\/fok-tovabbkepzes\/wp-json\/wp\/v2\/categories?post=5308"},{"taxonomy":"post_tag","embeddable":true,"href":"https:\/\/semmelweis.hu\/fok-tovabbkepzes\/wp-json\/wp\/v2\/tags?post=5308"}],"curies":[{"name":"wp","href":"https:\/\/api.w.org\/{rel}","templated":true}]}}