{"id":5067,"date":"2024-06-07T09:49:27","date_gmt":"2024-06-07T07:49:27","guid":{"rendered":"https:\/\/semmelweis.hu\/fok-tovabbkepzes\/?page_id=5067"},"modified":"2024-06-19T09:19:13","modified_gmt":"2024-06-19T07:19:13","slug":"szakfogorvos-kepzes","status":"publish","type":"page","link":"https:\/\/semmelweis.hu\/fok-tovabbkepzes\/szakfogorvos-kepzes\/","title":{"rendered":"Szakfogorvos k\u00e9pz\u00e9s"},"content":{"rendered":"<p><strong>Szakfogorvosk\u00e9pz\u00e9s le\u00edr\u00e1sa:<\/strong><\/p>\n<p>A szakk\u00e9pz\u00e9si id\u0151tartama 36 h\u00f3nap, mely 26 h\u00f3nap alapk\u00e9pz\u00e9si programb\u00f3l \u00e9s 10 h\u00f3nap szakgyakorlati k\u00e9pz\u00e9sb\u0151l \u00e1ll.<\/p>\n<p><strong>Szakir\u00e1nyok:<\/strong><\/p>\n<ul>\n<li>Dento-alveolaris seb\u00e9szet<\/li>\n<li>Endodontia<\/li>\n<li>Fogp\u00f3tl\u00e1stan<\/li>\n<li>Fogszab\u00e1lyoz\u00e1s<\/li>\n<li>Gyermekfog\u00e1szat<\/li>\n<li>Parodontol\u00f3gia<\/li>\n<\/ul>\n<p><strong>K\u00e9pz\u00e9si tervek<br \/>\n<\/strong> <br \/>\nAz alapk\u00e9pz\u00e9s alatt teljes\u00edteni kell:<\/p>\n<ul>\n<li>5 alap \u00e9s 4 szakspecifikus t\u00f6rzsk\u00e9pz\u00e9si tanfolyamot<\/li>\n<li>22 h\u00f3nap \u2013 Dento-alveolaris seb\u00e9szet eset\u00e9n 19 h\u00f3nap \u2013 j\u00e1r\u00f3beteg ell\u00e1t\u00e1st<\/li>\n<li>2 h\u00e9t s\u00fcrg\u0151ss\u00e9gi betegell\u00e1t\u00e1si gyakorlatot<\/li>\n<li>2 h\u00e9t eg\u00e9szs\u00e9g\u00fcgyi menedzsmentk\u00e9pz\u00e9st<\/li>\n<li>3 h\u00f3nap egyetemi oszt\u00e1lyos gyakorlatot, Dento-alveolaris seb\u00e9szet eset\u00e9n 6 h\u00f3nap egyetemi fekv\u0151oszt\u00e1lyos gyakorlatot \u00e9s ez alatt 12 \u00e9jszakai \u00fcgyeletet.<\/li>\n<\/ul>\n<p>A szakgyakorlati k\u00e9pz\u00e9s alatt teljes\u00edteni kell:<\/p>\n<ul>\n<li>Szakir\u00e1nynak megfelel\u0151 tev\u00e9kenys\u00e9g v\u00e9gz\u00e9se az akkredit\u00e1lt eg\u00e9szs\u00e9g\u00fcgyi k\u00e9pz\u0151helyen.<\/li>\n<\/ul>\n<p>A szakfogorvosi alap szakk\u00e9pes\u00edt\u00e9sek szintekre tagoltak az egyes szintek k\u00f6z\u00f6tt egy r\u00e9szvizsg\u00e1t kell letenni. A r\u00e9szvizsg\u00e1hoz el\u0151\u00edrt k\u00f6vetelm\u00e9nyek r\u00e9szletezve a 22\/2012. (IX. 14.) EMMI rendelet 4. mell\u00e9klet\u00e9ben tal\u00e1lhat\u00f3ak<\/p>\n<p>A szakk\u00e9pes\u00edt\u00e9s megszerz\u00e9se t\u00e1mogatott, vagy k\u00f6lts\u00e9gt\u00e9r\u00edt\u00e9ses szakk\u00e9pz\u00e9s keret\u00e9ben t\u00f6rt\u00e9nik.<\/p>\n<p><strong>Finansz\u00edroz\u00e1si form\u00e1k a Fogorvostudom\u00e1nyi Karon:<\/strong><\/p>\n<ul>\n<li>Oktat\u00f3i ut\u00e1np\u00f3tl\u00e1s \u2013 \u00e1llamilag t\u00e1mogatott<\/li>\n<li>Nem egyetemi ut\u00e1np\u00f3tl\u00e1s \u2013 \u00e1llamilag t\u00e1mogatott<\/li>\n<li>Klinikai &#8211; tanulm\u00e1nyi szerz\u0151d\u00e9s alapj\u00e1n a Kar \u00e1ltal t\u00e1mogatott<\/li>\n<li>Kirendelt &#8211; \u00f6nk\u00f6lts\u00e9ges<\/li>\n<li>K\u00fcls\u0151 k\u00f6lts\u00e9gt\u00e9r\u00edt\u00e9ses \u2013 \u00f6nk\u00f6lts\u00e9ges\n<\/li>\n<\/ul>\n","protected":false},"excerpt":{"rendered":"<p>Szakfogorvosk\u00e9pz\u00e9s le\u00edr\u00e1sa: A szakk\u00e9pz\u00e9si id\u0151tartama 36 h\u00f3nap, mely 26 h\u00f3nap alapk\u00e9pz\u00e9si programb\u00f3l \u00e9s 10 h\u00f3nap szakgyakorlati k\u00e9pz\u00e9sb\u0151l \u00e1ll. Szakir\u00e1nyok: Dento-alveolaris seb\u00e9szet Endodontia Fogp\u00f3tl\u00e1stan Fogszab\u00e1lyoz\u00e1s Gyermekfog\u00e1szat Parodontol\u00f3gia K\u00e9pz\u00e9si tervek Az alapk\u00e9pz\u00e9s alatt teljes\u00edteni kell: 5 alap \u00e9s 4 szakspecifikus t\u00f6rzsk\u00e9pz\u00e9si tanfolyamot 22 h\u00f3nap \u2013 Dento-alveolaris seb\u00e9szet eset\u00e9n 19 h\u00f3nap \u2013 j\u00e1r\u00f3beteg ell\u00e1t\u00e1st 2 h\u00e9t s\u00fcrg\u0151ss\u00e9gi betegell\u00e1t\u00e1si &hellip;<\/p>\n","protected":false},"author":101231,"featured_media":0,"parent":0,"menu_order":0,"comment_status":"closed","ping_status":"closed","template":"","meta":{"_acf_changed":false,"footnotes":""},"categories":[],"tags":[],"class_list":["post-5067","page","type-page","status-publish","hentry"],"acf":[],"_links":{"self":[{"href":"https:\/\/semmelweis.hu\/fok-tovabbkepzes\/wp-json\/wp\/v2\/pages\/5067","targetHints":{"allow":["GET"]}}],"collection":[{"href":"https:\/\/semmelweis.hu\/fok-tovabbkepzes\/wp-json\/wp\/v2\/pages"}],"about":[{"href":"https:\/\/semmelweis.hu\/fok-tovabbkepzes\/wp-json\/wp\/v2\/types\/page"}],"author":[{"embeddable":true,"href":"https:\/\/semmelweis.hu\/fok-tovabbkepzes\/wp-json\/wp\/v2\/users\/101231"}],"replies":[{"embeddable":true,"href":"https:\/\/semmelweis.hu\/fok-tovabbkepzes\/wp-json\/wp\/v2\/comments?post=5067"}],"version-history":[{"count":5,"href":"https:\/\/semmelweis.hu\/fok-tovabbkepzes\/wp-json\/wp\/v2\/pages\/5067\/revisions"}],"predecessor-version":[{"id":5077,"href":"https:\/\/semmelweis.hu\/fok-tovabbkepzes\/wp-json\/wp\/v2\/pages\/5067\/revisions\/5077"}],"wp:attachment":[{"href":"https:\/\/semmelweis.hu\/fok-tovabbkepzes\/wp-json\/wp\/v2\/media?parent=5067"}],"wp:term":[{"taxonomy":"category","embeddable":true,"href":"https:\/\/semmelweis.hu\/fok-tovabbkepzes\/wp-json\/wp\/v2\/categories?post=5067"},{"taxonomy":"post_tag","embeddable":true,"href":"https:\/\/semmelweis.hu\/fok-tovabbkepzes\/wp-json\/wp\/v2\/tags?post=5067"}],"curies":[{"name":"wp","href":"https:\/\/api.w.org\/{rel}","templated":true}]}}