{"id":4779,"date":"2022-12-09T09:16:28","date_gmt":"2022-12-09T08:16:28","guid":{"rendered":"https:\/\/semmelweis.hu\/fok-tovabbkepzes\/?page_id=4779"},"modified":"2025-03-27T10:39:37","modified_gmt":"2025-03-27T09:39:37","slug":"dokumentumok-elsokent-megszerezheto-szakkepesiteshez","status":"publish","type":"page","link":"https:\/\/semmelweis.hu\/fok-tovabbkepzes\/szakfogorvos-kepzes\/elsokent-megszerezheto-szakkepesites\/dokumentumok-elsokent-megszerezheto-szakkepesiteshez\/","title":{"rendered":"Dokumentumok els\u0151k\u00e9nt megszerezhet\u0151 szakk\u00e9pes\u00edt\u00e9shez"},"content":{"rendered":"<p><strong>Szakk\u00e9pz\u00e9sbe l\u00e9p\u00e9shez sz\u00fcks\u00e9ges dokumentumok:<\/strong><\/p>\n<p><a href=\"https:\/\/semmelweis.hu\/fok-tovabbkepzes\/files\/2022\/12\/SAP-ADATLAP.pdf\">SAP adatlap<\/a><br \/>\n<a href=\"https:\/\/semmelweis.hu\/fok-tovabbkepzes\/files\/2022\/12\/K-E-R-E-L-E-M-minta.pdf\">K\u00e9relem minta<\/a><\/p>\n<p><strong>Szakk\u00e9pz\u00e9si meg\u00e1llapod\u00e1s mint\u00e1k 2024.01.01. el\u0151tt bel\u00e9pett jel\u00f6ltek eset\u00e9ben<\/p>\n<p><\/strong><a href=\"https:\/\/semmelweis.hu\/fok-tovabbkepzes\/files\/2022\/12\/Szakkepzesi-megallapodas-allami.pdf\">Szakk\u00e9pz\u00e9si meg\u00e1llapod\u00e1s-\u00e1llami<\/a><br \/>\n<a href=\"https:\/\/semmelweis.hu\/fok-tovabbkepzes\/files\/2022\/12\/Szakkepzesi-megallapodas-kirendelt.pdf\">Szakk\u00e9pz\u00e9si meg\u00e1llapod\u00e1s-kirendelt<\/a><br \/>\n<a href=\"https:\/\/semmelweis.hu\/fok-tovabbkepzes\/files\/2022\/12\/Szakkepzesi-megallapodas-klinikai.pdf\">Szakk\u00e9pz\u00e9si meg\u00e1llapod\u00e1s-klinikai<\/a><br \/>\n<a href=\"https:\/\/semmelweis.hu\/fok-tovabbkepzes\/files\/2022\/12\/Szakkepzesi-megallapodas-onkoltseges.pdf\"><span class=\"media-list-title\">Szakk\u00e9pz\u00e9si meg\u00e1llapod\u00e1s-\u00f6nk\u00f6lts\u00e9ges<\/span><\/a><strong><br \/>\n<\/strong><\/p>\n<p><strong>K\u00e9pz\u00e9si tervek 2024.01.01. el\u0151tt bel\u00e9pett jel\u00f6ltek eset\u00e9ben<\/strong><\/p>\n<p><a href=\"https:\/\/semmelweis.hu\/fok-tovabbkepzes\/files\/2022\/12\/DENTO-ALVEOLARIS-SEBESZET.pdf\">Dento-alveol\u00e1ris seb\u00e9szet<\/a><br \/>\n<a href=\"https:\/\/semmelweis.hu\/fok-tovabbkepzes\/files\/2022\/12\/ENDODONTIA.pdf\">Endodontia<\/a><br \/>\n<a href=\"https:\/\/semmelweis.hu\/fok-tovabbkepzes\/files\/2022\/12\/FOGPOTLASTAN.pdf\">Fogp\u00f3tl\u00e1stan<\/a><br \/>\n<a href=\"https:\/\/semmelweis.hu\/fok-tovabbkepzes\/files\/2022\/12\/FOGSZABALYOZAS-.pdf\">Fogszab\u00e1lyoz\u00e1s<\/a><br \/>\n<a href=\"https:\/\/semmelweis.hu\/fok-tovabbkepzes\/files\/2022\/12\/GYERMEKFOGASZAT.pdf\">Gyermekfog\u00e1szat<\/a><br \/>\n<a href=\"https:\/\/semmelweis.hu\/fok-tovabbkepzes\/files\/2022\/12\/PARODONTOLOGIA.pdf\">Parodontol\u00f3gia<\/a><\/p>\n","protected":false},"excerpt":{"rendered":"<p>Szakk\u00e9pz\u00e9sbe l\u00e9p\u00e9shez sz\u00fcks\u00e9ges dokumentumok:<br \/>\n<a href=\"https:\/\/semmelweis.hu\/fok-tovabbkepzes\/files\/2022\/12\/SAP-ADATLAP.pdf\">SAP adatlap<\/a><br \/>\n<a href=\"https:\/\/semmelweis.hu\/fok-tovabbkepzes\/files\/2022\/12\/K-E-R-E-L-E-M-minta.pdf\">K\u00e9relem minta<\/a><br \/>\nSzakk\u00e9pz\u00e9si meg\u00e1llapod\u00e1s mint\u00e1k 2024.01.01. el\u0151tt bel\u00e9pett jel\u00f6ltek eset\u00e9ben<br \/>\n<a href=\"https:\/\/semmelweis.hu\/fok-tovabbkepzes\/files\/2022\/12\/Szakkepzesi-megallapodas-allami.pdf\">Szakk\u00e9pz\u00e9si meg\u00e1llapod\u00e1s-\u00e1llami<\/a><br \/>\n<a href=\"https:\/\/semmelweis.hu\/fok-tovabbkepzes\/files\/2022\/12\/Szakkepzesi-megallapodas-kirendelt.pdf\">Szakk\u00e9pz\u00e9si meg\u00e1llapod\u00e1s-kirendelt<\/a><br \/>\n<a href=\"https:\/\/semmelweis.hu\/fok-tovabbkepzes\/files\/2022\/12\/Szakkepzesi-megallapodas-klinikai.pdf\">Szakk\u00e9pz\u00e9si meg\u00e1llapod\u00e1s-klinikai<\/a><br \/>\n<a href=\"https:\/\/semmelweis.hu\/fok-tovabbkepzes\/files\/2022\/12\/Szakkepzesi-megallapodas-onkoltseges.pdf\">Szakk\u00e9pz\u00e9si meg\u00e1llapod\u00e1s-\u00f6nk\u00f6lts\u00e9ges<\/a><\/p>\n<p>K\u00e9pz\u00e9si tervek 2024.01.01. el\u0151tt bel\u00e9pett jel\u00f6ltek eset\u00e9ben<br \/>\n<a href=\"https:\/\/semmelweis.hu\/fok-tovabbkepzes\/files\/2022\/12\/DENTO-ALVEOLARIS-SEBESZET.pdf\">Dento-alveol\u00e1ris seb\u00e9szet<\/a><br \/>\n<a href=\"https:\/\/semmelweis.hu\/fok-tovabbkepzes\/files\/2022\/12\/ENDODONTIA.pdf\">Endodontia<\/a><br \/>\n<a href=\"https:\/\/semmelweis.hu\/fok-tovabbkepzes\/files\/2022\/12\/FOGPOTLASTAN.pdf\">Fogp\u00f3tl\u00e1stan<\/a><br \/>\n<a href=\"https:\/\/semmelweis.hu\/fok-tovabbkepzes\/files\/2022\/12\/FOGSZABALYOZAS-.pdf\">Fogszab\u00e1lyoz\u00e1s<\/a><br \/>\n<a href=\"https:\/\/semmelweis.hu\/fok-tovabbkepzes\/files\/2022\/12\/GYERMEKFOGASZAT.pdf\">Gyermekfog\u00e1szat<\/a><br \/>\n<a href=\"https:\/\/semmelweis.hu\/fok-tovabbkepzes\/files\/2022\/12\/PARODONTOLOGIA.pdf\">Parodontol\u00f3gia<\/a><\/p>\n","protected":false},"author":101231,"featured_media":0,"parent":2976,"menu_order":7,"comment_status":"closed","ping_status":"closed","template":"","meta":{"_acf_changed":false,"footnotes":""},"categories":[],"tags":[],"class_list":["post-4779","page","type-page","status-publish","hentry"],"acf":[],"_links":{"self":[{"href":"https:\/\/semmelweis.hu\/fok-tovabbkepzes\/wp-json\/wp\/v2\/pages\/4779","targetHints":{"allow":["GET"]}}],"collection":[{"href":"https:\/\/semmelweis.hu\/fok-tovabbkepzes\/wp-json\/wp\/v2\/pages"}],"about":[{"href":"https:\/\/semmelweis.hu\/fok-tovabbkepzes\/wp-json\/wp\/v2\/types\/page"}],"author":[{"embeddable":true,"href":"https:\/\/semmelweis.hu\/fok-tovabbkepzes\/wp-json\/wp\/v2\/users\/101231"}],"replies":[{"embeddable":true,"href":"https:\/\/semmelweis.hu\/fok-tovabbkepzes\/wp-json\/wp\/v2\/comments?post=4779"}],"version-history":[{"count":10,"href":"https:\/\/semmelweis.hu\/fok-tovabbkepzes\/wp-json\/wp\/v2\/pages\/4779\/revisions"}],"predecessor-version":[{"id":5230,"href":"https:\/\/semmelweis.hu\/fok-tovabbkepzes\/wp-json\/wp\/v2\/pages\/4779\/revisions\/5230"}],"up":[{"embeddable":true,"href":"https:\/\/semmelweis.hu\/fok-tovabbkepzes\/wp-json\/wp\/v2\/pages\/2976"}],"wp:attachment":[{"href":"https:\/\/semmelweis.hu\/fok-tovabbkepzes\/wp-json\/wp\/v2\/media?parent=4779"}],"wp:term":[{"taxonomy":"category","embeddable":true,"href":"https:\/\/semmelweis.hu\/fok-tovabbkepzes\/wp-json\/wp\/v2\/categories?post=4779"},{"taxonomy":"post_tag","embeddable":true,"href":"https:\/\/semmelweis.hu\/fok-tovabbkepzes\/wp-json\/wp\/v2\/tags?post=4779"}],"curies":[{"name":"wp","href":"https:\/\/api.w.org\/{rel}","templated":true}]}}