{"id":4514,"date":"2022-02-02T15:41:44","date_gmt":"2022-02-02T14:41:44","guid":{"rendered":"https:\/\/semmelweis.hu\/fok-tovabbkepzes\/?page_id=4514"},"modified":"2024-06-19T09:30:02","modified_gmt":"2024-06-19T07:30:02","slug":"idorendi-tajekoztato","status":"publish","type":"page","link":"https:\/\/semmelweis.hu\/fok-tovabbkepzes\/szakfogorvos-kepzes\/idorendi-tajekoztato\/","title":{"rendered":"Id\u0151rendi t\u00e1j\u00e9koztat\u00f3"},"content":{"rendered":"<p><a href=\"https:\/\/semmelweis.hu\/fok-tovabbkepzes\/files\/2022\/02\/36-honapos-kepzesi-tematika.pdf\">36 h\u00f3napos k\u00e9pz\u00e9si tematika<\/a><\/p>\n<p><a href=\"https:\/\/semmelweis.hu\/fok-tovabbkepzes\/files\/2022\/02\/12-ho-Fogpotlastan.pdf\">Fogp\u00f3tl\u00e1stan &#8211; 12 h\u00f3napos k\u00e9pz\u00e9s<\/a><\/p>\n<p><a href=\"https:\/\/semmelweis.hu\/fok-tovabbkepzes\/files\/2022\/03\/12-ho-Endodontia.pdf\">Endodontia &#8211; 12 h\u00f3napos k\u00e9pz\u00e9s<\/a><\/p>\n<p><a href=\"https:\/\/semmelweis.hu\/fok-tovabbkepzes\/files\/2022\/02\/Oralis-Implantologia-idorendi-mutato.pdf\">Or\u00e1lis Implantol\u00f3gia r\u00e1\u00e9p\u00edtett szakk\u00e9pz\u00e9s\u00a0<\/a><\/p>\n","protected":false},"excerpt":{"rendered":"<p><a href=\"https:\/\/semmelweis.hu\/fok-tovabbkepzes\/files\/2022\/02\/36-honapos-kepzesi-tematika.pdf\">36 h\u00f3napos k\u00e9pz\u00e9si tematika<\/a><br \/>\n<a href=\"https:\/\/semmelweis.hu\/fok-tovabbkepzes\/files\/2022\/02\/12-ho-Fogpotlastan.pdf\">Fogp\u00f3tl\u00e1stan &#8211; 12 h\u00f3napos k\u00e9pz\u00e9s<\/a><br \/>\n<a href=\"https:\/\/semmelweis.hu\/fok-tovabbkepzes\/files\/2022\/03\/12-ho-Endodontia.pdf\">Endodontia &#8211; 12 h\u00f3napos k\u00e9pz\u00e9s<\/a><br \/>\n<a href=\"https:\/\/semmelweis.hu\/fok-tovabbkepzes\/files\/2022\/02\/Oralis-Implantologia-idorendi-mutato.pdf\">Or\u00e1lis Implantol\u00f3gia r\u00e1\u00e9p\u00edtett szakk\u00e9pz\u00e9s\u00a0<\/a><\/p>\n","protected":false},"author":101231,"featured_media":0,"parent":5067,"menu_order":6,"comment_status":"closed","ping_status":"closed","template":"","meta":{"_acf_changed":false,"footnotes":""},"categories":[],"tags":[],"class_list":["post-4514","page","type-page","status-publish","hentry"],"acf":[],"_links":{"self":[{"href":"https:\/\/semmelweis.hu\/fok-tovabbkepzes\/wp-json\/wp\/v2\/pages\/4514","targetHints":{"allow":["GET"]}}],"collection":[{"href":"https:\/\/semmelweis.hu\/fok-tovabbkepzes\/wp-json\/wp\/v2\/pages"}],"about":[{"href":"https:\/\/semmelweis.hu\/fok-tovabbkepzes\/wp-json\/wp\/v2\/types\/page"}],"author":[{"embeddable":true,"href":"https:\/\/semmelweis.hu\/fok-tovabbkepzes\/wp-json\/wp\/v2\/users\/101231"}],"replies":[{"embeddable":true,"href":"https:\/\/semmelweis.hu\/fok-tovabbkepzes\/wp-json\/wp\/v2\/comments?post=4514"}],"version-history":[{"count":4,"href":"https:\/\/semmelweis.hu\/fok-tovabbkepzes\/wp-json\/wp\/v2\/pages\/4514\/revisions"}],"predecessor-version":[{"id":4610,"href":"https:\/\/semmelweis.hu\/fok-tovabbkepzes\/wp-json\/wp\/v2\/pages\/4514\/revisions\/4610"}],"up":[{"embeddable":true,"href":"https:\/\/semmelweis.hu\/fok-tovabbkepzes\/wp-json\/wp\/v2\/pages\/5067"}],"wp:attachment":[{"href":"https:\/\/semmelweis.hu\/fok-tovabbkepzes\/wp-json\/wp\/v2\/media?parent=4514"}],"wp:term":[{"taxonomy":"category","embeddable":true,"href":"https:\/\/semmelweis.hu\/fok-tovabbkepzes\/wp-json\/wp\/v2\/categories?post=4514"},{"taxonomy":"post_tag","embeddable":true,"href":"https:\/\/semmelweis.hu\/fok-tovabbkepzes\/wp-json\/wp\/v2\/tags?post=4514"}],"curies":[{"name":"wp","href":"https:\/\/api.w.org\/{rel}","templated":true}]}}