{"id":4499,"date":"2022-01-26T15:05:44","date_gmt":"2022-01-26T14:05:44","guid":{"rendered":"https:\/\/semmelweis.hu\/fok-tovabbkepzes\/?page_id=4499"},"modified":"2022-01-26T15:05:44","modified_gmt":"2022-01-26T14:05:44","slug":"jogszabaly","status":"publish","type":"page","link":"https:\/\/semmelweis.hu\/fok-tovabbkepzes\/tovabbkepzes\/tanfolyamszervezok\/jogszabaly\/","title":{"rendered":"Jogszab\u00e1ly"},"content":{"rendered":"<p style=\"text-align: center\"><strong>Jogszab\u00e1lyi h\u00e1tt\u00e9r<\/strong><\/p>\n<p style=\"text-align: justify\">64\/2011. (XI. 29.) NEFMI rendelet az orvosok, fogorvosok, gy\u00f3gyszer\u00e9szek \u00e9s az eg\u00e9szs\u00e9g\u00fcgyi fels\u0151fok\u00fa szakir\u00e1ny\u00fa szakk\u00e9pes\u00edt\u00e9ssel rendelkez\u0151k folyamatos tov\u00e1bbk\u00e9pz\u00e9s\u00e9r\u0151l<br \/>\n<a href=\"https:\/\/net.jogtar.hu\/jogszabaly?docid=a1100064.nem\">https:\/\/net.jogtar.hu\/jogszabaly?docid=a1100064.nem<\/a><\/p>\n<p style=\"text-align: justify\">2013. \u00e9vi LXXVII. t\u00f6rv\u00e9ny (a tov\u00e1bbiakban: Fktv.)<br \/>\n<a href=\"https:\/\/net.jogtar.hu\/jogszabaly?docid=a1300077.tv\">https:\/\/net.jogtar.hu\/jogszabaly?docid=a1300077.tv<\/a><\/p>\n<p style=\"text-align: justify\">11\/2020. (II. 7.) Korm. rendelet a feln\u0151ttk\u00e9pz\u00e9sr\u0151l sz\u00f3l\u00f3 t\u00f6rv\u00e9ny v\u00e9grehajt\u00e1s\u00e1r\u00f3l<br \/>\n<a href=\"https:\/\/net.jogtar.hu\/jogszabaly?docid=A2000011.KOR\">https:\/\/net.jogtar.hu\/jogszabaly?docid=A2000011.KOR\u00a0<\/a><\/p>\n<p style=\"text-align: justify\"><span style=\"font-size: 10pt\">M\u00f3dos\u00edtva: 2021.okt\u00f3ber 19.<\/span><\/p>\n","protected":false},"excerpt":{"rendered":"<p>Jogszab\u00e1lyi h\u00e1tt\u00e9r<br \/>\n64\/2011. (XI. 29.) NEFMI rendelet az orvosok, fogorvosok, gy\u00f3gyszer\u00e9szek \u00e9s az eg\u00e9szs\u00e9g\u00fcgyi fels\u0151fok\u00fa szakir\u00e1ny\u00fa szakk\u00e9pes\u00edt\u00e9ssel rendelkez\u0151k folyamatos tov\u00e1bbk\u00e9pz\u00e9s\u00e9r\u0151l<br \/>\n<a href=\"https:\/\/net.jogtar.hu\/jogszabaly?docid=a1100064.nem\">https:\/\/net.jogtar.hu\/jogszabaly?docid=a1100064.nem<\/a><br \/>\n2013. \u00e9vi LXXVII. t\u00f6rv\u00e9ny (a tov\u00e1bbiakban: Fktv.)<br \/>\n<a href=\"https:\/\/net.jogtar.hu\/jogszabaly?docid=a1300077.tv\">https:\/\/net.jogtar.hu\/jogszabaly?docid=a1300077.tv<\/a><br \/>\n11\/2020. (II. 7.) Korm. rendelet a feln\u0151ttk\u00e9pz\u00e9sr\u0151l sz\u00f3l\u00f3 t\u00f6rv\u00e9ny v\u00e9grehajt\u00e1s\u00e1r\u00f3l<br \/>\n<a href=\"https:\/\/net.jogtar.hu\/jogszabaly?docid=A2000011.KOR\">https:\/\/net.jogtar.hu\/jogszabaly?docid=A2000011.KOR\u00a0<\/a><br \/>\nM\u00f3dos\u00edtva: 2021.okt\u00f3ber 19.<\/p>\n","protected":false},"author":101231,"featured_media":0,"parent":4348,"menu_order":4,"comment_status":"closed","ping_status":"closed","template":"","meta":{"_acf_changed":false,"footnotes":""},"categories":[],"tags":[],"class_list":["post-4499","page","type-page","status-publish","hentry"],"acf":[],"_links":{"self":[{"href":"https:\/\/semmelweis.hu\/fok-tovabbkepzes\/wp-json\/wp\/v2\/pages\/4499","targetHints":{"allow":["GET"]}}],"collection":[{"href":"https:\/\/semmelweis.hu\/fok-tovabbkepzes\/wp-json\/wp\/v2\/pages"}],"about":[{"href":"https:\/\/semmelweis.hu\/fok-tovabbkepzes\/wp-json\/wp\/v2\/types\/page"}],"author":[{"embeddable":true,"href":"https:\/\/semmelweis.hu\/fok-tovabbkepzes\/wp-json\/wp\/v2\/users\/101231"}],"replies":[{"embeddable":true,"href":"https:\/\/semmelweis.hu\/fok-tovabbkepzes\/wp-json\/wp\/v2\/comments?post=4499"}],"version-history":[{"count":1,"href":"https:\/\/semmelweis.hu\/fok-tovabbkepzes\/wp-json\/wp\/v2\/pages\/4499\/revisions"}],"predecessor-version":[{"id":4500,"href":"https:\/\/semmelweis.hu\/fok-tovabbkepzes\/wp-json\/wp\/v2\/pages\/4499\/revisions\/4500"}],"up":[{"embeddable":true,"href":"https:\/\/semmelweis.hu\/fok-tovabbkepzes\/wp-json\/wp\/v2\/pages\/4348"}],"wp:attachment":[{"href":"https:\/\/semmelweis.hu\/fok-tovabbkepzes\/wp-json\/wp\/v2\/media?parent=4499"}],"wp:term":[{"taxonomy":"category","embeddable":true,"href":"https:\/\/semmelweis.hu\/fok-tovabbkepzes\/wp-json\/wp\/v2\/categories?post=4499"},{"taxonomy":"post_tag","embeddable":true,"href":"https:\/\/semmelweis.hu\/fok-tovabbkepzes\/wp-json\/wp\/v2\/tags?post=4499"}],"curies":[{"name":"wp","href":"https:\/\/api.w.org\/{rel}","templated":true}]}}